{"id":7217,"date":"2025-09-01T05:17:19","date_gmt":"2025-09-01T05:17:19","guid":{"rendered":"https:\/\/dersuessestopp.com\/?post_type=product&#038;p=7217"},"modified":"2025-10-08T20:29:56","modified_gmt":"2025-10-08T20:29:56","slug":"dw-17-1thk","status":"publish","type":"product","link":"https:\/\/dersuessestopp.com\/hr\/product\/dw-17-1thk\/","title":{"rendered":"DW 17 1THK"},"content":{"rendered":"<p data-start=\"190\" data-end=\"502\"><img fetchpriority=\"high\" decoding=\"async\" class=\"alignnone wp-image-11530 size-full\" src=\"https:\/\/dersuessestopp.com\/wp-content\/uploads\/2025\/09\/DW-17-1THK.jpg\" alt=\"\" width=\"2000\" height=\"600\" srcset=\"https:\/\/dersuessestopp.com\/wp-content\/uploads\/2025\/09\/DW-17-1THK.jpg 2000w, https:\/\/dersuessestopp.com\/wp-content\/uploads\/2025\/09\/DW-17-1THK-300x90.jpg 300w, https:\/\/dersuessestopp.com\/wp-content\/uploads\/2025\/09\/DW-17-1THK-1024x307.jpg 1024w, https:\/\/dersuessestopp.com\/wp-content\/uploads\/2025\/09\/DW-17-1THK-768x230.jpg 768w, https:\/\/dersuessestopp.com\/wp-content\/uploads\/2025\/09\/DW-17-1THK-1536x461.jpg 1536w, https:\/\/dersuessestopp.com\/wp-content\/uploads\/2025\/09\/DW-17-1THK-250x75.jpg 250w, https:\/\/dersuessestopp.com\/wp-content\/uploads\/2025\/09\/DW-17-1THK-600x180.jpg 600w\" sizes=\"(max-width: 2000px) 100vw, 2000px\" \/><\/p>\n<p data-start=\"190\" data-end=\"502\">The <strong data-start=\"194\" data-end=\"208\">DW 17 1THK<\/strong> i <strong data-start=\"213\" data-end=\"227\">DW 17 1THX<\/strong> su kompaktni, vrhunski hladnjaci za vino dizajnirani za profesionalne i ku\u0107ne uvjete. Izra\u0111eni s <strong data-start=\"334\" data-end=\"375\">Unutarnje obloge od nehr\u0111aju\u0107eg \u010delika AISI 304<\/strong> i jedan <strong data-start=\"382\" data-end=\"432\">opcija vrata od stakla bez okvira ili nehr\u0111aju\u0107eg \u010delika<\/strong>, ovi modeli kombiniraju elegantnu estetiku s pouzdanim performansama.<\/p>\n<p data-start=\"504\" data-end=\"723\">Zahvaljuju\u0107i <strong data-start=\"518\" data-end=\"549\">elektroni\u010dki termostat na dodir<\/strong> i <strong data-start=\"554\" data-end=\"583\">ventilirani sustav hla\u0111enja<\/strong>, osiguravaju stabilne uvjete skladi\u0161tenja s temperaturnim rasponom od <strong data-start=\"652\" data-end=\"671\">+3 \u00b0C do +20 \u00b0C<\/strong>, osiguravaju\u0107i da se va\u0161a vina sa\u010duvaju u najboljem mogu\u0107em izdanju.<\/p>\n<p data-start=\"725\" data-end=\"981\">Oba modela su opremljena sa <strong data-start=\"755\" data-end=\"789\">uklonjive police od bukovog drveta<\/strong>, <strong data-start=\"791\" data-end=\"815\">automatsko odmrzavanje<\/strong>, i <strong data-start=\"821\" data-end=\"845\">jednoli\u010dna LED rasvjeta<\/strong> koji se uklju\u010duje kada se vrata otvore. <strong data-start=\"889\" data-end=\"921\">\u0161arka s mekim zatvaranjem Push&amp;Pull<\/strong> (Hettich sustav) osigurava nesmetan rad i trajnost.<\/p>\n<h2 data-start=\"988\" data-end=\"1003\"><strong data-start=\"991\" data-end=\"1003\">Kapacitet<\/strong><\/h2>\n<table>\n<thead>\n<tr>\n<th>Model<\/th>\n<th>Kapacitet boce (kl. 75)<\/th>\n<\/tr>\n<\/thead>\n<tbody>\n<tr>\n<td>DW 17 1THK<\/td>\n<td>17 boca<\/td>\n<\/tr>\n<tr>\n<td>DW 17 1THX<\/td>\n<td>17 boca<\/td>\n<\/tr>\n<\/tbody>\n<\/table>\n<h2 data-start=\"988\" data-end=\"1003\"><strong data-start=\"991\" data-end=\"1003\">Dimenzije<\/strong><\/h2>\n<table>\n<thead>\n<tr>\n<th>Specifikacija<\/th>\n<th>DW 17 1THK<\/th>\n<th>DW 17 1THX<\/th>\n<\/tr>\n<\/thead>\n<tbody>\n<tr>\n<td>Dimenzije pakiranja (\u0160xDxV mm)<\/td>\n<td>730 \u00d7 710 \u00d7 565<\/td>\n<td>730 \u00d7 710 \u00d7 565<\/td>\n<\/tr>\n<tr>\n<td>Gornja polica (\u0160xD mm)<\/td>\n<td>432 \u00d7 365<\/td>\n<td>432 \u00d7 365<\/td>\n<\/tr>\n<tr>\n<td>Donja polica (\u0160xD mm)<\/td>\n<td>460 \u00d7 315<\/td>\n<td>460 \u00d7 315<\/td>\n<\/tr>\n<tr>\n<td>Neto \/ Bruto te\u017eina<\/td>\n<td>33 \/ 39 kg<\/td>\n<td>33 \/ 39 kg<\/td>\n<\/tr>\n<\/tbody>\n<\/table>\n<h2 data-start=\"1539\" data-end=\"1564\"><strong data-start=\"1542\" data-end=\"1564\">Tehni\u010dke zna\u010dajke<\/strong><\/h2>\n<div class=\"_tableContainer_1rjym_1\">\n<div class=\"_tableWrapper_1rjym_13 group flex w-fit flex-col-reverse\">\n<table>\n<thead>\n<tr>\n<th>Zna\u010dajka<\/th>\n<th>DW 17 1THK<\/th>\n<th>DW 17 1THX<\/th>\n<\/tr>\n<\/thead>\n<tbody>\n<tr>\n<td>Raspon temperature<\/td>\n<td>+3 \u00b0C do +20 \u00b0C<\/td>\n<td>+3 \u00b0C do +20 \u00b0C<\/td>\n<\/tr>\n<tr>\n<td>Klimatski razred<\/td>\n<td>ST<\/td>\n<td>ST<\/td>\n<\/tr>\n<tr>\n<td>Neto volumen<\/td>\n<td>37 l<\/td>\n<td>37 l<\/td>\n<\/tr>\n<tr>\n<td>Vanjsko tijelo<\/td>\n<td>Hladno valjana \u010deli\u010dna plo\u010da<\/td>\n<td>Hladno valjana \u010deli\u010dna plo\u010da<\/td>\n<\/tr>\n<tr>\n<td>Vrata<\/td>\n<td>Bezokvirno crno puno staklo<\/td>\n<td>Be\u0161avni \u010delik AISI 304 (satenski fini\u0161)<\/td>\n<\/tr>\n<tr>\n<td>Unutarnja obloga<\/td>\n<td>Nehr\u0111aju\u0107i \u010delik AISI 304, satenska zavr\u0161na obrada<\/td>\n<td>Nehr\u0111aju\u0107i \u010delik AISI 304, satenska zavr\u0161na obrada<\/td>\n<\/tr>\n<tr>\n<td>Termostat<\/td>\n<td>Elektroni\u010dki zaslon osjetljiv na dodir<\/td>\n<td>Elektroni\u010dki zaslon osjetljiv na dodir<\/td>\n<\/tr>\n<tr>\n<td>Razina buke<\/td>\n<td>36 dB<\/td>\n<td>36 dB<\/td>\n<\/tr>\n<tr>\n<td>Debljina izolacije<\/td>\n<td>42 mm<\/td>\n<td>42 mm<\/td>\n<\/tr>\n<tr>\n<td>Odmrzavanje<\/td>\n<td>Automatski<\/td>\n<td>Automatski<\/td>\n<\/tr>\n<tr>\n<td>Rasvjeta<\/td>\n<td>Jednoliko bo\u010dno svjetlo, automatsko pri otvaranju vrata<\/td>\n<td>Jednoliko bo\u010dno svjetlo, automatsko pri otvaranju vrata<\/td>\n<\/tr>\n<tr>\n<td>Zatvaranje vrata<\/td>\n<td>Meko zatvaranje, Push&amp;Pull<\/td>\n<td>Meko zatvaranje, Push&amp;Pull<\/td>\n<\/tr>\n<tr>\n<td>Vrata s mogu\u0107no\u0161\u0107u otvaranja i zatvaranja<\/td>\n<td>Da<\/td>\n<td>Da<\/td>\n<\/tr>\n<tr>\n<td>Rashladno sredstvo<\/td>\n<td>R600A<\/td>\n<td>R600A<\/td>\n<\/tr>\n<tr>\n<td>Napon<\/td>\n<td>220\u2013240 V<\/td>\n<td>220\u2013240 V<\/td>\n<\/tr>\n<tr>\n<td>Frekvencija<\/td>\n<td>50 Hz<\/td>\n<td>50 Hz<\/td>\n<\/tr>\n<tr>\n<td>Apsorpcija<\/td>\n<td>120 W<\/td>\n<td>120 W<\/td>\n<\/tr>\n<tr>\n<td>Potro\u0161nja energije<\/td>\n<td>0,266 kWh\/24 h<\/td>\n<td>0,266 kWh\/24 h<\/td>\n<\/tr>\n<\/tbody>\n<\/table>\n<\/div>\n<\/div>","protected":false},"excerpt":{"rendered":"<p>The DW 17 1THK and DW 17 1THX are compact, premium-quality wine coolers designed for professional and domestic environments. Built with AISI 304 stainless steel inner liners and a frameless glass or stainless-steel door option, these models combine elegant aesthetics with reliable performance. Thanks to the electronic touch thermostat and ventilated cooling system, they provide [&hellip;]<\/p>\n","protected":false},"featured_media":7218,"comment_status":"open","ping_status":"closed","template":"","meta":[],"product_brand":[],"product_cat":[49],"product_tag":[],"class_list":{"0":"post-7217","1":"product","2":"type-product","3":"status-publish","4":"has-post-thumbnail","6":"product_cat-wine-fridges","8":"first","9":"instock","10":"shipping-taxable","11":"product-type-simple"},"_links":{"self":[{"href":"https:\/\/dersuessestopp.com\/hr\/wp-json\/wp\/v2\/product\/7217","targetHints":{"allow":["GET"]}}],"collection":[{"href":"https:\/\/dersuessestopp.com\/hr\/wp-json\/wp\/v2\/product"}],"about":[{"href":"https:\/\/dersuessestopp.com\/hr\/wp-json\/wp\/v2\/types\/product"}],"replies":[{"embeddable":true,"href":"https:\/\/dersuessestopp.com\/hr\/wp-json\/wp\/v2\/comments?post=7217"}],"version-history":[{"count":3,"href":"https:\/\/dersuessestopp.com\/hr\/wp-json\/wp\/v2\/product\/7217\/revisions"}],"predecessor-version":[{"id":11531,"href":"https:\/\/dersuessestopp.com\/hr\/wp-json\/wp\/v2\/product\/7217\/revisions\/11531"}],"wp:featuredmedia":[{"embeddable":true,"href":"https:\/\/dersuessestopp.com\/hr\/wp-json\/wp\/v2\/media\/7218"}],"wp:attachment":[{"href":"https:\/\/dersuessestopp.com\/hr\/wp-json\/wp\/v2\/media?parent=7217"}],"wp:term":[{"taxonomy":"product_brand","embeddable":true,"href":"https:\/\/dersuessestopp.com\/hr\/wp-json\/wp\/v2\/product_brand?post=7217"},{"taxonomy":"product_cat","embeddable":true,"href":"https:\/\/dersuessestopp.com\/hr\/wp-json\/wp\/v2\/product_cat?post=7217"},{"taxonomy":"product_tag","embeddable":true,"href":"https:\/\/dersuessestopp.com\/hr\/wp-json\/wp\/v2\/product_tag?post=7217"}],"curies":[{"name":"wp","href":"https:\/\/api.w.org\/{rel}","templated":true}]}}