{"id":7209,"date":"2025-09-01T05:07:47","date_gmt":"2025-09-01T05:07:47","guid":{"rendered":"https:\/\/dersuessestopp.com\/?post_type=product&#038;p=7209"},"modified":"2025-10-08T20:25:47","modified_gmt":"2025-10-08T20:25:47","slug":"dw-20-g1t","status":"publish","type":"product","link":"https:\/\/dersuessestopp.com\/hr\/product\/dw-20-g1t\/","title":{"rendered":"DW 20 G1T"},"content":{"rendered":"<p data-start=\"228\" data-end=\"573\"><img fetchpriority=\"high\" decoding=\"async\" class=\"alignnone wp-image-11532 size-full\" src=\"https:\/\/dersuessestopp.com\/wp-content\/uploads\/2025\/09\/DW-20-F1T.jpg\" alt=\"\" width=\"2000\" height=\"600\" srcset=\"https:\/\/dersuessestopp.com\/wp-content\/uploads\/2025\/09\/DW-20-F1T.jpg 2000w, https:\/\/dersuessestopp.com\/wp-content\/uploads\/2025\/09\/DW-20-F1T-300x90.jpg 300w, https:\/\/dersuessestopp.com\/wp-content\/uploads\/2025\/09\/DW-20-F1T-1024x307.jpg 1024w, https:\/\/dersuessestopp.com\/wp-content\/uploads\/2025\/09\/DW-20-F1T-768x230.jpg 768w, https:\/\/dersuessestopp.com\/wp-content\/uploads\/2025\/09\/DW-20-F1T-1536x461.jpg 1536w, https:\/\/dersuessestopp.com\/wp-content\/uploads\/2025\/09\/DW-20-F1T-250x75.jpg 250w, https:\/\/dersuessestopp.com\/wp-content\/uploads\/2025\/09\/DW-20-F1T-600x180.jpg 600w\" sizes=\"(max-width: 2000px) 100vw, 2000px\" \/><\/p>\n<p data-start=\"228\" data-end=\"573\">The <strong data-start=\"232\" data-end=\"245\">DW 20 G1T<\/strong> je elegantni ugradbeni hladnjak za vino dizajniran za ljubitelje vina koji cijene eleganciju i funkcionalnost. S <strong data-start=\"365\" data-end=\"417\">vrata od punog stakla bez okvira s integriranom ru\u010dkom<\/strong>, uklonjive police od bukovog drva i <strong data-start=\"458\" data-end=\"483\">elektroni\u010dki termostat<\/strong>, ovaj hladnjak je savr\u0161en za pohranu i o\u010duvanje va\u0161ih vina na idealnoj temperaturi.<\/p>\n<p data-start=\"575\" data-end=\"921\">Njegovo <strong data-start=\"579\" data-end=\"608\">ventilirani sustav hla\u0111enja<\/strong> osigurava stalnu cirkulaciju zraka, dok <strong data-start=\"655\" data-end=\"679\">jednoli\u010dna LED rasvjeta<\/strong> pobolj\u0161ava vidljivost i dodaje da\u0161ak sofisticiranosti va\u0161oj kolekciji. Kompaktan, ali u\u010dinkovit, DW 20 G1T mo\u017ee primiti do <strong data-start=\"807\" data-end=\"844\">19 boca u bordo\u0161kom stilu (0,75 l)<\/strong>, \u0161to ga \u010dini izvrsnim izborom za moderne kuhinje, barove ili vinske podrume.<\/p>\n<h2 data-start=\"928\" data-end=\"943\"><strong data-start=\"931\" data-end=\"943\">Kapacitet<\/strong><\/h2>\n<table>\n<thead>\n<tr>\n<th>Vrsta boce<\/th>\n<th>Kapacitet<\/th>\n<\/tr>\n<\/thead>\n<tbody>\n<tr>\n<td>Bordeaux \/ Alza\u0161ko vino boce od 0,75 l<\/td>\n<td>19 boca<\/td>\n<\/tr>\n<\/tbody>\n<\/table>\n<h2 data-start=\"1495\" data-end=\"1526\"><strong data-start=\"1498\" data-end=\"1526\">Tehni\u010dke specifikacije<\/strong><\/h2>\n<div class=\"_tableContainer_1rjym_1\">\n<div class=\"_tableWrapper_1rjym_13 group flex w-fit flex-col-reverse\">\n<table>\n<thead>\n<tr>\n<th><strong>Zna\u010dajka<\/strong><\/th>\n<th><strong>Specifikacija<\/strong><\/th>\n<\/tr>\n<\/thead>\n<tbody>\n<tr>\n<td>Raspon temperature<\/td>\n<td>+2 \u00b0C do +20 \u00b0C<\/td>\n<\/tr>\n<tr>\n<td>Klimatski razred<\/td>\n<td>4<\/td>\n<\/tr>\n<tr>\n<td>Neto \/ Bruto volumen<\/td>\n<td>58 l \/ 60 l<\/td>\n<\/tr>\n<tr>\n<td>Materijal tijela<\/td>\n<td>Hladno valjana \u010deli\u010dna plo\u010da<\/td>\n<\/tr>\n<tr>\n<td>Unutarnja obloga<\/td>\n<td>ABS<\/td>\n<\/tr>\n<tr>\n<td>Vrata<\/td>\n<td>Crno puno staklo, bez okvira<\/td>\n<\/tr>\n<tr>\n<td>Vrsta police<\/td>\n<td>5 uklonjivih polica od bukovog drveta (\u0160xV: 184 x 429 mm)<\/td>\n<\/tr>\n<tr>\n<td>Termostat<\/td>\n<td>Elektroni\u010dki (zaslon osjetljiv na dodir)<\/td>\n<\/tr>\n<tr>\n<td>Razina buke<\/td>\n<td>40 dB<\/td>\n<\/tr>\n<tr>\n<td>Debljina izolacije<\/td>\n<td>45 mm<\/td>\n<\/tr>\n<tr>\n<td>Sustav za odmrzavanje<\/td>\n<td>Automatski<\/td>\n<\/tr>\n<tr>\n<td>Rasvjeta<\/td>\n<td>Jednobojna LED lampica s ru\u010dnim uklju\u010divanjem + automatskim uklju\u010divanjem pri otvaranju vrata<\/td>\n<\/tr>\n<tr>\n<td>Vrata s mogu\u0107no\u0161\u0107u otvaranja i zatvaranja<\/td>\n<td>Da<\/td>\n<\/tr>\n<tr>\n<td>Kota\u010di\u0107i \/ No\u017eice<\/td>\n<td>4 podesive no\u017eice (V maks. 77 mm)<\/td>\n<\/tr>\n<tr>\n<td>Duljina kabela za napajanje<\/td>\n<td>1955 mm<\/td>\n<\/tr>\n<tr>\n<td>Rashladno sredstvo<\/td>\n<td>R600A<\/td>\n<\/tr>\n<tr>\n<td>Napon \/ Frekvencija<\/td>\n<td>220 V \/ 50 Hz<\/td>\n<\/tr>\n<tr>\n<td>Apsorpcija<\/td>\n<td>65 W<\/td>\n<\/tr>\n<tr>\n<td>Potro\u0161nja energije<\/td>\n<td>0,35 kWh \/ 24 sata<\/td>\n<\/tr>\n<\/tbody>\n<\/table>\n<h2 data-start=\"2321\" data-end=\"2347\"><strong data-start=\"2324\" data-end=\"2347\">Dimenzije i te\u017eina<\/strong><\/h2>\n<div class=\"_tableContainer_1rjym_1\">\n<div class=\"_tableWrapper_1rjym_13 group flex w-fit flex-col-reverse\">\n<table>\n<thead>\n<tr>\n<th><strong>Parametar<\/strong><\/th>\n<th><strong>Vrijednost<\/strong><\/th>\n<\/tr>\n<\/thead>\n<tbody>\n<tr>\n<td>Dimenzije proizvoda (\u0160xDxV)<\/td>\n<td>295 x 532 x 820 mm<\/td>\n<\/tr>\n<tr>\n<td>Dimenzije pakiranja (\u0160xDxV)<\/td>\n<td>332 x 625 x 873 mm<\/td>\n<\/tr>\n<tr>\n<td>Neto \/ Bruto te\u017eina<\/td>\n<td>30 \/ 32 kg<\/td>\n<\/tr>\n<tr>\n<td>Te\u017eina vrata<\/td>\n<td>6,5 kg<\/td>\n<\/tr>\n<\/tbody>\n<\/table>\n<\/div>\n<\/div>\n<\/div>\n<\/div>","protected":false},"excerpt":{"rendered":"<p>The DW 20 G1T is a stylish built-in wine cooler designed for wine enthusiasts who value both elegance and functionality. Featuring a frameless full-glass door with integrated handle, removable beech wooden shelves, and an electronic thermostat, this cooler is perfect for storing and preserving your wines at the ideal temperature. Its ventilated cooling system ensures [&hellip;]<\/p>\n","protected":false},"featured_media":7210,"comment_status":"open","ping_status":"closed","template":"","meta":[],"product_brand":[],"product_cat":[49],"product_tag":[],"class_list":{"0":"post-7209","1":"product","2":"type-product","3":"status-publish","4":"has-post-thumbnail","6":"product_cat-wine-fridges","8":"first","9":"instock","10":"shipping-taxable","11":"product-type-simple"},"_links":{"self":[{"href":"https:\/\/dersuessestopp.com\/hr\/wp-json\/wp\/v2\/product\/7209","targetHints":{"allow":["GET"]}}],"collection":[{"href":"https:\/\/dersuessestopp.com\/hr\/wp-json\/wp\/v2\/product"}],"about":[{"href":"https:\/\/dersuessestopp.com\/hr\/wp-json\/wp\/v2\/types\/product"}],"replies":[{"embeddable":true,"href":"https:\/\/dersuessestopp.com\/hr\/wp-json\/wp\/v2\/comments?post=7209"}],"version-history":[{"count":3,"href":"https:\/\/dersuessestopp.com\/hr\/wp-json\/wp\/v2\/product\/7209\/revisions"}],"predecessor-version":[{"id":11535,"href":"https:\/\/dersuessestopp.com\/hr\/wp-json\/wp\/v2\/product\/7209\/revisions\/11535"}],"wp:featuredmedia":[{"embeddable":true,"href":"https:\/\/dersuessestopp.com\/hr\/wp-json\/wp\/v2\/media\/7210"}],"wp:attachment":[{"href":"https:\/\/dersuessestopp.com\/hr\/wp-json\/wp\/v2\/media?parent=7209"}],"wp:term":[{"taxonomy":"product_brand","embeddable":true,"href":"https:\/\/dersuessestopp.com\/hr\/wp-json\/wp\/v2\/product_brand?post=7209"},{"taxonomy":"product_cat","embeddable":true,"href":"https:\/\/dersuessestopp.com\/hr\/wp-json\/wp\/v2\/product_cat?post=7209"},{"taxonomy":"product_tag","embeddable":true,"href":"https:\/\/dersuessestopp.com\/hr\/wp-json\/wp\/v2\/product_tag?post=7209"}],"curies":[{"name":"wp","href":"https:\/\/api.w.org\/{rel}","templated":true}]}}