{"id":7205,"date":"2025-09-01T05:03:21","date_gmt":"2025-09-01T05:03:21","guid":{"rendered":"https:\/\/dersuessestopp.com\/?post_type=product&#038;p=7205"},"modified":"2025-10-08T20:25:21","modified_gmt":"2025-10-08T20:25:21","slug":"dw-20-f1t","status":"publish","type":"product","link":"https:\/\/dersuessestopp.com\/hr\/product\/dw-20-f1t\/","title":{"rendered":"DW 20 F1T"},"content":{"rendered":"<p data-start=\"249\" data-end=\"535\"><img fetchpriority=\"high\" decoding=\"async\" class=\"alignnone wp-image-11532 size-full\" src=\"https:\/\/dersuessestopp.com\/wp-content\/uploads\/2025\/09\/DW-20-F1T.jpg\" alt=\"\" width=\"2000\" height=\"600\" srcset=\"https:\/\/dersuessestopp.com\/wp-content\/uploads\/2025\/09\/DW-20-F1T.jpg 2000w, https:\/\/dersuessestopp.com\/wp-content\/uploads\/2025\/09\/DW-20-F1T-300x90.jpg 300w, https:\/\/dersuessestopp.com\/wp-content\/uploads\/2025\/09\/DW-20-F1T-1024x307.jpg 1024w, https:\/\/dersuessestopp.com\/wp-content\/uploads\/2025\/09\/DW-20-F1T-768x230.jpg 768w, https:\/\/dersuessestopp.com\/wp-content\/uploads\/2025\/09\/DW-20-F1T-1536x461.jpg 1536w, https:\/\/dersuessestopp.com\/wp-content\/uploads\/2025\/09\/DW-20-F1T-250x75.jpg 250w, https:\/\/dersuessestopp.com\/wp-content\/uploads\/2025\/09\/DW-20-F1T-600x180.jpg 600w\" sizes=\"(max-width: 2000px) 100vw, 2000px\" \/><\/p>\n<p data-start=\"249\" data-end=\"535\">The <strong data-start=\"253\" data-end=\"266\">DW 20 F1T<\/strong> je elegantni ugradbeni hladnjak za vino dizajniran za ljubitelje vina koji \u017eele funkcionalnost u kombinaciji s elegancijom. Sa svojim <strong data-start=\"387\" data-end=\"416\">vrata od punog stakla bez okvira<\/strong>, integriranom ru\u010dkom i uklonjivim drvenim policama, ovaj element savr\u0161eno nadopunjuje svaku modernu kuhinju ili barski ambijent.<\/p>\n<p data-start=\"537\" data-end=\"911\">Opremljen s <strong data-start=\"554\" data-end=\"579\">elektroni\u010dki termostat<\/strong>, a <strong data-start=\"583\" data-end=\"612\">ventilirani sustav hla\u0111enja<\/strong>, i <strong data-start=\"618\" data-end=\"639\">automatsko odmrzavanje<\/strong>, osigurava da se va\u0161a vina \u010duvaju na idealnoj temperaturi, u rasponu od <strong data-start=\"713\" data-end=\"732\">+2 \u00b0C do +20 \u00b0C<\/strong>. The <strong data-start=\"738\" data-end=\"771\">jednoli\u010dna LED rasvjeta u unutra\u0161njosti<\/strong> pobolj\u0161ava vidljivost dok predstavljate svoju kolekciju, s pametnom funkcijom koja omogu\u0107uje da svjetlo ostane upaljeno \u010dak i kada su vrata zatvorena.<\/p>\n<p data-start=\"913\" data-end=\"1125\">Ovaj hladnjak za vino mo\u017ee izdr\u017eati do <strong data-start=\"942\" data-end=\"990\">19 boca Bordeaux ili Alsace stila (0,75 L)<\/strong>, ovisno o pakiranju, i ima tihi rad pri samo <strong data-start=\"1053\" data-end=\"1062\">40 dB<\/strong>, \u0161to ga \u010dini izvrsnim izborom za ku\u0107nu ili profesionalnu upotrebu.<\/p>\n<h2 data-start=\"1132\" data-end=\"1147\"><strong data-start=\"1135\" data-end=\"1147\">Kapacitet<\/strong><\/h2>\n<table>\n<thead>\n<tr>\n<th>Tip<\/th>\n<th>Kapacitet<\/th>\n<\/tr>\n<\/thead>\n<tbody>\n<tr>\n<td>Boce Bordeaux \/ Alsace 0,75 L<\/td>\n<td>19<\/td>\n<\/tr>\n<\/tbody>\n<\/table>\n<h2 data-start=\"1733\" data-end=\"1764\"><strong data-start=\"1736\" data-end=\"1764\">Tehni\u010dke specifikacije<\/strong><\/h2>\n<div class=\"_tableContainer_1rjym_1\">\n<div class=\"_tableWrapper_1rjym_13 group flex w-fit flex-col-reverse\">\n<table>\n<thead>\n<tr>\n<th>Specifikacija<\/th>\n<th>DW 20 F1T<\/th>\n<\/tr>\n<\/thead>\n<tbody>\n<tr>\n<td>Raspon temperature<\/td>\n<td>+2 \u00b0C do +20 \u00b0C<\/td>\n<\/tr>\n<tr>\n<td>Klimatski razred<\/td>\n<td>4<\/td>\n<\/tr>\n<tr>\n<td>Neto \/ Bruto volumen<\/td>\n<td>58 \/ 60 L<\/td>\n<\/tr>\n<tr>\n<td>Vanjsko tijelo<\/td>\n<td>Hladno valjana \u010deli\u010dna plo\u010da<\/td>\n<\/tr>\n<tr>\n<td>Unutarnja obloga<\/td>\n<td>ABS<\/td>\n<\/tr>\n<tr>\n<td>Debljina izolacije<\/td>\n<td>45 mm<\/td>\n<\/tr>\n<tr>\n<td>Neto \/ Bruto te\u017eina<\/td>\n<td>30 \/ 32 kg<\/td>\n<\/tr>\n<tr>\n<td>Rashladno sredstvo<\/td>\n<td>R600A<\/td>\n<\/tr>\n<tr>\n<td>Napon<\/td>\n<td>220\u2013240 V<\/td>\n<\/tr>\n<tr>\n<td>Frekvencija<\/td>\n<td>50 Hz<\/td>\n<\/tr>\n<tr>\n<td>Potro\u0161nja energije<\/td>\n<td>65 W<\/td>\n<\/tr>\n<tr>\n<td>Potro\u0161nja energije<\/td>\n<td>0,35 kWh \/ 24 sata<\/td>\n<\/tr>\n<\/tbody>\n<\/table>\n<h2 data-start=\"2199\" data-end=\"2216\"><strong data-start=\"2202\" data-end=\"2216\">Dimenzije<\/strong><\/h2>\n<div class=\"_tableContainer_1rjym_1\">\n<div class=\"_tableWrapper_1rjym_13 group flex w-fit flex-col-reverse\">\n<table>\n<thead>\n<tr>\n<th>Tip<\/th>\n<th>Mjerenje (mm)<\/th>\n<\/tr>\n<\/thead>\n<tbody>\n<tr>\n<td>Dimenzije pakiranja (\u0160xDxV)<\/td>\n<td>332 x 625 x 873<\/td>\n<\/tr>\n<tr>\n<td>Podesiva visina nogu<\/td>\n<td>Do 77 mm<\/td>\n<\/tr>\n<\/tbody>\n<\/table>\n<p>&nbsp;<\/p>\n<\/div>\n<\/div>\n<\/div>\n<\/div>","protected":false},"excerpt":{"rendered":"<p>The DW 20 F1T is a stylish built-in wine cooler designed for wine enthusiasts who want functionality combined with elegance. With its frameless full-glass door, integrated handle, and removable wooden shelves, this unit perfectly complements any modern kitchen or bar setting. Equipped with an electronic thermostat, a ventilated cooling system, and automatic defrost, it ensures [&hellip;]<\/p>\n","protected":false},"featured_media":7206,"comment_status":"open","ping_status":"closed","template":"","meta":[],"product_brand":[],"product_cat":[49],"product_tag":[],"class_list":{"0":"post-7205","1":"product","2":"type-product","3":"status-publish","4":"has-post-thumbnail","6":"product_cat-wine-fridges","8":"first","9":"instock","10":"shipping-taxable","11":"product-type-simple"},"_links":{"self":[{"href":"https:\/\/dersuessestopp.com\/hr\/wp-json\/wp\/v2\/product\/7205","targetHints":{"allow":["GET"]}}],"collection":[{"href":"https:\/\/dersuessestopp.com\/hr\/wp-json\/wp\/v2\/product"}],"about":[{"href":"https:\/\/dersuessestopp.com\/hr\/wp-json\/wp\/v2\/types\/product"}],"replies":[{"embeddable":true,"href":"https:\/\/dersuessestopp.com\/hr\/wp-json\/wp\/v2\/comments?post=7205"}],"version-history":[{"count":2,"href":"https:\/\/dersuessestopp.com\/hr\/wp-json\/wp\/v2\/product\/7205\/revisions"}],"predecessor-version":[{"id":11533,"href":"https:\/\/dersuessestopp.com\/hr\/wp-json\/wp\/v2\/product\/7205\/revisions\/11533"}],"wp:featuredmedia":[{"embeddable":true,"href":"https:\/\/dersuessestopp.com\/hr\/wp-json\/wp\/v2\/media\/7206"}],"wp:attachment":[{"href":"https:\/\/dersuessestopp.com\/hr\/wp-json\/wp\/v2\/media?parent=7205"}],"wp:term":[{"taxonomy":"product_brand","embeddable":true,"href":"https:\/\/dersuessestopp.com\/hr\/wp-json\/wp\/v2\/product_brand?post=7205"},{"taxonomy":"product_cat","embeddable":true,"href":"https:\/\/dersuessestopp.com\/hr\/wp-json\/wp\/v2\/product_cat?post=7205"},{"taxonomy":"product_tag","embeddable":true,"href":"https:\/\/dersuessestopp.com\/hr\/wp-json\/wp\/v2\/product_tag?post=7205"}],"curies":[{"name":"wp","href":"https:\/\/api.w.org\/{rel}","templated":true}]}}