{"id":7197,"date":"2025-09-01T04:53:14","date_gmt":"2025-09-01T04:53:14","guid":{"rendered":"https:\/\/dersuessestopp.com\/?post_type=product&#038;p=7197"},"modified":"2025-10-08T19:15:59","modified_gmt":"2025-10-08T19:15:59","slug":"clw-420-l-bijela","status":"publish","type":"product","link":"https:\/\/dersuessestopp.com\/hr\/product\/clw-420-l-white\/","title":{"rendered":"CLW 420 L BIJELA"},"content":{"rendered":"<p data-start=\"208\" data-end=\"645\"><img fetchpriority=\"high\" decoding=\"async\" class=\"alignnone wp-image-11469 size-full\" src=\"https:\/\/dersuessestopp.com\/wp-content\/uploads\/2025\/09\/CLW420L-Dettagli-2.jpg\" alt=\"\" width=\"2000\" height=\"1005\" srcset=\"https:\/\/dersuessestopp.com\/wp-content\/uploads\/2025\/09\/CLW420L-Dettagli-2.jpg 2000w, https:\/\/dersuessestopp.com\/wp-content\/uploads\/2025\/09\/CLW420L-Dettagli-2-300x151.jpg 300w, https:\/\/dersuessestopp.com\/wp-content\/uploads\/2025\/09\/CLW420L-Dettagli-2-1024x515.jpg 1024w, https:\/\/dersuessestopp.com\/wp-content\/uploads\/2025\/09\/CLW420L-Dettagli-2-768x386.jpg 768w, https:\/\/dersuessestopp.com\/wp-content\/uploads\/2025\/09\/CLW420L-Dettagli-2-1536x772.jpg 1536w, https:\/\/dersuessestopp.com\/wp-content\/uploads\/2025\/09\/CLW420L-Dettagli-2-250x126.jpg 250w, https:\/\/dersuessestopp.com\/wp-content\/uploads\/2025\/09\/CLW420L-Dettagli-2-600x302.jpg 600w\" sizes=\"(max-width: 2000px) 100vw, 2000px\" \/><\/p>\n<p data-start=\"208\" data-end=\"645\">The <strong data-start=\"212\" data-end=\"237\">Hladnjak za vino CLW 420 L<\/strong> kombinira tradicionalnu izradu s modernom tehnologijom hla\u0111enja. Sadr\u017ei <strong data-start=\"317\" data-end=\"344\">vanjski dio od punog jasenovog drva<\/strong> U vi\u0161e zavr\u0161nih obrada, ovaj vinski ormari\u0107 savr\u0161en je za profinjene prostore poput restorana, hotela i vinskih podruma. S <strong data-start=\"475\" data-end=\"516\">kapacitet do 126 boca (75 cl)<\/strong>, elektroni\u010dka kontrola temperature i opcionalno <strong data-start=\"563\" data-end=\"600\">Daljinsko pra\u0107enje putem WiFi Smart Linka<\/strong>, osigurava i eleganciju i performanse.<\/p>\n<h2 data-start=\"652\" data-end=\"673\">Kapacitet<\/h2>\n<table>\n<thead>\n<tr>\n<th>Veli\u010dina boce<\/th>\n<th>Kapacitet<\/th>\n<\/tr>\n<\/thead>\n<tbody>\n<tr>\n<td>0,75 l<\/td>\n<td>126 boca*<\/td>\n<\/tr>\n<\/tbody>\n<\/table>\n<h2 data-start=\"652\" data-end=\"673\">Dimenzije<\/h2>\n<table>\n<thead>\n<tr>\n<th>Specifikacija<\/th>\n<th>Mjerenje<\/th>\n<\/tr>\n<\/thead>\n<tbody>\n<tr>\n<td>Vanjske dimenzije (\u0160xDxV)<\/td>\n<td>655 x 635 x 1880 mm<\/td>\n<\/tr>\n<tr>\n<td>Dimenzije pakiranja (\u0160xDxV)<\/td>\n<td>735 x 715 x 2050 mm<\/td>\n<\/tr>\n<tr>\n<td>\u0160irina (A)<\/td>\n<td>522 mm<\/td>\n<\/tr>\n<tr>\n<td>Dubina (B)<\/td>\n<td>449 mm<\/td>\n<\/tr>\n<tr>\n<td>Visina (C)<\/td>\n<td>1557 mm<\/td>\n<\/tr>\n<tr>\n<td>Min. dubina (D)<\/td>\n<td>179 mm<\/td>\n<\/tr>\n<tr>\n<td>Min. visina (E)<\/td>\n<td>1337 mm<\/td>\n<\/tr>\n<tr>\n<td>Naljepnica za staklo<\/td>\n<td>503 x 1544 mm<\/td>\n<\/tr>\n<\/tbody>\n<\/table>\n<h2 data-start=\"1413\" data-end=\"1434\">Tehni\u010dke zna\u010dajke<\/h2>\n<div class=\"_tableContainer_1rjym_1\">\n<div class=\"_tableWrapper_1rjym_13 group flex w-fit flex-col-reverse\">\n<table>\n<thead>\n<tr>\n<th>Zna\u010dajka<\/th>\n<th>Detalji<\/th>\n<\/tr>\n<\/thead>\n<tbody>\n<tr>\n<td><strong>Raspon temperature (ventilator isklju\u010den)<\/strong><\/td>\n<td>+16 \u00b0C \/ +10 \u00b0C \/ +5 \u00b0C<\/td>\n<\/tr>\n<tr>\n<td><strong>Raspon temperature (ventilator uklju\u010den)<\/strong><\/td>\n<td>+4 \u00b0C \/ +18 \u00b0C<\/td>\n<\/tr>\n<tr>\n<td><strong>Klimatski razred<\/strong><\/td>\n<td>4<\/td>\n<\/tr>\n<tr>\n<td><strong>Neto bruto volumen<\/strong><\/td>\n<td>342 \/ 382 L<\/td>\n<\/tr>\n<tr>\n<td><strong>Premazivanje<\/strong><\/td>\n<td>Masivno jasenovo drvo<\/td>\n<\/tr>\n<tr>\n<td><strong>Unutarnja obloga<\/strong><\/td>\n<td>Termoformirani ABS<\/td>\n<\/tr>\n<tr>\n<td><strong>Termostat<\/strong><\/td>\n<td>Elektronika<\/td>\n<\/tr>\n<tr>\n<td><strong>Pametna veza WiFi<\/strong><\/td>\n<td>Opcionalno (daljinski upravlja\u010d)<\/td>\n<\/tr>\n<tr>\n<td><strong>Razina buke<\/strong><\/td>\n<td>55 dB<\/td>\n<\/tr>\n<tr>\n<td><strong>Debljina izolacije<\/strong><\/td>\n<td>40 mm<\/td>\n<\/tr>\n<tr>\n<td><strong>Odmrzavanje<\/strong><\/td>\n<td>Automatski ciklus kompresora + Ru\u010dni<\/td>\n<\/tr>\n<tr>\n<td><strong>Rasvjeta<\/strong><\/td>\n<td>2 vertikalne LED diode<\/td>\n<\/tr>\n<tr>\n<td><strong>Samozatvaraju\u0107a vrata<\/strong><\/td>\n<td>Da<\/td>\n<\/tr>\n<tr>\n<td><strong>Brava i klju\u010d<\/strong><\/td>\n<td>Da<\/td>\n<\/tr>\n<tr>\n<td><strong>Police<\/strong><\/td>\n<td>5 (513 x 410 mm) \u2013 Drvene police opcionalno<\/td>\n<\/tr>\n<tr>\n<td><strong>Noge i kota\u010di\u0107i<\/strong><\/td>\n<td>2 noge + 2 kota\u010di\u0107a<\/td>\n<\/tr>\n<tr>\n<td><strong>Neto\/bruto te\u017eina<\/strong><\/td>\n<td>80 \/ 87 kg<\/td>\n<\/tr>\n<tr>\n<td><strong>Napon<\/strong><\/td>\n<td>220 V<\/td>\n<\/tr>\n<tr>\n<td><strong>Frekvencija<\/strong><\/td>\n<td>50 Hz<\/td>\n<\/tr>\n<tr>\n<td><strong>Rashladno sredstvo<\/strong><\/td>\n<td>R600A<\/td>\n<\/tr>\n<tr>\n<td><strong>Apsorpcija snage<\/strong><\/td>\n<td>230 W<\/td>\n<\/tr>\n<tr>\n<td><strong>Potro\u0161nja energije<\/strong><\/td>\n<td>2,84 kWh \/ 24 sata<\/td>\n<\/tr>\n<\/tbody>\n<\/table>\n<\/div>\n<\/div>","protected":false},"excerpt":{"rendered":"<p>The CLW 420 L Wine Cooler combines traditional craftsmanship with modern cooling technology. Featuring a solid ash wood exterior in multiple finishes, this wine cabinet is perfect for refined environments such as restaurants, hotels, and wine cellars. With a capacity of up to 126 bottles (75 cl), electronic temperature control, and optional WiFi Smart Link [&hellip;]<\/p>\n","protected":false},"featured_media":7198,"comment_status":"open","ping_status":"closed","template":"","meta":[],"product_brand":[],"product_cat":[49],"product_tag":[],"class_list":{"0":"post-7197","1":"product","2":"type-product","3":"status-publish","4":"has-post-thumbnail","6":"product_cat-wine-fridges","8":"first","9":"instock","10":"shipping-taxable","11":"product-type-simple"},"_links":{"self":[{"href":"https:\/\/dersuessestopp.com\/hr\/wp-json\/wp\/v2\/product\/7197","targetHints":{"allow":["GET"]}}],"collection":[{"href":"https:\/\/dersuessestopp.com\/hr\/wp-json\/wp\/v2\/product"}],"about":[{"href":"https:\/\/dersuessestopp.com\/hr\/wp-json\/wp\/v2\/types\/product"}],"replies":[{"embeddable":true,"href":"https:\/\/dersuessestopp.com\/hr\/wp-json\/wp\/v2\/comments?post=7197"}],"version-history":[{"count":3,"href":"https:\/\/dersuessestopp.com\/hr\/wp-json\/wp\/v2\/product\/7197\/revisions"}],"predecessor-version":[{"id":11513,"href":"https:\/\/dersuessestopp.com\/hr\/wp-json\/wp\/v2\/product\/7197\/revisions\/11513"}],"wp:featuredmedia":[{"embeddable":true,"href":"https:\/\/dersuessestopp.com\/hr\/wp-json\/wp\/v2\/media\/7198"}],"wp:attachment":[{"href":"https:\/\/dersuessestopp.com\/hr\/wp-json\/wp\/v2\/media?parent=7197"}],"wp:term":[{"taxonomy":"product_brand","embeddable":true,"href":"https:\/\/dersuessestopp.com\/hr\/wp-json\/wp\/v2\/product_brand?post=7197"},{"taxonomy":"product_cat","embeddable":true,"href":"https:\/\/dersuessestopp.com\/hr\/wp-json\/wp\/v2\/product_cat?post=7197"},{"taxonomy":"product_tag","embeddable":true,"href":"https:\/\/dersuessestopp.com\/hr\/wp-json\/wp\/v2\/product_tag?post=7197"}],"curies":[{"name":"wp","href":"https:\/\/api.w.org\/{rel}","templated":true}]}}