{"id":7192,"date":"2025-09-01T04:45:13","date_gmt":"2025-09-01T04:45:13","guid":{"rendered":"https:\/\/dersuessestopp.com\/?post_type=product&#038;p=7192"},"modified":"2025-10-07T21:56:43","modified_gmt":"2025-10-07T21:56:43","slug":"clw-420-l-prirodna","status":"publish","type":"product","link":"https:\/\/dersuessestopp.com\/hr\/product\/clw-420-l-natural\/","title":{"rendered":"CLW 420 L PRIRODNI"},"content":{"rendered":"<p data-start=\"173\" data-end=\"425\"><img fetchpriority=\"high\" decoding=\"async\" class=\"alignnone wp-image-11469 size-full\" src=\"https:\/\/dersuessestopp.com\/wp-content\/uploads\/2025\/09\/CLW420L-Dettagli-2.jpg\" alt=\"\" width=\"2000\" height=\"1005\" srcset=\"https:\/\/dersuessestopp.com\/wp-content\/uploads\/2025\/09\/CLW420L-Dettagli-2.jpg 2000w, https:\/\/dersuessestopp.com\/wp-content\/uploads\/2025\/09\/CLW420L-Dettagli-2-300x151.jpg 300w, https:\/\/dersuessestopp.com\/wp-content\/uploads\/2025\/09\/CLW420L-Dettagli-2-1024x515.jpg 1024w, https:\/\/dersuessestopp.com\/wp-content\/uploads\/2025\/09\/CLW420L-Dettagli-2-768x386.jpg 768w, https:\/\/dersuessestopp.com\/wp-content\/uploads\/2025\/09\/CLW420L-Dettagli-2-1536x772.jpg 1536w, https:\/\/dersuessestopp.com\/wp-content\/uploads\/2025\/09\/CLW420L-Dettagli-2-250x126.jpg 250w, https:\/\/dersuessestopp.com\/wp-content\/uploads\/2025\/09\/CLW420L-Dettagli-2-600x302.jpg 600w\" sizes=\"(max-width: 2000px) 100vw, 2000px\" \/><\/p>\n<p data-start=\"173\" data-end=\"425\">The <strong data-start=\"177\" data-end=\"190\">CLW 420 L<\/strong> je vrhunski stati\u010dki hladnjak za vino, dostupan u <strong data-start=\"237\" data-end=\"252\">Prirodni pepeo<\/strong> ili <strong data-start=\"256\" data-end=\"269\">Crni pepeo<\/strong> zavr\u0161ava. S <strong data-start=\"287\" data-end=\"309\">premaz od punog drva<\/strong>, termoformirana ABS unutra\u0161njost i elegantan dizajn, savr\u0161eno je rje\u0161enje za pohranu i prezentaciju finih vina.<\/p>\n<p data-start=\"427\" data-end=\"678\">Ovaj model kombinira <strong data-start=\"447\" data-end=\"474\">stil i funkcionalnost<\/strong> s <strong data-start=\"483\" data-end=\"508\">elektroni\u010dki termostat<\/strong>, <strong data-start=\"510\" data-end=\"535\">LED vertikalna rasvjeta<\/strong>, i <strong data-start=\"544\" data-end=\"572\">opcionalna WiFi pametna veza<\/strong> za daljinsko upravljanje. Njegov <strong data-start=\"597\" data-end=\"618\">samozatvaraju\u0107a vrata<\/strong> i <strong data-start=\"623\" data-end=\"638\">sustav zaklju\u010davanja<\/strong> osigurati i udobnost i sigurnost.<\/p>\n<h2 data-start=\"685\" data-end=\"700\"><strong data-start=\"688\" data-end=\"700\">Kapacitet<\/strong><\/h2>\n<table>\n<thead>\n<tr>\n<th>Vrsta boce<\/th>\n<th>Kapacitet<\/th>\n<\/tr>\n<\/thead>\n<tbody>\n<tr>\n<td>Standardne boce od 75 cl<\/td>\n<td><strong>126<\/strong><\/td>\n<\/tr>\n<\/tbody>\n<\/table>\n<h2 data-start=\"1210\" data-end=\"1241\"><strong data-start=\"1213\" data-end=\"1241\">Tehni\u010dke specifikacije<\/strong><\/h2>\n<div class=\"_tableContainer_1rjym_1\">\n<div class=\"_tableWrapper_1rjym_13 group flex w-fit flex-col-reverse\">\n<table>\n<thead>\n<tr>\n<th>Zna\u010dajka<\/th>\n<th>Specifikacija<\/th>\n<\/tr>\n<\/thead>\n<tbody>\n<tr>\n<td><strong>Raspon temperature (ventilator isklju\u010den)<\/strong><\/td>\n<td>+16 \u00b0C \/ +10 \u00b0C \/ +5 \u00b0C<\/td>\n<\/tr>\n<tr>\n<td><strong>Raspon temperature (ventilator uklju\u010den)<\/strong><\/td>\n<td>+4 \u00b0C do +18 \u00b0C<\/td>\n<\/tr>\n<tr>\n<td><strong>Klimatski razred<\/strong><\/td>\n<td>4<\/td>\n<\/tr>\n<tr>\n<td><strong>Neto\/bruto volumen<\/strong><\/td>\n<td>342 l \/ 382 l<\/td>\n<\/tr>\n<tr>\n<td><strong>Razina buke<\/strong><\/td>\n<td>55 dB<\/td>\n<\/tr>\n<tr>\n<td><strong>Debljina izolacije<\/strong><\/td>\n<td>40 mm<\/td>\n<\/tr>\n<tr>\n<td><strong>Odmrzavanje<\/strong><\/td>\n<td>Automatski (ciklus kompresora) + Ru\u010dni<\/td>\n<\/tr>\n<tr>\n<td><strong>Rasvjeta<\/strong><\/td>\n<td>2 vertikalne LED diode<\/td>\n<\/tr>\n<tr>\n<td><strong>Police<\/strong><\/td>\n<td>5 (513 x 410 mm)<\/td>\n<\/tr>\n<tr>\n<td><strong>Dodatne police<\/strong><\/td>\n<td>Drveni<\/td>\n<\/tr>\n<tr>\n<td><strong>Noge i kota\u010di\u0107i<\/strong><\/td>\n<td>2 noge + 2 kota\u010di\u0107a<\/td>\n<\/tr>\n<tr>\n<td><strong>Samozatvaraju\u0107a vrata<\/strong><\/td>\n<td>Da<\/td>\n<\/tr>\n<tr>\n<td><strong>Brava i klju\u010d<\/strong><\/td>\n<td>Da<\/td>\n<\/tr>\n<\/tbody>\n<\/table>\n<h2 data-start=\"1210\" data-end=\"1241\"><strong data-start=\"1213\" data-end=\"1241\">Dimenzije<\/strong><\/h2>\n<table>\n<thead>\n<tr>\n<th>Dimenzija<\/th>\n<th>Mjerenje (mm)<\/th>\n<\/tr>\n<\/thead>\n<tbody>\n<tr>\n<td><strong>Vanjski (\u0160xDxV)<\/strong><\/td>\n<td>655 x 635 x 1880<\/td>\n<\/tr>\n<tr>\n<td><strong>Pakiranje (\u0160xDxV)<\/strong><\/td>\n<td>735 x 715 x 2050<\/td>\n<\/tr>\n<tr>\n<td><strong>Unutarnja \u0161irina (A)<\/strong><\/td>\n<td>522<\/td>\n<\/tr>\n<tr>\n<td><strong>Unutarnja dubina (B)<\/strong><\/td>\n<td>449<\/td>\n<\/tr>\n<tr>\n<td><strong>Unutarnja visina (C)<\/strong><\/td>\n<td>1557<\/td>\n<\/tr>\n<tr>\n<td><strong>Minimalna dubina (D)<\/strong><\/td>\n<td>179<\/td>\n<\/tr>\n<tr>\n<td><strong>Minimalna visina (E)<\/strong><\/td>\n<td>1337<\/td>\n<\/tr>\n<tr>\n<td><strong>Veli\u010dina naljepnice za staklo<\/strong><\/td>\n<td>503 x 1544<\/td>\n<\/tr>\n<\/tbody>\n<\/table>\n<h2 data-start=\"2198\" data-end=\"2229\"><strong data-start=\"2201\" data-end=\"2229\">Podaci o elektri\u010dnim i energetskim sustavima<\/strong><\/h2>\n<div class=\"_tableContainer_1rjym_1\">\n<div class=\"_tableWrapper_1rjym_13 group flex w-fit flex-col-reverse\">\n<table>\n<thead>\n<tr>\n<th>Parametar<\/th>\n<th>Vrijednost<\/th>\n<\/tr>\n<\/thead>\n<tbody>\n<tr>\n<td><strong>Napon<\/strong><\/td>\n<td>220 V<\/td>\n<\/tr>\n<tr>\n<td><strong>Frekvencija<\/strong><\/td>\n<td>50 Hz<\/td>\n<\/tr>\n<tr>\n<td><strong>Rashladno sredstvo<\/strong><\/td>\n<td>R600A<\/td>\n<\/tr>\n<tr>\n<td><strong>Apsorpcija snage<\/strong><\/td>\n<td>230 W<\/td>\n<\/tr>\n<tr>\n<td><strong>Potro\u0161nja energije<\/strong><\/td>\n<td>2,84 kWh\/24 h<\/td>\n<\/tr>\n<\/tbody>\n<\/table>\n<h2 data-start=\"2198\" data-end=\"2229\"><strong data-start=\"2201\" data-end=\"2229\">Te\u017eina<\/strong><\/h2>\n<table>\n<thead>\n<tr>\n<th>Tip<\/th>\n<th>Vrijednost<\/th>\n<\/tr>\n<\/thead>\n<tbody>\n<tr>\n<td><strong>Neto te\u017eina<\/strong><\/td>\n<td>80 kg<\/td>\n<\/tr>\n<tr>\n<td><strong>Bruto te\u017eina<\/strong><\/td>\n<td>87 kg<\/td>\n<\/tr>\n<\/tbody>\n<\/table>\n<\/div>\n<\/div>\n<\/div>\n<\/div>","protected":false},"excerpt":{"rendered":"<p>The CLW 420 L is a premium static wine cooler, available in Natural Ash or Black Ash finishes. With a solid wood coating, thermoformed ABS interior, and elegant design, it is the perfect solution for storing and presenting fine wines. This model combines style and functionality with an electronic thermostat, LED vertical lighting, and an [&hellip;]<\/p>\n","protected":false},"featured_media":7195,"comment_status":"open","ping_status":"closed","template":"","meta":[],"product_brand":[],"product_cat":[49],"product_tag":[],"class_list":{"0":"post-7192","1":"product","2":"type-product","3":"status-publish","4":"has-post-thumbnail","6":"product_cat-wine-fridges","8":"first","9":"instock","10":"shipping-taxable","11":"product-type-simple"},"_links":{"self":[{"href":"https:\/\/dersuessestopp.com\/hr\/wp-json\/wp\/v2\/product\/7192","targetHints":{"allow":["GET"]}}],"collection":[{"href":"https:\/\/dersuessestopp.com\/hr\/wp-json\/wp\/v2\/product"}],"about":[{"href":"https:\/\/dersuessestopp.com\/hr\/wp-json\/wp\/v2\/types\/product"}],"replies":[{"embeddable":true,"href":"https:\/\/dersuessestopp.com\/hr\/wp-json\/wp\/v2\/comments?post=7192"}],"version-history":[{"count":4,"href":"https:\/\/dersuessestopp.com\/hr\/wp-json\/wp\/v2\/product\/7192\/revisions"}],"predecessor-version":[{"id":11505,"href":"https:\/\/dersuessestopp.com\/hr\/wp-json\/wp\/v2\/product\/7192\/revisions\/11505"}],"wp:featuredmedia":[{"embeddable":true,"href":"https:\/\/dersuessestopp.com\/hr\/wp-json\/wp\/v2\/media\/7195"}],"wp:attachment":[{"href":"https:\/\/dersuessestopp.com\/hr\/wp-json\/wp\/v2\/media?parent=7192"}],"wp:term":[{"taxonomy":"product_brand","embeddable":true,"href":"https:\/\/dersuessestopp.com\/hr\/wp-json\/wp\/v2\/product_brand?post=7192"},{"taxonomy":"product_cat","embeddable":true,"href":"https:\/\/dersuessestopp.com\/hr\/wp-json\/wp\/v2\/product_cat?post=7192"},{"taxonomy":"product_tag","embeddable":true,"href":"https:\/\/dersuessestopp.com\/hr\/wp-json\/wp\/v2\/product_tag?post=7192"}],"curies":[{"name":"wp","href":"https:\/\/api.w.org\/{rel}","templated":true}]}}