{"id":7186,"date":"2025-08-30T11:41:34","date_gmt":"2025-08-30T11:41:34","guid":{"rendered":"https:\/\/dersuessestopp.com\/?post_type=product&#038;p=7186"},"modified":"2025-08-30T11:41:34","modified_gmt":"2025-08-30T11:41:34","slug":"clp-300-ps","status":"publish","type":"product","link":"https:\/\/dersuessestopp.com\/hr\/product\/clp-300-ps\/","title":{"rendered":"CLP 300 KS"},"content":{"rendered":"<p data-start=\"257\" data-end=\"575\">The <strong data-start=\"261\" data-end=\"275\">CLP 300 KS<\/strong> je visokog kapaciteta <strong data-start=\"295\" data-end=\"335\">stati\u010dki hladnjak s \u010dvrstim poklopcima na \u0161arke<\/strong>, dizajniran za profesionalno skladi\u0161tenje i izlaganje pi\u0107a. Radi u temperaturnom rasponu od <strong data-start=\"431\" data-end=\"449\">+2 \u00b0C do +8 \u00b0C<\/strong>, osigurava optimalno o\u010duvanje pi\u0107a, \u0161to ga \u010dini idealnim izborom za barove, restorane, hotele i ugostiteljske usluge.<\/p>\n<p data-start=\"577\" data-end=\"919\">Izgra\u0111eno s <strong data-start=\"590\" data-end=\"643\">karoserija od lima prethodno obojena i obra\u0111ena antikorozivnom obradom<\/strong> i jedan <strong data-start=\"650\" data-end=\"682\">bijela prethodno obojena unutarnja obloga<\/strong>, CLP 300 PS kombinira izdr\u017eljivost s \u010distim, profesionalnim izgledom. Dolazi s <strong data-start=\"769\" data-end=\"794\">elektroni\u010dki termostat<\/strong> za preciznu kontrolu temperature, <strong data-start=\"828\" data-end=\"844\">brava i klju\u010d<\/strong> za sigurnost proizvoda i <strong data-start=\"869\" data-end=\"898\">4 kota\u010di\u0107a (2 s ko\u010dnicama)<\/strong> za laku mobilnost.<\/p>\n<h2 data-start=\"926\" data-end=\"941\"><strong data-start=\"929\" data-end=\"941\">Kapacitet<\/strong><\/h2>\n<table>\n<thead>\n<tr>\n<th>Specifikacija<\/th>\n<th>CLP 300 KS<\/th>\n<\/tr>\n<\/thead>\n<tbody>\n<tr>\n<td>Neto volumen<\/td>\n<td>275 litara<\/td>\n<\/tr>\n<tr>\n<td>Bruto volumen<\/td>\n<td>278 litara<\/td>\n<\/tr>\n<\/tbody>\n<\/table>\n<h2 data-start=\"926\" data-end=\"941\"><strong data-start=\"929\" data-end=\"941\">Dimenzije<\/strong><\/h2>\n<table>\n<thead>\n<tr>\n<th>Opis<\/th>\n<th>CLP 300 KS<\/th>\n<\/tr>\n<\/thead>\n<tbody>\n<tr>\n<td>Vanjske dimenzije (\u0160xDxV)<\/td>\n<td>1090 x 690 x 860 mm<\/td>\n<\/tr>\n<tr>\n<td>Dimenzije pakiranja (\u0160xDxV)<\/td>\n<td>1140 x 710 x 943 mm<\/td>\n<\/tr>\n<tr>\n<td>\u0160irina (A)<\/td>\n<td>962 mm<\/td>\n<\/tr>\n<tr>\n<td>Dubina (B)<\/td>\n<td>472 mm<\/td>\n<\/tr>\n<tr>\n<td>Visina (C)<\/td>\n<td>680 mm<\/td>\n<\/tr>\n<tr>\n<td>Min. visina (E)<\/td>\n<td>430 mm<\/td>\n<\/tr>\n<tr>\n<td>Min. \u0161irina (F)<\/td>\n<td>662 mm<\/td>\n<\/tr>\n<tr>\n<td>Veli\u010dina prednje naljepnice<\/td>\n<td>1080 x 740 mm<\/td>\n<\/tr>\n<tr>\n<td>Naljepnica s desne strane<\/td>\n<td>590 x 740 mm<\/td>\n<\/tr>\n<tr>\n<td>Naljepnica lijeve strane<\/td>\n<td>590 x 470 mm<\/td>\n<\/tr>\n<\/tbody>\n<\/table>\n<h2 data-start=\"1823\" data-end=\"1848\"><strong data-start=\"1826\" data-end=\"1848\">Tehni\u010dke zna\u010dajke<\/strong><\/h2>\n<div class=\"_tableContainer_1rjym_1\">\n<div class=\"_tableWrapper_1rjym_13 group flex w-fit flex-col-reverse\">\n<table>\n<thead>\n<tr>\n<th>Zna\u010dajka<\/th>\n<th>CLP 300 KS<\/th>\n<\/tr>\n<\/thead>\n<tbody>\n<tr>\n<td>Raspon temperature<\/td>\n<td>+2 \u00b0C \/ +8 \u00b0C<\/td>\n<\/tr>\n<tr>\n<td>Klimatski razred<\/td>\n<td>C1<\/td>\n<\/tr>\n<tr>\n<td>Neto \/ Bruto volumen<\/td>\n<td>275 \/ 278 Lt<\/td>\n<\/tr>\n<tr>\n<td>Vanjsko tijelo<\/td>\n<td>Prethodno obojeni lim s antikorozivnom obradom<\/td>\n<\/tr>\n<tr>\n<td>Unutarnja obloga<\/td>\n<td>Bijeli prethodno obojeni lim<\/td>\n<\/tr>\n<tr>\n<td>Termostat<\/td>\n<td>Elektronika<\/td>\n<\/tr>\n<tr>\n<td>Razina buke<\/td>\n<td>44 dB<\/td>\n<\/tr>\n<tr>\n<td>Debljina izolacije<\/td>\n<td>65 mm<\/td>\n<\/tr>\n<tr>\n<td>Odmrzavanje<\/td>\n<td>Priru\u010dnik<\/td>\n<\/tr>\n<tr>\n<td>Brava i klju\u010d<\/td>\n<td>Da<\/td>\n<\/tr>\n<tr>\n<td>Kota\u010di\u0107i<\/td>\n<td>4 (2 s ko\u010dnicama)<\/td>\n<\/tr>\n<tr>\n<td>Neto \/ Bruto te\u017eina<\/td>\n<td>44 \/ 47 kg<\/td>\n<\/tr>\n<\/tbody>\n<\/table>\n<h2 data-start=\"2586\" data-end=\"2618\"><strong data-start=\"2589\" data-end=\"2618\">Elektri\u010dne specifikacije<\/strong><\/h2>\n<div class=\"_tableContainer_1rjym_1\">\n<div class=\"_tableWrapper_1rjym_13 group flex w-fit flex-col-reverse\">\n<table>\n<thead>\n<tr>\n<th>Specifikacija<\/th>\n<th>Vrijednost<\/th>\n<\/tr>\n<\/thead>\n<tbody>\n<tr>\n<td>Napon<\/td>\n<td>220 \u2013 240 V<\/td>\n<\/tr>\n<tr>\n<td>Frekvencija<\/td>\n<td>50 Hz<\/td>\n<\/tr>\n<tr>\n<td>Rashladno sredstvo<\/td>\n<td>R600A<\/td>\n<\/tr>\n<tr>\n<td>Apsorpcija snage<\/td>\n<td>165 W<\/td>\n<\/tr>\n<tr>\n<td>Potro\u0161nja energije<\/td>\n<td>0,581 kWh \/ 24 sata<\/td>\n<\/tr>\n<\/tbody>\n<\/table>\n<\/div>\n<\/div>\n<\/div>\n<\/div>","protected":false},"excerpt":{"rendered":"<p>The CLP 300 PS is a high-capacity static cooler with solid hinged lids, designed for professional beverage storage and display. Operating in the temperature range of +2 \u00b0C to +8 \u00b0C, it ensures optimal preservation of drinks, making it an ideal choice for bars, restaurants, hotels, and catering services. Built with a prepainted anticorrosion-treated sheet [&hellip;]<\/p>\n","protected":false},"featured_media":7188,"comment_status":"open","ping_status":"closed","template":"","meta":[],"product_brand":[],"product_cat":[48],"product_tag":[],"class_list":{"0":"post-7186","1":"product","2":"type-product","3":"status-publish","4":"has-post-thumbnail","6":"product_cat-beverage-cooling","8":"first","9":"instock","10":"shipping-taxable","11":"product-type-simple"},"_links":{"self":[{"href":"https:\/\/dersuessestopp.com\/hr\/wp-json\/wp\/v2\/product\/7186","targetHints":{"allow":["GET"]}}],"collection":[{"href":"https:\/\/dersuessestopp.com\/hr\/wp-json\/wp\/v2\/product"}],"about":[{"href":"https:\/\/dersuessestopp.com\/hr\/wp-json\/wp\/v2\/types\/product"}],"replies":[{"embeddable":true,"href":"https:\/\/dersuessestopp.com\/hr\/wp-json\/wp\/v2\/comments?post=7186"}],"version-history":[{"count":2,"href":"https:\/\/dersuessestopp.com\/hr\/wp-json\/wp\/v2\/product\/7186\/revisions"}],"predecessor-version":[{"id":7191,"href":"https:\/\/dersuessestopp.com\/hr\/wp-json\/wp\/v2\/product\/7186\/revisions\/7191"}],"wp:featuredmedia":[{"embeddable":true,"href":"https:\/\/dersuessestopp.com\/hr\/wp-json\/wp\/v2\/media\/7188"}],"wp:attachment":[{"href":"https:\/\/dersuessestopp.com\/hr\/wp-json\/wp\/v2\/media?parent=7186"}],"wp:term":[{"taxonomy":"product_brand","embeddable":true,"href":"https:\/\/dersuessestopp.com\/hr\/wp-json\/wp\/v2\/product_brand?post=7186"},{"taxonomy":"product_cat","embeddable":true,"href":"https:\/\/dersuessestopp.com\/hr\/wp-json\/wp\/v2\/product_cat?post=7186"},{"taxonomy":"product_tag","embeddable":true,"href":"https:\/\/dersuessestopp.com\/hr\/wp-json\/wp\/v2\/product_tag?post=7186"}],"curies":[{"name":"wp","href":"https:\/\/api.w.org\/{rel}","templated":true}]}}