{"id":7182,"date":"2025-08-30T11:36:40","date_gmt":"2025-08-30T11:36:40","guid":{"rendered":"https:\/\/dersuessestopp.com\/?post_type=product&#038;p=7182"},"modified":"2025-08-30T11:36:40","modified_gmt":"2025-08-30T11:36:40","slug":"bl-65-f","status":"publish","type":"product","link":"https:\/\/dersuessestopp.com\/hr\/product\/bl-65-f\/","title":{"rendered":"BL 65 F"},"content":{"rendered":"<p data-start=\"172\" data-end=\"572\">The <strong data-start=\"176\" data-end=\"187\">BL 65 F<\/strong> je profesionalni hladnjak za pi\u0107a dizajniran za barove, restorane, doga\u0111aje i catering usluge. Sa svojim \u010dvrstim poklopcima na \u0161arke, robusnom konstrukcijom i pouzdanim performansama hla\u0111enja, osigurava da se pi\u0107a odr\u017eavaju na savr\u0161enoj temperaturi izme\u0111u <strong data-start=\"426\" data-end=\"443\">0\u00b0C i +10\u00b0C<\/strong>. Kompaktan, a opet prostran, prima i boce i limenke, \u0161to ga \u010dini svestranim rje\u0161enjem za skladi\u0161tenje i poslu\u017eivanje pi\u0107a.<\/p>\n<p data-start=\"574\" data-end=\"938\">Opremljen s <strong data-start=\"588\" data-end=\"617\">kota\u010di\u0107i za lak\u0161e pomicanje<\/strong>, a <strong data-start=\"621\" data-end=\"640\">ugra\u0111ena ru\u010dka<\/strong>, i <strong data-start=\"646\" data-end=\"667\">uklonjive ko\u0161are<\/strong>, BL 65 F nudi i prakti\u010dnost i izdr\u017eljivost. Njegov <strong data-start=\"726\" data-end=\"780\">karoserija od lima prethodno obojena antikorozivno obra\u0111ena<\/strong> i <strong data-start=\"785\" data-end=\"804\">ABS unutarnja obloga<\/strong> jam\u010de dugotrajnu upotrebu, dok <strong data-start=\"843\" data-end=\"882\">automatski sustav odmrzavanja kompresora<\/strong> osigurava u\u010dinkovit rad uz minimalno odr\u017eavanje.<\/p>\n<h2 data-start=\"945\" data-end=\"960\"><strong data-start=\"948\" data-end=\"960\">Kapacitet<\/strong><\/h2>\n<table>\n<thead>\n<tr>\n<th>Vrsta kontejnera<\/th>\n<th>Kapacitet<\/th>\n<\/tr>\n<\/thead>\n<tbody>\n<tr>\n<td>Boca klasa 33<\/td>\n<td>40 kom<\/td>\n<\/tr>\n<tr>\n<td>\u010clanak 33.<\/td>\n<td>50 kom<\/td>\n<\/tr>\n<tr>\n<td><em>Bilje\u0161ka:<\/em> Podaci se mogu razlikovati ovisno o pakiranju.<\/td>\n<td><\/td>\n<\/tr>\n<\/tbody>\n<\/table>\n<h2 data-start=\"945\" data-end=\"960\"><strong data-start=\"948\" data-end=\"960\">Dimenzije<\/strong><\/h2>\n<table>\n<thead>\n<tr>\n<th>Opis<\/th>\n<th>BL 65 F<\/th>\n<\/tr>\n<\/thead>\n<tbody>\n<tr>\n<td>Vanjske dimenzije (\u0160xDxV)<\/td>\n<td>\u00d8 445 x 965 mm<\/td>\n<\/tr>\n<tr>\n<td>Dimenzije pakiranja (\u0160xDxV)<\/td>\n<td>460 x 460 x 1015 mm<\/td>\n<\/tr>\n<tr>\n<td>\u0160irina (A)<\/td>\n<td>\u00d8 360 mm<\/td>\n<\/tr>\n<tr>\n<td>Dubina (B)<\/td>\n<td>\u00d8 360 mm<\/td>\n<\/tr>\n<tr>\n<td>Visina (C)<\/td>\n<td>630 mm<\/td>\n<\/tr>\n<tr>\n<td>Veli\u010dina prednje naljepnice<\/td>\n<td>1380 x 871 mm<\/td>\n<\/tr>\n<\/tbody>\n<\/table>\n<h2 data-start=\"2504\" data-end=\"2536\"><strong data-start=\"2507\" data-end=\"2536\">Elektri\u010dne specifikacije<\/strong><\/h2>\n<div class=\"_tableContainer_1rjym_1\">\n<div class=\"_tableWrapper_1rjym_13 group flex w-fit flex-col-reverse\">\n<table>\n<thead>\n<tr>\n<th>Specifikacija<\/th>\n<th>Vrijednost<\/th>\n<\/tr>\n<\/thead>\n<tbody>\n<tr>\n<td>Napon<\/td>\n<td>220 \u2013 240 V<\/td>\n<\/tr>\n<tr>\n<td>Frekvencija<\/td>\n<td>50 Hz<\/td>\n<\/tr>\n<tr>\n<td>Rashladno sredstvo<\/td>\n<td>R134A \/ R600A<\/td>\n<\/tr>\n<tr>\n<td>Apsorpcija snage<\/td>\n<td>100 W<\/td>\n<\/tr>\n<tr>\n<td>Potro\u0161nja energije<\/td>\n<td>0,39 kWh \/ 24 sata<\/td>\n<\/tr>\n<\/tbody>\n<\/table>\n<\/div>\n<\/div>","protected":false},"excerpt":{"rendered":"<p>The BL 65 F is a professional beverage cooler designed for bars, restaurants, events, and catering services. With its solid hinged lids, robust build, and reliable cooling performance, it ensures beverages are kept at the perfect temperature between 0\u00b0C and +10\u00b0C. Compact yet spacious, it accommodates both bottles and cans, making it a versatile solution [&hellip;]<\/p>\n","protected":false},"featured_media":7183,"comment_status":"open","ping_status":"closed","template":"","meta":[],"product_brand":[],"product_cat":[48],"product_tag":[],"class_list":{"0":"post-7182","1":"product","2":"type-product","3":"status-publish","4":"has-post-thumbnail","6":"product_cat-beverage-cooling","8":"first","9":"instock","10":"shipping-taxable","11":"product-type-simple"},"_links":{"self":[{"href":"https:\/\/dersuessestopp.com\/hr\/wp-json\/wp\/v2\/product\/7182","targetHints":{"allow":["GET"]}}],"collection":[{"href":"https:\/\/dersuessestopp.com\/hr\/wp-json\/wp\/v2\/product"}],"about":[{"href":"https:\/\/dersuessestopp.com\/hr\/wp-json\/wp\/v2\/types\/product"}],"replies":[{"embeddable":true,"href":"https:\/\/dersuessestopp.com\/hr\/wp-json\/wp\/v2\/comments?post=7182"}],"version-history":[{"count":2,"href":"https:\/\/dersuessestopp.com\/hr\/wp-json\/wp\/v2\/product\/7182\/revisions"}],"predecessor-version":[{"id":7187,"href":"https:\/\/dersuessestopp.com\/hr\/wp-json\/wp\/v2\/product\/7182\/revisions\/7187"}],"wp:featuredmedia":[{"embeddable":true,"href":"https:\/\/dersuessestopp.com\/hr\/wp-json\/wp\/v2\/media\/7183"}],"wp:attachment":[{"href":"https:\/\/dersuessestopp.com\/hr\/wp-json\/wp\/v2\/media?parent=7182"}],"wp:term":[{"taxonomy":"product_brand","embeddable":true,"href":"https:\/\/dersuessestopp.com\/hr\/wp-json\/wp\/v2\/product_brand?post=7182"},{"taxonomy":"product_cat","embeddable":true,"href":"https:\/\/dersuessestopp.com\/hr\/wp-json\/wp\/v2\/product_cat?post=7182"},{"taxonomy":"product_tag","embeddable":true,"href":"https:\/\/dersuessestopp.com\/hr\/wp-json\/wp\/v2\/product_tag?post=7182"}],"curies":[{"name":"wp","href":"https:\/\/api.w.org\/{rel}","templated":true}]}}