{"id":7177,"date":"2025-08-30T11:33:12","date_gmt":"2025-08-30T11:33:12","guid":{"rendered":"https:\/\/dersuessestopp.com\/?post_type=product&#038;p=7177"},"modified":"2025-08-30T11:33:12","modified_gmt":"2025-08-30T11:33:12","slug":"coldwall-300-nehrdajuci-celik","status":"publish","type":"product","link":"https:\/\/dersuessestopp.com\/hr\/product\/coldwall-300-inox\/","title":{"rendered":"COLDWALL 300 INOX"},"content":{"rendered":"<p data-start=\"172\" data-end=\"594\">The <strong data-start=\"176\" data-end=\"198\">HLADNI ZID 300 INOX<\/strong> je visokokvalitetni ventilirani hladnjak za pi\u0107a dizajniran za barove, restorane i maloprodajne prostore kojima je potrebno u\u010dinkovito hla\u0111enje s modernim i elegantnim izgledom. <strong data-start=\"370\" data-end=\"405\">unutra\u0161njost od nehr\u0111aju\u0107eg \u010delika s ogledalom<\/strong>, <strong data-start=\"407\" data-end=\"436\">vrata od punog stakla bez okvira<\/strong>, i <strong data-start=\"442\" data-end=\"461\">ugra\u0111ena ru\u010dka<\/strong> \u010dine ga i funkcionalnim i elegantnim, dok <strong data-start=\"509\" data-end=\"535\">skriveni nosa\u010d za vje\u0161anje<\/strong> osigurava jednostavnu ugradnju na zid bez vidljivih nosa\u010da.<\/p>\n<p data-start=\"596\" data-end=\"865\">Ova jedinica pru\u017ea pouzdano hla\u0111enje s elektroni\u010dkim termostatom, automatskim odmrzavanjem i LED rasvjetom za isticanje izlo\u017eenih proizvoda. S kapacitetom do <strong data-start=\"757\" data-end=\"777\">399 limenki (33 cl)<\/strong> ili <strong data-start=\"781\" data-end=\"804\">200 boca (50 cl)<\/strong>, idealan je za predstavljanje pi\u0107a u premium okru\u017eenjima.<\/p>\n<h2 data-start=\"872\" data-end=\"887\"><strong data-start=\"875\" data-end=\"887\">Kapacitet<\/strong><\/h2>\n<table>\n<thead>\n<tr>\n<th>Vrsta kontejnera<\/th>\n<th>Kapacitet<\/th>\n<\/tr>\n<\/thead>\n<tbody>\n<tr>\n<td>Boca 1 l<\/td>\n<td>78 kom<\/td>\n<\/tr>\n<tr>\n<td>Boca 0,75 l<\/td>\n<td>90 kom<\/td>\n<\/tr>\n<tr>\n<td>Boca 0,66 l<\/td>\n<td>153 kom<\/td>\n<\/tr>\n<tr>\n<td>Boca 0,50 l<\/td>\n<td>200 kom<\/td>\n<\/tr>\n<tr>\n<td>Boca 0,33 l<\/td>\n<td>255 kom<\/td>\n<\/tr>\n<tr>\n<td>Limenka 0,33 l<\/td>\n<td>399 kom<\/td>\n<\/tr>\n<\/tbody>\n<\/table>\n<h2 data-start=\"1679\" data-end=\"1696\"><strong data-start=\"1682\" data-end=\"1696\">Dimenzije<\/strong><\/h2>\n<div class=\"_tableContainer_1rjym_1\">\n<div class=\"_tableWrapper_1rjym_13 group flex w-fit flex-col-reverse\">\n<table>\n<thead>\n<tr>\n<th>Specifikacija<\/th>\n<th>Mjerenje (mm)<\/th>\n<\/tr>\n<\/thead>\n<tbody>\n<tr>\n<td>Vanjske dimenzije (\u0160xDxV)<\/td>\n<td>1350 x 565 x 852<\/td>\n<\/tr>\n<tr>\n<td>Dimenzije pakiranja (\u0160xDxV)<\/td>\n<td>1440 x 630 x 1045<\/td>\n<\/tr>\n<tr>\n<td>\u0160irina (A)<\/td>\n<td>1260<\/td>\n<\/tr>\n<tr>\n<td>Dubina (B)<\/td>\n<td>375<\/td>\n<\/tr>\n<tr>\n<td>Visina (C)<\/td>\n<td>705<\/td>\n<\/tr>\n<tr>\n<td>Minimalna dubina (D)<\/td>\n<td>195<\/td>\n<\/tr>\n<tr>\n<td>Minimalna visina (E)<\/td>\n<td>500<\/td>\n<\/tr>\n<\/tbody>\n<\/table>\n<h2 data-start=\"2127\" data-end=\"2158\"><strong data-start=\"2130\" data-end=\"2158\">Tehni\u010dke specifikacije<\/strong><\/h2>\n<div class=\"_tableContainer_1rjym_1\">\n<div class=\"_tableWrapper_1rjym_13 group flex w-fit flex-col-reverse\">\n<table>\n<thead>\n<tr>\n<th>Zna\u010dajka<\/th>\n<th>Vrijednost<\/th>\n<\/tr>\n<\/thead>\n<tbody>\n<tr>\n<td>Raspon temperature<\/td>\n<td>-2 \u00b0C do +10 \u00b0C<\/td>\n<\/tr>\n<tr>\n<td>Klimatski razred<\/td>\n<td>4<\/td>\n<\/tr>\n<tr>\n<td>Neto \/ Bruto volumen<\/td>\n<td>254 l \/ 280 l<\/td>\n<\/tr>\n<tr>\n<td>Vanjsko tijelo<\/td>\n<td>Prethodno obojeni lim s antikorozivnom obradom<\/td>\n<\/tr>\n<tr>\n<td>Unutarnja obloga<\/td>\n<td>Ogledalo od nehr\u0111aju\u0107eg \u010delika<\/td>\n<\/tr>\n<tr>\n<td>Termostat<\/td>\n<td>Elektronika<\/td>\n<\/tr>\n<tr>\n<td>Odmrzavanje<\/td>\n<td>Automatski<\/td>\n<\/tr>\n<tr>\n<td>Debljina izolacije<\/td>\n<td>45 mm<\/td>\n<\/tr>\n<tr>\n<td>Razina buke<\/td>\n<td>50 dB<\/td>\n<\/tr>\n<tr>\n<td>Police<\/td>\n<td>4 bo\u010dne police (399 \u00d7 340 mm), 2 sredi\u0161nje police (446 \u00d7 440 mm)<\/td>\n<\/tr>\n<tr>\n<td>Napon<\/td>\n<td>220 V<\/td>\n<\/tr>\n<tr>\n<td>Frekvencija<\/td>\n<td>50 Hz<\/td>\n<\/tr>\n<tr>\n<td>Rashladno sredstvo<\/td>\n<td>R600A<\/td>\n<\/tr>\n<tr>\n<td>Apsorpcija snage<\/td>\n<td>190 W<\/td>\n<\/tr>\n<tr>\n<td>Potro\u0161nja energije<\/td>\n<td>2,00 kWh\/24 h<\/td>\n<\/tr>\n<tr>\n<td>Neto \/ Bruto te\u017eina<\/td>\n<td>99 \/ 119 kg<\/td>\n<\/tr>\n<\/tbody>\n<\/table>\n<\/div>\n<\/div>\n<\/div>\n<\/div>","protected":false},"excerpt":{"rendered":"<p>The COLD WALL 300 INOX is a high-quality ventilated beverage cooler designed for bars, restaurants, and retail environments that need efficient cooling with a modern and elegant appearance. Its mirror stainless steel interior, frameless full-glass door, and built-in handle make it both functional and stylish, while the hidden hanging bracket ensures easy wall installation without [&hellip;]<\/p>\n","protected":false},"featured_media":7178,"comment_status":"open","ping_status":"closed","template":"","meta":[],"product_brand":[],"product_cat":[48],"product_tag":[],"class_list":{"0":"post-7177","1":"product","2":"type-product","3":"status-publish","4":"has-post-thumbnail","6":"product_cat-beverage-cooling","8":"first","9":"instock","10":"shipping-taxable","11":"product-type-simple"},"_links":{"self":[{"href":"https:\/\/dersuessestopp.com\/hr\/wp-json\/wp\/v2\/product\/7177","targetHints":{"allow":["GET"]}}],"collection":[{"href":"https:\/\/dersuessestopp.com\/hr\/wp-json\/wp\/v2\/product"}],"about":[{"href":"https:\/\/dersuessestopp.com\/hr\/wp-json\/wp\/v2\/types\/product"}],"replies":[{"embeddable":true,"href":"https:\/\/dersuessestopp.com\/hr\/wp-json\/wp\/v2\/comments?post=7177"}],"version-history":[{"count":2,"href":"https:\/\/dersuessestopp.com\/hr\/wp-json\/wp\/v2\/product\/7177\/revisions"}],"predecessor-version":[{"id":7181,"href":"https:\/\/dersuessestopp.com\/hr\/wp-json\/wp\/v2\/product\/7177\/revisions\/7181"}],"wp:featuredmedia":[{"embeddable":true,"href":"https:\/\/dersuessestopp.com\/hr\/wp-json\/wp\/v2\/media\/7178"}],"wp:attachment":[{"href":"https:\/\/dersuessestopp.com\/hr\/wp-json\/wp\/v2\/media?parent=7177"}],"wp:term":[{"taxonomy":"product_brand","embeddable":true,"href":"https:\/\/dersuessestopp.com\/hr\/wp-json\/wp\/v2\/product_brand?post=7177"},{"taxonomy":"product_cat","embeddable":true,"href":"https:\/\/dersuessestopp.com\/hr\/wp-json\/wp\/v2\/product_cat?post=7177"},{"taxonomy":"product_tag","embeddable":true,"href":"https:\/\/dersuessestopp.com\/hr\/wp-json\/wp\/v2\/product_tag?post=7177"}],"curies":[{"name":"wp","href":"https:\/\/api.w.org\/{rel}","templated":true}]}}