{"id":7172,"date":"2025-08-30T11:20:38","date_gmt":"2025-08-30T11:20:38","guid":{"rendered":"https:\/\/dersuessestopp.com\/?post_type=product&#038;p=7172"},"modified":"2025-08-30T11:21:29","modified_gmt":"2025-08-30T11:21:29","slug":"hladno-zidanje-300-blok","status":"publish","type":"product","link":"https:\/\/dersuessestopp.com\/hr\/product\/coldwall-300-blk\/","title":{"rendered":"COLDWALL 300 BLK"},"content":{"rendered":"<p data-start=\"193\" data-end=\"488\">The <strong data-start=\"197\" data-end=\"220\">Serija COLDWALL 300<\/strong> je vrhunski ventilirani zidni hladnjak za pi\u0107a dizajniran za maksimalnu u\u010dinkovitost i modernu estetiku. Savr\u0161en za barove, restorane, kafi\u0107e i maloprodajne prostore, kombinira <strong data-start=\"398\" data-end=\"451\">visoki kapacitet, pouzdano hla\u0111enje (-2 \u00b0C do +10 \u00b0C)<\/strong>, i elegantna staklena vrata bez okvira.<\/p>\n<p data-start=\"490\" data-end=\"524\">Dostupan je u dvije zavr\u0161ne obrade:<\/p>\n<ul data-start=\"525\" data-end=\"631\">\n<li data-start=\"525\" data-end=\"572\">\n<p data-start=\"527\" data-end=\"572\"><strong data-start=\"527\" data-end=\"547\">COLDWALL 300 BLK<\/strong> \u2013 Elegantna crna zavr\u0161na obrada<\/p>\n<\/li>\n<li data-start=\"573\" data-end=\"631\">\n<p data-start=\"575\" data-end=\"631\"><strong data-start=\"575\" data-end=\"596\">COLDWALL 300 INOX<\/strong> \u2013 Izdr\u017eljiva zavr\u0161na obrada od nehr\u0111aju\u0107eg \u010delika<\/p>\n<\/li>\n<\/ul>\n<p data-start=\"633\" data-end=\"810\">Sa svojim <strong data-start=\"642\" data-end=\"685\">ugra\u0111ena ru\u010dka, skriveni nosa\u010d za vje\u0161anje<\/strong>, i <strong data-start=\"691\" data-end=\"720\">vrata od punog stakla bez okvira<\/strong>, besprijekorno se uklapa u bilo koje okru\u017eenje, a istovremeno osigurava izvrsnu vidljivost proizvoda.<\/p>\n<h2 data-start=\"817\" data-end=\"845\"><strong data-start=\"820\" data-end=\"845\">Kapacitet (okvirni)<\/strong><\/h2>\n<table>\n<thead>\n<tr>\n<th>Vrsta pakiranja<\/th>\n<th>Kapacitet<\/th>\n<\/tr>\n<\/thead>\n<tbody>\n<tr>\n<td>Boce od 1 l<\/td>\n<td>78 kom<\/td>\n<\/tr>\n<tr>\n<td>Boce od 0,75 l<\/td>\n<td>90 kom<\/td>\n<\/tr>\n<tr>\n<td>Boce od 0,66 l<\/td>\n<td>153 kom<\/td>\n<\/tr>\n<tr>\n<td>Boce od 0,50 l<\/td>\n<td>200 kom<\/td>\n<\/tr>\n<tr>\n<td>Boce od 0,33 l<\/td>\n<td>255 kom<\/td>\n<\/tr>\n<tr>\n<td>Limenke od 0,33 l<\/td>\n<td>399 kom<\/td>\n<\/tr>\n<\/tbody>\n<\/table>\n<h2 data-start=\"1570\" data-end=\"1601\"><strong data-start=\"1573\" data-end=\"1601\">Tehni\u010dke specifikacije<\/strong><\/h2>\n<div class=\"_tableContainer_1rjym_1\">\n<div class=\"_tableWrapper_1rjym_13 group flex w-fit flex-col-reverse\">\n<table>\n<thead>\n<tr>\n<th>Specifikacija<\/th>\n<th>Detalji<\/th>\n<\/tr>\n<\/thead>\n<tbody>\n<tr>\n<td><strong>Raspon temperature<\/strong><\/td>\n<td>-2 \u00b0C do +10 \u00b0C<\/td>\n<\/tr>\n<tr>\n<td><strong>Klimatski razred<\/strong><\/td>\n<td>4<\/td>\n<\/tr>\n<tr>\n<td><strong>Neto \/ Bruto volumen<\/strong><\/td>\n<td>254 \/ 280 L<\/td>\n<\/tr>\n<tr>\n<td><strong>Razina buke<\/strong><\/td>\n<td>50 dB<\/td>\n<\/tr>\n<tr>\n<td><strong>Odmrzavanje<\/strong><\/td>\n<td>Automatski<\/td>\n<\/tr>\n<tr>\n<td><strong>Rasvjeta<\/strong><\/td>\n<td>2 vertikalne LED diode + 1 horizontalna LED dioda<\/td>\n<\/tr>\n<tr>\n<td><strong>Debljina izolacije<\/strong><\/td>\n<td>45 mm<\/td>\n<\/tr>\n<tr>\n<td><strong>Police<\/strong><\/td>\n<td>4 bo\u010dne police (399 x 340 mm) + 2 sredi\u0161nje police (446 x 440 mm)<\/td>\n<\/tr>\n<tr>\n<td><strong>Rashladno sredstvo<\/strong><\/td>\n<td>R600A<\/td>\n<\/tr>\n<tr>\n<td><strong>Potro\u0161nja energije<\/strong><\/td>\n<td>2,0 kWh \/ 24 sata<\/td>\n<\/tr>\n<tr>\n<td><strong>Apsorpcija<\/strong><\/td>\n<td>190 W<\/td>\n<\/tr>\n<tr>\n<td><strong>Napon \/ Frekvencija<\/strong><\/td>\n<td>220 V \/ 50 Hz<\/td>\n<\/tr>\n<\/tbody>\n<\/table>\n<h2 data-start=\"2148\" data-end=\"2174\"><strong data-start=\"2151\" data-end=\"2174\">Dimenzije i te\u017eina<\/strong><\/h2>\n<div class=\"_tableContainer_1rjym_1\">\n<div class=\"_tableWrapper_1rjym_13 group flex w-fit flex-col-reverse\">\n<table>\n<thead>\n<tr>\n<th>Specifikacija<\/th>\n<th>Mjerenje<\/th>\n<\/tr>\n<\/thead>\n<tbody>\n<tr>\n<td><strong>Vanjske dimenzije (\u0160xDxV)<\/strong><\/td>\n<td>1350 x 565 x 852 mm<\/td>\n<\/tr>\n<tr>\n<td><strong>Dimenzije pakiranja (\u0160xDxV)<\/strong><\/td>\n<td>1440 x 630 x 1045 mm<\/td>\n<\/tr>\n<tr>\n<td><strong>\u0160irina (A)<\/strong><\/td>\n<td>1260 mm<\/td>\n<\/tr>\n<tr>\n<td><strong>Dubina (B)<\/strong><\/td>\n<td>375 mm<\/td>\n<\/tr>\n<tr>\n<td><strong>Visina (C)<\/strong><\/td>\n<td>705 mm<\/td>\n<\/tr>\n<tr>\n<td><strong>Min. dubina (D)<\/strong><\/td>\n<td>195 mm<\/td>\n<\/tr>\n<tr>\n<td><strong>Min. visina (E)<\/strong><\/td>\n<td>500 mm<\/td>\n<\/tr>\n<tr>\n<td><strong>Neto te\u017eina<\/strong><\/td>\n<td>99 kg<\/td>\n<\/tr>\n<tr>\n<td><strong>Bruto te\u017eina<\/strong><\/td>\n<td>119 kg<\/td>\n<\/tr>\n<\/tbody>\n<\/table>\n<\/div>\n<\/div>\n<\/div>\n<\/div>","protected":false},"excerpt":{"rendered":"<p>The COLDWALL 300 series is a premium ventilated wall-mounted beverage cooler designed for maximum efficiency and modern aesthetics. Perfect for bars, restaurants, cafes, and retail spaces, it combines high capacity, reliable cooling (-2 \u00b0C to +10 \u00b0C), and a sleek frameless glass door. It is available in two finishes: COLDWALL 300 BLK \u2013 Elegant black [&hellip;]<\/p>\n","protected":false},"featured_media":7173,"comment_status":"open","ping_status":"closed","template":"","meta":[],"product_brand":[],"product_cat":[48],"product_tag":[],"class_list":{"0":"post-7172","1":"product","2":"type-product","3":"status-publish","4":"has-post-thumbnail","6":"product_cat-beverage-cooling","8":"first","9":"instock","10":"shipping-taxable","11":"product-type-simple"},"_links":{"self":[{"href":"https:\/\/dersuessestopp.com\/hr\/wp-json\/wp\/v2\/product\/7172","targetHints":{"allow":["GET"]}}],"collection":[{"href":"https:\/\/dersuessestopp.com\/hr\/wp-json\/wp\/v2\/product"}],"about":[{"href":"https:\/\/dersuessestopp.com\/hr\/wp-json\/wp\/v2\/types\/product"}],"replies":[{"embeddable":true,"href":"https:\/\/dersuessestopp.com\/hr\/wp-json\/wp\/v2\/comments?post=7172"}],"version-history":[{"count":2,"href":"https:\/\/dersuessestopp.com\/hr\/wp-json\/wp\/v2\/product\/7172\/revisions"}],"predecessor-version":[{"id":7176,"href":"https:\/\/dersuessestopp.com\/hr\/wp-json\/wp\/v2\/product\/7172\/revisions\/7176"}],"wp:featuredmedia":[{"embeddable":true,"href":"https:\/\/dersuessestopp.com\/hr\/wp-json\/wp\/v2\/media\/7173"}],"wp:attachment":[{"href":"https:\/\/dersuessestopp.com\/hr\/wp-json\/wp\/v2\/media?parent=7172"}],"wp:term":[{"taxonomy":"product_brand","embeddable":true,"href":"https:\/\/dersuessestopp.com\/hr\/wp-json\/wp\/v2\/product_brand?post=7172"},{"taxonomy":"product_cat","embeddable":true,"href":"https:\/\/dersuessestopp.com\/hr\/wp-json\/wp\/v2\/product_cat?post=7172"},{"taxonomy":"product_tag","embeddable":true,"href":"https:\/\/dersuessestopp.com\/hr\/wp-json\/wp\/v2\/product_tag?post=7172"}],"curies":[{"name":"wp","href":"https:\/\/api.w.org\/{rel}","templated":true}]}}