{"id":7168,"date":"2025-08-30T11:18:36","date_gmt":"2025-08-30T11:18:36","guid":{"rendered":"https:\/\/dersuessestopp.com\/?post_type=product&#038;p=7168"},"modified":"2025-08-30T11:18:36","modified_gmt":"2025-08-30T11:18:36","slug":"cl-50-fl-bijela","status":"publish","type":"product","link":"https:\/\/dersuessestopp.com\/hr\/product\/cl-50-fl-wht\/","title":{"rendered":"CL 50 FL BIJELA"},"content":{"rendered":"<p data-start=\"278\" data-end=\"583\">The <strong data-start=\"282\" data-end=\"326\">CL FL serija stolnih hladnjaka za pi\u0107a<\/strong> su kompaktna, elegantna i u\u010dinkovita rje\u0161enja za izlaganje i hla\u0111enje pi\u0107a. Dizajnirane sa sustavom hla\u0111enja uz pomo\u0107 stati\u010dkog ventilatora, vratima bez okvira i LED rasvjetom s tri strane, ove jedinice pru\u017eaju izvrsnu vidljivost i pouzdane performanse.<\/p>\n<p data-start=\"585\" data-end=\"728\">Dostupno u <strong data-start=\"598\" data-end=\"616\">Crno ili bijelo<\/strong> zavr\u0161nim obradama, CL 20 FL i CL 50 FL savr\u0161eni su za barove, kafi\u0107e, trgovine mje\u0161ovitom robom ili promotivne izlo\u017ebe.<\/p>\n<h2 data-start=\"735\" data-end=\"752\">Klju\u010dne zna\u010dajke<\/h2>\n<ul data-start=\"754\" data-end=\"1279\">\n<li data-start=\"754\" data-end=\"795\">\n<p data-start=\"756\" data-end=\"795\"><strong data-start=\"756\" data-end=\"778\">Raspon temperature:<\/strong> 0 \u00b0C do +10 \u00b0C<\/p>\n<\/li>\n<li data-start=\"796\" data-end=\"878\">\n<p data-start=\"798\" data-end=\"878\"><strong data-start=\"798\" data-end=\"836\">Sustav hla\u0111enja uz pomo\u0107 stati\u010dkog ventilatora<\/strong> s automatskim odmrzavanjem kompresorskog ciklusa<\/p>\n<\/li>\n<li data-start=\"879\" data-end=\"956\">\n<p data-start=\"881\" data-end=\"956\"><strong data-start=\"881\" data-end=\"910\">Vrata od punog stakla bez okvira<\/strong> za moderan izgled i visoku vidljivost proizvoda<\/p>\n<\/li>\n<li data-start=\"957\" data-end=\"1019\">\n<p data-start=\"959\" data-end=\"1019\"><strong data-start=\"959\" data-end=\"990\">LED rasvjeta s tri strane<\/strong> za maksimalan utjecaj prikaza<\/p>\n<\/li>\n<li data-start=\"1020\" data-end=\"1089\">\n<p data-start=\"1022\" data-end=\"1089\"><strong data-start=\"1022\" data-end=\"1054\">Termoformirana ABS unutarnja obloga<\/strong> za trajnost i jednostavno \u010di\u0161\u0107enje<\/p>\n<\/li>\n<li data-start=\"1090\" data-end=\"1156\">\n<p data-start=\"1092\" data-end=\"1156\"><strong data-start=\"1092\" data-end=\"1115\">Digitalni termometar<\/strong> s mehani\u010dkim regulatorom temperature<\/p>\n<\/li>\n<li data-start=\"1157\" data-end=\"1239\">\n<p data-start=\"1159\" data-end=\"1239\"><strong data-start=\"1159\" data-end=\"1188\">Kompaktni dizajn radne plo\u010de<\/strong> s prethodno obojenim limenim tijelom obra\u0111enim antikorozivnom obradom<\/p>\n<\/li>\n<li data-start=\"1240\" data-end=\"1279\">\n<p data-start=\"1242\" data-end=\"1279\"><strong data-start=\"1242\" data-end=\"1263\">Dostupne boje:<\/strong> Crno \/ Bijelo<\/p>\n<\/li>\n<\/ul>\n<h2 data-start=\"1286\" data-end=\"1299\">Kapacitet<\/h2>\n<table>\n<thead>\n<tr>\n<th>Kapacitet<\/th>\n<th>CL 20 FL<\/th>\n<th>CL 50 FL<\/th>\n<\/tr>\n<\/thead>\n<tbody>\n<tr>\n<td>Boce od 0,5 l<\/td>\n<td>12<\/td>\n<td>20<\/td>\n<\/tr>\n<tr>\n<td>Limenke od 0,33 l<\/td>\n<td>15<\/td>\n<td>60<\/td>\n<\/tr>\n<tr>\n<td><em>Bilje\u0161ka:<\/em> Vrijednosti se mogu razlikovati ovisno o pakiranju<\/td>\n<td><\/td>\n<td><\/td>\n<\/tr>\n<\/tbody>\n<\/table>\n<h2 data-start=\"1286\" data-end=\"1299\">Dimenzije<\/h2>\n<table>\n<thead>\n<tr>\n<th>Dimenzije<\/th>\n<th>CL 20 FL<\/th>\n<th>CL 50 FL<\/th>\n<\/tr>\n<\/thead>\n<tbody>\n<tr>\n<td>Vanjski (\u0160xDxV mm)<\/td>\n<td>330 x 396 x 472<\/td>\n<td>435 x 486 x 500<\/td>\n<\/tr>\n<tr>\n<td>Pakiranje (\u0160xDxV mm)<\/td>\n<td>390 x 458 x 540<\/td>\n<td>492 x 558 x 570<\/td>\n<\/tr>\n<tr>\n<td>\u0160irina (A) mm<\/td>\n<td>250<\/td>\n<td>360<\/td>\n<\/tr>\n<tr>\n<td>Dubina (B) mm<\/td>\n<td>255<\/td>\n<td>340<\/td>\n<\/tr>\n<tr>\n<td>Visina (C) mm<\/td>\n<td>368<\/td>\n<td>380<\/td>\n<\/tr>\n<tr>\n<td>Min. dubina (D) mm<\/td>\n<td>115<\/td>\n<td>200<\/td>\n<\/tr>\n<tr>\n<td>Min. visina (E) mm<\/td>\n<td>183<\/td>\n<td>195<\/td>\n<\/tr>\n<tr>\n<td>Bo\u010dna naljepnica (mm)<\/td>\n<td>317 x 437<\/td>\n<td>407 x 467<\/td>\n<\/tr>\n<tr>\n<td>Naljepnica za staklo (mm)<\/td>\n<td>225 x 335<\/td>\n<td>330 x 360<\/td>\n<\/tr>\n<\/tbody>\n<\/table>\n<h2 data-start=\"1956\" data-end=\"1985\">Tehni\u010dke specifikacije<\/h2>\n<div class=\"_tableContainer_1rjym_1\">\n<div class=\"_tableWrapper_1rjym_13 group flex w-fit flex-col-reverse\">\n<table>\n<thead>\n<tr>\n<th>Tehni\u010dke zna\u010dajke<\/th>\n<th>CL 20 FL<\/th>\n<th>CL 50 FL<\/th>\n<\/tr>\n<\/thead>\n<tbody>\n<tr>\n<td>Raspon temperature<\/td>\n<td>0 \u00b0C \/ +10 \u00b0C<\/td>\n<td>0 \u00b0C \/ +10 \u00b0C<\/td>\n<\/tr>\n<tr>\n<td>Klimatski razred<\/td>\n<td>4<\/td>\n<td>4<\/td>\n<\/tr>\n<tr>\n<td>Neto \/ Bruto volumen<\/td>\n<td>20 l \/ 35 l<\/td>\n<td>50 l \/ 76 l<\/td>\n<\/tr>\n<tr>\n<td>Unutarnja obloga<\/td>\n<td>ABS<\/td>\n<td>ABS<\/td>\n<\/tr>\n<tr>\n<td>Termometar<\/td>\n<td>Digitalno<\/td>\n<td>Digitalno<\/td>\n<\/tr>\n<tr>\n<td>Kontroler<\/td>\n<td>Mehani\u010dki<\/td>\n<td>Mehani\u010dki<\/td>\n<\/tr>\n<tr>\n<td>Razina buke<\/td>\n<td>42 dB<\/td>\n<td>42 dB<\/td>\n<\/tr>\n<tr>\n<td>Debljina izolacije<\/td>\n<td>40 mm<\/td>\n<td>35 mm<\/td>\n<\/tr>\n<tr>\n<td>Odmrzavanje<\/td>\n<td>Automatski (ciklus kompresora)<\/td>\n<td>Automatski (ciklus kompresora)<\/td>\n<\/tr>\n<tr>\n<td>Rasvjeta<\/td>\n<td>LED na 3 strane<\/td>\n<td>LED na 3 strane<\/td>\n<\/tr>\n<tr>\n<td>Police<\/td>\n<td>1 (266\/274 x 246 mm)<\/td>\n<td>1 (366\/379 x 260 mm)<\/td>\n<\/tr>\n<tr>\n<td>Kota\u010di\u0107i\/No\u017eice<\/td>\n<td>4 stope<\/td>\n<td>4 stope<\/td>\n<\/tr>\n<tr>\n<td>Neto \/ Bruto te\u017eina<\/td>\n<td>15 \/ 16 kg<\/td>\n<td>19 \/ 21 kg<\/td>\n<\/tr>\n<tr>\n<td>Napon<\/td>\n<td>220 V<\/td>\n<td>220 V<\/td>\n<\/tr>\n<tr>\n<td>Frekvencija<\/td>\n<td>50 Hz<\/td>\n<td>50 Hz<\/td>\n<\/tr>\n<tr>\n<td>Rashladno sredstvo<\/td>\n<td>R600A<\/td>\n<td>R600A<\/td>\n<\/tr>\n<tr>\n<td>Potro\u0161nja energije<\/td>\n<td>76 Z<\/td>\n<td>80 W<\/td>\n<\/tr>\n<tr>\n<td>Potro\u0161nja energije (24 sata)<\/td>\n<td>0,84 kWh<\/td>\n<td>1,38 kWh<\/td>\n<\/tr>\n<\/tbody>\n<\/table>\n<\/div>\n<\/div>","protected":false},"excerpt":{"rendered":"<p>The CL FL series countertop beverage coolers are compact, stylish, and efficient solutions for displaying and cooling drinks. Designed with a static-fan assisted cooling system, frameless glass door, and LED lighting on three sides, these units provide excellent visibility and reliable performance. Available in Black or White finishes, the CL 20 FL and CL 50 [&hellip;]<\/p>\n","protected":false},"featured_media":7169,"comment_status":"open","ping_status":"closed","template":"","meta":[],"product_brand":[],"product_cat":[48],"product_tag":[],"class_list":{"0":"post-7168","1":"product","2":"type-product","3":"status-publish","4":"has-post-thumbnail","6":"product_cat-beverage-cooling","8":"first","9":"instock","10":"shipping-taxable","11":"product-type-simple"},"_links":{"self":[{"href":"https:\/\/dersuessestopp.com\/hr\/wp-json\/wp\/v2\/product\/7168","targetHints":{"allow":["GET"]}}],"collection":[{"href":"https:\/\/dersuessestopp.com\/hr\/wp-json\/wp\/v2\/product"}],"about":[{"href":"https:\/\/dersuessestopp.com\/hr\/wp-json\/wp\/v2\/types\/product"}],"replies":[{"embeddable":true,"href":"https:\/\/dersuessestopp.com\/hr\/wp-json\/wp\/v2\/comments?post=7168"}],"version-history":[{"count":1,"href":"https:\/\/dersuessestopp.com\/hr\/wp-json\/wp\/v2\/product\/7168\/revisions"}],"predecessor-version":[{"id":7171,"href":"https:\/\/dersuessestopp.com\/hr\/wp-json\/wp\/v2\/product\/7168\/revisions\/7171"}],"wp:featuredmedia":[{"embeddable":true,"href":"https:\/\/dersuessestopp.com\/hr\/wp-json\/wp\/v2\/media\/7169"}],"wp:attachment":[{"href":"https:\/\/dersuessestopp.com\/hr\/wp-json\/wp\/v2\/media?parent=7168"}],"wp:term":[{"taxonomy":"product_brand","embeddable":true,"href":"https:\/\/dersuessestopp.com\/hr\/wp-json\/wp\/v2\/product_brand?post=7168"},{"taxonomy":"product_cat","embeddable":true,"href":"https:\/\/dersuessestopp.com\/hr\/wp-json\/wp\/v2\/product_cat?post=7168"},{"taxonomy":"product_tag","embeddable":true,"href":"https:\/\/dersuessestopp.com\/hr\/wp-json\/wp\/v2\/product_tag?post=7168"}],"curies":[{"name":"wp","href":"https:\/\/api.w.org\/{rel}","templated":true}]}}