{"id":7164,"date":"2025-08-30T11:12:00","date_gmt":"2025-08-30T11:12:00","guid":{"rendered":"https:\/\/dersuessestopp.com\/?post_type=product&#038;p=7164"},"modified":"2025-08-30T11:12:00","modified_gmt":"2025-08-30T11:12:00","slug":"ckc-100","status":"publish","type":"product","link":"https:\/\/dersuessestopp.com\/hr\/product\/ckc-100\/","title":{"rendered":"CKC 100"},"content":{"rendered":"<p data-start=\"373\" data-end=\"750\">The <strong data-start=\"377\" data-end=\"414\">CKC 100 Hladnjak za izlaganje na radnoj povr\u0161ini<\/strong> je profesionalna rashladna jedinica dizajnirana za kafi\u0107e, restorane, barove i maloprodajne trgovine koje \u017eele izlo\u017eiti pi\u0107a na atraktivan i pristupa\u010dan na\u010din. S tri staklene stranice, u\u010dinkovitom LED rasvjetom i sna\u017enom ventilacijom, ovaj hladnjak osigurava da va\u0161i proizvodi ostanu savr\u0161eno ohla\u0111eni i jasno vidljivi u svakom trenutku.<\/p>\n<p data-start=\"752\" data-end=\"1059\">Izgra\u0111eno s <strong data-start=\"763\" data-end=\"795\">konstrukcija od nehr\u0111aju\u0107eg \u010delika<\/strong>, jedan <strong data-start=\"800\" data-end=\"825\">elektroni\u010dki termostat<\/strong>, i <strong data-start=\"833\" data-end=\"860\">samozatvaraju\u0107a staklena vrata<\/strong>, CKC 100 nudi izdr\u017eljivost i prakti\u010dnost. Njegov kompaktni dizajn radne plo\u010de \u010dini ga idealnim izborom za tvrtke s ograni\u010denim prostorom, bez kompromisa u pogledu kapaciteta pohrane ili performansi.<\/p>\n<h2 data-start=\"1066\" data-end=\"1083\">Klju\u010dne zna\u010dajke<\/h2>\n<ul data-start=\"1084\" data-end=\"1522\">\n<li data-start=\"1084\" data-end=\"1154\">\n<p data-start=\"1086\" data-end=\"1154\"><strong data-start=\"1086\" data-end=\"1115\">Ventilirani sustav hla\u0111enja<\/strong> za ravnomjernu raspodjelu temperature<\/p>\n<\/li>\n<li data-start=\"1155\" data-end=\"1196\">\n<p data-start=\"1157\" data-end=\"1196\"><strong data-start=\"1157\" data-end=\"1179\">Raspon temperature:<\/strong> +3 \u00b0C do +8 \u00b0C<\/p>\n<\/li>\n<li data-start=\"1197\" data-end=\"1269\">\n<p data-start=\"1199\" data-end=\"1269\"><strong data-start=\"1199\" data-end=\"1240\">Vanjski i unutarnji dio od nehr\u0111aju\u0107eg \u010delika<\/strong> za higijenu i trajnost<\/p>\n<\/li>\n<li data-start=\"1270\" data-end=\"1331\">\n<p data-start=\"1272\" data-end=\"1331\"><strong data-start=\"1272\" data-end=\"1297\">Elektroni\u010dki termostat<\/strong> za preciznu kontrolu temperature<\/p>\n<\/li>\n<li data-start=\"1332\" data-end=\"1392\">\n<p data-start=\"1334\" data-end=\"1392\"><strong data-start=\"1334\" data-end=\"1361\">Samozatvaraju\u0107a staklena vrata<\/strong> s horizontalnom LED rasvjetom<\/p>\n<\/li>\n<li data-start=\"1393\" data-end=\"1460\">\n<p data-start=\"1395\" data-end=\"1460\"><strong data-start=\"1395\" data-end=\"1424\">Kompaktni dizajn radne plo\u010de<\/strong> s izvrsnom vidljivo\u0161\u0107u proizvoda<\/p>\n<\/li>\n<li data-start=\"1461\" data-end=\"1522\">\n<p data-start=\"1463\" data-end=\"1522\"><strong data-start=\"1463\" data-end=\"1483\">Jednostavno odr\u017eavanje<\/strong> sa sustavom odmrzavanja kompresorskog ciklusa<\/p>\n<\/li>\n<\/ul>\n<h2 data-start=\"1529\" data-end=\"1561\">Tehni\u010dke specifikacije<\/h2>\n<table>\n<thead>\n<tr>\n<th>Model<\/th>\n<th>Vanjske dimenzije (\u0160xDxV)<\/th>\n<th>Dimenzije pakiranja (\u0160xDxV)<\/th>\n<th>Unutarnje dimenzije (\u0160xDxV)<\/th>\n<th>Police (\u0160xV)<\/th>\n<\/tr>\n<\/thead>\n<tbody>\n<tr>\n<td><strong>CKC 100<\/strong><\/td>\n<td>1110 x 510 x 566 mm<\/td>\n<td>1170 x 570 x 640 mm<\/td>\n<td>790 x 400 x 390 mm<\/td>\n<td>2 kom. \u2013 752 x 390 mm<\/td>\n<\/tr>\n<\/tbody>\n<\/table>\n<h3 data-start=\"1919\" data-end=\"1947\">Performanse i kapacitet<\/h3>\n<div class=\"_tableContainer_1rjym_1\">\n<div class=\"_tableWrapper_1rjym_13 group flex w-fit flex-col-reverse\">\n<table>\n<thead>\n<tr>\n<th>Model<\/th>\n<th>Raspon temperature<\/th>\n<th>Klimatski razred<\/th>\n<th>Neto\/bruto volumen<\/th>\n<th>Debljina izolacije<\/th>\n<th>Odmrzavanje<\/th>\n<th>Rasvjeta<\/th>\n<\/tr>\n<\/thead>\n<tbody>\n<tr>\n<td><strong>CKC 100<\/strong><\/td>\n<td>+3 \u00b0C \/ +8 \u00b0C<\/td>\n<td>Razred 4<\/td>\n<td>150 l \/ 163 l<\/td>\n<td>45 mm<\/td>\n<td>Ciklus kompresora<\/td>\n<td>1 LED vodoravno<\/td>\n<\/tr>\n<\/tbody>\n<\/table>\n<h3 data-start=\"1919\" data-end=\"1947\">Gra\u0111evinarstvo<\/h3>\n<table>\n<thead>\n<tr>\n<th>Vanjski<\/th>\n<th>Unutra\u0161njost<\/th>\n<th>Vrata<\/th>\n<th>Police<\/th>\n<th>Stopala\/Valjci<\/th>\n<th>Zatvaranje vrata<\/th>\n<\/tr>\n<\/thead>\n<tbody>\n<tr>\n<td>Nehr\u0111aju\u0107i \u010delik<\/td>\n<td>Nehr\u0111aju\u0107i \u010delik<\/td>\n<td>Staklo<\/td>\n<td>2 Podesivo<\/td>\n<td>4 stope<\/td>\n<td>Da, samozatvaranje<\/td>\n<\/tr>\n<\/tbody>\n<\/table>\n<h3 data-start=\"2533\" data-end=\"2554\">Elektri\u010dni podaci<\/h3>\n<div class=\"_tableContainer_1rjym_1\">\n<div class=\"_tableWrapper_1rjym_13 group flex w-fit flex-col-reverse\">\n<table>\n<thead>\n<tr>\n<th>Napon<\/th>\n<th>Frekvencija<\/th>\n<th>Rashladno sredstvo<\/th>\n<th>Apsorpcija<\/th>\n<th>Potro\u0161nja energije<\/th>\n<th>Neto\/bruto te\u017eina<\/th>\n<\/tr>\n<\/thead>\n<tbody>\n<tr>\n<td>220 V<\/td>\n<td>50 Hz<\/td>\n<td>R600A<\/td>\n<td>180 W<\/td>\n<td>3,75 kWh \/ 24 sata<\/td>\n<td>70 \/ 74 kg<\/td>\n<\/tr>\n<\/tbody>\n<\/table>\n<\/div>\n<\/div>\n<\/div>\n<\/div>","protected":false},"excerpt":{"rendered":"<p>The CKC 100 Countertop Display Cooler is a professional-grade refrigerated unit designed for caf\u00e9s, restaurants, bars, and retail shops that want to showcase beverages in an attractive and accessible way. With three glass sides, efficient LED lighting, and powerful ventilation, this cooler ensures your products remain perfectly chilled and clearly visible at all times. Built [&hellip;]<\/p>\n","protected":false},"featured_media":7165,"comment_status":"open","ping_status":"closed","template":"","meta":[],"product_brand":[],"product_cat":[48],"product_tag":[],"class_list":{"0":"post-7164","1":"product","2":"type-product","3":"status-publish","4":"has-post-thumbnail","6":"product_cat-beverage-cooling","8":"first","9":"instock","10":"shipping-taxable","11":"product-type-simple"},"_links":{"self":[{"href":"https:\/\/dersuessestopp.com\/hr\/wp-json\/wp\/v2\/product\/7164","targetHints":{"allow":["GET"]}}],"collection":[{"href":"https:\/\/dersuessestopp.com\/hr\/wp-json\/wp\/v2\/product"}],"about":[{"href":"https:\/\/dersuessestopp.com\/hr\/wp-json\/wp\/v2\/types\/product"}],"replies":[{"embeddable":true,"href":"https:\/\/dersuessestopp.com\/hr\/wp-json\/wp\/v2\/comments?post=7164"}],"version-history":[{"count":1,"href":"https:\/\/dersuessestopp.com\/hr\/wp-json\/wp\/v2\/product\/7164\/revisions"}],"predecessor-version":[{"id":7167,"href":"https:\/\/dersuessestopp.com\/hr\/wp-json\/wp\/v2\/product\/7164\/revisions\/7167"}],"wp:featuredmedia":[{"embeddable":true,"href":"https:\/\/dersuessestopp.com\/hr\/wp-json\/wp\/v2\/media\/7165"}],"wp:attachment":[{"href":"https:\/\/dersuessestopp.com\/hr\/wp-json\/wp\/v2\/media?parent=7164"}],"wp:term":[{"taxonomy":"product_brand","embeddable":true,"href":"https:\/\/dersuessestopp.com\/hr\/wp-json\/wp\/v2\/product_brand?post=7164"},{"taxonomy":"product_cat","embeddable":true,"href":"https:\/\/dersuessestopp.com\/hr\/wp-json\/wp\/v2\/product_cat?post=7164"},{"taxonomy":"product_tag","embeddable":true,"href":"https:\/\/dersuessestopp.com\/hr\/wp-json\/wp\/v2\/product_tag?post=7164"}],"curies":[{"name":"wp","href":"https:\/\/api.w.org\/{rel}","templated":true}]}}