{"id":7159,"date":"2025-08-30T11:07:53","date_gmt":"2025-08-30T11:07:53","guid":{"rendered":"https:\/\/dersuessestopp.com\/?post_type=product&#038;p=7159"},"modified":"2025-08-30T11:07:53","modified_gmt":"2025-08-30T11:07:53","slug":"s-185-xh","status":"publish","type":"product","link":"https:\/\/dersuessestopp.com\/hr\/product\/s-185-xh\/","title":{"rendered":"S 185 XH"},"content":{"rendered":"<p data-start=\"308\" data-end=\"556\">The <strong data-start=\"312\" data-end=\"324\">S 185 XH<\/strong> je profesionalac <strong data-start=\"343\" data-end=\"362\">stra\u017enji hladnjak bara<\/strong> s <strong data-start=\"368\" data-end=\"411\">stati\u010dko hla\u0111enje i pomo\u0107 ventilatora<\/strong>. Izgra\u0111eno od <strong data-start=\"424\" data-end=\"452\">Nehr\u0111aju\u0107i \u010delik AISI 304<\/strong> za trajnost i higijenu, osigurava <strong data-start=\"492\" data-end=\"553\">u\u010dinkovito hla\u0111enje pi\u0107a, niska razina buke i u\u0161teda energije<\/strong>.<\/p>\n<p data-start=\"558\" data-end=\"759\">Opremljen s <strong data-start=\"572\" data-end=\"649\">LED rasvjeta, elektroni\u010dki termostat i vrata koja se sama zatvaraju s bravom<\/strong>, ova jedinica je idealna za <strong data-start=\"674\" data-end=\"713\">barovi, pubovi, restorani i hoteli<\/strong> koji zahtijevaju oboje <strong data-start=\"731\" data-end=\"756\">performanse i stil<\/strong>.<\/p>\n<h2 data-start=\"766\" data-end=\"783\">Klju\u010dne zna\u010dajke<\/h2>\n<table>\n<thead>\n<tr>\n<th>Zna\u010dajka<\/th>\n<th>Detalji<\/th>\n<\/tr>\n<\/thead>\n<tbody>\n<tr>\n<td>Hla\u0111enje<\/td>\n<td>Stati\u010dko hla\u0111enje uz pomo\u0107 ventilatora<\/td>\n<\/tr>\n<tr>\n<td>Kontrola temperature<\/td>\n<td>Elektroni\u010dki termostat<\/td>\n<\/tr>\n<tr>\n<td>Rasvjeta<\/td>\n<td>Horizontalna LED dioda<\/td>\n<\/tr>\n<tr>\n<td>Vrata<\/td>\n<td>Nehr\u0111aju\u0107i \u010delik (AISI 304), samozatvaraju\u0107e s bravom<\/td>\n<\/tr>\n<tr>\n<td>Unutarnja obloga<\/td>\n<td>Nehr\u0111aju\u0107i \u010delik (AISI 304)<\/td>\n<\/tr>\n<tr>\n<td>Police<\/td>\n<td>4 podesive police (355 \u00d7 400 mm)<\/td>\n<\/tr>\n<tr>\n<td>Izolacija<\/td>\n<td>50 mm<\/td>\n<\/tr>\n<tr>\n<td>Sustav za odmrzavanje<\/td>\n<td>Automatski ciklus kompresora + ru\u010dna opcija<\/td>\n<\/tr>\n<tr>\n<td>Stopala<\/td>\n<td>4 podesiva<\/td>\n<\/tr>\n<tr>\n<td>Izborno<\/td>\n<td>Smart Link WiFi za daljinsko upravljanje<\/td>\n<\/tr>\n<\/tbody>\n<\/table>\n<h2 data-start=\"1286\" data-end=\"1320\">Kapacitet skladi\u0161ta (okvirno)<\/h2>\n<div class=\"_tableContainer_1rjym_1\">\n<div class=\"_tableWrapper_1rjym_13 group flex w-fit flex-col-reverse\">\n<table>\n<thead>\n<tr>\n<th>Pakiranje<\/th>\n<th>Kapacitet<\/th>\n<\/tr>\n<\/thead>\n<tbody>\n<tr>\n<td>Boce od 1 l<\/td>\n<td>42<\/td>\n<\/tr>\n<tr>\n<td>Boce od 75 cl<\/td>\n<td>44<\/td>\n<\/tr>\n<tr>\n<td>Boce od 66 cl<\/td>\n<td>54<\/td>\n<\/tr>\n<tr>\n<td>Boce od 50 cl<\/td>\n<td>110<\/td>\n<\/tr>\n<tr>\n<td>Boce od 33 cl<\/td>\n<td>135<\/td>\n<\/tr>\n<tr>\n<td>Limenke od 33 cl<\/td>\n<td>225<\/td>\n<\/tr>\n<\/tbody>\n<\/table>\n<h2 data-start=\"1515\" data-end=\"1544\">Tehni\u010dke specifikacije<\/h2>\n<div class=\"_tableContainer_1rjym_1\">\n<div class=\"_tableWrapper_1rjym_13 group flex w-fit flex-col-reverse\">\n<table>\n<thead>\n<tr>\n<th>Specifikacija<\/th>\n<th>Vrijednost<\/th>\n<\/tr>\n<\/thead>\n<tbody>\n<tr>\n<td>Vanjske dimenzije (\u0160xDxV)<\/td>\n<td>900 \u00d7 530 \u00d7 835 mm<\/td>\n<\/tr>\n<tr>\n<td>Dimenzije pakiranja (\u0160xDxV)<\/td>\n<td>950 \u00d7 570 \u00d7 1020 mm<\/td>\n<\/tr>\n<tr>\n<td>Unutarnje dimenzije<\/td>\n<td>820 \u00d7 415 \u00d7 685 mm<\/td>\n<\/tr>\n<tr>\n<td>Neto \/ Bruto volumen<\/td>\n<td>150 l \/ 188 l<\/td>\n<\/tr>\n<tr>\n<td>Raspon temperature<\/td>\n<td>0 \u00b0C do +10 \u00b0C<\/td>\n<\/tr>\n<tr>\n<td>Klimatski razred<\/td>\n<td>4<\/td>\n<\/tr>\n<tr>\n<td>Razina buke<\/td>\n<td>50 dB<\/td>\n<\/tr>\n<tr>\n<td>Police<\/td>\n<td>4 \u00d7 355 \u00d7 400 mm<\/td>\n<\/tr>\n<tr>\n<td>Rasvjeta<\/td>\n<td>1 horizontalna LED dioda<\/td>\n<\/tr>\n<tr>\n<td>Neto \/ Bruto te\u017eina<\/td>\n<td>60 \/ 70 kg<\/td>\n<\/tr>\n<tr>\n<td>Napon<\/td>\n<td>220\u2013240 V<\/td>\n<\/tr>\n<tr>\n<td>Frekvencija<\/td>\n<td>50 Hz (60 Hz opcionalno)<\/td>\n<\/tr>\n<tr>\n<td>Rashladno sredstvo<\/td>\n<td>R600A<\/td>\n<\/tr>\n<tr>\n<td>Apsorpcija snage<\/td>\n<td>190 W<\/td>\n<\/tr>\n<tr>\n<td>Potro\u0161nja energije (24 sata)<\/td>\n<td>1,35 kWh<\/td>\n<\/tr>\n<\/tbody>\n<\/table>\n<\/div>\n<\/div>\n<\/div>\n<\/div>","protected":false},"excerpt":{"rendered":"<p>The S 185 XH is a professional back bar cooler with static refrigeration and fan assistance. Built from AISI 304 stainless steel for durability and hygiene, it ensures efficient beverage cooling, low noise, and energy savings. Equipped with LED lighting, an electronic thermostat, and a self-closing door with lock, this unit is ideal for bars, [&hellip;]<\/p>\n","protected":false},"featured_media":7160,"comment_status":"open","ping_status":"closed","template":"","meta":[],"product_brand":[],"product_cat":[48],"product_tag":[],"class_list":{"0":"post-7159","1":"product","2":"type-product","3":"status-publish","4":"has-post-thumbnail","6":"product_cat-beverage-cooling","8":"first","9":"instock","10":"shipping-taxable","11":"product-type-simple"},"_links":{"self":[{"href":"https:\/\/dersuessestopp.com\/hr\/wp-json\/wp\/v2\/product\/7159","targetHints":{"allow":["GET"]}}],"collection":[{"href":"https:\/\/dersuessestopp.com\/hr\/wp-json\/wp\/v2\/product"}],"about":[{"href":"https:\/\/dersuessestopp.com\/hr\/wp-json\/wp\/v2\/types\/product"}],"replies":[{"embeddable":true,"href":"https:\/\/dersuessestopp.com\/hr\/wp-json\/wp\/v2\/comments?post=7159"}],"version-history":[{"count":2,"href":"https:\/\/dersuessestopp.com\/hr\/wp-json\/wp\/v2\/product\/7159\/revisions"}],"predecessor-version":[{"id":7163,"href":"https:\/\/dersuessestopp.com\/hr\/wp-json\/wp\/v2\/product\/7159\/revisions\/7163"}],"wp:featuredmedia":[{"embeddable":true,"href":"https:\/\/dersuessestopp.com\/hr\/wp-json\/wp\/v2\/media\/7160"}],"wp:attachment":[{"href":"https:\/\/dersuessestopp.com\/hr\/wp-json\/wp\/v2\/media?parent=7159"}],"wp:term":[{"taxonomy":"product_brand","embeddable":true,"href":"https:\/\/dersuessestopp.com\/hr\/wp-json\/wp\/v2\/product_brand?post=7159"},{"taxonomy":"product_cat","embeddable":true,"href":"https:\/\/dersuessestopp.com\/hr\/wp-json\/wp\/v2\/product_cat?post=7159"},{"taxonomy":"product_tag","embeddable":true,"href":"https:\/\/dersuessestopp.com\/hr\/wp-json\/wp\/v2\/product_tag?post=7159"}],"curies":[{"name":"wp","href":"https:\/\/api.w.org\/{rel}","templated":true}]}}