{"id":7154,"date":"2025-08-30T11:04:36","date_gmt":"2025-08-30T11:04:36","guid":{"rendered":"https:\/\/dersuessestopp.com\/?post_type=product&#038;p=7154"},"modified":"2025-08-30T11:04:36","modified_gmt":"2025-08-30T11:04:36","slug":"s-85-xh","status":"publish","type":"product","link":"https:\/\/dersuessestopp.com\/hr\/product\/s-85-xh\/","title":{"rendered":"S 85 XH"},"content":{"rendered":"<p data-start=\"314\" data-end=\"487\">The <strong data-start=\"318\" data-end=\"333\">Serija S XH<\/strong> (\u010clanci 85, \u010clan 185, \u010clan 285) su <strong data-start=\"359\" data-end=\"404\">hladnjaci sa stati\u010dkim ventilatorom za ispod pulta<\/strong> dizajnirano za <strong data-start=\"418\" data-end=\"451\">profesionalno skladi\u0161tenje pi\u0107a<\/strong> u barovima, restoranima i hotelima.<\/p>\n<p data-start=\"489\" data-end=\"643\">Napravljeno s <strong data-start=\"501\" data-end=\"572\">Okvir vrata, prednja re\u0161etka i unutarnja obloga od nehr\u0111aju\u0107eg \u010delika AISI 304<\/strong>, oni se kombiniraju <strong data-start=\"587\" data-end=\"640\">izdr\u017eljivost, higijenske povr\u0161ine i vrhunski dizajn<\/strong>.<\/p>\n<p data-start=\"645\" data-end=\"825\">Opremljen s <strong data-start=\"662\" data-end=\"687\">elektroni\u010dki termostat<\/strong>, <strong data-start=\"689\" data-end=\"711\">samozatvaraju\u0107a vrata<\/strong>, <strong data-start=\"713\" data-end=\"734\">sustav brave i klju\u010da<\/strong>, i <strong data-start=\"740\" data-end=\"767\">LED horizontalna rasvjeta<\/strong>, oni jam\u010de <strong data-start=\"784\" data-end=\"822\">u\u010dinkovitost, pouzdanost i stil<\/strong>.<\/p>\n<h2 data-start=\"832\" data-end=\"850\">Glavne zna\u010dajke<\/h2>\n<ul data-start=\"851\" data-end=\"1395\">\n<li data-start=\"851\" data-end=\"919\">\n<p data-start=\"853\" data-end=\"919\"><strong data-start=\"853\" data-end=\"897\">Stati\u010dko hla\u0111enje s pomo\u0107i ventilatora<\/strong> za ravnomjerno hla\u0111enje<\/p>\n<\/li>\n<li data-start=\"920\" data-end=\"969\">\n<p data-start=\"922\" data-end=\"969\"><strong data-start=\"922\" data-end=\"947\">Elektroni\u010dki termostat<\/strong> za preciznu kontrolu<\/p>\n<\/li>\n<li data-start=\"970\" data-end=\"1045\">\n<p data-start=\"972\" data-end=\"1045\"><strong data-start=\"972\" data-end=\"1043\">Okvir vrata, prednja re\u0161etka i unutarnja obloga od nehr\u0111aju\u0107eg \u010delika AISI 304<\/strong><\/p>\n<\/li>\n<li data-start=\"1046\" data-end=\"1077\">\n<p data-start=\"1048\" data-end=\"1077\"><strong data-start=\"1048\" data-end=\"1075\">Horizontalna LED rasvjeta<\/strong><\/p>\n<\/li>\n<li data-start=\"1078\" data-end=\"1119\">\n<p data-start=\"1080\" data-end=\"1119\"><strong data-start=\"1080\" data-end=\"1117\">Samozatvaraju\u0107a vrata s bravom i klju\u010dem<\/strong><\/p>\n<\/li>\n<li data-start=\"1120\" data-end=\"1171\">\n<p data-start=\"1122\" data-end=\"1171\"><strong data-start=\"1122\" data-end=\"1169\">Podesive police sa sustavom za potporu kop\u010di<\/strong><\/p>\n<\/li>\n<li data-start=\"1172\" data-end=\"1221\">\n<p data-start=\"1174\" data-end=\"1221\"><strong data-start=\"1174\" data-end=\"1219\">Debljina izolacije od 50 mm za u\u010dinkovitost<\/strong><\/p>\n<\/li>\n<li data-start=\"1222\" data-end=\"1276\">\n<p data-start=\"1224\" data-end=\"1276\"><strong data-start=\"1224\" data-end=\"1252\">Opcionalni Smart Link WiFi<\/strong> za daljinsko pra\u0107enje<\/p>\n<\/li>\n<li data-start=\"1277\" data-end=\"1343\">\n<p data-start=\"1279\" data-end=\"1343\"><strong data-start=\"1279\" data-end=\"1297\">Sustav za odmrzavanje<\/strong>automatski ciklus kompresora + ru\u010dna opcija<\/p>\n<\/li>\n<li data-start=\"1344\" data-end=\"1395\">\n<p data-start=\"1346\" data-end=\"1395\"><strong data-start=\"1346\" data-end=\"1370\">\u010cetiri podesive no\u017eice<\/strong> za stabilno pozicioniranje<\/p>\n<\/li>\n<\/ul>\n<h2 data-start=\"1402\" data-end=\"1454\">Kapacitet (pribli\u017eno \u2013 ovisno o pakiranju)<\/h2>\n<table>\n<thead>\n<tr>\n<th>Vrsta boce \/ limenke<\/th>\n<th>S 85 XH<\/th>\n<th>S 185 XH<\/th>\n<th>S 285 XH<\/th>\n<\/tr>\n<\/thead>\n<tbody>\n<tr>\n<td>Boce od 1 l<\/td>\n<td>26<\/td>\n<td>42<\/td>\n<td>70<\/td>\n<\/tr>\n<tr>\n<td>Boce od 75 cl<\/td>\n<td>30<\/td>\n<td>44<\/td>\n<td>80<\/td>\n<\/tr>\n<tr>\n<td>Boce od 66 cl<\/td>\n<td>30<\/td>\n<td>54<\/td>\n<td>132<\/td>\n<\/tr>\n<tr>\n<td>Boce od 50 cl<\/td>\n<td>78<\/td>\n<td>110<\/td>\n<td>175<\/td>\n<\/tr>\n<tr>\n<td>Boce od 33 cl<\/td>\n<td>90<\/td>\n<td>135<\/td>\n<td>225<\/td>\n<\/tr>\n<tr>\n<td>Limenke od 33 cl<\/td>\n<td>150<\/td>\n<td>225<\/td>\n<td>360<\/td>\n<\/tr>\n<\/tbody>\n<\/table>\n<h2 data-start=\"1894\" data-end=\"1923\">Tehni\u010dke specifikacije<\/h2>\n<div class=\"_tableContainer_1rjym_1\">\n<div class=\"_tableWrapper_1rjym_13 group flex w-fit flex-col-reverse\">\n<table>\n<thead>\n<tr>\n<th>Specifikacija<\/th>\n<th>S 85 XH<\/th>\n<th>S 185 XH<\/th>\n<th>S 285 XH<\/th>\n<\/tr>\n<\/thead>\n<tbody>\n<tr>\n<td><strong>Vanjske dimenzije (\u0160xDxV)<\/strong><\/td>\n<td>600 \u00d7 530 \u00d7 835 mm<\/td>\n<td>900 \u00d7 530 \u00d7 835 mm<\/td>\n<td>1350 \u00d7 530 \u00d7 835 mm<\/td>\n<\/tr>\n<tr>\n<td><strong>Dimenzije pakiranja (\u0160xDxV)<\/strong><\/td>\n<td>645 \u00d7 570 \u00d7 1020 mm<\/td>\n<td>950 \u00d7 570 \u00d7 1020 mm<\/td>\n<td>1400 \u00d7 570 \u00d7 1020 mm<\/td>\n<\/tr>\n<tr>\n<td><strong>Neto \/ Bruto volumen<\/strong><\/td>\n<td>100 \/ 121 L<\/td>\n<td>150 \/ 188 L<\/td>\n<td>241 \/ 293 L<\/td>\n<\/tr>\n<tr>\n<td><strong>Raspon temperature<\/strong><\/td>\n<td>0\u00b0C \/ +10\u00b0C<\/td>\n<td>0\u00b0C \/ +10\u00b0C<\/td>\n<td>0\u00b0C \/ +10\u00b0C<\/td>\n<\/tr>\n<tr>\n<td><strong>Klimatski razred<\/strong><\/td>\n<td>4<\/td>\n<td>4<\/td>\n<td>4<\/td>\n<\/tr>\n<tr>\n<td><strong>Razina buke<\/strong><\/td>\n<td>50 dB<\/td>\n<td>50 dB<\/td>\n<td>50 dB<\/td>\n<\/tr>\n<tr>\n<td><strong>Debljina izolacije<\/strong><\/td>\n<td>50 mm<\/td>\n<td>50 mm<\/td>\n<td>50 mm<\/td>\n<\/tr>\n<tr>\n<td><strong>Rasvjeta<\/strong><\/td>\n<td>1 horizontalna LED dioda<\/td>\n<td>1 horizontalna LED dioda<\/td>\n<td>1 horizontalna LED dioda<\/td>\n<\/tr>\n<tr>\n<td><strong>Odmrzavanje<\/strong><\/td>\n<td>Automatski (kompresor isklju\u010den) + Ru\u010dni<\/td>\n<td>Automatski (kompresor isklju\u010den) + Ru\u010dni<\/td>\n<td>Automatski (kompresor isklju\u010den) + Ru\u010dni<\/td>\n<\/tr>\n<tr>\n<td><strong>Police (\u0160xV)<\/strong><\/td>\n<td>2 \u00d7 500 \u00d7 352 mm 2 \u00d7 347 \u00d7 440 mm<\/td>\n<td>4 \u00d7 355 \u00d7 400 mm<\/td>\n<td>4 \u00d7 355 \u00d7 400 mm<\/td>\n<\/tr>\n<tr>\n<td><strong>Vrata<\/strong><\/td>\n<td>Nehr\u0111aju\u0107i \u010delik AISI 304<\/td>\n<td>Nehr\u0111aju\u0107i \u010delik AISI 304<\/td>\n<td>Nehr\u0111aju\u0107i \u010delik AISI 304<\/td>\n<\/tr>\n<tr>\n<td><strong>Unutarnja obloga<\/strong><\/td>\n<td>Nehr\u0111aju\u0107i \u010delik AISI 304<\/td>\n<td>Nehr\u0111aju\u0107i \u010delik AISI 304<\/td>\n<td>Nehr\u0111aju\u0107i \u010delik AISI 304<\/td>\n<\/tr>\n<tr>\n<td><strong>Tijelo<\/strong><\/td>\n<td>Prethodno obojena antikorozivna folija<\/td>\n<td>Prethodno obojena antikorozivna folija<\/td>\n<td>Prethodno obojena antikorozivna folija<\/td>\n<\/tr>\n<tr>\n<td><strong>Pametna veza WiFi<\/strong><\/td>\n<td>Izborno<\/td>\n<td>Izborno<\/td>\n<td>Izborno<\/td>\n<\/tr>\n<tr>\n<td><strong>Stopala<\/strong><\/td>\n<td>4 podesive no\u017eice<\/td>\n<td>4 podesive no\u017eice<\/td>\n<td>4 podesive no\u017eice<\/td>\n<\/tr>\n<tr>\n<td><strong>Neto \/ Bruto te\u017eina<\/strong><\/td>\n<td>41 \/ 49 kg<\/td>\n<td>60 \/ 70 kg<\/td>\n<td>82 \/ 93 kg<\/td>\n<\/tr>\n<tr>\n<td><strong>Napon<\/strong><\/td>\n<td>220\u2013240 V<\/td>\n<td>220\u2013240 V<\/td>\n<td>220\u2013240 V<\/td>\n<\/tr>\n<tr>\n<td><strong>Frekvencija<\/strong><\/td>\n<td>50 Hz \/ 60 Hz (opcionalno)<\/td>\n<td>50 Hz \/ 60 Hz (opcionalno)<\/td>\n<td>50 Hz \/ 60 Hz (opcionalno)<\/td>\n<\/tr>\n<tr>\n<td><strong>Rashladno sredstvo<\/strong><\/td>\n<td>R600A<\/td>\n<td>R600A<\/td>\n<td>R600A<\/td>\n<\/tr>\n<tr>\n<td><strong>Apsorpcija<\/strong><\/td>\n<td>160 W<\/td>\n<td>190 W<\/td>\n<td>220 W<\/td>\n<\/tr>\n<tr>\n<td><strong>Potro\u0161nja energije (24 sata)<\/strong><\/td>\n<td>1,1 kWh<\/td>\n<td>1,35 kWh<\/td>\n<td>1,52 kWh<\/td>\n<\/tr>\n<\/tbody>\n<\/table>\n<\/div>\n<\/div>","protected":false},"excerpt":{"rendered":"<p>The S XH series (S 85, S 185, S 285) are under-counter static-fan assisted coolers designed for professional beverage storage in bars, restaurants, and hotels. Made with a stainless steel AISI 304 door frame, front grid, and internal liner, they combine durability, hygienic surfaces, and premium design. Equipped with an electronic thermostat, self-closing doors, lock [&hellip;]<\/p>\n","protected":false},"featured_media":7156,"comment_status":"open","ping_status":"closed","template":"","meta":[],"product_brand":[],"product_cat":[48],"product_tag":[],"class_list":{"0":"post-7154","1":"product","2":"type-product","3":"status-publish","4":"has-post-thumbnail","6":"product_cat-beverage-cooling","8":"first","9":"instock","10":"shipping-taxable","11":"product-type-simple"},"_links":{"self":[{"href":"https:\/\/dersuessestopp.com\/hr\/wp-json\/wp\/v2\/product\/7154","targetHints":{"allow":["GET"]}}],"collection":[{"href":"https:\/\/dersuessestopp.com\/hr\/wp-json\/wp\/v2\/product"}],"about":[{"href":"https:\/\/dersuessestopp.com\/hr\/wp-json\/wp\/v2\/types\/product"}],"replies":[{"embeddable":true,"href":"https:\/\/dersuessestopp.com\/hr\/wp-json\/wp\/v2\/comments?post=7154"}],"version-history":[{"count":1,"href":"https:\/\/dersuessestopp.com\/hr\/wp-json\/wp\/v2\/product\/7154\/revisions"}],"predecessor-version":[{"id":7158,"href":"https:\/\/dersuessestopp.com\/hr\/wp-json\/wp\/v2\/product\/7154\/revisions\/7158"}],"wp:featuredmedia":[{"embeddable":true,"href":"https:\/\/dersuessestopp.com\/hr\/wp-json\/wp\/v2\/media\/7156"}],"wp:attachment":[{"href":"https:\/\/dersuessestopp.com\/hr\/wp-json\/wp\/v2\/media?parent=7154"}],"wp:term":[{"taxonomy":"product_brand","embeddable":true,"href":"https:\/\/dersuessestopp.com\/hr\/wp-json\/wp\/v2\/product_brand?post=7154"},{"taxonomy":"product_cat","embeddable":true,"href":"https:\/\/dersuessestopp.com\/hr\/wp-json\/wp\/v2\/product_cat?post=7154"},{"taxonomy":"product_tag","embeddable":true,"href":"https:\/\/dersuessestopp.com\/hr\/wp-json\/wp\/v2\/product_tag?post=7154"}],"curies":[{"name":"wp","href":"https:\/\/api.w.org\/{rel}","templated":true}]}}