{"id":7146,"date":"2025-08-30T11:01:30","date_gmt":"2025-08-30T11:01:30","guid":{"rendered":"https:\/\/dersuessestopp.com\/?post_type=product&#038;p=7146"},"modified":"2025-08-30T11:01:30","modified_gmt":"2025-08-30T11:01:30","slug":"cl-801-v2gc-sl-crna","status":"publish","type":"product","link":"https:\/\/dersuessestopp.com\/hr\/product\/cl-801-v2gc-sl-black\/","title":{"rendered":"CL 801 V2GC SL CRNA"},"content":{"rendered":"<p data-start=\"350\" data-end=\"555\">The <strong data-start=\"354\" data-end=\"378\">CL 801 V2GC SL CRNA<\/strong> je profesionalac <strong data-start=\"397\" data-end=\"428\">hladnjak za pi\u0107a s dvostrukim vratima<\/strong> s <strong data-start=\"434\" data-end=\"462\">ventilirano hla\u0111enje<\/strong> i <strong data-start=\"467\" data-end=\"490\">klizna staklena vrata<\/strong> opremljen s <strong data-start=\"505\" data-end=\"552\">Ograda oja\u010dana nehr\u0111aju\u0107im \u010delikom AISI 304<\/strong>.<\/p>\n<p data-start=\"557\" data-end=\"770\">Njegovo <strong data-start=\"561\" data-end=\"583\">elegantan crni dizajn<\/strong>, u kombinaciji s <strong data-start=\"601\" data-end=\"619\">pozadinski osvijetljeni nadstre\u0161nik<\/strong>, <strong data-start=\"621\" data-end=\"637\">LED rasvjeta<\/strong>, i veliki <strong data-start=\"649\" data-end=\"667\">podru\u010dja brendiranja<\/strong>, \u0161to ga \u010dini idealnim za maksimiziranje vidljivosti u <strong data-start=\"713\" data-end=\"767\">barovi, restorani, supermarketi i maloprodajne trgovine<\/strong>.<\/p>\n<p data-start=\"772\" data-end=\"944\">Opremljen s <strong data-start=\"789\" data-end=\"814\">elektroni\u010dki termostat<\/strong>, <strong data-start=\"816\" data-end=\"843\">automatski ciklus odmrzavanja<\/strong>, i <strong data-start=\"849\" data-end=\"879\">samozatvaraju\u0107a klizna vrata<\/strong>, nudi <strong data-start=\"891\" data-end=\"941\">energetska u\u010dinkovitost, trajnost i jednostavnost kori\u0161tenja<\/strong>.<\/p>\n<h2 data-start=\"951\" data-end=\"969\">Glavne zna\u010dajke<\/h2>\n<ul data-start=\"970\" data-end=\"1619\">\n<li data-start=\"970\" data-end=\"1052\">\n<p data-start=\"972\" data-end=\"1052\"><strong data-start=\"972\" data-end=\"995\">Klizna staklena vrata<\/strong> s <strong data-start=\"1001\" data-end=\"1050\">oja\u010dana ograda od nehr\u0111aju\u0107eg \u010delika (AISI 304)<\/strong><\/p>\n<\/li>\n<li data-start=\"1053\" data-end=\"1101\">\n<p data-start=\"1055\" data-end=\"1101\"><strong data-start=\"1055\" data-end=\"1080\">Crna vanjska zavr\u0161na obrada<\/strong> s modernim dizajnom<\/p>\n<\/li>\n<li data-start=\"1102\" data-end=\"1145\">\n<p data-start=\"1104\" data-end=\"1145\"><strong data-start=\"1104\" data-end=\"1122\">Pozadinsko osvjetljenje nadstre\u0161nice<\/strong> za vidljivost brenda<\/p>\n<\/li>\n<li data-start=\"1146\" data-end=\"1211\">\n<p data-start=\"1148\" data-end=\"1211\"><strong data-start=\"1148\" data-end=\"1173\">Vertikalna LED rasvjeta<\/strong> za izvrsno unutarnje osvjetljenje<\/p>\n<\/li>\n<li data-start=\"1212\" data-end=\"1287\">\n<p data-start=\"1214\" data-end=\"1287\"><strong data-start=\"1214\" data-end=\"1239\">Elektroni\u010dki termostat<\/strong> sa stabilnom kontrolom temperature (0\u00b0C \/ +10\u00b0C)<\/p>\n<\/li>\n<li data-start=\"1288\" data-end=\"1335\">\n<p data-start=\"1290\" data-end=\"1335\"><strong data-start=\"1290\" data-end=\"1333\">Automatski sustav odmrzavanja s isklju\u010denim kompresorom<\/strong><\/p>\n<\/li>\n<li data-start=\"1336\" data-end=\"1396\">\n<p data-start=\"1338\" data-end=\"1396\"><strong data-start=\"1338\" data-end=\"1360\">Tijelo od obojenog \u010delika<\/strong> i <strong data-start=\"1365\" data-end=\"1394\">unutra\u0161njost od obojenog aluminija<\/strong><\/p>\n<\/li>\n<li data-start=\"1397\" data-end=\"1458\">\n<p data-start=\"1399\" data-end=\"1458\"><strong data-start=\"1399\" data-end=\"1429\">Samozatvaraju\u0107a klizna vrata<\/strong> s <strong data-start=\"1435\" data-end=\"1456\">sustav brave i klju\u010da<\/strong><\/p>\n<\/li>\n<li data-start=\"1459\" data-end=\"1510\">\n<p data-start=\"1461\" data-end=\"1510\"><strong data-start=\"1461\" data-end=\"1508\">Opcionalno daljinsko pra\u0107enje putem Smart Link Wi-Fi mre\u017ee<\/strong><\/p>\n<\/li>\n<li data-start=\"1511\" data-end=\"1566\">\n<p data-start=\"1513\" data-end=\"1566\"><strong data-start=\"1513\" data-end=\"1538\">Visoki kapacitet pohrane<\/strong> s 8 podesivih polica<\/p>\n<\/li>\n<li data-start=\"1567\" data-end=\"1619\">\n<p data-start=\"1569\" data-end=\"1619\"><strong data-start=\"1569\" data-end=\"1599\">Montirano na 4 okretna kota\u010di\u0107a<\/strong> za laku pokretljivost<\/p>\n<\/li>\n<\/ul>\n<h2 data-start=\"1626\" data-end=\"1678\">Kapacitet (pribli\u017eno \u2013 ovisno o pakiranju)<\/h2>\n<table>\n<thead>\n<tr>\n<th>Vrsta boce \/ limenke<\/th>\n<th>CL 801 V2GC SL<\/th>\n<th>CL 1100 V2GC SL<\/th>\n<th>CL 1300 V2GC SL<\/th>\n<\/tr>\n<\/thead>\n<tbody>\n<tr>\n<td>Boce od 1 l<\/td>\n<td>128<\/td>\n<td>200<\/td>\n<td>240<\/td>\n<\/tr>\n<tr>\n<td>Boce od 75 cl<\/td>\n<td>160<\/td>\n<td>280<\/td>\n<td>280<\/td>\n<\/tr>\n<tr>\n<td>Boce od 66 cl<\/td>\n<td>216<\/td>\n<td>360<\/td>\n<td>470<\/td>\n<\/tr>\n<tr>\n<td>Boce od 50 cl<\/td>\n<td>360<\/td>\n<td>564<\/td>\n<td>774<\/td>\n<\/tr>\n<tr>\n<td>Boce od 33 cl<\/td>\n<td>432<\/td>\n<td>660<\/td>\n<td>756<\/td>\n<\/tr>\n<tr>\n<td>Limenke od 33 cl<\/td>\n<td>684<\/td>\n<td>1120<\/td>\n<td>1400<\/td>\n<\/tr>\n<\/tbody>\n<\/table>\n<h2 data-start=\"2078\" data-end=\"2107\">Tehni\u010dke specifikacije<\/h2>\n<div class=\"_tableContainer_1rjym_1\">\n<div class=\"_tableWrapper_1rjym_13 group flex w-fit flex-col-reverse\">\n<table>\n<thead>\n<tr>\n<th>Specifikacija<\/th>\n<th>CL 801 V2GC SL<\/th>\n<th>CL 1100 V2GC SL<\/th>\n<th>CL 1300 V2GC SL<\/th>\n<\/tr>\n<\/thead>\n<tbody>\n<tr>\n<td><strong>Vanjske dimenzije (\u0160xDxV)<\/strong><\/td>\n<td>940 \u00d7 560 \u00d7 1983 mm<\/td>\n<td>1130 \u00d7 645 \u00d7 2023 mm<\/td>\n<td>1330 \u00d7 645 \u00d7 2023 mm<\/td>\n<\/tr>\n<tr>\n<td><strong>Dimenzije pakiranja (\u0160xDxV)<\/strong><\/td>\n<td>990 \u00d7 635 \u00d7 2060 mm<\/td>\n<td>1180 \u00d7 720 \u00d7 2100 mm<\/td>\n<td>1380 \u00d7 720 \u00d7 2100 mm<\/td>\n<\/tr>\n<tr>\n<td><strong>Neto \/ Bruto volumen<\/strong><\/td>\n<td>403 \/ 495 L<\/td>\n<td>670 \/ 764 L<\/td>\n<td>756 \/ 912 L<\/td>\n<\/tr>\n<tr>\n<td><strong>Raspon temperature<\/strong><\/td>\n<td>0\u00b0C \/ +10\u00b0C<\/td>\n<td>0\u00b0C \/ +10\u00b0C<\/td>\n<td>0\u00b0C \/ +10\u00b0C<\/td>\n<\/tr>\n<tr>\n<td><strong>Klimatski razred<\/strong><\/td>\n<td>4<\/td>\n<td>4<\/td>\n<td>4<\/td>\n<\/tr>\n<tr>\n<td><strong>Razina buke<\/strong><\/td>\n<td>54 dB<\/td>\n<td>54 dB<\/td>\n<td>54 dB<\/td>\n<\/tr>\n<tr>\n<td><strong>Debljina izolacije<\/strong><\/td>\n<td>50 mm<\/td>\n<td>50 mm<\/td>\n<td>50 mm<\/td>\n<\/tr>\n<tr>\n<td><strong>Rasvjeta<\/strong><\/td>\n<td>2 vertikalne LED diode<\/td>\n<td>2 vertikalne LED diode<\/td>\n<td>2 vertikalne LED diode<\/td>\n<\/tr>\n<tr>\n<td><strong>Police (\u0160xV)<\/strong><\/td>\n<td>8 \u00d7 410 \u00d7 365 mm<\/td>\n<td>8 \u00d7 504 \u00d7 460 mm<\/td>\n<td>8 \u00d7 605 \u00d7 410 mm<\/td>\n<\/tr>\n<tr>\n<td><strong>Odmrzavanje<\/strong><\/td>\n<td>Automatski (kompresor isklju\u010den)<\/td>\n<td>Automatski (kompresor isklju\u010den)<\/td>\n<td>Automatski (kompresor isklju\u010den)<\/td>\n<\/tr>\n<tr>\n<td><strong>Napon \/ Frekvencija<\/strong><\/td>\n<td>220\u2013240 V \/ 50 Hz<\/td>\n<td>220\u2013240 V \/ 50 Hz<\/td>\n<td>220\u2013240 V \/ 50 Hz<\/td>\n<\/tr>\n<tr>\n<td><strong>Rashladno sredstvo<\/strong><\/td>\n<td>R290A<\/td>\n<td>R290A<\/td>\n<td>R290A<\/td>\n<\/tr>\n<tr>\n<td><strong>Potro\u0161nja energije<\/strong><\/td>\n<td>500 W<\/td>\n<td>650 W<\/td>\n<td>650 W<\/td>\n<\/tr>\n<tr>\n<td><strong>Potro\u0161nja energije (24 sata)<\/strong><\/td>\n<td>2,8 kWh<\/td>\n<td>3,3 kWh<\/td>\n<td>3,6 kWh<\/td>\n<\/tr>\n<tr>\n<td><strong>Neto \/ Bruto te\u017eina<\/strong><\/td>\n<td>106 \/ 121 kg<\/td>\n<td>133 \/ 154 kg<\/td>\n<td>152 \/ 175 kg<\/td>\n<\/tr>\n<\/tbody>\n<\/table>\n<\/div>\n<\/div>","protected":false},"excerpt":{"rendered":"<p>The CL 801 V2GC SL BLACK is a professional double-door beverage cooler with ventilated refrigeration and sliding glass doors equipped with AISI 304 stainless steel reinforced railing. Its sleek black design, combined with a backlit canopy, LED lighting, and large branding areas, makes it ideal for maximizing visibility in bars, restaurants, supermarkets, and retail stores. [&hellip;]<\/p>\n","protected":false},"featured_media":7150,"comment_status":"open","ping_status":"closed","template":"","meta":[],"product_brand":[],"product_cat":[48],"product_tag":[],"class_list":{"0":"post-7146","1":"product","2":"type-product","3":"status-publish","4":"has-post-thumbnail","6":"product_cat-beverage-cooling","8":"first","9":"instock","10":"shipping-taxable","11":"product-type-simple"},"_links":{"self":[{"href":"https:\/\/dersuessestopp.com\/hr\/wp-json\/wp\/v2\/product\/7146","targetHints":{"allow":["GET"]}}],"collection":[{"href":"https:\/\/dersuessestopp.com\/hr\/wp-json\/wp\/v2\/product"}],"about":[{"href":"https:\/\/dersuessestopp.com\/hr\/wp-json\/wp\/v2\/types\/product"}],"replies":[{"embeddable":true,"href":"https:\/\/dersuessestopp.com\/hr\/wp-json\/wp\/v2\/comments?post=7146"}],"version-history":[{"count":2,"href":"https:\/\/dersuessestopp.com\/hr\/wp-json\/wp\/v2\/product\/7146\/revisions"}],"predecessor-version":[{"id":7153,"href":"https:\/\/dersuessestopp.com\/hr\/wp-json\/wp\/v2\/product\/7146\/revisions\/7153"}],"wp:featuredmedia":[{"embeddable":true,"href":"https:\/\/dersuessestopp.com\/hr\/wp-json\/wp\/v2\/media\/7150"}],"wp:attachment":[{"href":"https:\/\/dersuessestopp.com\/hr\/wp-json\/wp\/v2\/media?parent=7146"}],"wp:term":[{"taxonomy":"product_brand","embeddable":true,"href":"https:\/\/dersuessestopp.com\/hr\/wp-json\/wp\/v2\/product_brand?post=7146"},{"taxonomy":"product_cat","embeddable":true,"href":"https:\/\/dersuessestopp.com\/hr\/wp-json\/wp\/v2\/product_cat?post=7146"},{"taxonomy":"product_tag","embeddable":true,"href":"https:\/\/dersuessestopp.com\/hr\/wp-json\/wp\/v2\/product_tag?post=7146"}],"curies":[{"name":"wp","href":"https:\/\/api.w.org\/{rel}","templated":true}]}}