{"id":7141,"date":"2025-08-30T10:54:58","date_gmt":"2025-08-30T10:54:58","guid":{"rendered":"https:\/\/dersuessestopp.com\/?post_type=product&#038;p=7141"},"modified":"2025-08-30T10:56:32","modified_gmt":"2025-08-30T10:56:32","slug":"cl-801-v2gc-sl-bijela","status":"publish","type":"product","link":"https:\/\/dersuessestopp.com\/hr\/product\/cl-801-v2gc-sl-white\/","title":{"rendered":"CL 801 V2GC SL BIJELA"},"content":{"rendered":"<p data-start=\"396\" data-end=\"578\">The <strong data-start=\"400\" data-end=\"424\">CL 801 V2GC SL BIJELA<\/strong> je profesionalac <strong data-start=\"443\" data-end=\"474\">hladnjak za pi\u0107a s dvostrukim vratima<\/strong> s <strong data-start=\"480\" data-end=\"508\">ventilirano hla\u0111enje<\/strong> i <strong data-start=\"513\" data-end=\"530\">klizna vrata<\/strong> oja\u010dano s <strong data-start=\"547\" data-end=\"575\">Nehr\u0111aju\u0107i \u010delik AISI 304<\/strong>.<\/p>\n<p data-start=\"580\" data-end=\"751\">Dizajnirano za <strong data-start=\"593\" data-end=\"628\">maksimalna vidljivost i kapacitet<\/strong>, sadr\u017ei <strong data-start=\"644\" data-end=\"662\">pozadinski osvijetljeni nadstre\u0161nik<\/strong>, <strong data-start=\"664\" data-end=\"680\">LED rasvjeta<\/strong>, i prilagodljiva podru\u010dja za brendiranje (naljepnice za staklo, stranice i nadstre\u0161nicu).<\/p>\n<p data-start=\"753\" data-end=\"986\">Zahvaljuju\u0107i svojoj <strong data-start=\"767\" data-end=\"792\">elektroni\u010dki termostat<\/strong>, <strong data-start=\"794\" data-end=\"822\">automatski sustav odmrzavanja<\/strong>, i <strong data-start=\"828\" data-end=\"858\">samozatvaraju\u0107a klizna vrata<\/strong>, ovaj viskohladnjak jam\u010di <strong data-start=\"887\" data-end=\"937\">energetska u\u010dinkovitost, trajnost i jednostavnost kori\u0161tenja<\/strong> u barovima, restoranima i maloprodajnim okru\u017eenjima.<\/p>\n<h2 data-start=\"993\" data-end=\"1011\">Glavne zna\u010dajke<\/h2>\n<ul data-start=\"1012\" data-end=\"1660\">\n<li data-start=\"1012\" data-end=\"1094\">\n<p data-start=\"1014\" data-end=\"1094\"><strong data-start=\"1014\" data-end=\"1037\">Klizna staklena vrata<\/strong> s <strong data-start=\"1043\" data-end=\"1092\">oja\u010dana ograda od nehr\u0111aju\u0107eg \u010delika (AISI 304)<\/strong><\/p>\n<\/li>\n<li data-start=\"1095\" data-end=\"1145\">\n<p data-start=\"1097\" data-end=\"1145\"><strong data-start=\"1097\" data-end=\"1115\">Pozadinsko osvjetljenje nadstre\u0161nice<\/strong> za brendiranje i vidljivost<\/p>\n<\/li>\n<li data-start=\"1146\" data-end=\"1209\">\n<p data-start=\"1148\" data-end=\"1209\"><strong data-start=\"1148\" data-end=\"1173\">Vertikalna LED rasvjeta<\/strong> za izvrsnu unutarnju vidljivost<\/p>\n<\/li>\n<li data-start=\"1210\" data-end=\"1285\">\n<p data-start=\"1212\" data-end=\"1285\"><strong data-start=\"1212\" data-end=\"1237\">Elektroni\u010dki termostat<\/strong> sa stabilnom kontrolom temperature (0\u00b0C \/ +10\u00b0C)<\/p>\n<\/li>\n<li data-start=\"1286\" data-end=\"1333\">\n<p data-start=\"1288\" data-end=\"1333\"><strong data-start=\"1288\" data-end=\"1331\">Automatski sustav odmrzavanja s isklju\u010denim kompresorom<\/strong><\/p>\n<\/li>\n<li data-start=\"1334\" data-end=\"1421\">\n<p data-start=\"1336\" data-end=\"1421\"><strong data-start=\"1336\" data-end=\"1358\">Tijelo od obojenog \u010delika<\/strong> i <strong data-start=\"1363\" data-end=\"1392\">unutra\u0161njost od obojenog aluminija<\/strong> za higijenu i trajnost<\/p>\n<\/li>\n<li data-start=\"1422\" data-end=\"1483\">\n<p data-start=\"1424\" data-end=\"1483\"><strong data-start=\"1424\" data-end=\"1454\">Samozatvaraju\u0107a klizna vrata<\/strong> s <strong data-start=\"1460\" data-end=\"1474\">brava i klju\u010d<\/strong> sustav<\/p>\n<\/li>\n<li data-start=\"1484\" data-end=\"1553\">\n<p data-start=\"1486\" data-end=\"1553\"><strong data-start=\"1486\" data-end=\"1515\">Opcionalni Smart Link Wi-Fi<\/strong> za <strong data-start=\"1520\" data-end=\"1551\">daljinsko upravljanje i nadzor<\/strong><\/p>\n<\/li>\n<li data-start=\"1554\" data-end=\"1607\">\n<p data-start=\"1556\" data-end=\"1607\"><strong data-start=\"1556\" data-end=\"1581\">Visoki kapacitet pohrane<\/strong> s podesivim policama<\/p>\n<\/li>\n<li data-start=\"1608\" data-end=\"1660\">\n<p data-start=\"1610\" data-end=\"1660\"><strong data-start=\"1610\" data-end=\"1640\">Montirano na 4 okretna kota\u010di\u0107a<\/strong> za laku pokretljivost<\/p>\n<\/li>\n<\/ul>\n<h2 data-start=\"1667\" data-end=\"1719\">Kapacitet (pribli\u017eno \u2013 ovisno o pakiranju)<\/h2>\n<table>\n<thead>\n<tr>\n<th>Vrsta boce \/ limenke<\/th>\n<th>CL 801 V2GC SL<\/th>\n<th>CL 1100 V2GC SL<\/th>\n<th>CL 1300 V2GC SL<\/th>\n<\/tr>\n<\/thead>\n<tbody>\n<tr>\n<td>Boce od 1 l<\/td>\n<td>128<\/td>\n<td>200<\/td>\n<td>240<\/td>\n<\/tr>\n<tr>\n<td>Boce od 75 cl<\/td>\n<td>160<\/td>\n<td>280<\/td>\n<td>280<\/td>\n<\/tr>\n<tr>\n<td>Boce od 66 cl<\/td>\n<td>216<\/td>\n<td>360<\/td>\n<td>470<\/td>\n<\/tr>\n<tr>\n<td>Boce od 50 cl<\/td>\n<td>360<\/td>\n<td>564<\/td>\n<td>774<\/td>\n<\/tr>\n<tr>\n<td>Boce od 33 cl<\/td>\n<td>432<\/td>\n<td>660<\/td>\n<td>756<\/td>\n<\/tr>\n<tr>\n<td>Limenke od 33 cl<\/td>\n<td>684<\/td>\n<td>1120<\/td>\n<td>1400<\/td>\n<\/tr>\n<\/tbody>\n<\/table>\n<h2 data-start=\"2119\" data-end=\"2148\">Tehni\u010dke specifikacije<\/h2>\n<div class=\"_tableContainer_1rjym_1\">\n<div class=\"_tableWrapper_1rjym_13 group flex w-fit flex-col-reverse\">\n<table>\n<thead>\n<tr>\n<th>Specifikacija<\/th>\n<th>CL 801 V2GC SL<\/th>\n<th>CL 1100 V2GC SL<\/th>\n<th>CL 1300 V2GC SL<\/th>\n<\/tr>\n<\/thead>\n<tbody>\n<tr>\n<td><strong>Vanjske dimenzije (\u0160xDxV)<\/strong><\/td>\n<td>940 \u00d7 560 \u00d7 1983 mm<\/td>\n<td>1130 \u00d7 645 \u00d7 2023 mm<\/td>\n<td>1330 \u00d7 645 \u00d7 2023 mm<\/td>\n<\/tr>\n<tr>\n<td><strong>Dimenzije pakiranja (\u0160xDxV)<\/strong><\/td>\n<td>990 \u00d7 635 \u00d7 2060 mm<\/td>\n<td>1180 \u00d7 720 \u00d7 2100 mm<\/td>\n<td>1380 \u00d7 720 \u00d7 2100 mm<\/td>\n<\/tr>\n<tr>\n<td><strong>Neto \/ Bruto volumen<\/strong><\/td>\n<td>403 \/ 495 L<\/td>\n<td>670 \/ 764 L<\/td>\n<td>756 \/ 912 L<\/td>\n<\/tr>\n<tr>\n<td><strong>Raspon temperature<\/strong><\/td>\n<td>0\u00b0C \/ +10\u00b0C<\/td>\n<td>0\u00b0C \/ +10\u00b0C<\/td>\n<td>0\u00b0C \/ +10\u00b0C<\/td>\n<\/tr>\n<tr>\n<td><strong>Klimatski razred<\/strong><\/td>\n<td>4<\/td>\n<td>4<\/td>\n<td>4<\/td>\n<\/tr>\n<tr>\n<td><strong>Razina buke<\/strong><\/td>\n<td>54 dB<\/td>\n<td>54 dB<\/td>\n<td>54 dB<\/td>\n<\/tr>\n<tr>\n<td><strong>Debljina izolacije<\/strong><\/td>\n<td>50 mm<\/td>\n<td>50 mm<\/td>\n<td>50 mm<\/td>\n<\/tr>\n<tr>\n<td><strong>Rasvjeta<\/strong><\/td>\n<td>2 vertikalne LED diode<\/td>\n<td>2 vertikalne LED diode<\/td>\n<td>2 vertikalne LED diode<\/td>\n<\/tr>\n<tr>\n<td><strong>Police (\u0160xV)<\/strong><\/td>\n<td>8 \u00d7 410 \u00d7 365 mm<\/td>\n<td>8 \u00d7 504 \u00d7 460 mm<\/td>\n<td>8 \u00d7 605 \u00d7 410 mm<\/td>\n<\/tr>\n<tr>\n<td><strong>Odmrzavanje<\/strong><\/td>\n<td>Automatski (kompresor isklju\u010den)<\/td>\n<td>Automatski (kompresor isklju\u010den)<\/td>\n<td>Automatski (kompresor isklju\u010den)<\/td>\n<\/tr>\n<tr>\n<td><strong>Napon \/ Frekvencija<\/strong><\/td>\n<td>220\u2013240 V \/ 50 Hz<\/td>\n<td>220\u2013240 V \/ 50 Hz<\/td>\n<td>220\u2013240 V \/ 50 Hz<\/td>\n<\/tr>\n<tr>\n<td><strong>Rashladno sredstvo<\/strong><\/td>\n<td>R290A<\/td>\n<td>R290A<\/td>\n<td>R290A<\/td>\n<\/tr>\n<tr>\n<td><strong>Potro\u0161nja energije<\/strong><\/td>\n<td>500 W<\/td>\n<td>650 W<\/td>\n<td>650 W<\/td>\n<\/tr>\n<tr>\n<td><strong>Potro\u0161nja energije (24 sata)<\/strong><\/td>\n<td>2,8 kWh<\/td>\n<td>3,3 kWh<\/td>\n<td>3,6 kWh<\/td>\n<\/tr>\n<tr>\n<td><strong>Neto \/ Bruto te\u017eina<\/strong><\/td>\n<td>106 \/ 121 kg<\/td>\n<td>133 \/ 154 kg<\/td>\n<td>152 \/ 175 kg<\/td>\n<\/tr>\n<\/tbody>\n<\/table>\n<\/div>\n<\/div>","protected":false},"excerpt":{"rendered":"<p>The CL 801 V2GC SL WHITE is a professional double-door beverage cooler with ventilated refrigeration and sliding doors reinforced with AISI 304 stainless steel. Designed for maximum visibility and capacity, it features a backlit canopy, LED lighting, and customizable branding areas (glass, side, and canopy stickers). Thanks to its electronic thermostat, automatic defrost system, and [&hellip;]<\/p>\n","protected":false},"featured_media":7144,"comment_status":"open","ping_status":"closed","template":"","meta":[],"product_brand":[],"product_cat":[48],"product_tag":[],"class_list":{"0":"post-7141","1":"product","2":"type-product","3":"status-publish","4":"has-post-thumbnail","6":"product_cat-beverage-cooling","8":"first","9":"instock","10":"shipping-taxable","11":"product-type-simple"},"_links":{"self":[{"href":"https:\/\/dersuessestopp.com\/hr\/wp-json\/wp\/v2\/product\/7141","targetHints":{"allow":["GET"]}}],"collection":[{"href":"https:\/\/dersuessestopp.com\/hr\/wp-json\/wp\/v2\/product"}],"about":[{"href":"https:\/\/dersuessestopp.com\/hr\/wp-json\/wp\/v2\/types\/product"}],"replies":[{"embeddable":true,"href":"https:\/\/dersuessestopp.com\/hr\/wp-json\/wp\/v2\/comments?post=7141"}],"version-history":[{"count":2,"href":"https:\/\/dersuessestopp.com\/hr\/wp-json\/wp\/v2\/product\/7141\/revisions"}],"predecessor-version":[{"id":7143,"href":"https:\/\/dersuessestopp.com\/hr\/wp-json\/wp\/v2\/product\/7141\/revisions\/7143"}],"wp:featuredmedia":[{"embeddable":true,"href":"https:\/\/dersuessestopp.com\/hr\/wp-json\/wp\/v2\/media\/7144"}],"wp:attachment":[{"href":"https:\/\/dersuessestopp.com\/hr\/wp-json\/wp\/v2\/media?parent=7141"}],"wp:term":[{"taxonomy":"product_brand","embeddable":true,"href":"https:\/\/dersuessestopp.com\/hr\/wp-json\/wp\/v2\/product_brand?post=7141"},{"taxonomy":"product_cat","embeddable":true,"href":"https:\/\/dersuessestopp.com\/hr\/wp-json\/wp\/v2\/product_cat?post=7141"},{"taxonomy":"product_tag","embeddable":true,"href":"https:\/\/dersuessestopp.com\/hr\/wp-json\/wp\/v2\/product_tag?post=7141"}],"curies":[{"name":"wp","href":"https:\/\/api.w.org\/{rel}","templated":true}]}}