{"id":7134,"date":"2025-08-30T10:45:47","date_gmt":"2025-08-30T10:45:47","guid":{"rendered":"https:\/\/dersuessestopp.com\/?post_type=product&#038;p=7134"},"modified":"2025-08-30T10:45:47","modified_gmt":"2025-08-30T10:45:47","slug":"r7-rafinerija","status":"publish","type":"product","link":"https:\/\/dersuessestopp.com\/hr\/product\/r7-refiner\/","title":{"rendered":"R7 rafinerija"},"content":{"rendered":"<p data-start=\"407\" data-end=\"699\">\u010cokoladi je potrebno vrijeme, toplina i delikatnost da bi ostvarila svoj puni potencijal. <strong data-start=\"486\" data-end=\"516\">Vertikalni rafinerija Bilait R7<\/strong> je srce svakog laboratorija za proizvodnju \u010dokolade od zrna do plo\u010dice. Kompaktan, ali sna\u017ean, osigurava <strong data-start=\"614\" data-end=\"659\">dosljedno, tiho i u\u010dinkovito rafiniranje<\/strong> za malu obrtni\u010dku proizvodnju.<\/p>\n<p data-start=\"701\" data-end=\"1092\">Izra\u0111eno u potpunosti od <strong data-start=\"723\" data-end=\"750\">vrhunski nehr\u0111aju\u0107i \u010delik<\/strong> i opremljen s <strong data-start=\"769\" data-end=\"804\">umetci od granita ili teflonskog kamena<\/strong>, R7 spaja tradiciju s inovacijom. Njegov kompaktni dizajn \u010dini ga idealnim za upotrebu u <strong data-start=\"892\" data-end=\"953\">male radionice, otvoreni prostori ili demonstracije u\u017eivo<\/strong>, dok <strong data-start=\"961\" data-end=\"1030\">inteligentna tehnologija grijanja, pametni senzori i opcije doziranja<\/strong> jam\u010de preciznost, sigurnost i jednostavnost kori\u0161tenja u svakom koraku.<\/p>\n<h2 data-start=\"1099\" data-end=\"1120\">Zna\u010dajke proizvoda<\/h2>\n<ul data-start=\"1121\" data-end=\"2226\">\n<li data-start=\"1121\" data-end=\"1313\">\n<p data-start=\"1123\" data-end=\"1313\"><strong data-start=\"1123\" data-end=\"1144\">Vrhunski materijali<\/strong> \u2013 Izra\u0111eno od nehr\u0111aju\u0107eg \u010delika i valjaka od granita\/teflonskog kamena koji su <strong data-start=\"1216\" data-end=\"1255\">potpuno uklonjivo i perivo u perilici posu\u0111a<\/strong>, osiguravaju\u0107i higijenu, trajnost i jednostavno odr\u017eavanje.<\/p>\n<\/li>\n<li data-start=\"1314\" data-end=\"1534\">\n<p data-start=\"1316\" data-end=\"1534\"><strong data-start=\"1316\" data-end=\"1339\">Ultra fino rafiniranje<\/strong> \u2013 Posti\u017ee veli\u010dinu \u010destica do <strong data-start=\"1375\" data-end=\"1391\">0,18 mikrona<\/strong>, savr\u0161eno za preradu kakao zrna, lje\u0161njaka, badema, pistacija, kikirikija i jo\u0161 mnogo toga, uz o\u010duvanje delikatnih aroma i okusa.<\/p>\n<\/li>\n<li data-start=\"1535\" data-end=\"1724\">\n<p data-start=\"1537\" data-end=\"1724\"><strong data-start=\"1537\" data-end=\"1564\">Napredni sustav grijanja<\/strong> \u2013 Unutarnje grijanje dose\u017ee do <strong data-start=\"1598\" data-end=\"1606\">70\u00b0C<\/strong>, kojim upravlja <strong data-start=\"1622\" data-end=\"1646\">automatski termostat<\/strong> za preciznu i stabilnu kontrolu temperature tijekom cijelog procesa rafiniranja.<\/p>\n<\/li>\n<li data-start=\"1725\" data-end=\"1900\">\n<p data-start=\"1727\" data-end=\"1900\"><strong data-start=\"1727\" data-end=\"1747\">Kompaktan i tih<\/strong> \u2013 Unato\u010d svojoj u\u010dinkovitosti, R7 radi <strong data-start=\"1790\" data-end=\"1810\">tiho (&lt;75 dB)<\/strong> i ima mali otisak, \u0161to ga \u010dini idealnim za majstore \u010dokolade s ograni\u010denim prostorom.<\/p>\n<\/li>\n<li data-start=\"1901\" data-end=\"2092\">\n<p data-start=\"1903\" data-end=\"2092\"><strong data-start=\"1903\" data-end=\"1931\">Dodatne pametne funkcije<\/strong> \u2013 Pro\u0161irite funkcionalnost zna\u010dajkama kao \u0161to su <strong data-start=\"1979\" data-end=\"2037\">ventilator za kon\u0161iranje, sustav za doziranje i integracija temperiranja<\/strong>, nude\u0107i fleksibilnost za promjenjive potrebe proizvodnje.<\/p>\n<\/li>\n<li data-start=\"2093\" data-end=\"2226\">\n<p data-start=\"2095\" data-end=\"2226\"><strong data-start=\"2095\" data-end=\"2123\">Izvrsnost proizvedeno u Italiji<\/strong> \u2013 A <strong data-start=\"2128\" data-end=\"2167\">patentirani stroj 100% talijanske proizvodnje<\/strong>, dizajniran s umjetni\u010dkom vizijom, precizno\u0161\u0107u i stra\u0161\u0107u.<\/p>\n<\/li>\n<\/ul>\n<h2 data-start=\"2233\" data-end=\"2262\">Tehni\u010dke specifikacije<\/h2>\n<table>\n<thead>\n<tr>\n<th>Specifikacija<\/th>\n<th>Bilait R7<\/th>\n<\/tr>\n<\/thead>\n<tbody>\n<tr>\n<td><strong>Kapacitet<\/strong><\/td>\n<td>7 kg<\/td>\n<\/tr>\n<tr>\n<td><strong>Te\u017eina<\/strong><\/td>\n<td>30 kg<\/td>\n<\/tr>\n<tr>\n<td><strong>Dimenzije (D x \u0160 x V)<\/strong><\/td>\n<td>42 \u00d7 42 \u00d7 45 cm<\/td>\n<\/tr>\n<tr>\n<td><strong>Napon<\/strong><\/td>\n<td>230 V, 50 Hz<\/td>\n<\/tr>\n<tr>\n<td><strong>Pomo\u0107ne jedinice<\/strong><\/td>\n<td>24 V istosmjerne struje<\/td>\n<\/tr>\n<tr>\n<td><strong>Instalirana snaga<\/strong><\/td>\n<td>0,25 kW<\/td>\n<\/tr>\n<tr>\n<td><strong>Instalirana struja<\/strong><\/td>\n<td>2 A<\/td>\n<\/tr>\n<tr>\n<td><strong>Uvjeti okoline<\/strong><\/td>\n<td>+5\u00b0C do +50\u00b0C<\/td>\n<\/tr>\n<tr>\n<td><strong>Razina buke<\/strong><\/td>\n<td>&lt; 75 dB (A)<\/td>\n<\/tr>\n<\/tbody>\n<\/table>","protected":false},"excerpt":{"rendered":"<p>Chocolate requires time, warmth, and delicacy to reach its full potential. The Bilait R7 Vertical Refiner is the beating heart of every bean-to-bar chocolate laboratory. Compact yet powerful, it ensures consistent, quiet, and efficient refining for small-scale artisanal production. Crafted entirely from premium stainless steel and equipped with granite or Teflon stone inserts, the R7 [&hellip;]<\/p>\n","protected":false},"featured_media":7139,"comment_status":"open","ping_status":"closed","template":"","meta":[],"product_brand":[],"product_cat":[47],"product_tag":[],"class_list":{"0":"post-7134","1":"product","2":"type-product","3":"status-publish","4":"has-post-thumbnail","6":"product_cat-bean-to-bar-line","8":"first","9":"instock","10":"shipping-taxable","11":"product-type-simple"},"_links":{"self":[{"href":"https:\/\/dersuessestopp.com\/hr\/wp-json\/wp\/v2\/product\/7134","targetHints":{"allow":["GET"]}}],"collection":[{"href":"https:\/\/dersuessestopp.com\/hr\/wp-json\/wp\/v2\/product"}],"about":[{"href":"https:\/\/dersuessestopp.com\/hr\/wp-json\/wp\/v2\/types\/product"}],"replies":[{"embeddable":true,"href":"https:\/\/dersuessestopp.com\/hr\/wp-json\/wp\/v2\/comments?post=7134"}],"version-history":[{"count":1,"href":"https:\/\/dersuessestopp.com\/hr\/wp-json\/wp\/v2\/product\/7134\/revisions"}],"predecessor-version":[{"id":7140,"href":"https:\/\/dersuessestopp.com\/hr\/wp-json\/wp\/v2\/product\/7134\/revisions\/7140"}],"wp:featuredmedia":[{"embeddable":true,"href":"https:\/\/dersuessestopp.com\/hr\/wp-json\/wp\/v2\/media\/7139"}],"wp:attachment":[{"href":"https:\/\/dersuessestopp.com\/hr\/wp-json\/wp\/v2\/media?parent=7134"}],"wp:term":[{"taxonomy":"product_brand","embeddable":true,"href":"https:\/\/dersuessestopp.com\/hr\/wp-json\/wp\/v2\/product_brand?post=7134"},{"taxonomy":"product_cat","embeddable":true,"href":"https:\/\/dersuessestopp.com\/hr\/wp-json\/wp\/v2\/product_cat?post=7134"},{"taxonomy":"product_tag","embeddable":true,"href":"https:\/\/dersuessestopp.com\/hr\/wp-json\/wp\/v2\/product_tag?post=7134"}],"curies":[{"name":"wp","href":"https:\/\/api.w.org\/{rel}","templated":true}]}}