{"id":7132,"date":"2025-08-30T10:43:13","date_gmt":"2025-08-30T10:43:13","guid":{"rendered":"https:\/\/dersuessestopp.com\/?post_type=product&#038;p=7132"},"modified":"2025-08-30T10:43:13","modified_gmt":"2025-08-30T10:43:13","slug":"r15-rafinerija","status":"publish","type":"product","link":"https:\/\/dersuessestopp.com\/hr\/product\/r15-refiner\/","title":{"rendered":"Rafinerija R15"},"content":{"rendered":"<p data-start=\"299\" data-end=\"672\">The <strong data-start=\"303\" data-end=\"334\">Vertikalni rafinerija Bilait R15<\/strong> osmi\u0161ljen je kako bi svako zrno pretvorio u senzorno iskustvo, podi\u017eu\u0107i zanatsku proizvodnju \u010dokolade na najvi\u0161e razine. Idealan za kakao, pistacije, lje\u0161njake, bademe, kikiriki i sli\u010dne uljarice, osigurava <strong data-start=\"555\" data-end=\"602\">homogeno, tiho i u\u010dinkovito rafiniranje<\/strong> za male laboratorije i profesionalne radionice &quot;od zrna do bara&quot;.<\/p>\n<p data-start=\"674\" data-end=\"1025\">Izgra\u0111eno s <strong data-start=\"685\" data-end=\"706\">vrhunski materijali<\/strong> poput nehr\u0111aju\u0107eg \u010delika, granita i teflona, sve komponente su u potpunosti uklonjive i perive u perilici posu\u0111a, \u0161to osigurava maksimalnu higijenu i trajnost. S kompaktnim, vertikalnim dizajnom i inteligentnom tehnologijom kontrole topline, Bilait R15 jam\u010di dosljedne rezultate, \u010dak i u otvorenim prostorima ili okru\u017eenjima s ograni\u010denim prostorom.<\/p>\n<p data-start=\"1027\" data-end=\"1317\">Opremljen s <strong data-start=\"1044\" data-end=\"1082\">unutarnji sustav grijanja do 70\u00b0C<\/strong>, kontroliran automatskim termostatom, \u010duva prirodne arome i organolepti\u010dka svojstva sastojaka. Rafiniranjem do <strong data-start=\"1219\" data-end=\"1235\">0,18 mikrona<\/strong>, nudi savr\u0161enu ravnote\u017eu u\u010dinkovitosti, preciznosti i zanatske kvalitete.<\/p>\n<p data-start=\"1319\" data-end=\"1511\">Dodatne pametne zna\u010dajke kao \u0161to su <strong data-start=\"1353\" data-end=\"1369\">ventilator za kon\u0161iranje<\/strong> i <strong data-start=\"1374\" data-end=\"1404\">funkcije doziranja\/kampiranja<\/strong> dodatno pove\u0107avaju fleksibilnost proizvodnje, \u010dine\u0107i R15 svestranim rje\u0161enjem za moderne proizvo\u0111a\u010de \u010dokolade.<\/p>\n<h2 data-start=\"1518\" data-end=\"1539\">Zna\u010dajke proizvoda<\/h2>\n<ul data-start=\"1540\" data-end=\"2225\">\n<li data-start=\"1540\" data-end=\"1658\">\n<p data-start=\"1542\" data-end=\"1658\"><strong data-start=\"1542\" data-end=\"1560\">Premium verzija:<\/strong> Tijelo od nehr\u0111aju\u0107eg \u010delika s valjcima od granitnog kamena ili teflona, potpuno uklonjivo i perivo u perilici posu\u0111a.<\/p>\n<\/li>\n<li data-start=\"1659\" data-end=\"1778\">\n<p data-start=\"1661\" data-end=\"1778\"><strong data-start=\"1661\" data-end=\"1685\">Ultrafino rafiniranje:<\/strong> Profesionalna mikronizacija do 0,18 mikrona za svilenkasto glatke \u010dokoladne i ora\u0161aste paste.<\/p>\n<\/li>\n<li data-start=\"1779\" data-end=\"1892\">\n<p data-start=\"1781\" data-end=\"1892\"><strong data-start=\"1781\" data-end=\"1798\">Regulacija topline:<\/strong> Unutarnje grijanje do 70\u00b0C s automatskim termostatom za precizno upravljanje temperaturom.<\/p>\n<\/li>\n<li data-start=\"1893\" data-end=\"1996\">\n<p data-start=\"1895\" data-end=\"1996\"><strong data-start=\"1895\" data-end=\"1915\">Kompaktan i tih:<\/strong> Niska razina buke (&lt;75 dB) i vertikalni dizajn koji \u0161tedi prostor, idealan za zanatske laboratorije.<\/p>\n<\/li>\n<li data-start=\"1997\" data-end=\"2111\">\n<p data-start=\"1999\" data-end=\"2111\"><strong data-start=\"1999\" data-end=\"2020\">Pametna tehnologija:<\/strong> Rad kontroliran senzorima s opcijskim ventilatorom za kon\u0161iranje i integracijom doziranja\/temperiranja.<\/p>\n<\/li>\n<li data-start=\"2112\" data-end=\"2225\">\n<p data-start=\"2114\" data-end=\"2225\"><strong data-start=\"2114\" data-end=\"2146\">Izra\u0111eno u Italiji, izrada:<\/strong> Patentirani dizajn izra\u0111en za preciznost, izdr\u017eljivost i vrhunsku izradu.<\/p>\n<\/li>\n<\/ul>\n<h2 data-start=\"2232\" data-end=\"2261\">Tehni\u010dke specifikacije<\/h2>\n<table>\n<thead>\n<tr>\n<th><strong>Model<\/strong><\/th>\n<th><strong>Bilait R15<\/strong><\/th>\n<\/tr>\n<\/thead>\n<tbody>\n<tr>\n<td><strong>Kapacitet<\/strong><\/td>\n<td>15 kg<\/td>\n<\/tr>\n<tr>\n<td><strong>Te\u017eina<\/strong><\/td>\n<td>40 kg<\/td>\n<\/tr>\n<tr>\n<td><strong>Dimenzije (D x \u0160 x V)<\/strong><\/td>\n<td>40 \u00d7 40 \u00d7 50 cm<\/td>\n<\/tr>\n<tr>\n<td><strong>Napon<\/strong><\/td>\n<td>230 V \u2013 50 Hz<\/td>\n<\/tr>\n<tr>\n<td><strong>Pomo\u0107ne jedinice<\/strong><\/td>\n<td>24 V istosmjerne struje<\/td>\n<\/tr>\n<tr>\n<td><strong>Instalirana snaga<\/strong><\/td>\n<td>0,40 kW<\/td>\n<\/tr>\n<tr>\n<td><strong>Instalirana struja<\/strong><\/td>\n<td>2 A<\/td>\n<\/tr>\n<tr>\n<td><strong>Raspon radne temperature<\/strong><\/td>\n<td>+5\u00b0C do +50\u00b0C<\/td>\n<\/tr>\n<tr>\n<td><strong>Sustav grijanja<\/strong><\/td>\n<td>Do 70\u00b0C (automatski termostat)<\/td>\n<\/tr>\n<tr>\n<td><strong>Razina buke<\/strong><\/td>\n<td>&lt; 75 dB (A)<\/td>\n<\/tr>\n<tr>\n<td><strong>Rafiniranje fino\u0107e<\/strong><\/td>\n<td>Do 0,18 mikrona<\/td>\n<\/tr>\n<tr>\n<td><strong>Gra\u0111evinarstvo<\/strong><\/td>\n<td>Nehr\u0111aju\u0107i \u010delik s granitnim kamenom ili teflonskim valjcima<\/td>\n<\/tr>\n<tr>\n<td><strong>Proizvedeno u<\/strong><\/td>\n<td>Italija<\/td>\n<\/tr>\n<\/tbody>\n<\/table>","protected":false},"excerpt":{"rendered":"<p>The Bilait R15 vertical refiner is designed to transform every grain into a sensorial experience, elevating artisanal chocolate production to the highest levels. Ideal for cocoa, pistachio, hazelnuts, almonds, peanuts, and similar oilseeds, it ensures homogeneous, silent, and efficient refining for both small laboratories and professional bean-to-bar workshops. Built with premium materials such as stainless [&hellip;]<\/p>\n","protected":false},"featured_media":7129,"comment_status":"open","ping_status":"closed","template":"","meta":[],"product_brand":[],"product_cat":[47],"product_tag":[],"class_list":{"0":"post-7132","1":"product","2":"type-product","3":"status-publish","4":"has-post-thumbnail","6":"product_cat-bean-to-bar-line","8":"first","9":"instock","10":"shipping-taxable","11":"product-type-simple"},"_links":{"self":[{"href":"https:\/\/dersuessestopp.com\/hr\/wp-json\/wp\/v2\/product\/7132","targetHints":{"allow":["GET"]}}],"collection":[{"href":"https:\/\/dersuessestopp.com\/hr\/wp-json\/wp\/v2\/product"}],"about":[{"href":"https:\/\/dersuessestopp.com\/hr\/wp-json\/wp\/v2\/types\/product"}],"replies":[{"embeddable":true,"href":"https:\/\/dersuessestopp.com\/hr\/wp-json\/wp\/v2\/comments?post=7132"}],"version-history":[{"count":1,"href":"https:\/\/dersuessestopp.com\/hr\/wp-json\/wp\/v2\/product\/7132\/revisions"}],"predecessor-version":[{"id":7133,"href":"https:\/\/dersuessestopp.com\/hr\/wp-json\/wp\/v2\/product\/7132\/revisions\/7133"}],"wp:featuredmedia":[{"embeddable":true,"href":"https:\/\/dersuessestopp.com\/hr\/wp-json\/wp\/v2\/media\/7129"}],"wp:attachment":[{"href":"https:\/\/dersuessestopp.com\/hr\/wp-json\/wp\/v2\/media?parent=7132"}],"wp:term":[{"taxonomy":"product_brand","embeddable":true,"href":"https:\/\/dersuessestopp.com\/hr\/wp-json\/wp\/v2\/product_brand?post=7132"},{"taxonomy":"product_cat","embeddable":true,"href":"https:\/\/dersuessestopp.com\/hr\/wp-json\/wp\/v2\/product_cat?post=7132"},{"taxonomy":"product_tag","embeddable":true,"href":"https:\/\/dersuessestopp.com\/hr\/wp-json\/wp\/v2\/product_tag?post=7132"}],"curies":[{"name":"wp","href":"https:\/\/api.w.org\/{rel}","templated":true}]}}