{"id":7124,"date":"2025-08-30T10:40:26","date_gmt":"2025-08-30T10:40:26","guid":{"rendered":"https:\/\/dersuessestopp.com\/?post_type=product&#038;p=7124"},"modified":"2025-08-30T10:40:26","modified_gmt":"2025-08-30T10:40:26","slug":"rafinerija-r60","status":"publish","type":"product","link":"https:\/\/dersuessestopp.com\/hr\/product\/r60-refiner\/","title":{"rendered":"Rafinerija R60"},"content":{"rendered":"<p data-start=\"156\" data-end=\"501\">The <strong data-start=\"160\" data-end=\"182\">Bilait R60 Rafinerija<\/strong> kombinira maksimalni kapacitet i produktivnost s inovativnim <strong data-start=\"245\" data-end=\"273\">vertikalni sustav rafiniranja<\/strong>, osmi\u0161ljen za pobolj\u0161anje higijene, u\u010dinkovitosti i performansi u preradi uljarica i kakaa. Sa svojim <strong data-start=\"374\" data-end=\"392\">Nosivost 60 kg<\/strong>, to je najve\u0107i model u na\u0161oj liniji Bean-to-Bar, koji nudi profesionalne rezultate u kompaktnom formatu.<\/p>\n<p data-start=\"503\" data-end=\"778\">Izgra\u0111eno u potpunosti od <strong data-start=\"523\" data-end=\"555\">visokokvalitetni nehr\u0111aju\u0107i \u010delik<\/strong> i opremljen s <strong data-start=\"574\" data-end=\"609\">valjci od granita ili teflona<\/strong>, ovaj stroj jam\u010di trajnost, jednostavno \u010di\u0161\u0107enje i vrhunsko rafiniranje. Valjci su potpuno uklonjivi i <strong data-start=\"721\" data-end=\"740\">mo\u017ee se prati u perilici posu\u0111a<\/strong>, osiguravaju\u0107i higijenu i prakti\u010dnost.<\/p>\n<p data-start=\"780\" data-end=\"1039\">Zahvaljuju\u0107i svojoj <strong data-start=\"794\" data-end=\"844\">automatski termostatski kontrolirani sustav grijanja<\/strong> (do 70\u00b0C), inteligentnim senzorima i opcionalnim zna\u010dajkama doziranja, Bilait R60 osigurava besprijekorno rafiniranje uz o\u010duvanje prirodnih aroma i svojstava kakao zrna, ora\u0161astih plodova i uljarica.<\/p>\n<p data-start=\"1041\" data-end=\"1319\">Unato\u010d velikoj snazi, stroj je <strong data-start=\"1080\" data-end=\"1101\">tih i kompaktan<\/strong>, \u0161to ga \u010dini prikladnim \u010dak i za otvorene laboratorije ili obrtni\u010dke radionice. Pametni dodaci, kao \u0161to su <strong data-start=\"1198\" data-end=\"1214\">ventilator za kon\u0161iranje<\/strong> i odredbe za temperiranje \u010dine ga svestranim izborom za profesionalne \u010dokoladare i prera\u0111iva\u010de ora\u0161astih plodova.<\/p>\n<p data-start=\"1321\" data-end=\"1461\">Ponosno <strong data-start=\"1329\" data-end=\"1351\">100% Proizvedeno u Italiji<\/strong>, Bilait R60 odra\u017eava patentirani dizajn koji spaja preciznost, pouzdanost i vje\u0161tinu izrade.<\/p>\n<h3 data-start=\"1468\" data-end=\"1486\">Klju\u010dne zna\u010dajke<\/h3>\n<ul data-start=\"1487\" data-end=\"2027\">\n<li data-start=\"1487\" data-end=\"1551\">\n<p data-start=\"1489\" data-end=\"1551\">Vertikalni sustav rafiniranja za pobolj\u0161anu higijenu i u\u010dinkovitost<\/p>\n<\/li>\n<li data-start=\"1552\" data-end=\"1606\">\n<p data-start=\"1554\" data-end=\"1606\"><strong data-start=\"1554\" data-end=\"1581\">Kapacitet rafiniranja 60 kg<\/strong> \u2013 najve\u0107i u svojoj klasi<\/p>\n<\/li>\n<li data-start=\"1607\" data-end=\"1674\">\n<p data-start=\"1609\" data-end=\"1674\">Konstrukcija od nehr\u0111aju\u0107eg \u010delika s <strong data-start=\"1643\" data-end=\"1672\">granitni ili teflonski valjci<\/strong><\/p>\n<\/li>\n<li data-start=\"1675\" data-end=\"1730\">\n<p data-start=\"1677\" data-end=\"1730\">Valjci su <strong data-start=\"1689\" data-end=\"1728\">potpuno uklonjivo i perivo u perilici posu\u0111a<\/strong><\/p>\n<\/li>\n<li data-start=\"1731\" data-end=\"1795\">\n<p data-start=\"1733\" data-end=\"1795\">Pro\u010di\u0161\u0107ava do <strong data-start=\"1749\" data-end=\"1765\">0,18 mikrona<\/strong> za glatke, vrhunske rezultate<\/p>\n<\/li>\n<li data-start=\"1796\" data-end=\"1869\">\n<p data-start=\"1798\" data-end=\"1869\"><strong data-start=\"1798\" data-end=\"1822\">Automatski termostat<\/strong> za preciznu kontrolu temperature (do 70\u00b0C)<\/p>\n<\/li>\n<li data-start=\"1870\" data-end=\"1932\">\n<p data-start=\"1872\" data-end=\"1932\">Kompaktan, tihi rad idealan za radionice i otvorene laboratorije<\/p>\n<\/li>\n<li data-start=\"1933\" data-end=\"1988\">\n<p data-start=\"1935\" data-end=\"1988\">Izborno <strong data-start=\"1944\" data-end=\"1986\">integracija ventilatora za kon\u0161iranje i temperiranja<\/strong><\/p>\n<\/li>\n<li data-start=\"1989\" data-end=\"2027\">\n<p data-start=\"1991\" data-end=\"2027\">Dizajnirano i proizvedeno u Italiji<\/p>\n<\/li>\n<\/ul>\n<h3 data-start=\"2034\" data-end=\"2064\">Tehni\u010dke specifikacije<\/h3>\n<table>\n<thead>\n<tr>\n<th><strong>Specifikacija<\/strong><\/th>\n<th><strong>Bilait R60<\/strong><\/th>\n<\/tr>\n<\/thead>\n<tbody>\n<tr>\n<td>Kapacitet<\/td>\n<td>60 kg<\/td>\n<\/tr>\n<tr>\n<td>Te\u017eina<\/td>\n<td>185 kg<\/td>\n<\/tr>\n<tr>\n<td>Dimenzije<\/td>\n<td>nd (treba definirati)<\/td>\n<\/tr>\n<tr>\n<td>Napon<\/td>\n<td>400 V \u2013 50 Hz<\/td>\n<\/tr>\n<tr>\n<td>Pomo\u0107ne jedinice<\/td>\n<td>24 V AD\/DC<\/td>\n<\/tr>\n<tr>\n<td>Instalirana snaga<\/td>\n<td>2,4 kW<\/td>\n<\/tr>\n<tr>\n<td>Instalirana struja<\/td>\n<td>6 A<\/td>\n<\/tr>\n<tr>\n<td>Radna temperatura<\/td>\n<td>+5 \u00b0C do +40 \u00b0C<\/td>\n<\/tr>\n<tr>\n<td>Sustav grijanja<\/td>\n<td>Unutarnje, do 70 \u00b0C (kontrolirano termostatom)<\/td>\n<\/tr>\n<tr>\n<td>Razina buke<\/td>\n<td>&lt; 75 dB(A)<\/td>\n<\/tr>\n<tr>\n<td>Gra\u0111evinski materijal<\/td>\n<td>Umetci od nehr\u0111aju\u0107eg \u010delika, granita ili teflona<\/td>\n<\/tr>\n<\/tbody>\n<\/table>","protected":false},"excerpt":{"rendered":"<p>The Bilait R60 Refiner combines maximum capacity and productivity with an innovative vertical refining system, designed to enhance hygiene, efficiency, and performance in oilseed and cocoa processing. With its 60 kg capacity, it is the largest model in our Bean-to-Bar line, offering professional-grade results in a compact format. Built entirely from high-quality stainless steel and [&hellip;]<\/p>\n","protected":false},"featured_media":7129,"comment_status":"open","ping_status":"closed","template":"","meta":[],"product_brand":[],"product_cat":[47],"product_tag":[],"class_list":{"0":"post-7124","1":"product","2":"type-product","3":"status-publish","4":"has-post-thumbnail","6":"product_cat-bean-to-bar-line","8":"first","9":"instock","10":"shipping-taxable","11":"product-type-simple"},"_links":{"self":[{"href":"https:\/\/dersuessestopp.com\/hr\/wp-json\/wp\/v2\/product\/7124","targetHints":{"allow":["GET"]}}],"collection":[{"href":"https:\/\/dersuessestopp.com\/hr\/wp-json\/wp\/v2\/product"}],"about":[{"href":"https:\/\/dersuessestopp.com\/hr\/wp-json\/wp\/v2\/types\/product"}],"replies":[{"embeddable":true,"href":"https:\/\/dersuessestopp.com\/hr\/wp-json\/wp\/v2\/comments?post=7124"}],"version-history":[{"count":2,"href":"https:\/\/dersuessestopp.com\/hr\/wp-json\/wp\/v2\/product\/7124\/revisions"}],"predecessor-version":[{"id":7131,"href":"https:\/\/dersuessestopp.com\/hr\/wp-json\/wp\/v2\/product\/7124\/revisions\/7131"}],"wp:featuredmedia":[{"embeddable":true,"href":"https:\/\/dersuessestopp.com\/hr\/wp-json\/wp\/v2\/media\/7129"}],"wp:attachment":[{"href":"https:\/\/dersuessestopp.com\/hr\/wp-json\/wp\/v2\/media?parent=7124"}],"wp:term":[{"taxonomy":"product_brand","embeddable":true,"href":"https:\/\/dersuessestopp.com\/hr\/wp-json\/wp\/v2\/product_brand?post=7124"},{"taxonomy":"product_cat","embeddable":true,"href":"https:\/\/dersuessestopp.com\/hr\/wp-json\/wp\/v2\/product_cat?post=7124"},{"taxonomy":"product_tag","embeddable":true,"href":"https:\/\/dersuessestopp.com\/hr\/wp-json\/wp\/v2\/product_tag?post=7124"}],"curies":[{"name":"wp","href":"https:\/\/api.w.org\/{rel}","templated":true}]}}