{"id":7104,"date":"2025-08-30T10:29:54","date_gmt":"2025-08-30T10:29:54","guid":{"rendered":"https:\/\/dersuessestopp.com\/?post_type=product&#038;p=7104"},"modified":"2025-08-30T10:29:54","modified_gmt":"2025-08-30T10:29:54","slug":"aya-k6","status":"publish","type":"product","link":"https:\/\/dersuessestopp.com\/hr\/product\/aya-k6\/","title":{"rendered":"Aya K6"},"content":{"rendered":"<p data-start=\"348\" data-end=\"660\">The <strong data-start=\"352\" data-end=\"362\">Aya K6<\/strong> je profesionalna \u010dokoladna fontana dizajnirana za slasti\u010darnice, kafi\u0107e, barove i restorane koji \u017eele odu\u0161eviti kupce vizualnim dojmom i neodoljivom aromom. Osim \u0161to je funkcionalna, pobolj\u0161ava atmosferu svakog mjesta dodaju\u0107i da\u0161ak novosti i elegancije.<\/p>\n<p data-start=\"662\" data-end=\"823\">Zahvaljuju\u0107i svojoj <strong data-start=\"676\" data-end=\"700\">tijelo od nehr\u0111aju\u0107eg \u010delika<\/strong>, dvostrukim motornim sustavom i pametnim zna\u010dajkama, Aya K6 osigurava <strong data-start=\"760\" data-end=\"784\">kontinuirani rad<\/strong>, visoka izdr\u017eljivost i sigurno rukovanje.<\/p>\n<p data-start=\"825\" data-end=\"1107\">Vrhunac je <strong data-start=\"844\" data-end=\"858\">No\u0107ni na\u010din rada<\/strong>: samo jednim gumbom, pu\u017e se okre\u0107e unatrag kako bi vratio svu \u010dokoladu u zdjelu, osiguravaju\u0107i jednostavno i sigurno ponovno pokretanje sljede\u0107i dan. <strong data-start=\"990\" data-end=\"1025\">uklonjivi svrdlo od nehr\u0111aju\u0107eg \u010delika<\/strong> tako\u0111er olak\u0161ava promjenu izme\u0111u razli\u010ditih vrsta i boja \u010dokolade.<\/p>\n<h3 data-start=\"1114\" data-end=\"1140\"><strong data-start=\"1118\" data-end=\"1138\">Zna\u010dajke proizvoda<\/strong><\/h3>\n<ul data-start=\"1141\" data-end=\"1670\">\n<li data-start=\"1141\" data-end=\"1208\">\n<p data-start=\"1143\" data-end=\"1208\">Kompaktna \u010dokoladna fontana za stol, idealna za komercijalnu upotrebu<\/p>\n<\/li>\n<li data-start=\"1209\" data-end=\"1278\">\n<p data-start=\"1211\" data-end=\"1278\">Robustan <strong data-start=\"1218\" data-end=\"1250\">konstrukcija od nehr\u0111aju\u0107eg \u010delika<\/strong> za trajnost i sigurnost<\/p>\n<\/li>\n<li data-start=\"1279\" data-end=\"1363\">\n<p data-start=\"1281\" data-end=\"1363\"><strong data-start=\"1281\" data-end=\"1307\">Dva neovisna motora<\/strong> za mije\u0161alicu i pu\u017e, osiguravaju\u0107i pouzdan rad<\/p>\n<\/li>\n<li data-start=\"1364\" data-end=\"1416\">\n<p data-start=\"1366\" data-end=\"1416\"><strong data-start=\"1366\" data-end=\"1380\">No\u0107ni na\u010din rada<\/strong> za sigurno skladi\u0161tenje i jednostavno ponovno pokretanje<\/p>\n<\/li>\n<li data-start=\"1417\" data-end=\"1505\">\n<p data-start=\"1419\" data-end=\"1505\"><strong data-start=\"1419\" data-end=\"1448\">Upravlja\u010dka plo\u010da s zaslonom osjetljivim na dodir<\/strong> s vi\u0161enamjenskim programima i upravljanjem temperaturom<\/p>\n<\/li>\n<li data-start=\"1506\" data-end=\"1593\">\n<p data-start=\"1508\" data-end=\"1593\"><strong data-start=\"1508\" data-end=\"1543\">Uklonjivi svrdlo od nehr\u0111aju\u0107eg \u010delika<\/strong> za jednostavno \u010di\u0161\u0107enje i promjenu vrste \u010dokolade<\/p>\n<\/li>\n<li data-start=\"1594\" data-end=\"1670\">\n<p data-start=\"1596\" data-end=\"1670\">Izborno <strong data-start=\"1605\" data-end=\"1630\">Aya 4.0 Wi-Fi paket<\/strong> za daljinsko upravljanje i teleasistenciju<\/p>\n<\/li>\n<\/ul>\n<h3 data-start=\"1677\" data-end=\"1711\"><strong data-start=\"1681\" data-end=\"1709\">Tehni\u010dke specifikacije<\/strong><\/h3>\n<table>\n<thead>\n<tr>\n<th><strong>Kategorija<\/strong><\/th>\n<th><strong>Detalji<\/strong><\/th>\n<\/tr>\n<\/thead>\n<tbody>\n<tr>\n<td><strong>Dimenzije i te\u017eina<\/strong><\/td>\n<td>Duljina: 46 cm \u0160irina: 36 cm Ukupna visina: 80,5 cm Promjer posude: 20 cm Duljina izlazne cijevi: 38,5 cm Te\u017eina stroja: 40 kg Kapacitet posude: 6 kg Materijal ku\u0107i\u0161ta: Nehr\u0111aju\u0107i \u010delik<\/td>\n<\/tr>\n<tr>\n<td><strong>Potro\u0161nja<\/strong><\/td>\n<td>1 kW230 V \u2013 50\/60 Hz<\/td>\n<\/tr>\n<tr>\n<td><strong>Radno vrijeme<\/strong><\/td>\n<td>Efekt topljenja i fontane: \u2022 1 sat (od komadi\u0107a \u010dokolade) \u2022 Nekoliko sekundi (iz stanja pripravnosti)<\/td>\n<\/tr>\n<tr>\n<td><strong>Upravljanje i instrumentacija<\/strong><\/td>\n<td>4,3\u201d zaslon osjetljiv na dodirRu\u010dni i na\u010din rada u pripravnostiElektroni\u010dko doziranjeUpravljanje temperaturomDaljinski upravlja\u010d i teleasistencijaSigurnosni osigura\u010di na glavnim komponentamaResetiraju\u0107i osigura\u010d za motor pu\u017eaInverter za preokretanje pu\u017eaPapu\u010dica za zaustavljanje protoka \u010dokoladeMagnetski senzor za\u0161tite spremnika<\/td>\n<\/tr>\n<tr>\n<td><strong>Sustav kretanja<\/strong><\/td>\n<td>2 jednofazna motora 2 reduktora Uklonjivi pu\u017e od nehr\u0111aju\u0107eg \u010delika<\/td>\n<\/tr>\n<tr>\n<td><strong>Sustav grijanja<\/strong><\/td>\n<td>1 Otpor silikona (grijanje spremnika) 1 Otpor kabela (grijanje pu\u017ea)<\/td>\n<\/tr>\n<tr>\n<td><strong>Izborno<\/strong><\/td>\n<td><strong>Paket Aya 4.0<\/strong>Wi-Fi adapter, tablet s priru\u010dnicima i videozapisima, daljinska pomo\u0107<\/td>\n<\/tr>\n<tr>\n<td><strong>Kontrola temperature<\/strong><\/td>\n<td>2 PT 100 sonde: (1) Spremnik, (2) Pu\u017e<\/td>\n<\/tr>\n<\/tbody>\n<\/table>","protected":false},"excerpt":{"rendered":"<p>The Aya K6 is a professional countertop chocolate fountain designed for ice cream parlors, caf\u00e9s, bars, and restaurants that want to delight customers with both visual impact and irresistible aroma. Beyond being functional, it enhances the atmosphere of any venue by adding a touch of novelty and elegance. Thanks to its stainless steel body, dual [&hellip;]<\/p>\n","protected":false},"featured_media":7120,"comment_status":"open","ping_status":"closed","template":"","meta":[],"product_brand":[],"product_cat":[46],"product_tag":[],"class_list":{"0":"post-7104","1":"product","2":"type-product","3":"status-publish","4":"has-post-thumbnail","6":"product_cat-countertop-chocolate-melter","8":"first","9":"instock","10":"shipping-taxable","11":"product-type-simple"},"_links":{"self":[{"href":"https:\/\/dersuessestopp.com\/hr\/wp-json\/wp\/v2\/product\/7104","targetHints":{"allow":["GET"]}}],"collection":[{"href":"https:\/\/dersuessestopp.com\/hr\/wp-json\/wp\/v2\/product"}],"about":[{"href":"https:\/\/dersuessestopp.com\/hr\/wp-json\/wp\/v2\/types\/product"}],"replies":[{"embeddable":true,"href":"https:\/\/dersuessestopp.com\/hr\/wp-json\/wp\/v2\/comments?post=7104"}],"version-history":[{"count":2,"href":"https:\/\/dersuessestopp.com\/hr\/wp-json\/wp\/v2\/product\/7104\/revisions"}],"predecessor-version":[{"id":7122,"href":"https:\/\/dersuessestopp.com\/hr\/wp-json\/wp\/v2\/product\/7104\/revisions\/7122"}],"wp:featuredmedia":[{"embeddable":true,"href":"https:\/\/dersuessestopp.com\/hr\/wp-json\/wp\/v2\/media\/7120"}],"wp:attachment":[{"href":"https:\/\/dersuessestopp.com\/hr\/wp-json\/wp\/v2\/media?parent=7104"}],"wp:term":[{"taxonomy":"product_brand","embeddable":true,"href":"https:\/\/dersuessestopp.com\/hr\/wp-json\/wp\/v2\/product_brand?post=7104"},{"taxonomy":"product_cat","embeddable":true,"href":"https:\/\/dersuessestopp.com\/hr\/wp-json\/wp\/v2\/product_cat?post=7104"},{"taxonomy":"product_tag","embeddable":true,"href":"https:\/\/dersuessestopp.com\/hr\/wp-json\/wp\/v2\/product_tag?post=7104"}],"curies":[{"name":"wp","href":"https:\/\/api.w.org\/{rel}","templated":true}]}}