{"id":7093,"date":"2025-08-30T10:21:37","date_gmt":"2025-08-30T10:21:37","guid":{"rendered":"https:\/\/dersuessestopp.com\/?post_type=product&#038;p=7093"},"modified":"2025-08-30T10:21:37","modified_gmt":"2025-08-30T10:21:37","slug":"aya-k6-double","status":"publish","type":"product","link":"https:\/\/dersuessestopp.com\/hr\/product\/aya-k6-double\/","title":{"rendered":"Aya K6 Double"},"content":{"rendered":"<p data-start=\"315\" data-end=\"665\">The <strong data-start=\"319\" data-end=\"336\">Aya K6 Double<\/strong> je vrhunski pultni topitelj i fontana za \u010dokoladu, dizajniran za slasti\u010darnice, kafi\u0107e, pekare i restorane koji \u017eele impresionirati kupce s oboje <strong data-start=\"498\" data-end=\"520\">stil i funkcija<\/strong>. Ovaj model kombinira privla\u010dan efekt \u010dokoladne fontane s naprednim zna\u010dajkama koje jam\u010de pouzdanost, u\u010dinkovitost i jednostavnost kori\u0161tenja.<\/p>\n<p data-start=\"667\" data-end=\"884\">Zahvaljuju\u0107i svojoj <strong data-start=\"681\" data-end=\"705\">tijelo od nehr\u0111aju\u0107eg \u010delika<\/strong>, <strong data-start=\"707\" data-end=\"728\">sustav s dva motora<\/strong>, i <strong data-start=\"734\" data-end=\"753\">uklonjivi svrdlo<\/strong>, Aya K6 Double osigurava dosljedne performanse za dulji rad uz odr\u017eavanje najvi\u0161ih standarda sigurnosti hrane.<\/p>\n<p data-start=\"886\" data-end=\"1170\">Njegovo <strong data-start=\"890\" data-end=\"904\">No\u0107ni na\u010din rada<\/strong> omogu\u0107uje stroju da automatski vrati \u010dokoladu u spremnik, osiguravaju\u0107i nesmetano ponovno pokretanje sljede\u0107i dan. <strong data-start=\"1015\" data-end=\"1045\">sustav upravljanja osjetljivim na dodir<\/strong> i napredno doziranje\/upravljanje temperaturom \u010dine ga savr\u0161enim izborom za profesionalce koji tra\u017ee inovaciju i prakti\u010dnost.<\/p>\n<h3 data-start=\"1177\" data-end=\"1199\">Zna\u010dajke proizvoda<\/h3>\n<ul data-start=\"1200\" data-end=\"1948\">\n<li data-start=\"1200\" data-end=\"1292\">\n<p data-start=\"1202\" data-end=\"1292\"><strong data-start=\"1202\" data-end=\"1224\">Elegantno i izdr\u017eljivo:<\/strong> Ku\u0107i\u0161te od nehr\u0111aju\u0107eg \u010delika za dugotrajnu upotrebu i jednostavno \u010di\u0161\u0107enje.<\/p>\n<\/li>\n<li data-start=\"1293\" data-end=\"1393\">\n<p data-start=\"1295\" data-end=\"1393\"><strong data-start=\"1295\" data-end=\"1323\">Visokou\u010dinkoviti sustav:<\/strong> Dvostruki motori za pu\u017e i mije\u0161alicu jam\u010de nesmetan protok \u010dokolade.<\/p>\n<\/li>\n<li data-start=\"1394\" data-end=\"1519\">\n<p data-start=\"1396\" data-end=\"1519\"><strong data-start=\"1396\" data-end=\"1423\">Jednostavne kontrole:<\/strong> 4,3-in\u010dni zaslon osjetljiv na dodir s vi\u0161enamjenskim programima, opcijama doziranja i upravljanjem temperaturom.<\/p>\n<\/li>\n<li data-start=\"1520\" data-end=\"1616\">\n<p data-start=\"1522\" data-end=\"1616\"><strong data-start=\"1522\" data-end=\"1537\">No\u0107ni na\u010din rada:<\/strong> Okre\u0107e motor pu\u017ea kako bi vratio \u010dokoladu u spremnik za sigurnu upotrebu preko no\u0107i.<\/p>\n<\/li>\n<li data-start=\"1617\" data-end=\"1741\">\n<p data-start=\"1619\" data-end=\"1741\"><strong data-start=\"1619\" data-end=\"1644\">Fleksibilno i u\u010dinkovito:<\/strong> Uklonjivi svrdlo od nehr\u0111aju\u0107eg \u010delika omogu\u0107uje promjenu izme\u0111u razli\u010ditih vrsta i boja \u010dokolade.<\/p>\n<\/li>\n<li data-start=\"1742\" data-end=\"1837\">\n<p data-start=\"1744\" data-end=\"1837\"><strong data-start=\"1744\" data-end=\"1761\">Sigurnost na prvom mjestu:<\/strong> Opremljen osigura\u010dima, resetiraju\u0107im za\u0161titama i magnetskim sigurnosnim senzorima.<\/p>\n<\/li>\n<li data-start=\"1838\" data-end=\"1948\">\n<p data-start=\"1840\" data-end=\"1948\"><strong data-start=\"1840\" data-end=\"1879\">Dodatna nadogradnja (Aya 4.0 paket):<\/strong> Wi-Fi adapter, edukativni tablet i usluga daljinske pomo\u0107i.<\/p>\n<\/li>\n<\/ul>\n<h3 data-start=\"1955\" data-end=\"1985\">Tehni\u010dke specifikacije<\/h3>\n<div class=\"_tableContainer_1rjym_1\">\n<div class=\"_tableWrapper_1rjym_13 group flex w-fit flex-col-reverse\">\n<table>\n<thead>\n<tr>\n<th><strong>Kategorija<\/strong><\/th>\n<th><strong>Detalji<\/strong><\/th>\n<\/tr>\n<\/thead>\n<tbody>\n<tr>\n<td><strong>Dimenzije i te\u017eina<\/strong><\/td>\n<td>Duljina: 46 cm \u00b7 \u0160irina: 72,3 cm \u00b7 Visina: 80,5 cm \u00b7 Promjer posude: 20 cm \u00b7 Duljina izlazne cijevi: 38,5 cm \u00b7 Te\u017eina: 76 kg \u00b7 Kapacitet posude: 6 kg \u00d7 1<\/td>\n<\/tr>\n<tr>\n<td><strong>Materijal tijela<\/strong><\/td>\n<td>Nehr\u0111aju\u0107i \u010delik<\/td>\n<\/tr>\n<tr>\n<td><strong>Potro\u0161nja<\/strong><\/td>\n<td>1 kW \u00b7 230 V \u00b7 50\/60 Hz<\/td>\n<\/tr>\n<tr>\n<td><strong>Radno vrijeme<\/strong><\/td>\n<td>Efekt topljenja i fontane: ~1 sat (s komadi\u0107ima \u010dokolade) \/ Nekoliko sekundi (iz stanja pripravnosti)<\/td>\n<\/tr>\n<tr>\n<td><strong>Upravlja\u010dki sustav<\/strong><\/td>\n<td>4,3\u201d zaslon osjetljiv na dodir \u00b7 Ru\u010dni i na\u010din rada u stanju pripravnosti \u00b7 Elektroni\u010dko doziranje \u00b7 Upravljanje temperaturom \u00b7 Spreman za daljinski upravlja\u010d<\/td>\n<\/tr>\n<tr>\n<td><strong>Sigurnosne zna\u010dajke<\/strong><\/td>\n<td>Osigura\u010di glavnih komponenti \u00b7 Osigura\u010d pu\u017ea koji se mo\u017ee resetirati \u00b7 Inverter za preokretanje pu\u017ea \u00b7 Papu\u010dica za zaustavljanje protoka \u010dokolade \u00b7 Magnetski senzor za\u0161tite spremnika<\/td>\n<\/tr>\n<tr>\n<td><strong>Sustav kretanja<\/strong><\/td>\n<td>2 \u00d7 Jednofazni motori \u00b7 2 \u00d7 Reduktori \u00b7 Uklonjivi pu\u017e od nehr\u0111aju\u0107eg \u010delika<\/td>\n<\/tr>\n<tr>\n<td><strong>Sustav grijanja<\/strong><\/td>\n<td>1 \u00d7 Otpor silikona (spremnik) \u00b7 1 \u00d7 Otpor kabela (svrdlo)<\/td>\n<\/tr>\n<tr>\n<td><strong>Kontrola temperature<\/strong><\/td>\n<td>2 \u00d7 PT 100 sonde (spremnik + pu\u017e)<\/td>\n<\/tr>\n<tr>\n<td><strong>Opcionalno (Aya 4.0 paket)<\/strong><\/td>\n<td>Wi-Fi adapter \u00b7 Tablet s priru\u010dnicima\/videozapisima \u00b7 Usluga daljinske pomo\u0107i<\/td>\n<\/tr>\n<\/tbody>\n<\/table>\n<\/div>\n<\/div>","protected":false},"excerpt":{"rendered":"<p>The Aya K6 Double is a premium countertop chocolate melter and fountain, designed for ice cream parlors, caf\u00e9s, bakeries, and restaurants that want to impress customers with both style and function. This model combines an eye-catching chocolate fountain effect with advanced features that guarantee reliability, efficiency, and ease of use. Thanks to its stainless steel [&hellip;]<\/p>\n","protected":false},"featured_media":7101,"comment_status":"open","ping_status":"closed","template":"","meta":[],"product_brand":[],"product_cat":[46],"product_tag":[],"class_list":{"0":"post-7093","1":"product","2":"type-product","3":"status-publish","4":"has-post-thumbnail","6":"product_cat-countertop-chocolate-melter","8":"first","9":"instock","10":"shipping-taxable","11":"product-type-simple"},"_links":{"self":[{"href":"https:\/\/dersuessestopp.com\/hr\/wp-json\/wp\/v2\/product\/7093","targetHints":{"allow":["GET"]}}],"collection":[{"href":"https:\/\/dersuessestopp.com\/hr\/wp-json\/wp\/v2\/product"}],"about":[{"href":"https:\/\/dersuessestopp.com\/hr\/wp-json\/wp\/v2\/types\/product"}],"replies":[{"embeddable":true,"href":"https:\/\/dersuessestopp.com\/hr\/wp-json\/wp\/v2\/comments?post=7093"}],"version-history":[{"count":2,"href":"https:\/\/dersuessestopp.com\/hr\/wp-json\/wp\/v2\/product\/7093\/revisions"}],"predecessor-version":[{"id":7103,"href":"https:\/\/dersuessestopp.com\/hr\/wp-json\/wp\/v2\/product\/7093\/revisions\/7103"}],"wp:featuredmedia":[{"embeddable":true,"href":"https:\/\/dersuessestopp.com\/hr\/wp-json\/wp\/v2\/media\/7101"}],"wp:attachment":[{"href":"https:\/\/dersuessestopp.com\/hr\/wp-json\/wp\/v2\/media?parent=7093"}],"wp:term":[{"taxonomy":"product_brand","embeddable":true,"href":"https:\/\/dersuessestopp.com\/hr\/wp-json\/wp\/v2\/product_brand?post=7093"},{"taxonomy":"product_cat","embeddable":true,"href":"https:\/\/dersuessestopp.com\/hr\/wp-json\/wp\/v2\/product_cat?post=7093"},{"taxonomy":"product_tag","embeddable":true,"href":"https:\/\/dersuessestopp.com\/hr\/wp-json\/wp\/v2\/product_tag?post=7093"}],"curies":[{"name":"wp","href":"https:\/\/api.w.org\/{rel}","templated":true}]}}