{"id":7087,"date":"2025-08-30T07:34:26","date_gmt":"2025-08-30T07:34:26","guid":{"rendered":"https:\/\/dersuessestopp.com\/?post_type=product&#038;p=7087"},"modified":"2025-08-30T07:37:20","modified_gmt":"2025-08-30T07:37:20","slug":"transportna-traka-za-adama-k60","status":"publish","type":"product","link":"https:\/\/dersuessestopp.com\/hr\/product\/conveyor-belt-for-adam-k60\/","title":{"rendered":"Transportna traka za Adam K60"},"content":{"rendered":"<p data-start=\"158\" data-end=\"200\"><strong data-start=\"158\" data-end=\"198\">Automatizirano rje\u0161enje za prevla\u010denje \u010dokolade<\/strong><\/p>\n<p data-start=\"202\" data-end=\"468\">The <strong data-start=\"206\" data-end=\"236\">Transportna traka za Adam K60<\/strong> je namjenski izra\u0111eni dodatak dizajniran za besprijekornu integraciju sa stolnim strojem za temperiranje Adam K60. Zajedno automatiziraju proces \u010dokoladiranja, olak\u0161avaju\u0107i proizvodnju profesionalne kvalitete proizvoda s glazurom.<\/p>\n<p data-start=\"470\" data-end=\"774\">Opremljen s <strong data-start=\"486\" data-end=\"510\">re\u0161etka od nehr\u0111aju\u0107eg \u010delika<\/strong>, transportna traka omogu\u0107uje stvaranje <strong data-start=\"555\" data-end=\"576\">\u010dokoladna kaskada<\/strong>, \u0161to omogu\u0107uje glatko premazivanje keksa, vo\u0107a, ora\u0161astih plodova i drugih slasti\u010darskih proizvoda. Ugra\u0111eni <strong data-start=\"671\" data-end=\"688\">sustav puhala<\/strong> osigurava uklanjanje vi\u0161ka \u010dokolade, ostavljaju\u0107i proizvode s \u010distim, ujedna\u010denim zavr\u0161etkom.<\/p>\n<p data-start=\"776\" data-end=\"1063\">Stroj tako\u0111er uklju\u010duje <strong data-start=\"804\" data-end=\"831\">sustav koluta vo\u0161tanog papira<\/strong> za automatsko postavljanje proizvoda, osiguravaju\u0107i jednostavno prikupljanje i rukovanje. Kompaktan, izdr\u017eljiv i izra\u0111en od <strong data-start=\"939\" data-end=\"971\">visokokvalitetni nehr\u0111aju\u0107i \u010delik<\/strong>, pru\u017ea pouzdanost i u\u010dinkovitost za \u010dokolatijere i slasti\u010dare.<\/p>\n<h2 data-start=\"1070\" data-end=\"1089\">Zna\u010dajke proizvoda<\/h2>\n<ul data-start=\"1090\" data-end=\"1547\">\n<li data-start=\"1090\" data-end=\"1155\">\n<p data-start=\"1092\" data-end=\"1155\">Dizajnirano posebno za <strong data-start=\"1122\" data-end=\"1152\">Stroj za kaljenje Adam K60<\/strong>.<\/p>\n<\/li>\n<li data-start=\"1156\" data-end=\"1229\">\n<p data-start=\"1158\" data-end=\"1229\"><strong data-start=\"1158\" data-end=\"1191\">Transportna re\u0161etka od nehr\u0111aju\u0107eg \u010delika<\/strong> za higijenski i dugotrajan rad.<\/p>\n<\/li>\n<li data-start=\"1230\" data-end=\"1282\">\n<p data-start=\"1232\" data-end=\"1282\"><strong data-start=\"1232\" data-end=\"1262\">Sustav \u010dokoladnih vodopada<\/strong> za ravnomjeran premaz.<\/p>\n<\/li>\n<li data-start=\"1283\" data-end=\"1336\">\n<p data-start=\"1285\" data-end=\"1336\">Integriran <strong data-start=\"1296\" data-end=\"1306\">puhalo<\/strong> za uklanjanje vi\u0161ka \u010dokolade.<\/p>\n<\/li>\n<li data-start=\"1337\" data-end=\"1404\">\n<p data-start=\"1339\" data-end=\"1404\">Automatski <strong data-start=\"1349\" data-end=\"1369\">rola vo\u0161tanog papira<\/strong> za prakti\u010dno rukovanje proizvodom.<\/p>\n<\/li>\n<li data-start=\"1405\" data-end=\"1474\">\n<p data-start=\"1407\" data-end=\"1474\"><strong data-start=\"1407\" data-end=\"1444\">Fiksna snaga puhala i brzina remena<\/strong> za dosljedne performanse.<\/p>\n<\/li>\n<li data-start=\"1475\" data-end=\"1547\">\n<p data-start=\"1477\" data-end=\"1547\"><strong data-start=\"1477\" data-end=\"1495\">Kompaktni dizajn<\/strong> s konstrukcijom od nehr\u0111aju\u0107eg \u010delika za trajnost.<\/p>\n<\/li>\n<\/ul>\n<h2 data-start=\"1554\" data-end=\"1581\">Tehni\u010dke specifikacije<\/h2>\n<table>\n<thead>\n<tr>\n<th><strong>Kategorija<\/strong><\/th>\n<th><strong>Detalji<\/strong><\/th>\n<\/tr>\n<\/thead>\n<tbody>\n<tr>\n<td><strong>Dimenzije i te\u017eina<\/strong><\/td>\n<td>Duljina: 106,5 cm \u0160irina: 48 cm Ukupna visina: 51 cm \u0160irina remena: 30 cm Duljina izlaznog podru\u010dja: 46,3 cm Te\u017eina: 45 kg Materijal ku\u0107i\u0161ta: Nehr\u0111aju\u0107i \u010delik<\/td>\n<\/tr>\n<tr>\n<td><strong>Potro\u0161nja<\/strong><\/td>\n<td>1 kW 230 V \u2013 50 Hz (ops. 230 V)<\/td>\n<\/tr>\n<tr>\n<td><strong>Instrumentacija<\/strong><\/td>\n<td>1 puhalo 1 rola vo\u0161tanog papira 1 \u010dokoladni vodopad Izravni elektri\u010dni priklju\u010dak na Adam K60<\/td>\n<\/tr>\n<tr>\n<td><strong>Sustav kretanja<\/strong><\/td>\n<td>1 motorRo\u0161tilj od nehr\u0111aju\u0107eg \u010delika30 cm Plava traka<\/td>\n<\/tr>\n<\/tbody>\n<\/table>","protected":false},"excerpt":{"rendered":"<p>Automated Chocolate Coating Solution The Conveyor Belt for Adam K60 is a purpose-built accessory designed to seamlessly integrate with the Adam K60 benchtop tempering machine. Together, they automate the chocolate coating process, making it easier to produce professional-quality enrobed products. Equipped with a stainless steel grid, the conveyor belt allows the creation of a chocolate [&hellip;]<\/p>\n","protected":false},"featured_media":7089,"comment_status":"open","ping_status":"closed","template":"","meta":[],"product_brand":[],"product_cat":[45],"product_tag":[],"class_list":{"0":"post-7087","1":"product","2":"type-product","3":"status-publish","4":"has-post-thumbnail","6":"product_cat-tempering-belts","8":"first","9":"instock","10":"shipping-taxable","11":"product-type-simple"},"_links":{"self":[{"href":"https:\/\/dersuessestopp.com\/hr\/wp-json\/wp\/v2\/product\/7087","targetHints":{"allow":["GET"]}}],"collection":[{"href":"https:\/\/dersuessestopp.com\/hr\/wp-json\/wp\/v2\/product"}],"about":[{"href":"https:\/\/dersuessestopp.com\/hr\/wp-json\/wp\/v2\/types\/product"}],"replies":[{"embeddable":true,"href":"https:\/\/dersuessestopp.com\/hr\/wp-json\/wp\/v2\/comments?post=7087"}],"version-history":[{"count":1,"href":"https:\/\/dersuessestopp.com\/hr\/wp-json\/wp\/v2\/product\/7087\/revisions"}],"predecessor-version":[{"id":7091,"href":"https:\/\/dersuessestopp.com\/hr\/wp-json\/wp\/v2\/product\/7087\/revisions\/7091"}],"wp:featuredmedia":[{"embeddable":true,"href":"https:\/\/dersuessestopp.com\/hr\/wp-json\/wp\/v2\/media\/7089"}],"wp:attachment":[{"href":"https:\/\/dersuessestopp.com\/hr\/wp-json\/wp\/v2\/media?parent=7087"}],"wp:term":[{"taxonomy":"product_brand","embeddable":true,"href":"https:\/\/dersuessestopp.com\/hr\/wp-json\/wp\/v2\/product_brand?post=7087"},{"taxonomy":"product_cat","embeddable":true,"href":"https:\/\/dersuessestopp.com\/hr\/wp-json\/wp\/v2\/product_cat?post=7087"},{"taxonomy":"product_tag","embeddable":true,"href":"https:\/\/dersuessestopp.com\/hr\/wp-json\/wp\/v2\/product_tag?post=7087"}],"curies":[{"name":"wp","href":"https:\/\/api.w.org\/{rel}","templated":true}]}}