{"id":7083,"date":"2025-08-30T07:30:25","date_gmt":"2025-08-30T07:30:25","guid":{"rendered":"https:\/\/dersuessestopp.com\/?post_type=product&#038;p=7083"},"modified":"2025-08-30T07:37:21","modified_gmt":"2025-08-30T07:37:21","slug":"transportna-traka-za-adam-k6-k12-k24","status":"publish","type":"product","link":"https:\/\/dersuessestopp.com\/hr\/product\/conveyor-belt-for-adam-k6-k12-k24\/","title":{"rendered":"Transportna traka za Adam K6 K12 K24"},"content":{"rendered":"<p data-start=\"258\" data-end=\"565\">Transportna traka dizajnirana je za besprijekornu integraciju s Adam K6, K12 i K24 strojevima za temperiranje. S re\u0161etkom od nehr\u0111aju\u0107eg \u010delika s podesivom brzinom, omogu\u0107uje kontinuirano \u010dokoladiranje stvaranjem \u010dokoladne kaskade - idealno za premazivanje keksa, suhog vo\u0107a i drugih slasti\u010darskih proizvoda.<\/p>\n<p data-start=\"567\" data-end=\"861\">Sustav je opremljen puhalom za uklanjanje vi\u0161ka \u010dokolade, osiguravaju\u0107i glatku i ravnomjernu zavr\u0161nu obradu. Motorizirani nosa\u010d automatski pola\u017ee premazane proizvode na vo\u0161tani papir radi lak\u0161eg rukovanja. Operateri mogu zaustaviti traku pomo\u0107u poluge, rezati papir i prakti\u010dno prenijeti gotove proizvode.<\/p>\n<p data-start=\"863\" data-end=\"1093\">Za dodatnu funkcionalnost, dva izvla\u010dna gumba otkrivaju dodatnu potpornu ladicu za gotove proizvode. I brzina transportera i snaga puhala su potpuno podesive, nude\u0107i preciznost i fleksibilnost za razli\u010dite proizvodne potrebe.<\/p>\n<h3 data-start=\"1100\" data-end=\"1122\">Zna\u010dajke proizvoda<\/h3>\n<ul data-start=\"1123\" data-end=\"1504\">\n<li data-start=\"1123\" data-end=\"1183\">\n<p data-start=\"1125\" data-end=\"1183\">Kompatibilno s Adam K6, K12 i K24 strojevima za kaljenje<\/p>\n<\/li>\n<li data-start=\"1184\" data-end=\"1230\">\n<p data-start=\"1186\" data-end=\"1230\">Re\u0161etka od nehr\u0111aju\u0107eg \u010delika s podesivom brzinom<\/p>\n<\/li>\n<li data-start=\"1231\" data-end=\"1277\">\n<p data-start=\"1233\" data-end=\"1277\">Integrirani \u010dokoladni vodopad za premazivanje<\/p>\n<\/li>\n<li data-start=\"1278\" data-end=\"1322\">\n<p data-start=\"1280\" data-end=\"1322\">Sustav puhanja za uklanjanje vi\u0161ka \u010dokolade<\/p>\n<\/li>\n<li data-start=\"1323\" data-end=\"1371\">\n<p data-start=\"1325\" data-end=\"1371\">Automatsko uvla\u010denje vo\u0161tanog papira za premazane proizvode<\/p>\n<\/li>\n<li data-start=\"1372\" data-end=\"1416\">\n<p data-start=\"1374\" data-end=\"1416\">Izvla\u010dna potpora za gotove predmete<\/p>\n<\/li>\n<li data-start=\"1417\" data-end=\"1463\">\n<p data-start=\"1419\" data-end=\"1463\">Podesiva snaga puhala i brzina transportera<\/p>\n<\/li>\n<li data-start=\"1464\" data-end=\"1504\">\n<p data-start=\"1466\" data-end=\"1504\">Jednostavna mobilnost s integriranim kota\u010dima<\/p>\n<\/li>\n<\/ul>\n<h3 data-start=\"1511\" data-end=\"1541\">Tehni\u010dke specifikacije<\/h3>\n<table>\n<thead>\n<tr>\n<th><strong>Kategorija<\/strong><\/th>\n<th><strong>Detalji<\/strong><\/th>\n<\/tr>\n<\/thead>\n<tbody>\n<tr>\n<td><strong>Dimenzije i te\u017eina<\/strong><\/td>\n<td>Duljina: 171,8 cm \u0160irina: 53,65 cm Ukupna visina: 118,5 cm \u0160irina remena: 22 cm Te\u017eina: 60 kg<\/td>\n<\/tr>\n<tr>\n<td><strong>Materijal tijela<\/strong><\/td>\n<td>Nehr\u0111aju\u0107i \u010delik<\/td>\n<\/tr>\n<tr>\n<td><strong>Potro\u0161nja<\/strong><\/td>\n<td>1 kW230 V \u2013 50 Hz (opcionalna verzija 230 V)<\/td>\n<\/tr>\n<tr>\n<td><strong>Instrumentacija<\/strong><\/td>\n<td>\u2013 1 puhalo - 2 regulatora za snagu zraka i brzinu trake - 1 uklonjiva ladica - 1 rola vo\u0161tanog papira - 1 \u010dokoladni vodopad - kota\u010di\u0107i za lak\u0161e kretanje<\/td>\n<\/tr>\n<tr>\n<td><strong>Sustav kretanja<\/strong><\/td>\n<td>\u2013 1 motor - ro\u0161tilj od nehr\u0111aju\u0107eg \u010delika - plavi pojas od 20 cm<\/td>\n<\/tr>\n<\/tbody>\n<\/table>","protected":false},"excerpt":{"rendered":"<p>The conveyor belt is designed to integrate seamlessly with the Adam K6, K12, and K24 tempering machines. Featuring a stainless steel grid with adjustable speed, it enables continuous chocolate coating by creating a chocolate cascade\u2014ideal for coating biscuits, dried fruits, and other confectionery items. The system is equipped with a blower to remove excess chocolate, [&hellip;]<\/p>\n","protected":false},"featured_media":7084,"comment_status":"open","ping_status":"closed","template":"","meta":[],"product_brand":[],"product_cat":[45],"product_tag":[],"class_list":{"0":"post-7083","1":"product","2":"type-product","3":"status-publish","4":"has-post-thumbnail","6":"product_cat-tempering-belts","8":"first","9":"instock","10":"shipping-taxable","11":"product-type-simple"},"_links":{"self":[{"href":"https:\/\/dersuessestopp.com\/hr\/wp-json\/wp\/v2\/product\/7083","targetHints":{"allow":["GET"]}}],"collection":[{"href":"https:\/\/dersuessestopp.com\/hr\/wp-json\/wp\/v2\/product"}],"about":[{"href":"https:\/\/dersuessestopp.com\/hr\/wp-json\/wp\/v2\/types\/product"}],"replies":[{"embeddable":true,"href":"https:\/\/dersuessestopp.com\/hr\/wp-json\/wp\/v2\/comments?post=7083"}],"version-history":[{"count":2,"href":"https:\/\/dersuessestopp.com\/hr\/wp-json\/wp\/v2\/product\/7083\/revisions"}],"predecessor-version":[{"id":7086,"href":"https:\/\/dersuessestopp.com\/hr\/wp-json\/wp\/v2\/product\/7083\/revisions\/7086"}],"wp:featuredmedia":[{"embeddable":true,"href":"https:\/\/dersuessestopp.com\/hr\/wp-json\/wp\/v2\/media\/7084"}],"wp:attachment":[{"href":"https:\/\/dersuessestopp.com\/hr\/wp-json\/wp\/v2\/media?parent=7083"}],"wp:term":[{"taxonomy":"product_brand","embeddable":true,"href":"https:\/\/dersuessestopp.com\/hr\/wp-json\/wp\/v2\/product_brand?post=7083"},{"taxonomy":"product_cat","embeddable":true,"href":"https:\/\/dersuessestopp.com\/hr\/wp-json\/wp\/v2\/product_cat?post=7083"},{"taxonomy":"product_tag","embeddable":true,"href":"https:\/\/dersuessestopp.com\/hr\/wp-json\/wp\/v2\/product_tag?post=7083"}],"curies":[{"name":"wp","href":"https:\/\/api.w.org\/{rel}","templated":true}]}}