{"id":7073,"date":"2025-08-30T07:01:41","date_gmt":"2025-08-30T07:01:41","guid":{"rendered":"https:\/\/dersuessestopp.com\/?post_type=product&#038;p=7073"},"modified":"2025-08-30T07:01:41","modified_gmt":"2025-08-30T07:01:41","slug":"adam-k60","status":"publish","type":"product","link":"https:\/\/dersuessestopp.com\/hr\/product\/adam-k60\/","title":{"rendered":"Adam K60"},"content":{"rendered":"<p data-start=\"186\" data-end=\"258\"><strong data-start=\"186\" data-end=\"256\">Svestran, visokou\u010dinkovit stroj za temperiranje \u010dokolade za radnu povr\u0161inu<\/strong><\/p>\n<p data-start=\"260\" data-end=\"600\">Adam K60 je dizajniran za majstore \u010dokolade i slasti\u010darnice kojima je potrebna <strong data-start=\"340\" data-end=\"399\">visoki proizvodni kapacitet s precizno\u0161\u0107u i jednostavno\u0161\u0107u kori\u0161tenja<\/strong>. S kapacitetom posude od <strong data-start=\"425\" data-end=\"434\">60 kg<\/strong> i satni u\u010dinak do <strong data-start=\"465\" data-end=\"497\">100 kg temperirane \u010dokolade<\/strong>, savr\u0161en je izbor za radionice koje \u017eele optimizirati u\u010dinkovitost bez kompromisa u kvaliteti.<\/p>\n<p data-start=\"602\" data-end=\"917\">Opremljen s <strong data-start=\"619\" data-end=\"658\">intuitivna upravlja\u010dka plo\u010da osjetljiva na dodir<\/strong> Zahvaljuju\u0107i naprednoj 4.0 tehnologiji, Adam K60 olak\u0161ava upravljanje temperaturama, ciklusima temperiranja i doziranjem u samo nekoliko dodira. Njegova robusna konstrukcija od nehr\u0111aju\u0107eg \u010delika osigurava izdr\u017eljivost, dok ergonomski dizajn pojednostavljuje svakodnevni rad.<\/p>\n<p data-start=\"919\" data-end=\"1206\">Stroj je <strong data-start=\"933\" data-end=\"952\">uklonjivi svrdlo<\/strong> omogu\u0107uje brzo \u010di\u0161\u0107enje i odr\u017eavanje. Tako\u0111er ima stra\u017enju cijev za izbacivanje, upravljanje unatrag i integrirano grijanje vibracijskog stola s dvostrukim dr\u017ea\u010dima kalupa, \u0161to ga \u010dini svestranim i prakti\u010dnim rje\u0161enjem za profesionalnu proizvodnju \u010dokolade.<\/p>\n<p data-start=\"1208\" data-end=\"1345\">Za jo\u0161 ve\u0107u fleksibilnost, Adam K60 nudi <strong data-start=\"1258\" data-end=\"1289\">opcionalna Wi-Fi povezivost<\/strong>, \u0161to omogu\u0107uje daljinsko upravljanje i pra\u0107enje procesa.<\/p>\n<h3 data-start=\"1352\" data-end=\"1370\">Klju\u010dne zna\u010dajke<\/h3>\n<ul data-start=\"1371\" data-end=\"2026\">\n<li data-start=\"1371\" data-end=\"1485\">\n<p data-start=\"1373\" data-end=\"1485\"><strong data-start=\"1373\" data-end=\"1391\">Veliki kapacitet<\/strong> \u2013 Posuda od nehr\u0111aju\u0107eg \u010delika od 60 kg, s kontinuiranim temperiranjem i satno proizvodnjom do 100 kg.<\/p>\n<\/li>\n<li data-start=\"1486\" data-end=\"1629\">\n<p data-start=\"1488\" data-end=\"1629\"><strong data-start=\"1488\" data-end=\"1509\">Zaslon osjetljiv na dodir<\/strong> \u2013 Interaktivno i intuitivno su\u010delje s no\u0107nim na\u010dinom rada, brzim isklju\u010divanjem, vo\u017enjom unatrag i preciznom kontrolom temperature.<\/p>\n<\/li>\n<li data-start=\"1630\" data-end=\"1746\">\n<p data-start=\"1632\" data-end=\"1746\"><strong data-start=\"1632\" data-end=\"1652\">Jednostavno odr\u017eavanje<\/strong> \u2013 Pu\u017e se mo\u017ee ukloniti odozgo s \u010detiri gumba za jednostavno \u010di\u0161\u0107enje, plus stra\u017enja cijev za izbacivanje.<\/p>\n<\/li>\n<li data-start=\"1747\" data-end=\"1853\">\n<p data-start=\"1749\" data-end=\"1853\"><strong data-start=\"1749\" data-end=\"1779\">Integrirani vibriraju\u0107i stol<\/strong> \u2013 Dva dr\u017ea\u010da kalupa s grijanjem ro\u0161tilja za u\u010dinkovito oblikovanje.<\/p>\n<\/li>\n<li data-start=\"1854\" data-end=\"1956\">\n<p data-start=\"1856\" data-end=\"1956\"><strong data-start=\"1856\" data-end=\"1880\">Izdr\u017eljiva konstrukcija<\/strong> \u2013 Ku\u0107i\u0161te od nehr\u0111aju\u0107eg \u010delika, izra\u0111eno za pouzdanost i dugi vijek trajanja.<\/p>\n<\/li>\n<li data-start=\"1957\" data-end=\"2026\">\n<p data-start=\"1959\" data-end=\"2026\"><strong data-start=\"1959\" data-end=\"1984\">Opcionalni Wi-Fi adapter<\/strong> \u2013 Daljinski upravlja\u010d za dodatnu udobnost.<\/p>\n<\/li>\n<\/ul>\n<h3 data-start=\"2033\" data-end=\"2063\">Tehni\u010dke specifikacije<\/h3>\n<table>\n<thead>\n<tr>\n<th><strong>Kategorija<\/strong><\/th>\n<th><strong>Detalji<\/strong><\/th>\n<\/tr>\n<\/thead>\n<tbody>\n<tr>\n<td><strong>Dimenzije i te\u017eina<\/strong><\/td>\n<td>Te\u017eina: 90 kg Dimenzije: 595 \u00d7 860 \u00d7 1440 mm<\/td>\n<\/tr>\n<tr>\n<td><strong>Kapacitet posude<\/strong><\/td>\n<td>60 kg<\/td>\n<\/tr>\n<tr>\n<td><strong>Materijal tijela<\/strong><\/td>\n<td>Nehr\u0111aju\u0107i \u010delik<\/td>\n<\/tr>\n<tr>\n<td><strong>Proizvodnja po satu<\/strong><\/td>\n<td>100 kg<\/td>\n<\/tr>\n<tr>\n<td><strong>Vibracijski stol<\/strong><\/td>\n<td>2 dr\u017ea\u010da kalupa i integrirano grijanje ro\u0161tilja<\/td>\n<\/tr>\n<tr>\n<td><strong>Instrumentacija i elektri\u010dni sustav<\/strong><\/td>\n<td>\u2013 Glavni prekida\u010d i prekida\u010d za nu\u017edu \u2013 Zaslon osjetljiv na dodir s tehnologijom 4.0 \u2013 No\u0107ni na\u010din rada i brzo isklju\u010divanje \u2013 Upravljanje vo\u017enjom unatrag \u2013 Regulacija temperature i elektroni\u010dko doziranje<\/td>\n<\/tr>\n<tr>\n<td><strong>Sustav za rukovanje proizvodima<\/strong><\/td>\n<td>\u2013 1 motor pu\u017ea- 1 motor kade<\/td>\n<\/tr>\n<tr>\n<td><strong>Sustav grijanja<\/strong><\/td>\n<td>\u2013 Otpornost silikona za grijanje spremnika \u2013 Otpornost kabela za grijanje pu\u017ea<\/td>\n<\/tr>\n<tr>\n<td><strong>Sustav hla\u0111enja<\/strong><\/td>\n<td>\u2013 Rashladni sustav s vodenim pu\u017enim hla\u0111enjem - 3 ventilatora za hla\u0111enje komponenti<\/td>\n<\/tr>\n<tr>\n<td><strong>Potro\u0161nja<\/strong><\/td>\n<td>3,5 kW 50\/60 Hz, 400 V (230 V dostupno na zahtjev)<\/td>\n<\/tr>\n<\/tbody>\n<\/table>","protected":false},"excerpt":{"rendered":"<p>Versatile, high-performance countertop chocolate tempering machine The Adam K60 is designed for artisan chocolatiers and pastry shops that require high production capacity with precision and ease of use. With a bowl capacity of 60 kg and an hourly output of up to 100 kg of tempered chocolate, it is the perfect choice for workshops looking [&hellip;]<\/p>\n","protected":false},"featured_media":7074,"comment_status":"open","ping_status":"closed","template":"","meta":[],"product_brand":[],"product_cat":[44],"product_tag":[],"class_list":{"0":"post-7073","1":"product","2":"type-product","3":"status-publish","4":"has-post-thumbnail","6":"product_cat-tempering-line","8":"first","9":"instock","10":"shipping-taxable","11":"product-type-simple"},"_links":{"self":[{"href":"https:\/\/dersuessestopp.com\/hr\/wp-json\/wp\/v2\/product\/7073","targetHints":{"allow":["GET"]}}],"collection":[{"href":"https:\/\/dersuessestopp.com\/hr\/wp-json\/wp\/v2\/product"}],"about":[{"href":"https:\/\/dersuessestopp.com\/hr\/wp-json\/wp\/v2\/types\/product"}],"replies":[{"embeddable":true,"href":"https:\/\/dersuessestopp.com\/hr\/wp-json\/wp\/v2\/comments?post=7073"}],"version-history":[{"count":1,"href":"https:\/\/dersuessestopp.com\/hr\/wp-json\/wp\/v2\/product\/7073\/revisions"}],"predecessor-version":[{"id":7081,"href":"https:\/\/dersuessestopp.com\/hr\/wp-json\/wp\/v2\/product\/7073\/revisions\/7081"}],"wp:featuredmedia":[{"embeddable":true,"href":"https:\/\/dersuessestopp.com\/hr\/wp-json\/wp\/v2\/media\/7074"}],"wp:attachment":[{"href":"https:\/\/dersuessestopp.com\/hr\/wp-json\/wp\/v2\/media?parent=7073"}],"wp:term":[{"taxonomy":"product_brand","embeddable":true,"href":"https:\/\/dersuessestopp.com\/hr\/wp-json\/wp\/v2\/product_brand?post=7073"},{"taxonomy":"product_cat","embeddable":true,"href":"https:\/\/dersuessestopp.com\/hr\/wp-json\/wp\/v2\/product_cat?post=7073"},{"taxonomy":"product_tag","embeddable":true,"href":"https:\/\/dersuessestopp.com\/hr\/wp-json\/wp\/v2\/product_tag?post=7073"}],"curies":[{"name":"wp","href":"https:\/\/api.w.org\/{rel}","templated":true}]}}