{"id":7062,"date":"2025-08-30T06:45:00","date_gmt":"2025-08-30T06:45:00","guid":{"rendered":"https:\/\/dersuessestopp.com\/?post_type=product&#038;p=7062"},"modified":"2025-08-30T06:50:52","modified_gmt":"2025-08-30T06:50:52","slug":"adam-k24","status":"publish","type":"product","link":"https:\/\/dersuessestopp.com\/hr\/product\/adam-k24\/","title":{"rendered":"Adam K24"},"content":{"rendered":"<p data-start=\"201\" data-end=\"265\"><strong data-start=\"201\" data-end=\"263\">Prakti\u010dan i funkcionalan stroj za temperiranje \u010dokolade od 24 kg<\/strong><\/p>\n<h3 data-start=\"290\" data-end=\"307\">Opis<\/h3>\n<p data-start=\"308\" data-end=\"646\">Adam K24 (model 2022.) je visokou\u010dinkoviti stroj za temperiranje \u010dokolade s kapacitetom posude od 24 kg, dizajniran za srednje i velike slasti\u010darnice, \u010dokoladarnice i restorane. Kompaktan, ali izdr\u017eljiv, ovaj stroj osigurava precizno i pouzdano temperiranje, \u0161to ga \u010dini bitnim alatom za profesionalce koji rade s ve\u0107im koli\u010dinama \u010dokolade.<\/p>\n<p data-start=\"648\" data-end=\"1026\">Opremljen intuitivnom 4,3-in\u010dnom upravlja\u010dkom plo\u010dom osjetljivom na dodir, Adam K24 omogu\u0107uje potpuno upravljanje ciklusima taljenja i temperiranja, elektroni\u010dko doziranje, na\u010din rada unatrag i u stanju pripravnosti, kao i uklju\u010divanje\/isklju\u010divanje vibracijskog stola s integriranim grijanjem. Njegov pametni dizajn pojednostavljuje rad i \u010di\u0161\u0107enje, s uklonjivim pu\u017eem, stra\u017enjim ispusnim slavinom i funkcijom unatrag.<\/p>\n<p data-start=\"1028\" data-end=\"1192\">S proizvodnim kapacitetom do 90 kg po satu, Adam K24 kombinira naprednu tehnologiju s jednostavno\u0161\u0107u kori\u0161tenja, osiguravaju\u0107i dosljedne rezultate i maksimalnu u\u010dinkovitost.<\/p>\n<h3 data-start=\"1199\" data-end=\"1221\">Zna\u010dajke proizvoda<\/h3>\n<ul data-start=\"1222\" data-end=\"2029\">\n<li data-start=\"1222\" data-end=\"1294\">\n<p data-start=\"1224\" data-end=\"1294\"><strong data-start=\"1224\" data-end=\"1247\">Kapacitet posude 24 kg<\/strong>, idealno za srednju i veliku proizvodnju<\/p>\n<\/li>\n<li data-start=\"1295\" data-end=\"1369\">\n<p data-start=\"1297\" data-end=\"1369\"><strong data-start=\"1297\" data-end=\"1338\">Kompaktno, izdr\u017eljivo ku\u0107i\u0161te od nehr\u0111aju\u0107eg \u010delika<\/strong> za dugotrajne performanse<\/p>\n<\/li>\n<li data-start=\"1370\" data-end=\"1495\">\n<p data-start=\"1372\" data-end=\"1495\"><strong data-start=\"1372\" data-end=\"1402\">4,3-in\u010dni zaslon osjetljiv na dodir<\/strong> za precizno pode\u0161avanje temperature, elektroni\u010dko doziranje, obrnuti na\u010din rada i funkcije pripravnosti<\/p>\n<\/li>\n<li data-start=\"1496\" data-end=\"1566\">\n<p data-start=\"1498\" data-end=\"1566\"><strong data-start=\"1498\" data-end=\"1548\">Dva dr\u017ea\u010da kalupa s integriranim grijanjem ro\u0161tilja<\/strong> (ukupno 52,5 cm)<\/p>\n<\/li>\n<li data-start=\"1567\" data-end=\"1633\">\n<p data-start=\"1569\" data-end=\"1633\"><strong data-start=\"1569\" data-end=\"1586\">Jednostavno \u010di\u0161\u0107enje<\/strong> zahvaljuju\u0107i uklonjivom pu\u017eu i stra\u017enjem ispusnom ventilu<\/p>\n<\/li>\n<li data-start=\"1634\" data-end=\"1695\">\n<p data-start=\"1636\" data-end=\"1695\"><strong data-start=\"1636\" data-end=\"1666\">Tihi i u\u010dinkoviti motori<\/strong> za rukovanje svrdlom i kadom<\/p>\n<\/li>\n<li data-start=\"1696\" data-end=\"1800\">\n<p data-start=\"1698\" data-end=\"1800\"><strong data-start=\"1698\" data-end=\"1725\">Napredni sustav grijanja<\/strong> sa silikonskim otporom za spremnik i otporom kabela za pu\u017e<\/p>\n<\/li>\n<li data-start=\"1801\" data-end=\"1915\">\n<p data-start=\"1803\" data-end=\"1915\"><strong data-start=\"1803\" data-end=\"1830\">Sna\u017ean sustav hla\u0111enja<\/strong> s rashladnim sustavom od 7500 BTU, vodeno hla\u0111enim pu\u017eem i 3 ventilatora za hla\u0111enje komponenti<\/p>\n<\/li>\n<li data-start=\"1916\" data-end=\"1977\">\n<p data-start=\"1918\" data-end=\"1977\"><strong data-start=\"1918\" data-end=\"1937\">Sigurnosne zna\u010dajke<\/strong> uklju\u010duju\u0107i glavne i sigurnosne prekida\u010de<\/p>\n<\/li>\n<li data-start=\"1978\" data-end=\"2029\">\n<p data-start=\"1980\" data-end=\"2029\"><strong data-start=\"1980\" data-end=\"2001\">Visoka produktivnost<\/strong> do 90 kg na sat<\/p>\n<\/li>\n<\/ul>\n<h3 data-start=\"2036\" data-end=\"2066\">Tehni\u010dke specifikacije<\/h3>\n<table>\n<thead>\n<tr>\n<th><strong>Kategorija<\/strong><\/th>\n<th><strong>Detalji<\/strong><\/th>\n<\/tr>\n<\/thead>\n<tbody>\n<tr>\n<td><strong>Dimenzije i te\u017eina<\/strong><\/td>\n<td>Te\u017eina: 158 kgDimenzije: 760 \u00d7 800 \u00d7 1450 mmKapacitet posude: 24 kgMaterijal ku\u0107i\u0161ta: Nehr\u0111aju\u0107i \u010delik<\/td>\n<\/tr>\n<tr>\n<td><strong>Proizvodnja po satu<\/strong><\/td>\n<td>90 kg<\/td>\n<\/tr>\n<tr>\n<td><strong>Vibracijski stol<\/strong><\/td>\n<td>2 dr\u017ea\u010da kalupa s integriranim grijanjem ro\u0161tilja (ukupno 52,5 cm)<\/td>\n<\/tr>\n<tr>\n<td><strong>Instrumentacija i elektronika<\/strong><\/td>\n<td>\u2013 Glavni prekida\u010d i prekida\u010d za nu\u017edu \u2013 Interaktivni zaslon osjetljiv na dodir od 4,3\u201d (no\u0107ni na\u010din rada, obrnuti hod, brzo isklju\u010divanje, kontrola temperature, elektroni\u010dko doziranje, uklju\u010divanje\/isklju\u010divanje vibracijskog stola i grijanje)<\/td>\n<\/tr>\n<tr>\n<td><strong>Sustav za rukovanje proizvodima<\/strong><\/td>\n<td>\u2013 1 motor pu\u017ea \u2013 1 motor kade<\/td>\n<\/tr>\n<tr>\n<td><strong>Sustav grijanja<\/strong><\/td>\n<td>\u2013 1 silikonski otpornik (grijanje spremnika) \u2013 1 kabelski otpornik (grijanje pu\u017ea)<\/td>\n<\/tr>\n<tr>\n<td><strong>Sustav hla\u0111enja<\/strong><\/td>\n<td>\u2013 Rashladni sustav (snaga hla\u0111enja: 7500 BTU) \u2013 Hla\u0111enje pu\u017enim pogonom vode \u2013 3 ventilatora za hla\u0111enje komponenti<\/td>\n<\/tr>\n<tr>\n<td><strong>Potro\u0161nja<\/strong><\/td>\n<td>3 kW 50\/60 Hz \u2013 230\/400 V<\/td>\n<\/tr>\n<\/tbody>\n<\/table>","protected":false},"excerpt":{"rendered":"<p>Practical and functional 24 kg chocolate tempering machine Description The Adam K24 (model 2022) is a high-performance chocolate tempering machine with a 24 kg bowl capacity, designed for medium to large pastry shops, chocolatiers, and restaurants. Compact yet durable, this machine ensures precise and reliable tempering, making it an essential tool for professionals working with [&hellip;]<\/p>\n","protected":false},"featured_media":7063,"comment_status":"open","ping_status":"closed","template":"","meta":[],"product_brand":[],"product_cat":[44],"product_tag":[],"class_list":{"0":"post-7062","1":"product","2":"type-product","3":"status-publish","4":"has-post-thumbnail","6":"product_cat-tempering-line","8":"first","9":"instock","10":"shipping-taxable","11":"product-type-simple"},"_links":{"self":[{"href":"https:\/\/dersuessestopp.com\/hr\/wp-json\/wp\/v2\/product\/7062","targetHints":{"allow":["GET"]}}],"collection":[{"href":"https:\/\/dersuessestopp.com\/hr\/wp-json\/wp\/v2\/product"}],"about":[{"href":"https:\/\/dersuessestopp.com\/hr\/wp-json\/wp\/v2\/types\/product"}],"replies":[{"embeddable":true,"href":"https:\/\/dersuessestopp.com\/hr\/wp-json\/wp\/v2\/comments?post=7062"}],"version-history":[{"count":2,"href":"https:\/\/dersuessestopp.com\/hr\/wp-json\/wp\/v2\/product\/7062\/revisions"}],"predecessor-version":[{"id":7065,"href":"https:\/\/dersuessestopp.com\/hr\/wp-json\/wp\/v2\/product\/7062\/revisions\/7065"}],"wp:featuredmedia":[{"embeddable":true,"href":"https:\/\/dersuessestopp.com\/hr\/wp-json\/wp\/v2\/media\/7063"}],"wp:attachment":[{"href":"https:\/\/dersuessestopp.com\/hr\/wp-json\/wp\/v2\/media?parent=7062"}],"wp:term":[{"taxonomy":"product_brand","embeddable":true,"href":"https:\/\/dersuessestopp.com\/hr\/wp-json\/wp\/v2\/product_brand?post=7062"},{"taxonomy":"product_cat","embeddable":true,"href":"https:\/\/dersuessestopp.com\/hr\/wp-json\/wp\/v2\/product_cat?post=7062"},{"taxonomy":"product_tag","embeddable":true,"href":"https:\/\/dersuessestopp.com\/hr\/wp-json\/wp\/v2\/product_tag?post=7062"}],"curies":[{"name":"wp","href":"https:\/\/api.w.org\/{rel}","templated":true}]}}