{"id":7051,"date":"2025-08-30T06:31:20","date_gmt":"2025-08-30T06:31:20","guid":{"rendered":"https:\/\/dersuessestopp.com\/?post_type=product&#038;p=7051"},"modified":"2025-08-30T06:41:40","modified_gmt":"2025-08-30T06:41:40","slug":"adam-k12","status":"publish","type":"product","link":"https:\/\/dersuessestopp.com\/hr\/product\/adam-k12\/","title":{"rendered":"Adam K12"},"content":{"rendered":"<p data-start=\"187\" data-end=\"271\"><strong data-start=\"187\" data-end=\"249\">Prakti\u010dan i funkcionalan stroj za temperiranje \u010dokolade od 12 kg<\/strong><\/p>\n<p data-start=\"291\" data-end=\"533\">Idealno za radionice s ograni\u010denim prostorom, ali visokim ambicijama. <strong data-start=\"356\" data-end=\"386\">Stroj za kaljenje Adam K12<\/strong> nudi <strong data-start=\"396\" data-end=\"414\">Nosivost 12 kg<\/strong>, kombiniraju\u0107i <strong data-start=\"426\" data-end=\"454\">u\u010dinkovitost i preciznost<\/strong> za \u010dokolatijere i slasti\u010darnice koje ne \u017eele kompromitirati kvalitetu.<\/p>\n<h3 data-start=\"535\" data-end=\"553\">Klju\u010dne zna\u010dajke<\/h3>\n<ul data-start=\"554\" data-end=\"1098\">\n<li data-start=\"554\" data-end=\"654\">\n<p data-start=\"556\" data-end=\"654\"><strong data-start=\"556\" data-end=\"579\">Dizajn koji \u0161tedi prostor<\/strong> \u2013 Kompaktna struktura za besprijekornu integraciju \u010dak i u malim laboratorijima.<\/p>\n<\/li>\n<li data-start=\"655\" data-end=\"751\">\n<p data-start=\"657\" data-end=\"751\"><strong data-start=\"657\" data-end=\"684\">Brzo i jednostavno \u010di\u0161\u0107enje<\/strong> \u2013 Uklonjivi svrdlo od nehr\u0111aju\u0107eg \u010delika, dezinficirano za samo 15 minuta.<\/p>\n<\/li>\n<li data-start=\"752\" data-end=\"852\">\n<p data-start=\"754\" data-end=\"852\"><strong data-start=\"754\" data-end=\"785\">Svestranost i performanse<\/strong> \u2013 Integrirana no\u017ena pedala omogu\u0107uje glatku i neprekidnu proizvodnju.<\/p>\n<\/li>\n<li data-start=\"853\" data-end=\"973\">\n<p data-start=\"855\" data-end=\"973\"><strong data-start=\"855\" data-end=\"886\">Precizna kontrola temperature<\/strong> \u2013 Napredno hla\u0111enje s vodenim pu\u017eem i tri ventilatora osigurava besprijekornu kristalizaciju.<\/p>\n<\/li>\n<li data-start=\"974\" data-end=\"1098\">\n<p data-start=\"976\" data-end=\"1098\"><strong data-start=\"976\" data-end=\"1001\">Maksimalna intuitivnost<\/strong> \u2013 Digitalna upravlja\u010dka plo\u010da za zagrijavanje vibriraju\u0107e plo\u010de i vremenski odre\u0111eno doziranje pritiskom na gumb.<\/p>\n<\/li>\n<\/ul>\n<h3 data-start=\"1105\" data-end=\"1135\">Tehni\u010dke specifikacije<\/h3>\n<div class=\"_tableContainer_1rjym_1\">\n<table>\n<thead>\n<tr>\n<th><strong>Kategorija<\/strong><\/th>\n<th><strong>Detalji<\/strong><\/th>\n<\/tr>\n<\/thead>\n<tbody>\n<tr>\n<td><strong>Dimenzije i te\u017eina<\/strong><\/td>\n<td>Duljina: 40 cm \u0160irina: 60 cm Ukupna visina: 144 cm Promjer zdjele: 27 cm \u0160irina vibracijskog stola: 34,3 cm Te\u017eina stroja: 85 kg<\/td>\n<\/tr>\n<tr>\n<td><strong>Kapacitet posude<\/strong><\/td>\n<td>12 kg<\/td>\n<\/tr>\n<tr>\n<td><strong>Materijal tijela<\/strong><\/td>\n<td>Nehr\u0111aju\u0107i \u010delik<\/td>\n<\/tr>\n<tr>\n<td><strong>Proizvodnja po satu<\/strong><\/td>\n<td>55 kg<\/td>\n<\/tr>\n<tr>\n<td><strong>Vibracijski stol<\/strong><\/td>\n<td>2 dr\u017ea\u010da kalupa s integriranim grijanjem ro\u0161tilja<\/td>\n<\/tr>\n<tr>\n<td><strong>Instrumentacija i kontrole<\/strong><\/td>\n<td>Digitalna upravlja\u010dka plo\u010da za zagrijavanje vibriraju\u0107e plo\u010de i vremenski odre\u0111eno doziranje. Integrirana no\u017ena pedala za nesmetanu proizvodnju.<\/td>\n<\/tr>\n<tr>\n<td><strong>Sustav za rukovanje proizvodima<\/strong><\/td>\n<td>1 motor pu\u017ea za pumpanje 1 motor posude za mije\u0161anje<\/td>\n<\/tr>\n<tr>\n<td><strong>Sustav grijanja<\/strong><\/td>\n<td>Digitalna upravlja\u010dka plo\u010da<\/td>\n<\/tr>\n<tr>\n<td><strong>Sustav hla\u0111enja<\/strong><\/td>\n<td>Vodeni pu\u017e s 3 ventilatora za napredno hla\u0111enje i kristalizaciju<\/td>\n<\/tr>\n<tr>\n<td><strong>Potro\u0161nja energije<\/strong><\/td>\n<td>3 kW<\/td>\n<\/tr>\n<tr>\n<td><strong>Elektri\u010dni zahtjevi<\/strong><\/td>\n<td>50\/60 Hz \u2013 230\/400 V<\/td>\n<\/tr>\n<\/tbody>\n<\/table>\n<\/div>","protected":false},"excerpt":{"rendered":"<p>Practical and functional 12 kg chocolate tempering machine Perfect for workshops with limited space but high ambitions, the Adam K12 Tempering Machine offers a 12 kg capacity, combining efficiency and precision for chocolatiers and pastry shops that do not want to compromise on quality. Key Features Space-Saving Design \u2013 Compact structure for seamless integration even [&hellip;]<\/p>\n","protected":false},"featured_media":7052,"comment_status":"open","ping_status":"closed","template":"","meta":[],"product_brand":[],"product_cat":[44],"product_tag":[],"class_list":{"0":"post-7051","1":"product","2":"type-product","3":"status-publish","4":"has-post-thumbnail","6":"product_cat-tempering-line","8":"first","9":"instock","10":"shipping-taxable","11":"product-type-simple"},"_links":{"self":[{"href":"https:\/\/dersuessestopp.com\/hr\/wp-json\/wp\/v2\/product\/7051","targetHints":{"allow":["GET"]}}],"collection":[{"href":"https:\/\/dersuessestopp.com\/hr\/wp-json\/wp\/v2\/product"}],"about":[{"href":"https:\/\/dersuessestopp.com\/hr\/wp-json\/wp\/v2\/types\/product"}],"replies":[{"embeddable":true,"href":"https:\/\/dersuessestopp.com\/hr\/wp-json\/wp\/v2\/comments?post=7051"}],"version-history":[{"count":2,"href":"https:\/\/dersuessestopp.com\/hr\/wp-json\/wp\/v2\/product\/7051\/revisions"}],"predecessor-version":[{"id":7057,"href":"https:\/\/dersuessestopp.com\/hr\/wp-json\/wp\/v2\/product\/7051\/revisions\/7057"}],"wp:featuredmedia":[{"embeddable":true,"href":"https:\/\/dersuessestopp.com\/hr\/wp-json\/wp\/v2\/media\/7052"}],"wp:attachment":[{"href":"https:\/\/dersuessestopp.com\/hr\/wp-json\/wp\/v2\/media?parent=7051"}],"wp:term":[{"taxonomy":"product_brand","embeddable":true,"href":"https:\/\/dersuessestopp.com\/hr\/wp-json\/wp\/v2\/product_brand?post=7051"},{"taxonomy":"product_cat","embeddable":true,"href":"https:\/\/dersuessestopp.com\/hr\/wp-json\/wp\/v2\/product_cat?post=7051"},{"taxonomy":"product_tag","embeddable":true,"href":"https:\/\/dersuessestopp.com\/hr\/wp-json\/wp\/v2\/product_tag?post=7051"}],"curies":[{"name":"wp","href":"https:\/\/api.w.org\/{rel}","templated":true}]}}