{"id":7048,"date":"2025-08-30T05:53:38","date_gmt":"2025-08-30T05:53:38","guid":{"rendered":"https:\/\/dersuessestopp.com\/?post_type=product&#038;p=7048"},"modified":"2025-08-30T05:53:38","modified_gmt":"2025-08-30T05:53:38","slug":"cp5","status":"publish","type":"product","link":"https:\/\/dersuessestopp.com\/hr\/product\/cp5\/","title":{"rendered":"CP5"},"content":{"rendered":"<p data-start=\"112\" data-end=\"534\">The <strong data-start=\"116\" data-end=\"134\">CP5 Pan Coater<\/strong> je kompaktan i pouzdan stroj dizajniran za majstore \u010dokolade i male proizvo\u0111a\u010de slastica. Savr\u0161en za \u010dokoladiranje suhog vo\u0107a, zrna kave, ri\u017ee i drugih okruglih proizvoda, u\u010dinkovito i precizno proizvodi dra\u017eeje profesionalne kvalitete i poslastice oblo\u017eene \u0161e\u0107erom. S kapacitetom od 5 kg idealan je za male serije, specijalne proizvode ili probne serije.<\/p>\n<h3 data-start=\"536\" data-end=\"554\">Klju\u010dne zna\u010dajke<\/h3>\n<ul data-start=\"555\" data-end=\"1181\">\n<li data-start=\"555\" data-end=\"642\">\n<p data-start=\"557\" data-end=\"642\"><strong data-start=\"557\" data-end=\"574\">Kapacitet 5 kg<\/strong> \u2013 Idealno za malu proizvodnju i specijalizirane slasti\u010darske proizvode.<\/p>\n<\/li>\n<li data-start=\"643\" data-end=\"786\">\n<p data-start=\"645\" data-end=\"786\"><strong data-start=\"645\" data-end=\"678\">Izdr\u017eljiva konstrukcija od nehr\u0111aju\u0107eg \u010delika<\/strong> \u2013 Zdjela i konstrukcija stroja izra\u0111ene su od nehr\u0111aju\u0107eg \u010delika AISI 304 za higijenu, trajnost i jednostavno \u010di\u0161\u0107enje.<\/p>\n<\/li>\n<li data-start=\"787\" data-end=\"870\">\n<p data-start=\"789\" data-end=\"870\"><strong data-start=\"789\" data-end=\"814\">Podesiva brzina zdjele<\/strong> \u2013 Kontrolirajte brzinu rotacije za precizne rezultate premazivanja.<\/p>\n<\/li>\n<li data-start=\"871\" data-end=\"1015\">\n<p data-start=\"873\" data-end=\"1015\"><strong data-start=\"873\" data-end=\"902\">Integrirani sustav protoka zraka<\/strong> \u2013 Ugra\u0111eni ventilator s mogu\u0107no\u0161\u0107u odabira sobne temperature ili zagrijanog zraka (putem grija\u0107ih elemenata) za ujedna\u010denu zavr\u0161nu obradu.<\/p>\n<\/li>\n<li data-start=\"1016\" data-end=\"1087\">\n<p data-start=\"1018\" data-end=\"1087\"><strong data-start=\"1018\" data-end=\"1043\">Tihi, sna\u017ean motor<\/strong> \u2013 Osigurava nesmetan i u\u010dinkovit rad.<\/p>\n<\/li>\n<li data-start=\"1088\" data-end=\"1181\">\n<p data-start=\"1090\" data-end=\"1181\"><strong data-start=\"1090\" data-end=\"1115\">Standardno napajanje<\/strong> \u2013 Radi na jednofaznom naponu od 220 V (0,4 kW) za jednostavnu instalaciju.<\/p>\n<\/li>\n<\/ul>\n<h3 data-start=\"1183\" data-end=\"1201\"><\/h3>","protected":false},"excerpt":{"rendered":"<p>The CP5 Pan Coater is a compact and reliable machine designed for artisan chocolatiers and small confectionery producers. Perfect for chocolate coating dried fruits, coffee beans, puffed rice, and other round-shaped products, it delivers professional-quality drag\u00e9es and sugar-coated treats with efficiency and precision. With its 5 kg capacity, it is ideal for small-scale batches, specialty [&hellip;]<\/p>\n","protected":false},"featured_media":7049,"comment_status":"open","ping_status":"closed","template":"","meta":[],"product_brand":[],"product_cat":[43],"product_tag":[],"class_list":{"0":"post-7048","1":"product","2":"type-product","3":"status-publish","4":"has-post-thumbnail","6":"product_cat-pan-coaters","8":"first","9":"instock","10":"shipping-taxable","11":"product-type-simple"},"_links":{"self":[{"href":"https:\/\/dersuessestopp.com\/hr\/wp-json\/wp\/v2\/product\/7048","targetHints":{"allow":["GET"]}}],"collection":[{"href":"https:\/\/dersuessestopp.com\/hr\/wp-json\/wp\/v2\/product"}],"about":[{"href":"https:\/\/dersuessestopp.com\/hr\/wp-json\/wp\/v2\/types\/product"}],"replies":[{"embeddable":true,"href":"https:\/\/dersuessestopp.com\/hr\/wp-json\/wp\/v2\/comments?post=7048"}],"version-history":[{"count":1,"href":"https:\/\/dersuessestopp.com\/hr\/wp-json\/wp\/v2\/product\/7048\/revisions"}],"predecessor-version":[{"id":7050,"href":"https:\/\/dersuessestopp.com\/hr\/wp-json\/wp\/v2\/product\/7048\/revisions\/7050"}],"wp:featuredmedia":[{"embeddable":true,"href":"https:\/\/dersuessestopp.com\/hr\/wp-json\/wp\/v2\/media\/7049"}],"wp:attachment":[{"href":"https:\/\/dersuessestopp.com\/hr\/wp-json\/wp\/v2\/media?parent=7048"}],"wp:term":[{"taxonomy":"product_brand","embeddable":true,"href":"https:\/\/dersuessestopp.com\/hr\/wp-json\/wp\/v2\/product_brand?post=7048"},{"taxonomy":"product_cat","embeddable":true,"href":"https:\/\/dersuessestopp.com\/hr\/wp-json\/wp\/v2\/product_cat?post=7048"},{"taxonomy":"product_tag","embeddable":true,"href":"https:\/\/dersuessestopp.com\/hr\/wp-json\/wp\/v2\/product_tag?post=7048"}],"curies":[{"name":"wp","href":"https:\/\/api.w.org\/{rel}","templated":true}]}}