{"id":7043,"date":"2025-08-30T05:48:37","date_gmt":"2025-08-30T05:48:37","guid":{"rendered":"https:\/\/dersuessestopp.com\/?post_type=product&#038;p=7043"},"modified":"2025-08-30T05:50:02","modified_gmt":"2025-08-30T05:50:02","slug":"cp25","status":"publish","type":"product","link":"https:\/\/dersuessestopp.com\/hr\/product\/cp25\/","title":{"rendered":"CP25"},"content":{"rendered":"<p data-start=\"186\" data-end=\"533\">The <strong data-start=\"190\" data-end=\"209\">CP25 Pan Coater<\/strong> je svestrano rje\u0161enje za proizvodnju visokokvalitetnih dra\u017eeja i poslastica prelivenih \u0161e\u0107erom. Idealno za <strong data-start=\"304\" data-end=\"397\">su\u0161eno vo\u0107e, zrna kave, napuhana ri\u017ea i drugi okrugli proizvodi prekriveni \u010dokoladom<\/strong>, ovaj stroj je dizajniran za majstore \u010dokolade i proizvo\u0111a\u010de slastica koji zahtijevaju u\u010dinkovitost, preciznost i dosljednost.<\/p>\n<h3 data-start=\"535\" data-end=\"553\">Klju\u010dne zna\u010dajke<\/h3>\n<ul data-start=\"554\" data-end=\"1141\">\n<li data-start=\"554\" data-end=\"615\">\n<p data-start=\"556\" data-end=\"615\"><strong data-start=\"556\" data-end=\"574\">Nosivost 25 kg<\/strong> \u2013 Idealno za proizvodnju srednjeg obima.<\/p>\n<\/li>\n<li data-start=\"616\" data-end=\"731\">\n<p data-start=\"618\" data-end=\"731\"><strong data-start=\"618\" data-end=\"647\">Visokokvalitetna gradnja<\/strong> \u2013 Izra\u0111eno u potpunosti od <strong data-start=\"667\" data-end=\"695\">Nehr\u0111aju\u0107i \u010delik AISI 304<\/strong> za trajnost i jednostavno \u010di\u0161\u0107enje.<\/p>\n<\/li>\n<li data-start=\"732\" data-end=\"820\">\n<p data-start=\"734\" data-end=\"820\"><strong data-start=\"734\" data-end=\"757\">Promjenjiva brzina zdjele<\/strong> \u2013 Podesivo <strong data-start=\"771\" data-end=\"789\">brzina rotacije<\/strong> za optimalnu kontrolu premaza.<\/p>\n<\/li>\n<li data-start=\"821\" data-end=\"977\">\n<p data-start=\"823\" data-end=\"977\"><strong data-start=\"823\" data-end=\"852\">Integrirani sustav protoka zraka<\/strong> \u2013 Ugra\u0111eno <strong data-start=\"864\" data-end=\"918\">ventilator s odabirom sobne temperature ili temperature zagrijanog zraka<\/strong> (putem grija\u0107ih elemenata) za dosljednu zavr\u0161nu obradu proizvoda.<\/p>\n<\/li>\n<li data-start=\"978\" data-end=\"1046\">\n<p data-start=\"980\" data-end=\"1046\"><strong data-start=\"980\" data-end=\"1006\">Sna\u017ean i tih motor<\/strong> \u2013 Osigurava nesmetan i pouzdan rad.<\/p>\n<\/li>\n<li data-start=\"1047\" data-end=\"1141\">\n<p data-start=\"1049\" data-end=\"1141\"><strong data-start=\"1049\" data-end=\"1074\">Standardno napajanje<\/strong> \u2013 Djeluje na <strong data-start=\"1089\" data-end=\"1116\">jednofazni 220 V (2 kW)<\/strong> za jednostavnu instalaciju.<\/p>\n<\/li>\n<\/ul>\n<h3 data-start=\"1143\" data-end=\"1168\">Uklju\u010dene komponente<\/h3>\n<ul data-start=\"1169\" data-end=\"1469\">\n<li data-start=\"1169\" data-end=\"1250\">\n<p data-start=\"1171\" data-end=\"1250\"><strong data-start=\"1171\" data-end=\"1199\">Elektroni\u010dka upravlja\u010dka plo\u010da<\/strong> \u2013 Jednostavno pode\u0161avanje parametara za precizan rad.<\/p>\n<\/li>\n<li data-start=\"1251\" data-end=\"1317\">\n<p data-start=\"1253\" data-end=\"1317\"><strong data-start=\"1253\" data-end=\"1269\">Rashladna jedinica<\/strong> \u2013 Za upravljanje hladnim zrakom radi stabilizacije premaza.<\/p>\n<\/li>\n<li data-start=\"1318\" data-end=\"1410\">\n<p data-start=\"1320\" data-end=\"1410\"><strong data-start=\"1320\" data-end=\"1361\">Programabilne kontrole ure\u0111aja za prskanje<\/strong> \u2013 Opcionalna integracija za automatizirano prskanje.<\/p>\n<\/li>\n<li data-start=\"1411\" data-end=\"1469\">\n<p data-start=\"1413\" data-end=\"1469\"><strong data-start=\"1413\" data-end=\"1430\">Schuko uti\u010dnica<\/strong> \u2013 Za spajanje dodatne opreme.<\/p>\n<\/li>\n<\/ul>\n<h3 data-start=\"1471\" data-end=\"1489\">Primjene<\/h3>\n<ul data-start=\"1490\" data-end=\"1654\">\n<li data-start=\"1490\" data-end=\"1534\">\n<p data-start=\"1492\" data-end=\"1534\">Preliveno \u010dokoladom <strong data-start=\"1509\" data-end=\"1532\">ora\u0161asti plodovi i suho vo\u0107e<\/strong><\/p>\n<\/li>\n<li data-start=\"1535\" data-end=\"1581\">\n<p data-start=\"1537\" data-end=\"1581\">\u010cokoladne ili \u0161e\u0107erom oblo\u017eene <strong data-start=\"1563\" data-end=\"1579\">zrna kave<\/strong><\/p>\n<\/li>\n<li data-start=\"1582\" data-end=\"1620\">\n<p data-start=\"1584\" data-end=\"1620\"><strong data-start=\"1584\" data-end=\"1618\">Dra\u017eei od lisnate ri\u017ee i \u017eitarica<\/strong><\/p>\n<\/li>\n<li data-start=\"1621\" data-end=\"1654\">\n<p data-start=\"1623\" data-end=\"1654\">Kreacije od \u0161e\u0107ernih slastica<\/p>\n<\/li>\n<\/ul>","protected":false},"excerpt":{"rendered":"<p>The CP25 Pan Coater is a versatile solution for producing high-quality drag\u00e9es and sugar-coated treats. Ideal for chocolate coating dried fruit, coffee beans, puffed rice, and other round-shaped products, this machine is designed for artisan chocolatiers and confectionery manufacturers who demand efficiency, precision, and consistency. Key Features 25 kg Capacity \u2013 Perfect for medium-scale production. [&hellip;]<\/p>\n","protected":false},"featured_media":7047,"comment_status":"open","ping_status":"closed","template":"","meta":[],"product_brand":[],"product_cat":[43],"product_tag":[],"class_list":{"0":"post-7043","1":"product","2":"type-product","3":"status-publish","4":"has-post-thumbnail","6":"product_cat-pan-coaters","8":"first","9":"instock","10":"shipping-taxable","11":"product-type-simple"},"_links":{"self":[{"href":"https:\/\/dersuessestopp.com\/hr\/wp-json\/wp\/v2\/product\/7043","targetHints":{"allow":["GET"]}}],"collection":[{"href":"https:\/\/dersuessestopp.com\/hr\/wp-json\/wp\/v2\/product"}],"about":[{"href":"https:\/\/dersuessestopp.com\/hr\/wp-json\/wp\/v2\/types\/product"}],"replies":[{"embeddable":true,"href":"https:\/\/dersuessestopp.com\/hr\/wp-json\/wp\/v2\/comments?post=7043"}],"version-history":[{"count":1,"href":"https:\/\/dersuessestopp.com\/hr\/wp-json\/wp\/v2\/product\/7043\/revisions"}],"predecessor-version":[{"id":7046,"href":"https:\/\/dersuessestopp.com\/hr\/wp-json\/wp\/v2\/product\/7043\/revisions\/7046"}],"wp:featuredmedia":[{"embeddable":true,"href":"https:\/\/dersuessestopp.com\/hr\/wp-json\/wp\/v2\/media\/7047"}],"wp:attachment":[{"href":"https:\/\/dersuessestopp.com\/hr\/wp-json\/wp\/v2\/media?parent=7043"}],"wp:term":[{"taxonomy":"product_brand","embeddable":true,"href":"https:\/\/dersuessestopp.com\/hr\/wp-json\/wp\/v2\/product_brand?post=7043"},{"taxonomy":"product_cat","embeddable":true,"href":"https:\/\/dersuessestopp.com\/hr\/wp-json\/wp\/v2\/product_cat?post=7043"},{"taxonomy":"product_tag","embeddable":true,"href":"https:\/\/dersuessestopp.com\/hr\/wp-json\/wp\/v2\/product_tag?post=7043"}],"curies":[{"name":"wp","href":"https:\/\/api.w.org\/{rel}","templated":true}]}}