{"id":7037,"date":"2025-08-30T05:37:23","date_gmt":"2025-08-30T05:37:23","guid":{"rendered":"https:\/\/dersuessestopp.com\/?post_type=product&#038;p=7037"},"modified":"2025-08-30T05:37:23","modified_gmt":"2025-08-30T05:37:23","slug":"nr400s-nr400s-30","status":"publish","type":"product","link":"https:\/\/dersuessestopp.com\/hr\/product\/nr400s-nr400s-30\/","title":{"rendered":"NR400S, NR400S-30"},"content":{"rendered":"<p>Serija transportnih traka NR400S dizajnirana je za profesionalno glaziranje pralina, keksa, kola\u010da i slasti\u010darskih proizvoda. S jednostavnim kontrolama i prakti\u010dnim zna\u010dajkama, ove transportne trake omogu\u0107uju jednom operateru upravljanje cijelim procesom glaziranja, od utovara do izlaska proizvoda, osiguravaju\u0107i u\u010dinkovitost i preciznost.<\/p>\n<p>Klju\u010dne zna\u010dajke i prednosti<\/p>\n<p>Sustav utovara jednostavan za rukovanje \u2013 \u017di\u010dana mre\u017easta traka za utovar mo\u017ee se zaustaviti tijekom postavljanja proizvoda i ponovno pokrenuti jednostavnim gumbom, \u0161to pojednostavljuje proizvodnju.<\/p>\n<p>Profesionalni pribor za glazuriranje \u2013 Oba modela uklju\u010duju \u017ei\u010danu traku za glazuriranje i ure\u0111aj za rezanje repova kako bi se osigurala besprijekorna zavr\u0161na obrada premaza.<\/p>\n<p>Jednostavno \u010di\u0161\u0107enje i odr\u017eavanje \u2013 Uklonjiva \u017ei\u010dana mre\u017ea, bez elektri\u010dnih komponenti, omogu\u0107uje brzo i precizno pranje.<\/p>\n<p>Opcija premazivanja samo povr\u0161ine \u2013 Transporter se mo\u017ee opremiti \u017eicama umjesto \u017ei\u010dane mre\u017ee za savr\u0161ene premaze samo povr\u0161ine.<\/p>\n<p>Fleksibilne mogu\u0107nosti dimenzioniranja \u2013 Dostupno u dvije radne \u0161irine:<\/p>\n<p>NR400S \u2192 250 mm<\/p>\n<p>NR400S-30 \u2192 300 mm<\/p>\n<p>Tehni\u010dke specifikacije<\/p>\n<p>\u0160irina \u017ei\u010dane trake: 250 mm (NR400S)<\/p>\n<p>\u0160irina \u017ei\u010dane trake: 300 mm (NR400S-30)<\/p>","protected":false},"excerpt":{"rendered":"<p>The NR400S conveyor series is designed for professional enrobing of pralines, biscuits, cakes, and pastry products. With user-friendly controls and practical features, these conveyors allow a single operator to manage the entire enrobing process, from loading to product exit, ensuring efficiency and precision. Key Features &amp; Benefits Operator-Friendly Loading System \u2013 The loading wire-mesh belt [&hellip;]<\/p>\n","protected":false},"featured_media":7038,"comment_status":"open","ping_status":"closed","template":"","meta":[],"product_brand":[],"product_cat":[42],"product_tag":[],"class_list":{"0":"post-7037","1":"product","2":"type-product","3":"status-publish","4":"has-post-thumbnail","6":"product_cat-conveyor-belts","8":"first","9":"instock","10":"shipping-taxable","11":"product-type-simple"},"_links":{"self":[{"href":"https:\/\/dersuessestopp.com\/hr\/wp-json\/wp\/v2\/product\/7037","targetHints":{"allow":["GET"]}}],"collection":[{"href":"https:\/\/dersuessestopp.com\/hr\/wp-json\/wp\/v2\/product"}],"about":[{"href":"https:\/\/dersuessestopp.com\/hr\/wp-json\/wp\/v2\/types\/product"}],"replies":[{"embeddable":true,"href":"https:\/\/dersuessestopp.com\/hr\/wp-json\/wp\/v2\/comments?post=7037"}],"version-history":[{"count":1,"href":"https:\/\/dersuessestopp.com\/hr\/wp-json\/wp\/v2\/product\/7037\/revisions"}],"predecessor-version":[{"id":7040,"href":"https:\/\/dersuessestopp.com\/hr\/wp-json\/wp\/v2\/product\/7037\/revisions\/7040"}],"wp:featuredmedia":[{"embeddable":true,"href":"https:\/\/dersuessestopp.com\/hr\/wp-json\/wp\/v2\/media\/7038"}],"wp:attachment":[{"href":"https:\/\/dersuessestopp.com\/hr\/wp-json\/wp\/v2\/media?parent=7037"}],"wp:term":[{"taxonomy":"product_brand","embeddable":true,"href":"https:\/\/dersuessestopp.com\/hr\/wp-json\/wp\/v2\/product_brand?post=7037"},{"taxonomy":"product_cat","embeddable":true,"href":"https:\/\/dersuessestopp.com\/hr\/wp-json\/wp\/v2\/product_cat?post=7037"},{"taxonomy":"product_tag","embeddable":true,"href":"https:\/\/dersuessestopp.com\/hr\/wp-json\/wp\/v2\/product_tag?post=7037"}],"curies":[{"name":"wp","href":"https:\/\/api.w.org\/{rel}","templated":true}]}}