{"id":7032,"date":"2025-08-30T05:34:22","date_gmt":"2025-08-30T05:34:22","guid":{"rendered":"https:\/\/dersuessestopp.com\/?post_type=product&#038;p=7032"},"modified":"2025-08-30T05:39:42","modified_gmt":"2025-08-30T05:39:42","slug":"nrd12","status":"publish","type":"product","link":"https:\/\/dersuessestopp.com\/hr\/product\/nrd12\/","title":{"rendered":"NRD12"},"content":{"rendered":"<p data-start=\"160\" data-end=\"459\">The <strong data-start=\"164\" data-end=\"182\">Transporter NRD12<\/strong> dizajniran je za rukovanje \u0161irokim rasponom slasti\u010darskih i pecivskih proizvoda, od <strong data-start=\"264\" data-end=\"298\">praline i keksi za kola\u010de<\/strong>. Njegov inovativni dizajn omogu\u0107uje jednom operateru u\u010dinkovito upravljanje procesima utovara i premazivanja, osiguravaju\u0107i nesmetan tijek rada uz minimalan napor.<\/p>\n<h4 data-start=\"461\" data-end=\"492\">Klju\u010dne zna\u010dajke i prednosti:<\/h4>\n<ul data-start=\"493\" data-end=\"1289\">\n<li data-start=\"493\" data-end=\"716\">\n<p data-start=\"495\" data-end=\"716\"><strong data-start=\"495\" data-end=\"531\">Sustav utovara prilago\u0111en korisniku<\/strong> \u2013 The <strong data-start=\"538\" data-end=\"564\">utovarna \u017ei\u010dana mre\u017easta traka<\/strong> mo\u017ee se zaustaviti tijekom postavljanja proizvoda i lako ponovno pokrenuti jednostavnim gumbom, \u0161to omogu\u0107uje jednoj osobi da kontrolira i fazu punjenja i fazu glazuriranja.<\/p>\n<\/li>\n<li data-start=\"717\" data-end=\"886\">\n<p data-start=\"719\" data-end=\"886\"><strong data-start=\"719\" data-end=\"754\">Integrirani pribor za glazuriranje<\/strong> \u2013 Opremljen s <strong data-start=\"773\" data-end=\"831\">\u017ei\u010dana mre\u017easta traka za metenje, ure\u0111aj za rezanje repa i puhalo<\/strong> kako bi se osigurali precizni i profesionalni premazi.<\/p>\n<\/li>\n<li data-start=\"887\" data-end=\"1109\">\n<p data-start=\"889\" data-end=\"1109\"><strong data-start=\"889\" data-end=\"920\">Jednostavno \u010di\u0161\u0107enje i svestranost<\/strong> \u2013 The <strong data-start=\"927\" data-end=\"948\">\u017ei\u010dana mre\u017ea za premazivanje<\/strong> Potpuno je uklonjiv i ne sadr\u017ei elektri\u010dne komponente, \u0161to ga \u010dini jednostavnim za kori\u0161tenje s rotiraju\u0107im stolom za tartufe i omogu\u0107uje <strong data-start=\"1083\" data-end=\"1106\">brzo, dubinsko \u010di\u0161\u0107enje<\/strong>.<\/p>\n<\/li>\n<li data-start=\"1110\" data-end=\"1289\">\n<p data-start=\"1112\" data-end=\"1289\"><strong data-start=\"1112\" data-end=\"1142\">Kompaktan i prakti\u010dan dizajn<\/strong> \u2013 U <strong data-start=\"1148\" data-end=\"1169\">\u0160irina trake 200 mm<\/strong>, NRD12 je savr\u0161en za male do srednje proizvodne serije, balansiraju\u0107i fleksibilnost s profesionalnim performansama.<\/p>\n<\/li>\n<\/ul>\n<h4 data-start=\"1291\" data-end=\"1323\">Tehni\u010dke specifikacije:<\/h4>\n<ul data-start=\"1324\" data-end=\"1360\">\n<li data-start=\"1324\" data-end=\"1360\">\n<p data-start=\"1326\" data-end=\"1360\"><strong data-start=\"1326\" data-end=\"1351\">\u0160irina \u017ei\u010dane trake:<\/strong> 200 mm<\/p>\n<\/li>\n<\/ul>","protected":false},"excerpt":{"rendered":"<p>The NRD12 conveyor is designed for handling a wide range of confectionery and pastry products, from pralines and biscuits to cakes. Its innovative design allows a single operator to efficiently manage both the loading and enrobing processes, ensuring a smooth workflow with minimal effort. Key Features &amp; Benefits: Operator-Friendly Loading System \u2013 The loading wire-mesh [&hellip;]<\/p>\n","protected":false},"featured_media":7033,"comment_status":"open","ping_status":"closed","template":"","meta":[],"product_brand":[],"product_cat":[42],"product_tag":[],"class_list":{"0":"post-7032","1":"product","2":"type-product","3":"status-publish","4":"has-post-thumbnail","6":"product_cat-conveyor-belts","8":"first","9":"instock","10":"shipping-taxable","11":"product-type-simple"},"_links":{"self":[{"href":"https:\/\/dersuessestopp.com\/hr\/wp-json\/wp\/v2\/product\/7032","targetHints":{"allow":["GET"]}}],"collection":[{"href":"https:\/\/dersuessestopp.com\/hr\/wp-json\/wp\/v2\/product"}],"about":[{"href":"https:\/\/dersuessestopp.com\/hr\/wp-json\/wp\/v2\/types\/product"}],"replies":[{"embeddable":true,"href":"https:\/\/dersuessestopp.com\/hr\/wp-json\/wp\/v2\/comments?post=7032"}],"version-history":[{"count":3,"href":"https:\/\/dersuessestopp.com\/hr\/wp-json\/wp\/v2\/product\/7032\/revisions"}],"predecessor-version":[{"id":7044,"href":"https:\/\/dersuessestopp.com\/hr\/wp-json\/wp\/v2\/product\/7032\/revisions\/7044"}],"wp:featuredmedia":[{"embeddable":true,"href":"https:\/\/dersuessestopp.com\/hr\/wp-json\/wp\/v2\/media\/7033"}],"wp:attachment":[{"href":"https:\/\/dersuessestopp.com\/hr\/wp-json\/wp\/v2\/media?parent=7032"}],"wp:term":[{"taxonomy":"product_brand","embeddable":true,"href":"https:\/\/dersuessestopp.com\/hr\/wp-json\/wp\/v2\/product_brand?post=7032"},{"taxonomy":"product_cat","embeddable":true,"href":"https:\/\/dersuessestopp.com\/hr\/wp-json\/wp\/v2\/product_cat?post=7032"},{"taxonomy":"product_tag","embeddable":true,"href":"https:\/\/dersuessestopp.com\/hr\/wp-json\/wp\/v2\/product_tag?post=7032"}],"curies":[{"name":"wp","href":"https:\/\/api.w.org\/{rel}","templated":true}]}}