{"id":7027,"date":"2025-08-30T05:29:27","date_gmt":"2025-08-30T05:29:27","guid":{"rendered":"https:\/\/dersuessestopp.com\/?post_type=product&#038;p=7027"},"modified":"2025-08-30T05:29:27","modified_gmt":"2025-08-30T05:29:27","slug":"stroj-za-glazuriranje-r500","status":"publish","type":"product","link":"https:\/\/dersuessestopp.com\/hr\/product\/r500-enrobing-machine\/","title":{"rendered":"Stroj za glazuriranje R500"},"content":{"rendered":"<p data-start=\"190\" data-end=\"600\">The <strong data-start=\"194\" data-end=\"219\">R500 Stroj za glazuriranje<\/strong> je potpuno automatski sustav kontinuiranog rada dizajniran za premazivanje slasti\u010darskih proizvoda <strong data-start=\"317\" data-end=\"388\">\u010dokoladne smjese ili druge preljeve koji ne zahtijevaju temperiranje<\/strong>. Sa svojim velikim <strong data-start=\"405\" data-end=\"428\">Kapacitet posude 45 kg<\/strong> i precizno kontroliranim sustavom, osigurava u\u010dinkovitost, konzistentnost i vrhunsku zavr\u0161nu obradu proizvoda za profesionalne \u010dokoladare i industrijsku proizvodnju slastica.<\/p>\n<h4 data-start=\"602\" data-end=\"633\">Klju\u010dne zna\u010dajke i prednosti:<\/h4>\n<ul data-start=\"634\" data-end=\"1471\">\n<li data-start=\"634\" data-end=\"766\">\n<p data-start=\"636\" data-end=\"766\"><strong data-start=\"636\" data-end=\"658\">Zdjela velikog kapaciteta<\/strong> \u2013 <strong data-start=\"661\" data-end=\"699\">Posuda od nehr\u0111aju\u0107eg \u010delika AISI304 od 45 kg<\/strong> s ugra\u0111enim mikserom odr\u017eava premaze glatkima, teku\u0107ima i ujedna\u010denima.<\/p>\n<\/li>\n<li data-start=\"767\" data-end=\"886\">\n<p data-start=\"769\" data-end=\"886\"><strong data-start=\"769\" data-end=\"798\">Sustav za topljenje Bain-Marie<\/strong> \u2013 Nje\u017eno topi premaze uz odr\u017eavanje stabilnih temperatura za dosljedne rezultate.<\/p>\n<\/li>\n<li data-start=\"887\" data-end=\"1007\">\n<p data-start=\"889\" data-end=\"1007\"><strong data-start=\"889\" data-end=\"922\">Precizna kontrola temperature<\/strong> \u2013 Upravlja se putem <strong data-start=\"941\" data-end=\"965\">visokoprecizne sonde<\/strong> i jedan <strong data-start=\"972\" data-end=\"1004\">namjenska GAMI upravlja\u010dka plo\u010da<\/strong>.<\/p>\n<\/li>\n<li data-start=\"1008\" data-end=\"1156\">\n<p data-start=\"1010\" data-end=\"1156\"><strong data-start=\"1010\" data-end=\"1036\">Jednostavne kontrole<\/strong> \u2013 Opremljen s <strong data-start=\"1055\" data-end=\"1094\">no\u017ena pedala za zaustavljanje protoka i doziranje<\/strong> plus jedan <strong data-start=\"1103\" data-end=\"1128\">automatski timer za pokretanje<\/strong> za prakti\u010dno rukovanje.<\/p>\n<\/li>\n<li data-start=\"1157\" data-end=\"1344\">\n<p data-start=\"1159\" data-end=\"1344\"><strong data-start=\"1159\" data-end=\"1189\">Pro\u0161irivi sustav za glazuriranje<\/strong> \u2013 Mo\u017ee se upariti s <strong data-start=\"1213\" data-end=\"1240\">\u017ei\u010dana mre\u017easta traka za oblaganje<\/strong> kompletno s dozatorom, puhalom, \u017ei\u010danom metlicom i ure\u0111ajem za rezanje repa za proizvodnju u punom opsegu.<\/p>\n<\/li>\n<li data-start=\"1345\" data-end=\"1471\">\n<p data-start=\"1347\" data-end=\"1471\"><strong data-start=\"1347\" data-end=\"1374\">Podesivi protok proizvoda<\/strong> \u2013 Pru\u017ea fleksibilnost prilagodbe protoka premaza razli\u010ditim vrstama proizvoda i proizvodnim potrebama.<\/p>\n<\/li>\n<\/ul>\n<h4 data-start=\"1473\" data-end=\"1505\">Tehni\u010dke specifikacije:<\/h4>\n<ul data-start=\"1506\" data-end=\"1578\">\n<li data-start=\"1506\" data-end=\"1534\">\n<p data-start=\"1508\" data-end=\"1534\"><strong data-start=\"1508\" data-end=\"1526\">Kapacitet zdjele:<\/strong> 45 kg<\/p>\n<\/li>\n<li data-start=\"1535\" data-end=\"1578\">\n<p data-start=\"1537\" data-end=\"1578\"><strong data-start=\"1537\" data-end=\"1552\">Dimenzije:<\/strong> 680 x 920 x 1650 mm (v)<\/p>\n<\/li>\n<\/ul>","protected":false},"excerpt":{"rendered":"<p>The R500 Enrobing Machine is a fully automatic, continuous-operation system designed to enrobe confectionery products with chocolate compounds or other coatings that do not require tempering. With its large 45 kg bowl capacity and precision-controlled system, it ensures efficiency, consistency, and superior product finishes for professional chocolatiers and industrial confectionery production. Key Features &amp; Benefits: [&hellip;]<\/p>\n","protected":false},"featured_media":7028,"comment_status":"open","ping_status":"closed","template":"","meta":[],"product_brand":[],"product_cat":[41],"product_tag":[],"class_list":{"0":"post-7027","1":"product","2":"type-product","3":"status-publish","4":"has-post-thumbnail","6":"product_cat-enrobing-and-melting-machines","8":"first","9":"instock","10":"shipping-taxable","11":"product-type-simple"},"_links":{"self":[{"href":"https:\/\/dersuessestopp.com\/hr\/wp-json\/wp\/v2\/product\/7027","targetHints":{"allow":["GET"]}}],"collection":[{"href":"https:\/\/dersuessestopp.com\/hr\/wp-json\/wp\/v2\/product"}],"about":[{"href":"https:\/\/dersuessestopp.com\/hr\/wp-json\/wp\/v2\/types\/product"}],"replies":[{"embeddable":true,"href":"https:\/\/dersuessestopp.com\/hr\/wp-json\/wp\/v2\/comments?post=7027"}],"version-history":[{"count":1,"href":"https:\/\/dersuessestopp.com\/hr\/wp-json\/wp\/v2\/product\/7027\/revisions"}],"predecessor-version":[{"id":7029,"href":"https:\/\/dersuessestopp.com\/hr\/wp-json\/wp\/v2\/product\/7027\/revisions\/7029"}],"wp:featuredmedia":[{"embeddable":true,"href":"https:\/\/dersuessestopp.com\/hr\/wp-json\/wp\/v2\/media\/7028"}],"wp:attachment":[{"href":"https:\/\/dersuessestopp.com\/hr\/wp-json\/wp\/v2\/media?parent=7027"}],"wp:term":[{"taxonomy":"product_brand","embeddable":true,"href":"https:\/\/dersuessestopp.com\/hr\/wp-json\/wp\/v2\/product_brand?post=7027"},{"taxonomy":"product_cat","embeddable":true,"href":"https:\/\/dersuessestopp.com\/hr\/wp-json\/wp\/v2\/product_cat?post=7027"},{"taxonomy":"product_tag","embeddable":true,"href":"https:\/\/dersuessestopp.com\/hr\/wp-json\/wp\/v2\/product_tag?post=7027"}],"curies":[{"name":"wp","href":"https:\/\/api.w.org\/{rel}","templated":true}]}}