{"id":7024,"date":"2025-08-30T05:27:36","date_gmt":"2025-08-30T05:27:36","guid":{"rendered":"https:\/\/dersuessestopp.com\/?post_type=product&#038;p=7024"},"modified":"2025-08-30T05:27:56","modified_gmt":"2025-08-30T05:27:56","slug":"stroj-za-glazuriranje-r400","status":"publish","type":"product","link":"https:\/\/dersuessestopp.com\/hr\/product\/r400-enrobing-machine\/","title":{"rendered":"Stroj za glazuriranje R400"},"content":{"rendered":"<p data-start=\"211\" data-end=\"574\">The <strong data-start=\"215\" data-end=\"240\">R400 Stroj za glazuriranje<\/strong> je <strong data-start=\"247\" data-end=\"289\">automatski, sustav kontinuiranog rada<\/strong> dizajniran za premazivanje slasti\u010darskih proizvoda \u010dokoladnim smjesama ili drugim premazima koji ne zahtijevaju temperiranje. Izra\u0111en za u\u010dinkovitost i pouzdanost, osigurava glatku, ujedna\u010denu zavr\u0161nu obradu, a istovremeno pojednostavljuje proizvodnju za profesionalne proizvo\u0111a\u010de \u010dokolade i slastica.<\/p>\n<h4 data-start=\"576\" data-end=\"607\">Klju\u010dne zna\u010dajke i prednosti:<\/h4>\n<ul data-start=\"608\" data-end=\"1420\">\n<li data-start=\"608\" data-end=\"732\">\n<p data-start=\"610\" data-end=\"732\"><strong data-start=\"610\" data-end=\"633\">Kapacitet posude 25 kg<\/strong> \u2013 Napravljeno od <strong data-start=\"644\" data-end=\"671\">nehr\u0111aju\u0107i \u010delik AISI304<\/strong>, opremljen mije\u0161alicom kako bi premazi ostali teku\u0107i i ujedna\u010deni.<\/p>\n<\/li>\n<li data-start=\"733\" data-end=\"843\">\n<p data-start=\"735\" data-end=\"843\"><strong data-start=\"735\" data-end=\"764\">Sustav za topljenje Bain-Marie<\/strong> \u2013 Nje\u017eno topi premaze uz odr\u017eavanje stabilne, homogene temperature.<\/p>\n<\/li>\n<li data-start=\"844\" data-end=\"981\">\n<p data-start=\"846\" data-end=\"981\"><strong data-start=\"846\" data-end=\"877\">Precizna kontrola temperature<\/strong> \u2013 Upravlja <strong data-start=\"891\" data-end=\"916\">visokoprecizne sonde<\/strong> i jedan <strong data-start=\"923\" data-end=\"955\">namjenska GAMI upravlja\u010dka plo\u010da<\/strong> za dosljedne rezultate.<\/p>\n<\/li>\n<li data-start=\"982\" data-end=\"1121\">\n<p data-start=\"984\" data-end=\"1121\"><strong data-start=\"984\" data-end=\"1015\">Fleksibilna kontrola proizvodnje<\/strong> \u2013 Sadr\u017ei <strong data-start=\"1029\" data-end=\"1068\">no\u017ena pedala za zaustavljanje protoka i doziranje<\/strong> plus jedan <strong data-start=\"1077\" data-end=\"1102\">automatski timer za pokretanje<\/strong> radi lak\u0161eg kori\u0161tenja.<\/p>\n<\/li>\n<li data-start=\"1122\" data-end=\"1321\">\n<p data-start=\"1124\" data-end=\"1321\"><strong data-start=\"1124\" data-end=\"1152\">Opcionalni sustav za glazuriranje<\/strong> \u2013 Mo\u017ee se spojiti na <strong data-start=\"1178\" data-end=\"1205\">traka od \u017ei\u010dane mre\u017ee za oblaganje<\/strong> Kompletno s dozatorom, puhalom, \u017ei\u010danom metlicom i ure\u0111ajem za rezanje repova za potpuno profesionalnu liniju za glazuriranje.<\/p>\n<\/li>\n<li data-start=\"1322\" data-end=\"1420\">\n<p data-start=\"1324\" data-end=\"1420\"><strong data-start=\"1324\" data-end=\"1351\">Podesivi protok proizvoda<\/strong> \u2013 Omogu\u0107uje fino pode\u0161avanje izlaza premaza prema potrebama proizvoda.<\/p>\n<\/li>\n<\/ul>\n<h4 data-start=\"1422\" data-end=\"1454\">Tehni\u010dke specifikacije:<\/h4>\n<ul data-start=\"1455\" data-end=\"1527\">\n<li data-start=\"1455\" data-end=\"1483\">\n<p data-start=\"1457\" data-end=\"1483\"><strong data-start=\"1457\" data-end=\"1475\">Kapacitet zdjele:<\/strong> 25 kg<\/p>\n<\/li>\n<li data-start=\"1484\" data-end=\"1527\">\n<p data-start=\"1486\" data-end=\"1527\"><strong data-start=\"1486\" data-end=\"1501\">Dimenzije:<\/strong> 580 x 750 x 1550 mm (v)<\/p>\n<\/li>\n<\/ul>","protected":false},"excerpt":{"rendered":"<p>The R400 Enrobing Machine is an automatic, continuous-operation system designed for enrobing confectionery products with chocolate compounds or other coatings that do not require tempering. Built for efficiency and reliability, it ensures a smooth, even finish while streamlining production for professional chocolatiers and confectionery manufacturers. Key Features &amp; Benefits: 25 kg Bowl Capacity \u2013 Made [&hellip;]<\/p>\n","protected":false},"featured_media":7025,"comment_status":"open","ping_status":"closed","template":"","meta":[],"product_brand":[],"product_cat":[41],"product_tag":[],"class_list":{"0":"post-7024","1":"product","2":"type-product","3":"status-publish","4":"has-post-thumbnail","6":"product_cat-enrobing-and-melting-machines","8":"first","9":"instock","10":"shipping-taxable","11":"product-type-simple"},"_links":{"self":[{"href":"https:\/\/dersuessestopp.com\/hr\/wp-json\/wp\/v2\/product\/7024","targetHints":{"allow":["GET"]}}],"collection":[{"href":"https:\/\/dersuessestopp.com\/hr\/wp-json\/wp\/v2\/product"}],"about":[{"href":"https:\/\/dersuessestopp.com\/hr\/wp-json\/wp\/v2\/types\/product"}],"replies":[{"embeddable":true,"href":"https:\/\/dersuessestopp.com\/hr\/wp-json\/wp\/v2\/comments?post=7024"}],"version-history":[{"count":1,"href":"https:\/\/dersuessestopp.com\/hr\/wp-json\/wp\/v2\/product\/7024\/revisions"}],"predecessor-version":[{"id":7026,"href":"https:\/\/dersuessestopp.com\/hr\/wp-json\/wp\/v2\/product\/7024\/revisions\/7026"}],"wp:featuredmedia":[{"embeddable":true,"href":"https:\/\/dersuessestopp.com\/hr\/wp-json\/wp\/v2\/media\/7025"}],"wp:attachment":[{"href":"https:\/\/dersuessestopp.com\/hr\/wp-json\/wp\/v2\/media?parent=7024"}],"wp:term":[{"taxonomy":"product_brand","embeddable":true,"href":"https:\/\/dersuessestopp.com\/hr\/wp-json\/wp\/v2\/product_brand?post=7024"},{"taxonomy":"product_cat","embeddable":true,"href":"https:\/\/dersuessestopp.com\/hr\/wp-json\/wp\/v2\/product_cat?post=7024"},{"taxonomy":"product_tag","embeddable":true,"href":"https:\/\/dersuessestopp.com\/hr\/wp-json\/wp\/v2\/product_tag?post=7024"}],"curies":[{"name":"wp","href":"https:\/\/api.w.org\/{rel}","templated":true}]}}