{"id":7011,"date":"2025-08-30T05:08:56","date_gmt":"2025-08-30T05:08:56","guid":{"rendered":"https:\/\/dersuessestopp.com\/?post_type=product&#038;p=7011"},"modified":"2025-08-30T05:14:59","modified_gmt":"2025-08-30T05:14:59","slug":"stroj-za-kaljenje-diva8","status":"publish","type":"product","link":"https:\/\/dersuessestopp.com\/hr\/product\/diva8-tempering-machine\/","title":{"rendered":"Stroj za kaljenje Diva8"},"content":{"rendered":"<p data-start=\"162\" data-end=\"467\">The <strong data-start=\"166\" data-end=\"175\">Diva8<\/strong> je potpuno automatski stroj za temperiranje \u010dokolade s kontinuiranim radom, dizajniran za maksimalnu preciznost, konzistentnost i jednostavnost kori\u0161tenja. <strong data-start=\"321\" data-end=\"343\">topljenje u vodenoj kupki<\/strong> do <strong data-start=\"347\" data-end=\"406\">temperiranje rashladnim plinom i kompresorom rashladnog sredstva<\/strong>, osigurava savr\u0161ene rezultate u svakoj fazi procesa.<\/p>\n<h4 data-start=\"469\" data-end=\"500\">Klju\u010dne zna\u010dajke i prednosti:<\/h4>\n<ul data-start=\"501\" data-end=\"1400\">\n<li data-start=\"501\" data-end=\"650\">\n<p data-start=\"503\" data-end=\"650\"><strong data-start=\"503\" data-end=\"525\">Kapacitet posude 8 kg<\/strong> \u2013 Izra\u0111en od izdr\u017eljivog <strong data-start=\"544\" data-end=\"571\">nehr\u0111aju\u0107i \u010delik AISI304<\/strong> s ugra\u0111enim mikserom kako bi \u010dokolada ostala teku\u0107a, ravnomjerna i savr\u0161eno temperirana.<\/p>\n<\/li>\n<li data-start=\"651\" data-end=\"824\">\n<p data-start=\"653\" data-end=\"824\"><strong data-start=\"653\" data-end=\"668\">Visoki izlaz<\/strong> \u2013 Proizvodi do <strong data-start=\"686\" data-end=\"726\">50 kg temperirane \u010dokolade na sat<\/strong>, \u0161to ga \u010dini idealnim za profesionalne slasti\u010dare i malu do srednju proizvodnju \u010dokolade.<\/p>\n<\/li>\n<li data-start=\"825\" data-end=\"995\">\n<p data-start=\"827\" data-end=\"995\"><strong data-start=\"827\" data-end=\"856\">U\u010dinkovit sustav \u010di\u0161\u0107enja<\/strong> \u2013 Sadr\u017ei <strong data-start=\"871\" data-end=\"892\">izvla\u010dni svrdlo<\/strong>, \u0161to omogu\u0107uje brzo i temeljito \u010di\u0161\u0107enje za besprijekorne prijelaze izme\u0111u razli\u010ditih vrsta \u010dokolade.<\/p>\n<\/li>\n<li data-start=\"996\" data-end=\"1135\">\n<p data-start=\"998\" data-end=\"1135\"><strong data-start=\"998\" data-end=\"1022\">To\u010dnost temperature<\/strong> \u2013 Upravlja se visokopreciznim sondama spojenim na namjensku plo\u010du za optimalne uvjete temperiranja.<\/p>\n<\/li>\n<li data-start=\"1136\" data-end=\"1278\">\n<p data-start=\"1138\" data-end=\"1278\"><strong data-start=\"1138\" data-end=\"1160\">Pobolj\u0161ana upotrebljivost<\/strong> \u2013 Opremljen s <strong data-start=\"1179\" data-end=\"1205\">grijani vibriraju\u0107i stol<\/strong> i <strong data-start=\"1210\" data-end=\"1233\">pedala za zaustavljanje protoka<\/strong> za jednostavno doziranje i dosljedno porcioniranje.<\/p>\n<\/li>\n<li data-start=\"1279\" data-end=\"1400\">\n<p data-start=\"1281\" data-end=\"1400\"><strong data-start=\"1281\" data-end=\"1310\">Podesivi protok \u010dokolade<\/strong> \u2013 Osigurava fleksibilnost u proizvodnji prema specifi\u010dnim receptima ili zahtjevima serije.<\/p>\n<\/li>\n<\/ul>\n<h4 data-start=\"1402\" data-end=\"1434\">Tehni\u010dke specifikacije:<\/h4>\n<ul data-start=\"1435\" data-end=\"1539\">\n<li data-start=\"1435\" data-end=\"1462\">\n<p data-start=\"1437\" data-end=\"1462\"><strong data-start=\"1437\" data-end=\"1455\">Kapacitet zdjele:<\/strong> 8 kg<\/p>\n<\/li>\n<li data-start=\"1463\" data-end=\"1495\">\n<p data-start=\"1465\" data-end=\"1495\"><strong data-start=\"1465\" data-end=\"1485\">Kapacitet po satu:<\/strong> 50 kg\/h<\/p>\n<\/li>\n<li data-start=\"1496\" data-end=\"1539\">\n<p data-start=\"1498\" data-end=\"1539\"><strong data-start=\"1498\" data-end=\"1513\">Dimenzije:<\/strong> 410 x 630 x 1510 mm (v)<\/p>\n<\/li>\n<\/ul>","protected":false},"excerpt":{"rendered":"<p>The Diva8 is a fully automatic, continuous-operation chocolate tempering machine designed to deliver maximum precision, consistency, and ease of use. From bain-marie melting to tempering with cooling gas and a refrigerant compressor, it ensures perfect results at every stage of the process. Key Features &amp; Benefits: 8 kg Bowl Capacity \u2013 Made of durable stainless [&hellip;]<\/p>\n","protected":false},"featured_media":7012,"comment_status":"open","ping_status":"closed","template":"","meta":[],"product_brand":[],"product_cat":[40],"product_tag":[],"class_list":{"0":"post-7011","1":"product","2":"type-product","3":"status-publish","4":"has-post-thumbnail","6":"product_cat-tempering-machines","8":"first","9":"instock","10":"shipping-taxable","11":"product-type-simple"},"_links":{"self":[{"href":"https:\/\/dersuessestopp.com\/hr\/wp-json\/wp\/v2\/product\/7011","targetHints":{"allow":["GET"]}}],"collection":[{"href":"https:\/\/dersuessestopp.com\/hr\/wp-json\/wp\/v2\/product"}],"about":[{"href":"https:\/\/dersuessestopp.com\/hr\/wp-json\/wp\/v2\/types\/product"}],"replies":[{"embeddable":true,"href":"https:\/\/dersuessestopp.com\/hr\/wp-json\/wp\/v2\/comments?post=7011"}],"version-history":[{"count":3,"href":"https:\/\/dersuessestopp.com\/hr\/wp-json\/wp\/v2\/product\/7011\/revisions"}],"predecessor-version":[{"id":7015,"href":"https:\/\/dersuessestopp.com\/hr\/wp-json\/wp\/v2\/product\/7011\/revisions\/7015"}],"wp:featuredmedia":[{"embeddable":true,"href":"https:\/\/dersuessestopp.com\/hr\/wp-json\/wp\/v2\/media\/7012"}],"wp:attachment":[{"href":"https:\/\/dersuessestopp.com\/hr\/wp-json\/wp\/v2\/media?parent=7011"}],"wp:term":[{"taxonomy":"product_brand","embeddable":true,"href":"https:\/\/dersuessestopp.com\/hr\/wp-json\/wp\/v2\/product_brand?post=7011"},{"taxonomy":"product_cat","embeddable":true,"href":"https:\/\/dersuessestopp.com\/hr\/wp-json\/wp\/v2\/product_cat?post=7011"},{"taxonomy":"product_tag","embeddable":true,"href":"https:\/\/dersuessestopp.com\/hr\/wp-json\/wp\/v2\/product_tag?post=7011"}],"curies":[{"name":"wp","href":"https:\/\/api.w.org\/{rel}","templated":true}]}}