{"id":6998,"date":"2025-08-30T04:54:50","date_gmt":"2025-08-30T04:54:50","guid":{"rendered":"https:\/\/dersuessestopp.com\/?post_type=product&#038;p=6998"},"modified":"2025-08-30T05:37:54","modified_gmt":"2025-08-30T05:37:54","slug":"jedan-udarac","status":"publish","type":"product","link":"https:\/\/dersuessestopp.com\/hr\/product\/one-shot\/","title":{"rendered":"Jedan udarac"},"content":{"rendered":"<p data-start=\"175\" data-end=\"599\">The <strong data-start=\"179\" data-end=\"206\">Stroj za doziranje One Shot<\/strong> osmi\u0161ljen je kako bi revolucionirao proizvodnju pralina i punjene \u010dokolade kombiniraju\u0107i stvaranje ljuske i nadjeva u <strong data-start=\"323\" data-end=\"354\">jedinstveno, u\u010dinkovito djelovanje<\/strong>. Kori\u0161tenje ekskluzivnog <strong data-start=\"372\" data-end=\"395\">Tehnologija jednog udarca<\/strong>, istovremeno dozira i \u010dokoladnu ljusku i odabrani nadjev (krema, karamela, ganache ili drugi prikladni nadjev) - \u0161to rezultira zna\u010dajnim <strong data-start=\"548\" data-end=\"596\">u\u0161teda vremena, rada i tro\u0161kova proizvodnje<\/strong>.<\/p>\n<h4 data-start=\"601\" data-end=\"632\">Klju\u010dne zna\u010dajke i prednosti:<\/h4>\n<ul data-start=\"633\" data-end=\"1694\">\n<li data-start=\"633\" data-end=\"751\">\n<p data-start=\"635\" data-end=\"751\"><strong data-start=\"635\" data-end=\"658\">Proizvodnja u jednom koraku<\/strong> \u2013 Ljuska i nadjev se doziraju zajedno u jednom besprijekornom procesu, maksimiziraju\u0107i u\u010dinkovitost.<\/p>\n<\/li>\n<li data-start=\"752\" data-end=\"891\">\n<p data-start=\"754\" data-end=\"891\"><strong data-start=\"754\" data-end=\"769\">Visoki izlaz<\/strong> \u2013 Proizvodi do <strong data-start=\"787\" data-end=\"826\">80 kg punjenih \u010dokolada na sat<\/strong>, \u0161to ga \u010dini idealnim za srednje do velike slasti\u010darske pogone.<\/p>\n<\/li>\n<li data-start=\"892\" data-end=\"1042\">\n<p data-start=\"894\" data-end=\"1042\"><strong data-start=\"894\" data-end=\"920\">Pametno upravljanje softverom<\/strong> \u2013 Sadr\u017ei <strong data-start=\"934\" data-end=\"986\">grafi\u010dko su\u010delje s intuitivnim izbornikom recepata<\/strong>, \u0161to omogu\u0107uje jednostavno rukovanje i brz odabir proizvoda.<\/p>\n<\/li>\n<li data-start=\"1043\" data-end=\"1207\">\n<p data-start=\"1045\" data-end=\"1207\"><strong data-start=\"1045\" data-end=\"1070\">Vrhunska kvaliteta izrade<\/strong> \u2013 Izgra\u0111eno od <strong data-start=\"1090\" data-end=\"1120\">anodizirani kaljeni aluminij<\/strong> i <strong data-start=\"1125\" data-end=\"1144\">nehr\u0111aju\u0107i \u010delik<\/strong>, osiguravaju\u0107i trajnost, higijenu i dugotrajne performanse.<\/p>\n<\/li>\n<li data-start=\"1208\" data-end=\"1355\">\n<p data-start=\"1210\" data-end=\"1355\"><strong data-start=\"1210\" data-end=\"1241\">Jednostavno \u010di\u0161\u0107enje i odr\u017eavanje<\/strong> \u2013 Svaki dio stroja mo\u017ee se brzo ukloniti radi \u010di\u0161\u0107enja, a komponente se mogu prati u perilici posu\u0111a kako bi se smanjilo vrijeme zastoja.<\/p>\n<\/li>\n<li data-start=\"1356\" data-end=\"1537\">\n<p data-start=\"1358\" data-end=\"1537\"><strong data-start=\"1358\" data-end=\"1383\">Temperaturna stabilnost<\/strong> \u2013 Opremljen s <strong data-start=\"1400\" data-end=\"1445\">uklonjivi crveni silikonski otpornici za grijanje<\/strong> koje se mogu pri\u010dvrstiti na lijevke kako bi se odr\u017eala idealna temperatura \u010dokolade i punjenja.<\/p>\n<\/li>\n<li data-start=\"1538\" data-end=\"1694\">\n<p data-start=\"1540\" data-end=\"1694\"><strong data-start=\"1540\" data-end=\"1566\">Svestrane primjene<\/strong> \u2013 Savr\u0161eno za preciznu i konzistentnu proizvodnju pralina, tartufa i \u0161irokog spektra punjenih slasti\u010darskih proizvoda.<\/p>\n<\/li>\n<\/ul>\n<h4 data-start=\"1696\" data-end=\"1728\">Tehni\u010dke specifikacije:<\/h4>\n<ul data-start=\"1729\" data-end=\"1839\">\n<li data-start=\"1729\" data-end=\"1761\">\n<p data-start=\"1731\" data-end=\"1761\"><strong data-start=\"1731\" data-end=\"1749\">Kapacitet zdjele:<\/strong> 6 kg svaki<\/p>\n<\/li>\n<li data-start=\"1762\" data-end=\"1794\">\n<p data-start=\"1764\" data-end=\"1794\"><strong data-start=\"1764\" data-end=\"1784\">Kapacitet po satu:<\/strong> 80 kg\/h<\/p>\n<\/li>\n<li data-start=\"1795\" data-end=\"1839\">\n<p data-start=\"1797\" data-end=\"1839\"><strong data-start=\"1797\" data-end=\"1812\">Dimenzije:<\/strong> 1170 x 740 x 1360 mm (v)<\/p>\n<\/li>\n<\/ul>","protected":false},"excerpt":{"rendered":"<p>The One Shot dosing machine is designed to revolutionize praline and filled chocolate production by combining shell and filling creation into a single, efficient operation. Using exclusive One Shot technology, it doses both the chocolate shell and the chosen filling (cream, caramel, ganache, or other suitable fillings) simultaneously\u2014resulting in significant savings of time, labor, and [&hellip;]<\/p>\n","protected":false},"featured_media":6999,"comment_status":"open","ping_status":"closed","template":"","meta":[],"product_brand":[],"product_cat":[39],"product_tag":[],"class_list":{"0":"post-6998","1":"product","2":"type-product","3":"status-publish","4":"has-post-thumbnail","6":"product_cat-one-shot-line","8":"first","9":"instock","10":"shipping-taxable","11":"product-type-simple"},"_links":{"self":[{"href":"https:\/\/dersuessestopp.com\/hr\/wp-json\/wp\/v2\/product\/6998","targetHints":{"allow":["GET"]}}],"collection":[{"href":"https:\/\/dersuessestopp.com\/hr\/wp-json\/wp\/v2\/product"}],"about":[{"href":"https:\/\/dersuessestopp.com\/hr\/wp-json\/wp\/v2\/types\/product"}],"replies":[{"embeddable":true,"href":"https:\/\/dersuessestopp.com\/hr\/wp-json\/wp\/v2\/comments?post=6998"}],"version-history":[{"count":11,"href":"https:\/\/dersuessestopp.com\/hr\/wp-json\/wp\/v2\/product\/6998\/revisions"}],"predecessor-version":[{"id":7041,"href":"https:\/\/dersuessestopp.com\/hr\/wp-json\/wp\/v2\/product\/6998\/revisions\/7041"}],"wp:featuredmedia":[{"embeddable":true,"href":"https:\/\/dersuessestopp.com\/hr\/wp-json\/wp\/v2\/media\/6999"}],"wp:attachment":[{"href":"https:\/\/dersuessestopp.com\/hr\/wp-json\/wp\/v2\/media?parent=6998"}],"wp:term":[{"taxonomy":"product_brand","embeddable":true,"href":"https:\/\/dersuessestopp.com\/hr\/wp-json\/wp\/v2\/product_brand?post=6998"},{"taxonomy":"product_cat","embeddable":true,"href":"https:\/\/dersuessestopp.com\/hr\/wp-json\/wp\/v2\/product_cat?post=6998"},{"taxonomy":"product_tag","embeddable":true,"href":"https:\/\/dersuessestopp.com\/hr\/wp-json\/wp\/v2\/product_tag?post=6998"}],"curies":[{"name":"wp","href":"https:\/\/api.w.org\/{rel}","templated":true}]}}