{"id":6991,"date":"2025-08-29T10:16:52","date_gmt":"2025-08-29T10:16:52","guid":{"rendered":"https:\/\/dersuessestopp.com\/?post_type=product&#038;p=6991"},"modified":"2025-08-29T10:16:52","modified_gmt":"2025-08-29T10:16:52","slug":"soko","status":"publish","type":"product","link":"https:\/\/dersuessestopp.com\/hr\/product\/falco\/","title":{"rendered":"SOKOL"},"content":{"rendered":"<h3 data-start=\"61\" data-end=\"134\">Fotografski kvalitetni printer za hranu za slasti\u010darstvo<\/h3>\n<p data-start=\"136\" data-end=\"487\">The <strong data-start=\"140\" data-end=\"149\">SOKOL<\/strong> slasti\u010darski ploter dostavlja <strong data-start=\"181\" data-end=\"214\">ispis fotografske kvalitete<\/strong> izravno na gotovo svaku prehrambenu podlogu, \u0161to ga \u010dini idealnim rje\u0161enjem za obrtni\u010dke trgovine i lokalne slasti\u010dare koji \u017eele unaprijediti svoje proizvode precizno\u0161\u0107u i kreativno\u0161\u0107u. Kompaktan, ali sna\u017ean, nudi savr\u0161enu ravnote\u017eu kvalitete, u\u010dinkovitosti i pristupa\u010dne cijene.<\/p>\n<h4 data-start=\"489\" data-end=\"520\">Klju\u010dne zna\u010dajke i prednosti:<\/h4>\n<ul data-start=\"521\" data-end=\"1133\">\n<li data-start=\"521\" data-end=\"635\">\n<p data-start=\"523\" data-end=\"635\"><strong data-start=\"523\" data-end=\"553\">Kvaliteta fotografskog ispisa<\/strong> \u2013 Proizvodi o\u0161tre, \u017eive i detaljne slike s iznimnom to\u010dno\u0161\u0107u boja.<\/p>\n<\/li>\n<li data-start=\"636\" data-end=\"770\">\n<p data-start=\"638\" data-end=\"770\"><strong data-start=\"638\" data-end=\"670\">\u0160iroka kompatibilnost s podlogama<\/strong> \u2013 Ispisuje izravno na <strong data-start=\"692\" data-end=\"767\">kola\u010di, keksi, macaronsi, medenjaci, praline i ostale male poslastice<\/strong>.<\/p>\n<\/li>\n<li data-start=\"771\" data-end=\"875\">\n<p data-start=\"773\" data-end=\"875\"><strong data-start=\"773\" data-end=\"804\">Savr\u0161eno za personalizaciju<\/strong> \u2013 Omogu\u0107uje jedinstvene, prilago\u0111ene dizajne kako bi se svaki proizvod istaknuo.<\/p>\n<\/li>\n<li data-start=\"876\" data-end=\"1007\">\n<p data-start=\"878\" data-end=\"1007\"><strong data-start=\"878\" data-end=\"905\">Kompaktan i jednostavan za kori\u0161tenje<\/strong> \u2013 Dizajnirano za manje slasti\u010darnice, nude\u0107i jednostavno rukovanje bez ugro\u017eavanja kvalitete.<\/p>\n<\/li>\n<li data-start=\"1008\" data-end=\"1133\">\n<p data-start=\"1010\" data-end=\"1133\"><strong data-start=\"1010\" data-end=\"1033\">Pobolj\u0161ana kreativnost<\/strong> \u2013 Poma\u017ee obrtnicima da pro\u0161ire svoj asortiman proizvoda privla\u010dnim ukrasima koji privla\u010de kupce.<\/p>\n<\/li>\n<\/ul>\n<h4 data-start=\"1135\" data-end=\"1156\">Za koga je namijenjeno?<\/h4>\n<p data-start=\"1157\" data-end=\"1185\">FALCO je namijenjen za:<\/p>\n<ul data-start=\"1186\" data-end=\"1460\">\n<li data-start=\"1186\" data-end=\"1262\">\n<p data-start=\"1188\" data-end=\"1262\"><strong data-start=\"1188\" data-end=\"1213\">Manje obrtni\u010dke trgovine<\/strong> \u017eele dodati vrijednost personaliziranim slatki\u0161ima.<\/p>\n<\/li>\n<li data-start=\"1263\" data-end=\"1364\">\n<p data-start=\"1265\" data-end=\"1364\"><strong data-start=\"1265\" data-end=\"1303\">Lokalne slasti\u010darnice i pekare<\/strong> Tra\u017eite isplative, visokokvalitetne alate za ukra\u0161avanje?.<\/p>\n<\/li>\n<li data-start=\"1365\" data-end=\"1460\">\n<p data-start=\"1367\" data-end=\"1460\"><strong data-start=\"1367\" data-end=\"1407\">Proizvo\u0111a\u010di kola\u010di\u0107a i medenjaka<\/strong> s ciljem isticanja \u017eivopisnim, detaljnim otiscima.<\/p>\n<\/li>\n<\/ul>\n<h4 data-start=\"1462\" data-end=\"1486\">Za\u0161to odabrati FALCO?<\/h4>\n<p data-start=\"1487\" data-end=\"1747\">Svojom sposobno\u0161\u0107u kombiniranja <strong data-start=\"1515\" data-end=\"1541\">ispis fotokvalitete<\/strong> i <strong data-start=\"1546\" data-end=\"1584\">svestranost na vi\u0161e podloga<\/strong>, FALCO ploter za slastice savr\u0161ena je po\u010detna to\u010dka za profesionalce koji \u017eele <strong data-start=\"1675\" data-end=\"1744\">diferenciraju svoju ponudu, odu\u0161evljavaju kupce i pove\u0107avaju prodaju<\/strong>.<\/p>","protected":false},"excerpt":{"rendered":"<p>Photographic Quality Food Printer for Artisan Confectionery The FALCO confectionery plotter delivers photographic-quality printing directly onto almost any food substrate, making it the ideal solution for artisan shops and local confectioners who want to elevate their products with precision and creativity. Compact yet powerful, it offers a perfect balance of quality, efficiency, and affordability. Key [&hellip;]<\/p>\n","protected":false},"featured_media":6992,"comment_status":"open","ping_status":"closed","template":"","meta":[],"product_brand":[],"product_cat":[38],"product_tag":[],"class_list":{"0":"post-6991","1":"product","2":"type-product","3":"status-publish","4":"has-post-thumbnail","6":"product_cat-imago-food-printers","8":"first","9":"instock","10":"shipping-taxable","11":"product-type-simple"},"_links":{"self":[{"href":"https:\/\/dersuessestopp.com\/hr\/wp-json\/wp\/v2\/product\/6991","targetHints":{"allow":["GET"]}}],"collection":[{"href":"https:\/\/dersuessestopp.com\/hr\/wp-json\/wp\/v2\/product"}],"about":[{"href":"https:\/\/dersuessestopp.com\/hr\/wp-json\/wp\/v2\/types\/product"}],"replies":[{"embeddable":true,"href":"https:\/\/dersuessestopp.com\/hr\/wp-json\/wp\/v2\/comments?post=6991"}],"version-history":[{"count":1,"href":"https:\/\/dersuessestopp.com\/hr\/wp-json\/wp\/v2\/product\/6991\/revisions"}],"predecessor-version":[{"id":6994,"href":"https:\/\/dersuessestopp.com\/hr\/wp-json\/wp\/v2\/product\/6991\/revisions\/6994"}],"wp:featuredmedia":[{"embeddable":true,"href":"https:\/\/dersuessestopp.com\/hr\/wp-json\/wp\/v2\/media\/6992"}],"wp:attachment":[{"href":"https:\/\/dersuessestopp.com\/hr\/wp-json\/wp\/v2\/media?parent=6991"}],"wp:term":[{"taxonomy":"product_brand","embeddable":true,"href":"https:\/\/dersuessestopp.com\/hr\/wp-json\/wp\/v2\/product_brand?post=6991"},{"taxonomy":"product_cat","embeddable":true,"href":"https:\/\/dersuessestopp.com\/hr\/wp-json\/wp\/v2\/product_cat?post=6991"},{"taxonomy":"product_tag","embeddable":true,"href":"https:\/\/dersuessestopp.com\/hr\/wp-json\/wp\/v2\/product_tag?post=6991"}],"curies":[{"name":"wp","href":"https:\/\/api.w.org\/{rel}","templated":true}]}}