{"id":6987,"date":"2025-08-29T10:12:43","date_gmt":"2025-08-29T10:12:43","guid":{"rendered":"https:\/\/dersuessestopp.com\/?post_type=product&#038;p=6987"},"modified":"2025-08-29T10:12:43","modified_gmt":"2025-08-29T10:12:43","slug":"vulpes","status":"publish","type":"product","link":"https:\/\/dersuessestopp.com\/hr\/product\/vulpes\/","title":{"rendered":"VULPES"},"content":{"rendered":"<h3 data-start=\"61\" data-end=\"134\">Profesionalni ploter za slastice za maksimalnu svestranost<\/h3>\n<p data-start=\"136\" data-end=\"484\">The <strong data-start=\"140\" data-end=\"150\">VULPES<\/strong> Printer za hranu tvrtke IMAGO je profesionalno rje\u0161enje koje kombinira <strong data-start=\"220\" data-end=\"275\">visokokvalitetni ispis, jednostavnost kori\u0161tenja i svestranost<\/strong> za modernu proizvodnju slastica. Dizajniran s <strong data-start=\"329\" data-end=\"351\">veliko radno podru\u010dje<\/strong> i intuitivnim upravljanjem, omogu\u0107uje slasti\u010darima u\u010dinkovito skaliranje proizvodnje, a istovremeno nudi neograni\u010dene kreativne mogu\u0107nosti.<\/p>\n<h4 data-start=\"486\" data-end=\"517\">Klju\u010dne zna\u010dajke i prednosti:<\/h4>\n<ul data-start=\"518\" data-end=\"1225\">\n<li data-start=\"518\" data-end=\"655\">\n<p data-start=\"520\" data-end=\"655\"><strong data-start=\"520\" data-end=\"545\">Visokokvalitetni ispis<\/strong> \u2013 Pru\u017ea o\u0161tre, \u017eive i detaljne ukrase izravno na \u0161irokom rasponu slasti\u010darskih podloga.<\/p>\n<\/li>\n<li data-start=\"656\" data-end=\"817\">\n<p data-start=\"658\" data-end=\"817\"><strong data-start=\"658\" data-end=\"682\">Svestranost u velikim razmjerima<\/strong> \u2013 Pogodno za ukra\u0161avanje <strong data-start=\"709\" data-end=\"772\">veliki kola\u010di, keksi, praline, macaronsi i monoporacije<\/strong> i u malim serijama i u masovnoj proizvodnji.<\/p>\n<\/li>\n<li data-start=\"818\" data-end=\"936\">\n<p data-start=\"820\" data-end=\"936\"><strong data-start=\"820\" data-end=\"842\">U\u010dinkovitost i brzina<\/strong> \u2013 Velika radna povr\u0161ina omogu\u0107uje ukra\u0161avanje vi\u0161e predmeta odjednom, pove\u0107avaju\u0107i produktivnost.<\/p>\n<\/li>\n<li data-start=\"937\" data-end=\"1086\">\n<p data-start=\"939\" data-end=\"1086\"><strong data-start=\"939\" data-end=\"971\">Personalizacija i kreativnost<\/strong> \u2013 Omogu\u0107uje originalne, prilago\u0111ene dizajne koji poma\u017eu slasti\u010darnicama i pekarnicama da se istaknu na konkurentnom tr\u017ei\u0161tu.<\/p>\n<\/li>\n<li data-start=\"1087\" data-end=\"1225\">\n<p data-start=\"1089\" data-end=\"1225\"><strong data-start=\"1089\" data-end=\"1116\">Jednostavno kori\u0161tenje<\/strong> \u2013 Intuitivne kontrole olak\u0161avaju integraciju u profesionalne kuhinje i industrijske proizvodne linije.<\/p>\n<\/li>\n<\/ul>\n<h4 data-start=\"1227\" data-end=\"1248\">Za koga je namijenjeno?<\/h4>\n<p data-start=\"1249\" data-end=\"1275\">VULPES je idealan za:<\/p>\n<ul data-start=\"1276\" data-end=\"1558\">\n<li data-start=\"1276\" data-end=\"1363\">\n<p data-start=\"1278\" data-end=\"1363\"><strong data-start=\"1278\" data-end=\"1325\">Profesionalni slasti\u010dari i kuhari za kola\u010de<\/strong> tra\u017ee\u0107i svestrane alate za ukra\u0161avanje.<\/p>\n<\/li>\n<li data-start=\"1364\" data-end=\"1463\">\n<p data-start=\"1366\" data-end=\"1463\"><strong data-start=\"1366\" data-end=\"1398\">Slasti\u010darnice i pekare<\/strong> \u017eele personalizirati proizvode i pro\u0161iriti kreativnu ponudu.<\/p>\n<\/li>\n<li data-start=\"1464\" data-end=\"1558\">\n<p data-start=\"1466\" data-end=\"1558\"><strong data-start=\"1466\" data-end=\"1491\">Proizvodni pogoni<\/strong> s ciljem pove\u0107anja proizvodnje uz odr\u017eavanje najvi\u0161e kvalitete.<\/p>\n<\/li>\n<\/ul>\n<h4 data-start=\"1560\" data-end=\"1585\">Za\u0161to odabrati VULPES?<\/h4>\n<p data-start=\"1586\" data-end=\"1886\">Svojom kombinacijom <strong data-start=\"1610\" data-end=\"1661\">preciznost ispisa, svestranost i u\u010dinkovitost<\/strong>, VULPES ploter za slastice ubrzava proizvodnju i istovremeno otklju\u010dava nove kreativne mogu\u0107nosti. Savr\u0161en je izbor za profesionalce koji \u017eele <strong data-start=\"1817\" data-end=\"1855\">spojite umjetnost s produktivno\u0161\u0107u<\/strong> u ukra\u0161avanju slastica.<\/p>","protected":false},"excerpt":{"rendered":"<p>Professional Confectionery Plotter for Maximum Versatility The VULPES food printer by IMAGO is a professional-grade solution that combines high-quality printing, ease of use, and versatility for modern confectionery production. Designed with a large working area and intuitive operation, it enables confectioners to scale production efficiently while offering limitless creative possibilities. Key Features &amp; Benefits: High-Quality [&hellip;]<\/p>\n","protected":false},"featured_media":6989,"comment_status":"open","ping_status":"closed","template":"","meta":[],"product_brand":[],"product_cat":[38],"product_tag":[],"class_list":{"0":"post-6987","1":"product","2":"type-product","3":"status-publish","4":"has-post-thumbnail","6":"product_cat-imago-food-printers","8":"first","9":"instock","10":"shipping-taxable","11":"product-type-simple"},"_links":{"self":[{"href":"https:\/\/dersuessestopp.com\/hr\/wp-json\/wp\/v2\/product\/6987","targetHints":{"allow":["GET"]}}],"collection":[{"href":"https:\/\/dersuessestopp.com\/hr\/wp-json\/wp\/v2\/product"}],"about":[{"href":"https:\/\/dersuessestopp.com\/hr\/wp-json\/wp\/v2\/types\/product"}],"replies":[{"embeddable":true,"href":"https:\/\/dersuessestopp.com\/hr\/wp-json\/wp\/v2\/comments?post=6987"}],"version-history":[{"count":1,"href":"https:\/\/dersuessestopp.com\/hr\/wp-json\/wp\/v2\/product\/6987\/revisions"}],"predecessor-version":[{"id":6990,"href":"https:\/\/dersuessestopp.com\/hr\/wp-json\/wp\/v2\/product\/6987\/revisions\/6990"}],"wp:featuredmedia":[{"embeddable":true,"href":"https:\/\/dersuessestopp.com\/hr\/wp-json\/wp\/v2\/media\/6989"}],"wp:attachment":[{"href":"https:\/\/dersuessestopp.com\/hr\/wp-json\/wp\/v2\/media?parent=6987"}],"wp:term":[{"taxonomy":"product_brand","embeddable":true,"href":"https:\/\/dersuessestopp.com\/hr\/wp-json\/wp\/v2\/product_brand?post=6987"},{"taxonomy":"product_cat","embeddable":true,"href":"https:\/\/dersuessestopp.com\/hr\/wp-json\/wp\/v2\/product_cat?post=6987"},{"taxonomy":"product_tag","embeddable":true,"href":"https:\/\/dersuessestopp.com\/hr\/wp-json\/wp\/v2\/product_tag?post=6987"}],"curies":[{"name":"wp","href":"https:\/\/api.w.org\/{rel}","templated":true}]}}