{"id":6983,"date":"2025-08-29T10:03:40","date_gmt":"2025-08-29T10:03:40","guid":{"rendered":"https:\/\/dersuessestopp.com\/?post_type=product&#038;p=6983"},"modified":"2025-08-29T10:03:40","modified_gmt":"2025-08-29T10:03:40","slug":"vulpes-cf-32-65-pro","status":"publish","type":"product","link":"https:\/\/dersuessestopp.com\/hr\/product\/vulpes-cf-32-65-pro\/","title":{"rendered":"VULPES CF-32.65 PRO"},"content":{"rendered":"<h3 data-start=\"92\" data-end=\"155\">Redefiniranje industrijskog tiska hrane<\/h3>\n<p data-start=\"157\" data-end=\"517\">The <strong data-start=\"161\" data-end=\"184\">VULPES CF-32.65 PRO<\/strong> je sljede\u0107a generacija <strong data-start=\"206\" data-end=\"242\">industrijski ploter za slastice<\/strong> dizajniran za revoluciju ukra\u0161avanja hrane. Razvijen od strane IMAGO-a, ovaj inovativni ure\u0111aj nadilazi standardni ispis - zahvaljuju\u0107i svom <strong data-start=\"373\" data-end=\"432\">ugra\u0111eni sustav za aktiviranje slasti\u010darskih podloga<\/strong>, osigurava <strong data-start=\"449\" data-end=\"494\">najvi\u0161a kvaliteta, trajnost i \u017eivost<\/strong> svakog ukrasa.<\/p>\n<h4 data-start=\"519\" data-end=\"550\">Klju\u010dne zna\u010dajke i prednosti:<\/h4>\n<ul data-start=\"551\" data-end=\"1268\">\n<li data-start=\"551\" data-end=\"729\">\n<p data-start=\"553\" data-end=\"729\"><strong data-start=\"553\" data-end=\"588\">Tehnologija aktivacije supstrata<\/strong> \u2013 Jedinstveni ugra\u0111eni sustav koji pobolj\u0161ava povr\u0161ine slastica prije tiska, osiguravaju\u0107i <strong data-start=\"679\" data-end=\"726\">savr\u0161eno prianjanje, o\u0161trina i trajnost<\/strong>.<\/p>\n<\/li>\n<li data-start=\"730\" data-end=\"855\">\n<p data-start=\"732\" data-end=\"855\"><strong data-start=\"732\" data-end=\"759\">Neusporediva kvaliteta ispisa<\/strong> \u2013 Jam\u010di \u017eivopisne, dugotrajne ukrase na tortama, kola\u010di\u0107ima, \u010dokoladama i drugim slasticama.<\/p>\n<\/li>\n<li data-start=\"856\" data-end=\"1005\">\n<p data-start=\"858\" data-end=\"1005\"><strong data-start=\"858\" data-end=\"889\">U\u010dinkovitost industrijske razine<\/strong> \u2013 Projektirano za <strong data-start=\"907\" data-end=\"952\">velike slasti\u010darnice i tvornice<\/strong>, gdje je dosljedno visoka kvaliteta ispisa klju\u010dna.<\/p>\n<\/li>\n<li data-start=\"1006\" data-end=\"1132\">\n<p data-start=\"1008\" data-end=\"1132\"><strong data-start=\"1008\" data-end=\"1033\">Precizno in\u017eenjerstvo<\/strong> \u2013 Pru\u017ea besprijekorne detalje, dubinu boja i ujedna\u010dene rezultate u velikim proizvodnim serijama.<\/p>\n<\/li>\n<li data-start=\"1133\" data-end=\"1268\">\n<p data-start=\"1135\" data-end=\"1268\"><strong data-start=\"1135\" data-end=\"1161\">Inovacija u svojoj sr\u017ei<\/strong> \u2013 Kombinira dekoraciju s inteligentnom pripremom podloge, postavljaju\u0107i novi standard za tisak hrane.<\/p>\n<\/li>\n<\/ul>\n<h4 data-start=\"1270\" data-end=\"1291\">Za koga je namijenjeno?<\/h4>\n<p data-start=\"1292\" data-end=\"1331\">VULPES CF-32.65 PRO je idealan za:<\/p>\n<ul data-start=\"1332\" data-end=\"1612\">\n<li data-start=\"1332\" data-end=\"1412\">\n<p data-start=\"1334\" data-end=\"1412\"><strong data-start=\"1334\" data-end=\"1367\">Velike tvrtke za proizvodnju slastica<\/strong> zahtijevaju\u0107i maksimalnu kvalitetu i pouzdanost.<\/p>\n<\/li>\n<li data-start=\"1413\" data-end=\"1514\">\n<p data-start=\"1415\" data-end=\"1514\"><strong data-start=\"1415\" data-end=\"1439\">Industrijske tvornice<\/strong> \u017eele\u0107i pove\u0107ati proizvodnju uz osiguranje vrhunskih standarda ukra\u0161avanja.<\/p>\n<\/li>\n<li data-start=\"1515\" data-end=\"1612\">\n<p data-start=\"1517\" data-end=\"1612\">Tvrtke koje \u017eele <strong data-start=\"1541\" data-end=\"1609\">unaprijediti svoj proces tiska hrane najsuvremenijom tehnologijom<\/strong>.<\/p>\n<\/li>\n<\/ul>\n<h4 data-start=\"1614\" data-end=\"1652\">Za\u0161to odabrati VULPES CF-32.65 PRO?<\/h4>\n<p data-start=\"1653\" data-end=\"1997\">Za razliku od tradicionalnih printera za hranu, VULPES CF-32.65 PRO ne samo da ukra\u0161ava - on <strong data-start=\"1736\" data-end=\"1790\">optimizira i priprema svaki proizvod za dekoraciju<\/strong>, \u0161to jam\u010di vizualno upe\u010datljive i dugotrajne rezultate. Za tvrtke koje cijene <strong data-start=\"1884\" data-end=\"1934\">kvaliteta, inovacija i u\u010dinkovitost proizvodnje<\/strong>, to je ultimativni izbor u modernom tisku slastica.<\/p>","protected":false},"excerpt":{"rendered":"<p>Redefining Industrial Food Printing The VULPES CF-32.65 PRO is a next-generation industrial confectionery plotter designed to revolutionize food decoration. Developed by IMAGO, this innovative device goes beyond standard printing\u2014thanks to its built-in system for activating confectionery substrates, it ensures the highest quality, durability, and vibrancy of every decoration. Key Features &amp; Benefits: Substrate Activation Technology [&hellip;]<\/p>\n","protected":false},"featured_media":6984,"comment_status":"open","ping_status":"closed","template":"","meta":[],"product_brand":[],"product_cat":[38],"product_tag":[],"class_list":{"0":"post-6983","1":"product","2":"type-product","3":"status-publish","4":"has-post-thumbnail","6":"product_cat-imago-food-printers","8":"first","9":"instock","10":"shipping-taxable","11":"product-type-simple"},"_links":{"self":[{"href":"https:\/\/dersuessestopp.com\/hr\/wp-json\/wp\/v2\/product\/6983","targetHints":{"allow":["GET"]}}],"collection":[{"href":"https:\/\/dersuessestopp.com\/hr\/wp-json\/wp\/v2\/product"}],"about":[{"href":"https:\/\/dersuessestopp.com\/hr\/wp-json\/wp\/v2\/types\/product"}],"replies":[{"embeddable":true,"href":"https:\/\/dersuessestopp.com\/hr\/wp-json\/wp\/v2\/comments?post=6983"}],"version-history":[{"count":1,"href":"https:\/\/dersuessestopp.com\/hr\/wp-json\/wp\/v2\/product\/6983\/revisions"}],"predecessor-version":[{"id":6986,"href":"https:\/\/dersuessestopp.com\/hr\/wp-json\/wp\/v2\/product\/6983\/revisions\/6986"}],"wp:featuredmedia":[{"embeddable":true,"href":"https:\/\/dersuessestopp.com\/hr\/wp-json\/wp\/v2\/media\/6984"}],"wp:attachment":[{"href":"https:\/\/dersuessestopp.com\/hr\/wp-json\/wp\/v2\/media?parent=6983"}],"wp:term":[{"taxonomy":"product_brand","embeddable":true,"href":"https:\/\/dersuessestopp.com\/hr\/wp-json\/wp\/v2\/product_brand?post=6983"},{"taxonomy":"product_cat","embeddable":true,"href":"https:\/\/dersuessestopp.com\/hr\/wp-json\/wp\/v2\/product_cat?post=6983"},{"taxonomy":"product_tag","embeddable":true,"href":"https:\/\/dersuessestopp.com\/hr\/wp-json\/wp\/v2\/product_tag?post=6983"}],"curies":[{"name":"wp","href":"https:\/\/api.w.org\/{rel}","templated":true}]}}