{"id":6979,"date":"2025-08-29T09:57:41","date_gmt":"2025-08-29T09:57:41","guid":{"rendered":"https:\/\/dersuessestopp.com\/?post_type=product&#038;p=6979"},"modified":"2025-08-29T09:59:55","modified_gmt":"2025-08-29T09:59:55","slug":"vipera-cs-33","status":"publish","type":"product","link":"https:\/\/dersuessestopp.com\/hr\/product\/vipera-cs-33\/","title":{"rendered":"VIPERA CS-33"},"content":{"rendered":"<h3 data-start=\"68\" data-end=\"124\">Najbr\u017ei industrijski pisa\u010d za hranu<\/h3>\n<p data-start=\"126\" data-end=\"389\">The <strong data-start=\"130\" data-end=\"146\">VIPERA CS-33<\/strong> je <strong data-start=\"153\" data-end=\"186\">ekspresni tiskar slastica<\/strong> projektiran za industrijsku proizvodnju slatki\u0161a. S najsuvremenijom <strong data-start=\"255\" data-end=\"290\">tehnologija jednoprolaznog ispisa<\/strong>, posti\u017ee neusporedivu brzinu i u\u010dinkovitost, postavljaju\u0107i novi standard u ukra\u0161avanju slastica.<\/p>\n<h4 data-start=\"391\" data-end=\"422\">Klju\u010dne zna\u010dajke i prednosti:<\/h4>\n<ul data-start=\"423\" data-end=\"1065\">\n<li data-start=\"423\" data-end=\"540\">\n<p data-start=\"425\" data-end=\"540\"><strong data-start=\"425\" data-end=\"444\">Neusporediva brzina<\/strong> \u2013 Ispisuje do <strong data-start=\"460\" data-end=\"487\">30.000 kola\u010di\u0107a na sat<\/strong>, \u0161to ga \u010dini najbr\u017eim printerom za hranu na tr\u017ei\u0161tu.<\/p>\n<\/li>\n<li data-start=\"541\" data-end=\"685\">\n<p data-start=\"543\" data-end=\"685\"><strong data-start=\"543\" data-end=\"575\">Industrijske performanse<\/strong> \u2013 Dizajnirano za <strong data-start=\"591\" data-end=\"629\">kontinuirana, velikoserijska proizvodnja<\/strong> od kola\u010di\u0107a, torti, \u010dokolada i ostalih pekarskih proizvoda.<\/p>\n<\/li>\n<li data-start=\"686\" data-end=\"832\">\n<p data-start=\"688\" data-end=\"832\"><strong data-start=\"688\" data-end=\"714\">Tehnologija jednog prolaza<\/strong> \u2013 Pru\u017ea o\u0161tre, visokokvalitetne otiske jednim potezom, smanjuju\u0107i vrijeme proizvodnje i osiguravaju\u0107i dosljedne rezultate.<\/p>\n<\/li>\n<li data-start=\"833\" data-end=\"939\">\n<p data-start=\"835\" data-end=\"939\"><strong data-start=\"835\" data-end=\"864\">U\u010dinkovitost i u\u0161tede tro\u0161kova<\/strong> \u2013 Maksimizira u\u010dinak uz minimiziranje operativnih tro\u0161kova, rada i otpada.<\/p>\n<\/li>\n<li data-start=\"940\" data-end=\"1065\">\n<p data-start=\"942\" data-end=\"1065\"><strong data-start=\"942\" data-end=\"968\">Svestrane primjene<\/strong> \u2013 Savr\u0161eno za precizno ukra\u0161avanje kola\u010di\u0107a, keksa, torti, makrona i ostalih slastica.<\/p>\n<\/li>\n<\/ul>\n<h4 data-start=\"1067\" data-end=\"1088\">Za koga je namijenjeno?<\/h4>\n<p data-start=\"1089\" data-end=\"1121\">VIPERA CS-33 je idealan za:<\/p>\n<ul data-start=\"1122\" data-end=\"1367\">\n<li data-start=\"1122\" data-end=\"1178\">\n<p data-start=\"1124\" data-end=\"1178\"><strong data-start=\"1124\" data-end=\"1148\">Tvornice slastica<\/strong> proizvodnju u velikim razmjerima.<\/p>\n<\/li>\n<li data-start=\"1179\" data-end=\"1271\">\n<p data-start=\"1181\" data-end=\"1271\"><strong data-start=\"1181\" data-end=\"1215\">Proizvo\u0111a\u010di industrijskih slatki\u0161a<\/strong> nastoje\u0107i spojiti brzinu s beskompromisnom kvalitetom.<\/p>\n<\/li>\n<li data-start=\"1272\" data-end=\"1367\">\n<p data-start=\"1274\" data-end=\"1367\">Tvrtke kojima je potrebno <strong data-start=\"1295\" data-end=\"1364\">visokoobimna, pouzdana i isplativa rje\u0161enja za tisak hrane<\/strong>.<\/p>\n<\/li>\n<\/ul>\n<h4 data-start=\"1369\" data-end=\"1400\">Za\u0161to odabrati VIPERA CS-33?<\/h4>\n<p data-start=\"1401\" data-end=\"1691\">Ako vam je cilj <strong data-start=\"1420\" data-end=\"1507\">pove\u0107ati u\u010dinkovitost, smanjiti tro\u0161kove i ostati korak ispred na konkurentnom tr\u017ei\u0161tu slasti\u010darskih proizvoda<\/strong>, VIPERA CS-33 je ultimativno rje\u0161enje. Njegova brzina i preciznost omogu\u0107uju proizvo\u0111a\u010dima da pove\u0107aju proizvodnju, a istovremeno dosljedno isporu\u010duju vizualno zapanjuju\u0107e, visokokvalitetne proizvode.<\/p>","protected":false},"excerpt":{"rendered":"<p>The Fastest Industrial Food Printer The VIPERA CS-33 is an express confectionery printer engineered for industrial-scale sweet production. With cutting-edge single-pass printing technology, it achieves unmatched speed and efficiency, setting a new standard in confectionery decoration. Key Features &amp; Benefits: Unrivaled Speed \u2013 Prints up to 30,000 cookies per hour, making it the fastest food [&hellip;]<\/p>\n","protected":false},"featured_media":6980,"comment_status":"open","ping_status":"closed","template":"","meta":[],"product_brand":[],"product_cat":[38],"product_tag":[],"class_list":{"0":"post-6979","1":"product","2":"type-product","3":"status-publish","4":"has-post-thumbnail","6":"product_cat-imago-food-printers","8":"first","9":"instock","10":"shipping-taxable","11":"product-type-simple"},"_links":{"self":[{"href":"https:\/\/dersuessestopp.com\/hr\/wp-json\/wp\/v2\/product\/6979","targetHints":{"allow":["GET"]}}],"collection":[{"href":"https:\/\/dersuessestopp.com\/hr\/wp-json\/wp\/v2\/product"}],"about":[{"href":"https:\/\/dersuessestopp.com\/hr\/wp-json\/wp\/v2\/types\/product"}],"replies":[{"embeddable":true,"href":"https:\/\/dersuessestopp.com\/hr\/wp-json\/wp\/v2\/comments?post=6979"}],"version-history":[{"count":1,"href":"https:\/\/dersuessestopp.com\/hr\/wp-json\/wp\/v2\/product\/6979\/revisions"}],"predecessor-version":[{"id":6982,"href":"https:\/\/dersuessestopp.com\/hr\/wp-json\/wp\/v2\/product\/6979\/revisions\/6982"}],"wp:featuredmedia":[{"embeddable":true,"href":"https:\/\/dersuessestopp.com\/hr\/wp-json\/wp\/v2\/media\/6980"}],"wp:attachment":[{"href":"https:\/\/dersuessestopp.com\/hr\/wp-json\/wp\/v2\/media?parent=6979"}],"wp:term":[{"taxonomy":"product_brand","embeddable":true,"href":"https:\/\/dersuessestopp.com\/hr\/wp-json\/wp\/v2\/product_brand?post=6979"},{"taxonomy":"product_cat","embeddable":true,"href":"https:\/\/dersuessestopp.com\/hr\/wp-json\/wp\/v2\/product_cat?post=6979"},{"taxonomy":"product_tag","embeddable":true,"href":"https:\/\/dersuessestopp.com\/hr\/wp-json\/wp\/v2\/product_tag?post=6979"}],"curies":[{"name":"wp","href":"https:\/\/api.w.org\/{rel}","templated":true}]}}