{"id":6975,"date":"2025-08-29T09:53:17","date_gmt":"2025-08-29T09:53:17","guid":{"rendered":"https:\/\/dersuessestopp.com\/?post_type=product&#038;p=6975"},"modified":"2025-08-29T09:53:18","modified_gmt":"2025-08-29T09:53:18","slug":"jantar-cf-40-63","status":"publish","type":"product","link":"https:\/\/dersuessestopp.com\/hr\/product\/amber-cf-40-63\/","title":{"rendered":"AMBER CF-40.63"},"content":{"rendered":"<h3 data-start=\"86\" data-end=\"173\">Industrijski ploter za slastice za visokou\u010dinkovitu proizvodnju<\/h3>\n<p data-start=\"175\" data-end=\"529\">The <strong data-start=\"179\" data-end=\"197\">AMBER CF-40.63<\/strong> je najsuvremeniji industrijski ploter za slatki\u0161e, izgra\u0111en za pru\u017eanje neusporedivih rezultata <strong data-start=\"280\" data-end=\"321\">u\u010dinkovitost, preciznost i automatizacija<\/strong> za proizvodnju slastica velikih razmjera. Dizajnirano posebno za <strong data-start=\"390\" data-end=\"442\">tvornice slastica i industrijski proizvo\u0111a\u010di<\/strong>, nudi pouzdano rje\u0161enje za izradu profesionalnih ukrasa u velikim razmjerima.<\/p>\n<h4 data-start=\"531\" data-end=\"562\">Klju\u010dne zna\u010dajke i prednosti:<\/h4>\n<ul data-start=\"563\" data-end=\"1286\">\n<li data-start=\"563\" data-end=\"708\">\n<p data-start=\"565\" data-end=\"708\"><strong data-start=\"565\" data-end=\"591\">Brze performanse<\/strong> \u2013 Ispis do <strong data-start=\"606\" data-end=\"650\">4.800 makrona (promjera 5 cm) na sat<\/strong>, \u0161to osigurava brzu proizvodnju bez ugro\u017eavanja kvalitete.<\/p>\n<\/li>\n<li data-start=\"709\" data-end=\"889\">\n<p data-start=\"711\" data-end=\"889\"><strong data-start=\"711\" data-end=\"745\">Napredna tehnologija glave za ispis<\/strong> \u2013 Opremljen najnovijom industrijskom glavom za ispis <strong data-start=\"799\" data-end=\"841\">iznimna to\u010dnost i o\u0161tri detalji<\/strong> na kola\u010dima, keksima, makronima i \u010dokoladama.<\/p>\n<\/li>\n<li data-start=\"890\" data-end=\"1019\">\n<p data-start=\"892\" data-end=\"1019\"><strong data-start=\"892\" data-end=\"914\">Dosljedni rezultati<\/strong> \u2013 Jam\u010di ujedna\u010den tisak s savr\u0161enim poravnanjem, precizno\u0161\u0107u boja i visokom trajno\u0161\u0107u dizajna.<\/p>\n<\/li>\n<li data-start=\"1020\" data-end=\"1169\">\n<p data-start=\"1022\" data-end=\"1169\"><strong data-start=\"1022\" data-end=\"1049\">Automatizacija i u\u010dinkovitost<\/strong> \u2013 Smanjuje ru\u010dni rad uz odr\u017eavanje visoke propusnosti, poma\u017eu\u0107i proizvo\u0111a\u010dima slastica da pro\u0161ire svoje poslovanje.<\/p>\n<\/li>\n<li data-start=\"1170\" data-end=\"1286\">\n<p data-start=\"1172\" data-end=\"1286\"><strong data-start=\"1172\" data-end=\"1202\">\u0160irok raspon primjena<\/strong> \u2013 Idealno za ukra\u0161avanje torti, kola\u010di\u0107a, keksa, \u010dokolada, makrona i jo\u0161 mnogo toga.<\/p>\n<\/li>\n<\/ul>\n<h4 data-start=\"1288\" data-end=\"1309\">Za koga je namijenjeno?<\/h4>\n<p data-start=\"1310\" data-end=\"1347\">AMBER CF-40.63 je dizajniran za:<\/p>\n<ul data-start=\"1348\" data-end=\"1604\">\n<li data-start=\"1348\" data-end=\"1419\">\n<p data-start=\"1350\" data-end=\"1419\"><strong data-start=\"1350\" data-end=\"1377\">Tvornice slastica<\/strong> nastoje\u0107i pove\u0107ati u\u010dinkovitost proizvodnje.<\/p>\n<\/li>\n<li data-start=\"1420\" data-end=\"1517\">\n<p data-start=\"1422\" data-end=\"1517\"><strong data-start=\"1422\" data-end=\"1460\">Proizvo\u0111a\u010di industrijskih slastica<\/strong> cilj je posti\u0107i dosljedan, visokokvalitetan dekorativni u\u010dinak.<\/p>\n<\/li>\n<li data-start=\"1518\" data-end=\"1604\">\n<p data-start=\"1520\" data-end=\"1604\">Tvrtke koje se \u017eele udru\u017eiti <strong data-start=\"1552\" data-end=\"1601\">kreativnost s produktivno\u0161\u0107u industrijskih razmjera<\/strong>.<\/p>\n<\/li>\n<\/ul>\n<h4 data-start=\"1606\" data-end=\"1643\">Za\u0161to odabrati AMBER CF-40.63?<\/h4>\n<p data-start=\"1644\" data-end=\"1934\">Svojom kombinacijom brzine, preciznosti i automatizacije, AMBER CF-40.63 je vrhunski alat za industrijsko ukra\u0161avanje slastica. Omogu\u0107uje proizvo\u0111a\u010dima da zadovolje visoku tr\u017ei\u0161nu potra\u017enju, a istovremeno isporu\u010duju proizvode koji se isti\u010du po svojoj... <strong data-start=\"1887\" data-end=\"1931\">estetska privla\u010dnost i dosljednost kvalitete<\/strong>.<\/p>","protected":false},"excerpt":{"rendered":"<p>Industrial Confectionery Plotter for High-Performance Production The AMBER CF-40.63 is a state-of-the-art industrial confectionery plotter built to deliver unmatched efficiency, precision, and automation for large-scale confectionery production. Designed specifically for confectionery factories and industrial producers, it offers a reliable solution for creating professional-grade decorations at scale. Key Features &amp; Benefits: High-Speed Performance \u2013 Print up [&hellip;]<\/p>\n","protected":false},"featured_media":6976,"comment_status":"open","ping_status":"closed","template":"","meta":[],"product_brand":[],"product_cat":[38],"product_tag":[],"class_list":{"0":"post-6975","1":"product","2":"type-product","3":"status-publish","4":"has-post-thumbnail","6":"product_cat-imago-food-printers","8":"first","9":"instock","10":"shipping-taxable","11":"product-type-simple"},"_links":{"self":[{"href":"https:\/\/dersuessestopp.com\/hr\/wp-json\/wp\/v2\/product\/6975","targetHints":{"allow":["GET"]}}],"collection":[{"href":"https:\/\/dersuessestopp.com\/hr\/wp-json\/wp\/v2\/product"}],"about":[{"href":"https:\/\/dersuessestopp.com\/hr\/wp-json\/wp\/v2\/types\/product"}],"replies":[{"embeddable":true,"href":"https:\/\/dersuessestopp.com\/hr\/wp-json\/wp\/v2\/comments?post=6975"}],"version-history":[{"count":1,"href":"https:\/\/dersuessestopp.com\/hr\/wp-json\/wp\/v2\/product\/6975\/revisions"}],"predecessor-version":[{"id":6978,"href":"https:\/\/dersuessestopp.com\/hr\/wp-json\/wp\/v2\/product\/6975\/revisions\/6978"}],"wp:featuredmedia":[{"embeddable":true,"href":"https:\/\/dersuessestopp.com\/hr\/wp-json\/wp\/v2\/media\/6976"}],"wp:attachment":[{"href":"https:\/\/dersuessestopp.com\/hr\/wp-json\/wp\/v2\/media?parent=6975"}],"wp:term":[{"taxonomy":"product_brand","embeddable":true,"href":"https:\/\/dersuessestopp.com\/hr\/wp-json\/wp\/v2\/product_brand?post=6975"},{"taxonomy":"product_cat","embeddable":true,"href":"https:\/\/dersuessestopp.com\/hr\/wp-json\/wp\/v2\/product_cat?post=6975"},{"taxonomy":"product_tag","embeddable":true,"href":"https:\/\/dersuessestopp.com\/hr\/wp-json\/wp\/v2\/product_tag?post=6975"}],"curies":[{"name":"wp","href":"https:\/\/api.w.org\/{rel}","templated":true}]}}