{"id":6960,"date":"2025-08-29T09:04:00","date_gmt":"2025-08-29T09:04:00","guid":{"rendered":"https:\/\/dersuessestopp.com\/?post_type=product&#038;p=6960"},"modified":"2025-09-24T19:58:36","modified_gmt":"2025-09-24T19:58:36","slug":"nissei-power-pro-brzina-i-ucinkovitost","status":"publish","type":"product","link":"https:\/\/dersuessestopp.com\/hr\/product\/nissei-power-pro-speed-and-efficiency\/","title":{"rendered":"Nissei Power Pro \u2013 Brzina i u\u010dinkovitost"},"content":{"rendered":"<div data-breakout=\"normal\">\n<p id=\"viewer-e9yu811081\" class=\"LThh9 tL1tz t3L08 qufKF\" dir=\"auto\"><span class=\"AAYkC\">Dizajnirana za okru\u017eenja s visokom potra\u017enjom, serija Power Pro pru\u017ea brzu proizvodnju s kapacitetom od 55 litara na sat. Nova Rapp tehnologija osigurava konzistentnu teksturu i kvalitetu, \u010dak i tijekom vr\u0161nih sati. Njegova kompaktna veli\u010dina omogu\u0107uje jednostavnu integraciju u razli\u010dite postavke, \u0161to ga \u010dini pogodnim za kioske, kamione s hranom i manje restorane.<\/span><\/p>\n<\/div>\n<div data-breakout=\"normal\">\n<h3 id=\"viewer-5wnel4422\" class=\"RsvCW _3Z2KS t3L08 qufKF\" dir=\"auto\"><span class=\"qnKJ9\"><strong>NISSEI \u2013 Pouzdanje profesionalaca koji tra\u017ee savr\u0161enstvo<\/strong><\/span><\/h3>\n<\/div>\n<div data-breakout=\"normal\">\n<p id=\"viewer-big1i4951\" class=\"LThh9 tL1tz t3L08 qufKF\" dir=\"auto\"><span class=\"AAYkC\">S vi\u0161e od 35 godina kontinuirane inovacije, NISSEI NL stoji u samom vrhu tehnologije mekog i smrznutog jogurta. Na\u0161i strojevi ru\u010dno su izra\u0111eni s precizno\u0161\u0107u i izgra\u0111eni da traju, osiguravaju\u0107i nesmetan i u\u010dinkovit rad va\u0161eg poslovanja.<\/span><\/p>\n<\/div>\n<div data-breakout=\"normal\">\n<p id=\"viewer-pmx2c352\" class=\"LThh9 tL1tz t3L08 qufKF\" dir=\"auto\"><span class=\"AAYkC\"><strong>S impresivnim rezultatima u posljednjih 30 godina u Europi.<\/strong><\/span><\/p>\n<\/div>\n<div data-breakout=\"normal\">\n<ul class=\"Ior1H t3L08\">\n<li class=\"w4rN-\" dir=\"auto\">\n<p id=\"viewer-hd7ob265\" class=\"LThh9 tL1tz t3L08 qufKF\" dir=\"\"><span class=\"AAYkC\"><strong>7.000+ strojeva<\/strong>\u00a0izra\u0111eno s precizno\u0161\u0107u i prodaje se diljem Europe<\/span><\/p>\n<\/li>\n<li class=\"w4rN-\" dir=\"auto\">\n<p id=\"viewer-0ddhr269\" class=\"LThh9 tL1tz t3L08 qufKF\" dir=\"\"><span class=\"AAYkC\"><strong>4.500+ jedinica<\/strong>\u00a0jo\u0161 uvijek djeluje do danas<\/span><\/p>\n<\/li>\n<li class=\"w4rN-\" dir=\"auto\">\n<p id=\"viewer-8mxss273\" class=\"LThh9 tL1tz t3L08 qufKF\" dir=\"\"><span class=\"AAYkC\"><strong>Vjeruju mu vode\u0107e tvrtke<\/strong><\/span><\/p>\n<\/li>\n<\/ul>\n<\/div>\n<div data-breakout=\"normal\">\n<div id=\"viewer-5sjny32790\" class=\"C-UfD\">\n<div class=\"rDaES\">\n<div class=\"e35S- au0qn\" data-hook=\"collapsible-list-component\">\n<div>\n<div class=\"V7Yu5 tJLLb\" data-hook=\"collapsible-list-item expanded\">\n<div class=\"Qd-Py\">\n<div class=\"UfDyV _1n3i3 FXHR4 FMcOw\" data-hook=\"collapsible-list-item-title\">\n<div>\n<p id=\"viewer-967sm32800\" class=\"LThh9 tL1tz qufKF\" dir=\"auto\"><span class=\"AAYkC\"><strong>Opis<\/strong><\/span><\/p>\n<\/div>\n<\/div>\n<div>\n<div class=\"UfDyV _1n3i3 FXHR4 FMcOw\" data-hook=\"collapsible-list-item-title\">\n<div>\n<p id=\"viewer-txl1n8491\" class=\"LThh9 tL1tz qufKF\" dir=\"auto\"><span class=\"AAYkC\">\u017delite zaraditi vi\u0161e prodajom mekog napitka? Power Pro je idealan stroj za po\u010detak. Ovaj stroj vam omogu\u0107uje jednostavno poslu\u017eivanje prozra\u010dnog mekog napitka uz postizanje visokog prinosa. Zahvaljuju\u0107i RAPP tehnologiji, ovaj stroj je u stanju konstantno nuditi visokokvalitetni meki napitak. Pomo\u0107u zaslona osjetljivog na dodir jednostavno konfigurirajte protok zraka i viskoznost.<\/span><\/p>\n<\/div>\n<\/div>\n<\/div>\n<\/div>\n<\/div>\n<\/div>\n<div>\n<div class=\"V7Yu5 tJLLb\" data-hook=\"collapsible-list-item expanded\">\n<div class=\"Qd-Py\">\n<div class=\"UfDyV _1n3i3 FXHR4 FMcOw\" data-hook=\"collapsible-list-item-title\">\n<div>\n<p id=\"viewer-t8qzc32837\" class=\"LThh9 tL1tz qufKF\" dir=\"auto\"><span class=\"AAYkC\"><strong>Karakteristike<\/strong><\/span><\/p>\n<\/div>\n<\/div>\n<div>\n<div class=\"UfDyV _1n3i3 FXHR4 FMcOw\" data-hook=\"collapsible-list-item-title\">\n<div>\n<ul class=\"Ior1H\">\n<li class=\"w4rN-\" dir=\"auto\">\n<p id=\"viewer-jw69d8571\" class=\"LThh9 tL1tz qufKF\" dir=\"\"><span class=\"AAYkC\">S RAPP tehnologijom<\/span><\/p>\n<\/li>\n<li class=\"w4rN-\" dir=\"auto\">\n<p id=\"viewer-m3hgs8573\" class=\"LThh9 tL1tz qufKF\" dir=\"\"><span class=\"AAYkC\">Intuitivni zaslon osjetljiv na dodir<\/span><\/p>\n<\/li>\n<li class=\"w4rN-\" dir=\"auto\">\n<p id=\"viewer-47zse8575\" class=\"LThh9 tL1tz qufKF\" dir=\"\"><span class=\"AAYkC\">1 okus mekog serviranja<\/span><\/p>\n<\/li>\n<li class=\"w4rN-\" dir=\"auto\">\n<p id=\"viewer-zumqt8577\" class=\"LThh9 tL1tz qufKF\" dir=\"\"><span class=\"AAYkC\">Odjeljak za zamrzavanje s 3 komore<\/span><\/p>\n<\/li>\n<li class=\"w4rN-\" dir=\"auto\">\n<p id=\"viewer-ppzil8579\" class=\"LThh9 tL1tz qufKF\" dir=\"\"><span class=\"AAYkC\">Rastavljanje i \u010di\u0161\u0107enje samo 1x svakih 6 tjedana<\/span><\/p>\n<\/li>\n<li class=\"w4rN-\" dir=\"auto\">\n<p id=\"viewer-96qpm8581\" class=\"LThh9 tL1tz qufKF\" dir=\"\"><span class=\"AAYkC\">Pasterizacija<\/span><\/p>\n<\/li>\n<li class=\"w4rN-\" dir=\"auto\">\n<p id=\"viewer-ckesy8583\" class=\"LThh9 tL1tz qufKF\" dir=\"\"><span class=\"AAYkC\">Jedinstveno 5-godi\u0161nje jamstvo<\/span><\/p>\n<\/li>\n<\/ul>\n<\/div>\n<\/div>\n<\/div>\n<\/div>\n<\/div>\n<\/div>\n<div>\n<div class=\"V7Yu5 tJLLb\" data-hook=\"collapsible-list-item expanded\">\n<div class=\"Qd-Py\">\n<div class=\"UfDyV _1n3i3 FXHR4 FMcOw\" data-hook=\"collapsible-list-item-title\">\n<div>\n<p id=\"viewer-fl7re32933\" class=\"LThh9 tL1tz qufKF\" dir=\"auto\"><span class=\"AAYkC\"><strong>Tehni\u010dki podaci<\/strong><\/span><\/p>\n<table>\n<thead>\n<tr>\n<th>Specifikacija<\/th>\n<th>Detalji<\/th>\n<\/tr>\n<\/thead>\n<tbody>\n<tr>\n<td><strong>Kapacitet<\/strong><\/td>\n<td>55 litara na sat<\/td>\n<\/tr>\n<tr>\n<td><strong>Volumen<\/strong><\/td>\n<td>Cilindri\u010dni zamrziva\u010d od 2,5 litre<\/td>\n<\/tr>\n<tr>\n<td><strong>Pumpa<\/strong><\/td>\n<td>Inovativna RAPP tehnologija<\/td>\n<\/tr>\n<tr>\n<td><strong>Hla\u0111en vodom<\/strong><\/td>\n<td>Potro\u0161nja rashladne vode cca. 40 m\u00b3 godi\u0161nje<\/td>\n<\/tr>\n<tr>\n<td><strong>Te\u017eina<\/strong><\/td>\n<td>170 kg<\/td>\n<\/tr>\n<tr>\n<td><strong>Dimenzije<\/strong><\/td>\n<td>V 150 \u00d7 \u0160 46 \u00d7 D 76 cm<\/td>\n<\/tr>\n<tr>\n<td><strong>Veza<\/strong><\/td>\n<td>400 V + 0 + A, 3 kWh<\/td>\n<\/tr>\n<\/tbody>\n<\/table>\n<div class=\"UfDyV _1n3i3 FXHR4 FMcOw\" data-hook=\"collapsible-list-item-title\">\n<div>\n<p id=\"viewer-eqks433049\" class=\"LThh9 tL1tz qufKF\" dir=\"auto\"><span class=\"AAYkC\"><strong>Dodatne opcije<\/strong><\/span><\/p>\n<\/div>\n<\/div>\n<div>\n<div class=\"UfDyV _1n3i3 FXHR4 FMcOw\" data-hook=\"collapsible-list-item-title\">\n<div>\n<ul class=\"Ior1H\">\n<li class=\"w4rN-\" dir=\"auto\">\n<p id=\"viewer-mgqne9789\" class=\"LThh9 tL1tz qufKF\" dir=\"\"><span class=\"AAYkC\">Sustav suhog punjenja za mje\u0161avinu praha<\/span><\/p>\n<\/li>\n<li class=\"w4rN-\" dir=\"auto\">\n<p id=\"viewer-om8139791\" class=\"LThh9 tL1tz qufKF\" dir=\"\"><span class=\"AAYkC\">Ledeni tornado<\/span><\/p>\n<\/li>\n<li class=\"w4rN-\" dir=\"auto\">\n<p id=\"viewer-slnem9793\" class=\"LThh9 tL1tz qufKF\" dir=\"\"><span class=\"AAYkC\">Filter za vodu<\/span><\/p>\n<\/li>\n<\/ul>\n<\/div>\n<\/div>\n<\/div>\n<\/div>\n<\/div>\n<\/div>\n<\/div>\n<\/div>\n<\/div>\n<\/div>\n<\/div>\n<\/div>","protected":false},"excerpt":{"rendered":"<p>Designed for high-demand environments, the Power Pro series delivers rapid production with a capacity of 55 liters per hour. The new Rapp technology ensures consistent texture and quality, even during peak hours. Its compact size allows for easy integration into various setups, making it suitable for kiosks, food trucks, and smaller restaurants. NISSEI \u2013 Trusted [&hellip;]<\/p>\n","protected":false},"featured_media":6961,"comment_status":"open","ping_status":"closed","template":"","meta":[],"product_brand":[],"product_cat":[61],"product_tag":[],"class_list":{"0":"post-6960","1":"product","2":"type-product","3":"status-publish","4":"has-post-thumbnail","6":"product_cat-soft-serve-ice-cream","8":"first","9":"instock","10":"shipping-taxable","11":"product-type-simple"},"_links":{"self":[{"href":"https:\/\/dersuessestopp.com\/hr\/wp-json\/wp\/v2\/product\/6960","targetHints":{"allow":["GET"]}}],"collection":[{"href":"https:\/\/dersuessestopp.com\/hr\/wp-json\/wp\/v2\/product"}],"about":[{"href":"https:\/\/dersuessestopp.com\/hr\/wp-json\/wp\/v2\/types\/product"}],"replies":[{"embeddable":true,"href":"https:\/\/dersuessestopp.com\/hr\/wp-json\/wp\/v2\/comments?post=6960"}],"version-history":[{"count":1,"href":"https:\/\/dersuessestopp.com\/hr\/wp-json\/wp\/v2\/product\/6960\/revisions"}],"predecessor-version":[{"id":6963,"href":"https:\/\/dersuessestopp.com\/hr\/wp-json\/wp\/v2\/product\/6960\/revisions\/6963"}],"wp:featuredmedia":[{"embeddable":true,"href":"https:\/\/dersuessestopp.com\/hr\/wp-json\/wp\/v2\/media\/6961"}],"wp:attachment":[{"href":"https:\/\/dersuessestopp.com\/hr\/wp-json\/wp\/v2\/media?parent=6960"}],"wp:term":[{"taxonomy":"product_brand","embeddable":true,"href":"https:\/\/dersuessestopp.com\/hr\/wp-json\/wp\/v2\/product_brand?post=6960"},{"taxonomy":"product_cat","embeddable":true,"href":"https:\/\/dersuessestopp.com\/hr\/wp-json\/wp\/v2\/product_cat?post=6960"},{"taxonomy":"product_tag","embeddable":true,"href":"https:\/\/dersuessestopp.com\/hr\/wp-json\/wp\/v2\/product_tag?post=6960"}],"curies":[{"name":"wp","href":"https:\/\/api.w.org\/{rel}","templated":true}]}}