{"id":6955,"date":"2025-08-29T08:07:15","date_gmt":"2025-08-29T08:07:15","guid":{"rendered":"https:\/\/dersuessestopp.com\/?post_type=product&#038;p=6955"},"modified":"2025-09-24T19:59:03","modified_gmt":"2025-09-24T19:59:03","slug":"nissei-power-tt-kompaktan-i-tih","status":"publish","type":"product","link":"https:\/\/dersuessestopp.com\/hr\/product\/nissei-power-tt-compact-and-noise-friendly\/","title":{"rendered":"Nissei Power TT \u2013 Kompaktan i tih"},"content":{"rendered":"<div data-breakout=\"normal\">\n<p id=\"viewer-5mpev11705\" class=\"LThh9 tL1tz t3L08 qufKF\" dir=\"auto\"><span class=\"AAYkC\">Serija Power TT je najmanja u seriji kombiniranih aparata, ali ne zaostaje po performansama. S kapacitetom od 55 litara na sat i mogu\u0107no\u0161\u0107u poslu\u017eivanja jednog okusa mekog napitka i \u010detiri vrste milkshakea, savr\u0161ena je za objekte s ograni\u010denim prostorom, ali velikom potra\u017enjom, poput malih kafi\u0107a i trgovina mje\u0161ovitom robom. Njegove kompaktne dimenzije i energetski u\u010dinkovit dizajn \u010dine ga pametnim izborom za tvrtke koje \u017eele maksimizirati u\u010dinak bez kompromisa u pogledu prostora.<\/span><\/p>\n<\/div>\n<div data-breakout=\"normal\">\n<h3 id=\"viewer-5wnel4422\" class=\"RsvCW _3Z2KS t3L08 qufKF\" dir=\"auto\"><span class=\"qnKJ9\"><strong>NISSEI \u2013 Pouzdanje profesionalaca koji tra\u017ee savr\u0161enstvo<\/strong><\/span><\/h3>\n<\/div>\n<div data-breakout=\"normal\">\n<p id=\"viewer-big1i4951\" class=\"LThh9 tL1tz t3L08 qufKF\" dir=\"auto\"><span class=\"AAYkC\">S vi\u0161e od 35 godina kontinuirane inovacije, NISSEI NL stoji u samom vrhu tehnologije mekog i smrznutog jogurta. Na\u0161i strojevi ru\u010dno su izra\u0111eni s precizno\u0161\u0107u i izgra\u0111eni da traju, osiguravaju\u0107i nesmetan i u\u010dinkovit rad va\u0161eg poslovanja.<\/span><\/p>\n<\/div>\n<div data-breakout=\"normal\">\n<p id=\"viewer-9vfwb925\" class=\"LThh9 tL1tz t3L08 qufKF\" dir=\"auto\"><span class=\"AAYkC\"><strong>S impresivnim rezultatima u Europi tijekom posljednjih 30 godina<\/strong><\/span><\/p>\n<\/div>\n<div data-breakout=\"normal\">\n<ul class=\"Ior1H t3L08\">\n<li class=\"w4rN-\" dir=\"auto\">\n<p id=\"viewer-hd7ob265\" class=\"LThh9 tL1tz t3L08 qufKF\" dir=\"\"><span class=\"AAYkC\"><strong>7.000+ strojeva<\/strong>\u00a0izra\u0111eno s precizno\u0161\u0107u i prodaje se diljem Europe<\/span><\/p>\n<\/li>\n<li class=\"w4rN-\" dir=\"auto\">\n<p id=\"viewer-0ddhr269\" class=\"LThh9 tL1tz t3L08 qufKF\" dir=\"\"><span class=\"AAYkC\"><strong>4.500+ jedinica<\/strong>\u00a0jo\u0161 uvijek djeluje do danas<\/span><\/p>\n<\/li>\n<li class=\"w4rN-\" dir=\"auto\">\n<p id=\"viewer-8mxss273\" class=\"LThh9 tL1tz t3L08 qufKF\" dir=\"\"><span class=\"AAYkC\"><strong>Vjeruju mu vode\u0107e tvrtke<\/strong><\/span><\/p>\n<\/li>\n<\/ul>\n<\/div>\n<div data-breakout=\"normal\">\n<div id=\"viewer-5sjny32790\" class=\"C-UfD\">\n<div class=\"rDaES\">\n<div class=\"e35S- au0qn\" data-hook=\"collapsible-list-component\">\n<div>\n<div class=\"V7Yu5 tJLLb\" data-hook=\"collapsible-list-item expanded\">\n<div class=\"Qd-Py\">\n<div class=\"UfDyV _1n3i3 FXHR4 FMcOw\" data-hook=\"collapsible-list-item-title\">\n<div>\n<p id=\"viewer-967sm32800\" class=\"LThh9 tL1tz qufKF\" dir=\"auto\"><span class=\"AAYkC\"><strong>Opis<\/strong><\/span><\/p>\n<\/div>\n<\/div>\n<div>\n<div class=\"UfDyV _1n3i3 FXHR4 FMcOw\" data-hook=\"collapsible-list-item-title\">\n<div>\n<p id=\"viewer-6dbjk12229\" class=\"LThh9 tL1tz qufKF\" dir=\"auto\"><span class=\"AAYkC\">Male veli\u010dine, ali nevjerojatno dobro funkcionira tijekom prometnih razdoblja. To je ono \u0161to Power TT nudi. Ovaj stroj za meko poslu\u017eivanje sladoleda savr\u0161en je za prodava\u010de sladoleda koji imaju ograni\u010den prostor. Bez ikakvih ustupaka u prakti\u010dnosti i kvaliteti. Zahvaljuju\u0107i RAPP tehnologiji, ovaj stroj mo\u017ee stalno nuditi visokokvalitetno meko poslu\u017eivanje. Inovativni zaslon osjetljiv na dodir omogu\u0107uje vam osobnu konfiguraciju stroja i pregled njegovih performansi.<\/span><\/p>\n<\/div>\n<\/div>\n<\/div>\n<\/div>\n<\/div>\n<\/div>\n<div>\n<div class=\"V7Yu5 tJLLb\" data-hook=\"collapsible-list-item expanded\">\n<div class=\"Qd-Py\">\n<div class=\"UfDyV _1n3i3 FXHR4 FMcOw\" data-hook=\"collapsible-list-item-title\">\n<div>\n<p id=\"viewer-t8qzc32837\" class=\"LThh9 tL1tz qufKF\" dir=\"auto\"><span class=\"AAYkC\"><strong>Karakteristike<\/strong><\/span><\/p>\n<\/div>\n<\/div>\n<div>\n<div class=\"UfDyV _1n3i3 FXHR4 FMcOw\" data-hook=\"collapsible-list-item-title\">\n<div>\n<ul class=\"Ior1H\">\n<li class=\"w4rN-\" dir=\"auto\">\n<p id=\"viewer-0kqeu12351\" class=\"LThh9 tL1tz qufKF\" dir=\"\"><span class=\"AAYkC\">S RAPP tehnologijom<\/span><\/p>\n<\/li>\n<li class=\"w4rN-\" dir=\"auto\">\n<p id=\"viewer-63byq12353\" class=\"LThh9 tL1tz qufKF\" dir=\"\"><span class=\"AAYkC\">Intuitivni zaslon osjetljiv na dodir<\/span><\/p>\n<\/li>\n<li class=\"w4rN-\" dir=\"auto\">\n<p id=\"viewer-sxb8a12355\" class=\"LThh9 tL1tz qufKF\" dir=\"\"><span class=\"AAYkC\">1 okus mekog serviranja<\/span><\/p>\n<\/li>\n<li class=\"w4rN-\" dir=\"auto\">\n<p id=\"viewer-hv4ap12357\" class=\"LThh9 tL1tz qufKF\" dir=\"\"><span class=\"AAYkC\">Kompaktni format<\/span><\/p>\n<\/li>\n<li class=\"w4rN-\" dir=\"auto\">\n<p id=\"viewer-h5mox12359\" class=\"LThh9 tL1tz qufKF\" dir=\"\"><span class=\"AAYkC\">Rastavljanje i \u010di\u0161\u0107enje samo 1x svakih 6 tjedana<\/span><\/p>\n<\/li>\n<li class=\"w4rN-\" dir=\"auto\">\n<p id=\"viewer-wx1zh12361\" class=\"LThh9 tL1tz qufKF\" dir=\"\"><span class=\"AAYkC\">Pasterizacija<\/span><\/p>\n<\/li>\n<li class=\"w4rN-\" dir=\"auto\">\n<p id=\"viewer-9f9vi12363\" class=\"LThh9 tL1tz qufKF\" dir=\"\"><span class=\"AAYkC\">Jedinstveno 5-godi\u0161nje jamstvo<\/span><\/p>\n<\/li>\n<\/ul>\n<\/div>\n<\/div>\n<\/div>\n<\/div>\n<\/div>\n<\/div>\n<div>\n<div class=\"V7Yu5 tJLLb\" data-hook=\"collapsible-list-item collapsed\">\n<div class=\"Qd-Py\">\n<div class=\"UfDyV _1n3i3 FXHR4 FMcOw\" data-hook=\"collapsible-list-item-title\">\n<div>\n<p id=\"viewer-fl7re32933\" class=\"LThh9 tL1tz qufKF\" dir=\"auto\"><span class=\"AAYkC\"><strong>Tehni\u010dki podaci<\/strong><\/span><\/p>\n<table>\n<thead>\n<tr>\n<th>Specifikacija<\/th>\n<th>Detalji<\/th>\n<\/tr>\n<\/thead>\n<tbody>\n<tr>\n<td><strong>Kapacitet<\/strong><\/td>\n<td>55 litara na sat<\/td>\n<\/tr>\n<tr>\n<td><strong>Volumen<\/strong><\/td>\n<td>Cilindri\u010dni zamrziva\u010d od 2,5 litre<\/td>\n<\/tr>\n<tr>\n<td><strong>Pumpa<\/strong><\/td>\n<td>Inovativna RAPP tehnologija<\/td>\n<\/tr>\n<tr>\n<td><strong>Hla\u0111en vodom<\/strong><\/td>\n<td>Potro\u0161nja rashladne vode cca. 40 m\u00b3 godi\u0161nje<\/td>\n<\/tr>\n<tr>\n<td><strong>Te\u017eina<\/strong><\/td>\n<td>135 kg<\/td>\n<\/tr>\n<tr>\n<td><strong>Dimenzije<\/strong><\/td>\n<td>V 82 \u00d7 \u0160 46 \u00d7 D 76 cm<\/td>\n<\/tr>\n<tr>\n<td><strong>Veza<\/strong><\/td>\n<td>400 V + 0 + A, 3 kWh<\/td>\n<\/tr>\n<\/tbody>\n<\/table>\n<div class=\"UfDyV _1n3i3 FXHR4 FMcOw\" data-hook=\"collapsible-list-item-title\">\n<div>\n<p id=\"viewer-eqks433049\" class=\"LThh9 tL1tz qufKF\" dir=\"auto\"><span class=\"AAYkC\"><strong>Dodatne opcije<\/strong><\/span><\/p>\n<\/div>\n<\/div>\n<div>\n<div class=\"UfDyV _1n3i3 FXHR4 FMcOw\" data-hook=\"collapsible-list-item-title\">\n<div>\n<ul class=\"Ior1H\">\n<li class=\"w4rN-\" dir=\"auto\">\n<p id=\"viewer-e4kg413221\" class=\"LThh9 tL1tz qufKF\" dir=\"\"><span class=\"AAYkC\">Sustav suhog punjenja za mje\u0161avinu praha<\/span><\/p>\n<\/li>\n<li class=\"w4rN-\" dir=\"auto\">\n<p id=\"viewer-qnjbg13223\" class=\"LThh9 tL1tz qufKF\" dir=\"\"><span class=\"AAYkC\">Ledeni tornado<\/span><\/p>\n<\/li>\n<li class=\"w4rN-\" dir=\"auto\">\n<p id=\"viewer-5tzpq13225\" class=\"LThh9 tL1tz qufKF\" dir=\"\"><span class=\"AAYkC\">Filter za vodu<\/span><\/p>\n<\/li>\n<li class=\"w4rN-\" dir=\"auto\">\n<p id=\"viewer-e1ku313227\" class=\"LThh9 tL1tz qufKF\" dir=\"\"><span class=\"AAYkC\">Samoposlu\u017eni klip<\/span><\/p>\n<\/li>\n<\/ul>\n<\/div>\n<\/div>\n<\/div>\n<\/div>\n<\/div>\n<\/div>\n<\/div>\n<\/div>\n<\/div>\n<\/div>\n<\/div>\n<\/div>","protected":false},"excerpt":{"rendered":"<p>The Power TT series is the smallest in the combi series but doesn&#8217;t fall short on performance. With a capacity of 55 liters per hour and the ability to serve one soft serve flavor and four milkshake varieties, it&#8217;s perfect for establishments with limited space but high demand, such as small cafes and convenience stores. [&hellip;]<\/p>\n","protected":false},"featured_media":6958,"comment_status":"open","ping_status":"closed","template":"","meta":[],"product_brand":[],"product_cat":[61],"product_tag":[],"class_list":{"0":"post-6955","1":"product","2":"type-product","3":"status-publish","4":"has-post-thumbnail","6":"product_cat-soft-serve-ice-cream","8":"first","9":"instock","10":"shipping-taxable","11":"product-type-simple"},"_links":{"self":[{"href":"https:\/\/dersuessestopp.com\/hr\/wp-json\/wp\/v2\/product\/6955","targetHints":{"allow":["GET"]}}],"collection":[{"href":"https:\/\/dersuessestopp.com\/hr\/wp-json\/wp\/v2\/product"}],"about":[{"href":"https:\/\/dersuessestopp.com\/hr\/wp-json\/wp\/v2\/types\/product"}],"replies":[{"embeddable":true,"href":"https:\/\/dersuessestopp.com\/hr\/wp-json\/wp\/v2\/comments?post=6955"}],"version-history":[{"count":2,"href":"https:\/\/dersuessestopp.com\/hr\/wp-json\/wp\/v2\/product\/6955\/revisions"}],"predecessor-version":[{"id":6957,"href":"https:\/\/dersuessestopp.com\/hr\/wp-json\/wp\/v2\/product\/6955\/revisions\/6957"}],"wp:featuredmedia":[{"embeddable":true,"href":"https:\/\/dersuessestopp.com\/hr\/wp-json\/wp\/v2\/media\/6958"}],"wp:attachment":[{"href":"https:\/\/dersuessestopp.com\/hr\/wp-json\/wp\/v2\/media?parent=6955"}],"wp:term":[{"taxonomy":"product_brand","embeddable":true,"href":"https:\/\/dersuessestopp.com\/hr\/wp-json\/wp\/v2\/product_brand?post=6955"},{"taxonomy":"product_cat","embeddable":true,"href":"https:\/\/dersuessestopp.com\/hr\/wp-json\/wp\/v2\/product_cat?post=6955"},{"taxonomy":"product_tag","embeddable":true,"href":"https:\/\/dersuessestopp.com\/hr\/wp-json\/wp\/v2\/product_tag?post=6955"}],"curies":[{"name":"wp","href":"https:\/\/api.w.org\/{rel}","templated":true}]}}