{"id":6950,"date":"2025-08-29T07:54:12","date_gmt":"2025-08-29T07:54:12","guid":{"rendered":"https:\/\/dersuessestopp.com\/?post_type=product&#038;p=6950"},"modified":"2025-09-24T19:59:28","modified_gmt":"2025-09-24T19:59:28","slug":"nissei-giant-serija-kompaktnih-snaznih-uredaja","status":"publish","type":"product","link":"https:\/\/dersuessestopp.com\/hr\/product\/nissei-giant-series-compact-powerhouses\/","title":{"rendered":"Nissei Giant serija \u2013 Kompaktni sna\u017eni ure\u0111aji"},"content":{"rendered":"<div data-breakout=\"normal\">\n<p id=\"viewer-suhlf2732\" class=\"LThh9 tL1tz t3L08 qufKF\" dir=\"auto\"><span class=\"AAYkC\">Nissei Giant serija kombinira visoki kapacitet s kompaktnim dimenzijama, \u0161to je \u010dini idealnom za objekte s ograni\u010denim prostorom, ali velikom potra\u017enjom. S modelima poput NA 3348, ovi strojevi isporu\u010duju do 75 litara na sat, osiguravaju\u0107i dosljednu kvalitetu i u\u010dinkovitost. Njihov energetski u\u010dinkovit dizajn i pametne no\u017ene komande pobolj\u0161avaju upotrebljivost i smanjuju operativne tro\u0161kove.<\/span><\/p>\n<\/div>\n<div data-breakout=\"normal\">\n<div id=\"viewer-ni27p774\" class=\"C-UfD\">\n<div class=\"rDaES\">\n<div class=\"e35S- au0qn\" data-hook=\"collapsible-list-component\">\n<div>\n<div class=\"V7Yu5 tJLLb\" data-hook=\"collapsible-list-item expanded\">\n<div class=\"Qd-Py\">\n<div class=\"UfDyV _1n3i3 FXHR4 FMcOw\" data-hook=\"collapsible-list-item-title\">\n<div>\n<p id=\"viewer-2qu78778\" class=\"LThh9 tL1tz qufKF\" dir=\"auto\"><span class=\"AAYkC\"><strong>Opis<\/strong><\/span><\/p>\n<\/div>\n<\/div>\n<div>\n<div class=\"UfDyV _1n3i3 FXHR4 FMcOw\" data-hook=\"collapsible-list-item-title\">\n<div>\n<p id=\"viewer-1q3ss2945\" class=\"LThh9 tL1tz qufKF\" dir=\"auto\"><span class=\"AAYkC\">Giant je jedan od najpopularnijih NISSEI aparata u Nizozemskoj. I, naravno, to nije slu\u010dajnost. Ovaj aparat za mekano poslu\u017eivanje nudi veliki kapacitet iako je ograni\u010dene veli\u010dine.<\/span><\/p>\n<p id=\"viewer-a1zje2948\" class=\"LThh9 tL1tz qufKF\" dir=\"auto\"><span class=\"AAYkC\">Giant je energetski u\u010dinkovit i prikladan je za ve\u0107inu tvrtki koje \u017eele prodavati meke napitke, kao i milkshakeove. Zahvaljuju\u0107i RAPP tehnologiji, ovaj stroj mo\u017ee stalno nuditi visokokvalitetne meke napitke i milkshakeove. Osim toga, posjeduje inovativni zaslon osjetljiv na dodir.<\/span><\/p>\n<\/div>\n<\/div>\n<\/div>\n<\/div>\n<\/div>\n<\/div>\n<div>\n<div class=\"V7Yu5 tJLLb\" data-hook=\"collapsible-list-item expanded\">\n<div class=\"Qd-Py\">\n<div class=\"UfDyV _1n3i3 FXHR4 FMcOw\" data-hook=\"collapsible-list-item-title\">\n<div>\n<p id=\"viewer-gjjw8833\" class=\"LThh9 tL1tz qufKF\" dir=\"auto\"><span class=\"AAYkC\"><strong>Karakteristike<\/strong><\/span><\/p>\n<\/div>\n<\/div>\n<div>\n<div class=\"UfDyV _1n3i3 FXHR4 FMcOw\" data-hook=\"collapsible-list-item-title\">\n<div>\n<ul class=\"Ior1H\">\n<li class=\"w4rN-\" dir=\"auto\">\n<p id=\"viewer-5v8ko3209\" class=\"LThh9 tL1tz qufKF\" dir=\"\"><span class=\"AAYkC\">S RAPP tehnologijom<\/span><\/p>\n<\/li>\n<li class=\"w4rN-\" dir=\"auto\">\n<p id=\"viewer-2q18f3212\" class=\"LThh9 tL1tz qufKF\" dir=\"\"><span class=\"AAYkC\">Intuitivni zaslon osjetljiv na dodir<\/span><\/p>\n<\/li>\n<li class=\"w4rN-\" dir=\"auto\">\n<p id=\"viewer-w08om3215\" class=\"LThh9 tL1tz qufKF\" dir=\"\"><span class=\"AAYkC\">1 okus mekog serviranja<\/span><\/p>\n<\/li>\n<li class=\"w4rN-\" dir=\"auto\">\n<p id=\"viewer-9q42c3218\" class=\"LThh9 tL1tz qufKF\" dir=\"\"><span class=\"AAYkC\">Odjeljak za zamrzavanje s 3 komore<\/span><\/p>\n<\/li>\n<li class=\"w4rN-\" dir=\"auto\">\n<p id=\"viewer-ecoq83221\" class=\"LThh9 tL1tz qufKF\" dir=\"\"><span class=\"AAYkC\">Rastavljanje i \u010di\u0161\u0107enje samo 1x svakih 6 tjedana<\/span><\/p>\n<\/li>\n<li class=\"w4rN-\" dir=\"auto\">\n<p id=\"viewer-tngvv3224\" class=\"LThh9 tL1tz qufKF\" dir=\"\"><span class=\"AAYkC\">Pasterizacija<\/span><\/p>\n<\/li>\n<li class=\"w4rN-\" dir=\"auto\">\n<p id=\"viewer-lcmtx3227\" class=\"LThh9 tL1tz qufKF\" dir=\"\"><span class=\"AAYkC\">No\u017eno upravljanje<\/span><\/p>\n<\/li>\n<li class=\"w4rN-\" dir=\"auto\">\n<p id=\"viewer-2r7d43230\" class=\"LThh9 tL1tz qufKF\" dir=\"\"><span class=\"AAYkC\">Jedinstveno 5-godi\u0161nje jamstvo<\/span><\/p>\n<\/li>\n<\/ul>\n<div>\n<div class=\"V7Yu5 tJLLb\" data-hook=\"collapsible-list-item collapsed\">\n<div class=\"Qd-Py\">\n<div class=\"UfDyV _1n3i3 FXHR4 FMcOw\" data-hook=\"collapsible-list-item-title\">\n<div>\n<p id=\"viewer-jg36w923\" class=\"LThh9 tL1tz qufKF\" dir=\"auto\"><span class=\"AAYkC\"><strong>Tehni\u010dki podaci<\/strong><\/span><\/p>\n<\/div>\n<\/div>\n<\/div>\n<\/div>\n<\/div>\n<div>\n<div class=\"V7Yu5 tJLLb\" data-hook=\"collapsible-list-item collapsed\">\n<div class=\"_0--Hh\">\n<div class=\"lZBgD has-custom-focus\" role=\"button\" data-hook=\"collapsible-list-expand-button\" aria-label=\"Stavka je sa\u017eeta\">\n<table>\n<thead>\n<tr>\n<th>Specifikacija<\/th>\n<th>Detalji<\/th>\n<\/tr>\n<\/thead>\n<tbody>\n<tr>\n<td><strong>Kapacitet<\/strong><\/td>\n<td>75 litara na sat<\/td>\n<\/tr>\n<tr>\n<td><strong>Volumen<\/strong><\/td>\n<td>Cilindri\u010dni zamrziva\u010d od 3,4 litre<\/td>\n<\/tr>\n<tr>\n<td><strong>Pumpa<\/strong><\/td>\n<td>Inovativna RAPP tehnologija<\/td>\n<\/tr>\n<tr>\n<td><strong>Hla\u0111en vodom<\/strong><\/td>\n<td>Potro\u0161nja rashladne vode cca. 50 m\u00b3 godi\u0161nje<\/td>\n<\/tr>\n<tr>\n<td><strong>Te\u017eina<\/strong><\/td>\n<td>170 kg<\/td>\n<\/tr>\n<tr>\n<td><strong>Dimenzije<\/strong><\/td>\n<td>V 150 \u00d7 \u0160 46 \u00d7 D 84 cm<\/td>\n<\/tr>\n<tr>\n<td><strong>Veza<\/strong><\/td>\n<td>400 V + 0 + A, 3,5 kWh<\/td>\n<\/tr>\n<\/tbody>\n<\/table>\n<div class=\"UfDyV _1n3i3 FXHR4 FMcOw\" data-hook=\"collapsible-list-item-title\">\n<div>\n<p id=\"viewer-8kyip1452\" class=\"LThh9 tL1tz qufKF\" dir=\"auto\"><span class=\"AAYkC\"><strong>Dodatne opcije<\/strong><\/span><\/p>\n<\/div>\n<\/div>\n<div>\n<div class=\"UfDyV _1n3i3 FXHR4 FMcOw\" data-hook=\"collapsible-list-item-title\">\n<div>\n<ul class=\"Ior1H\">\n<li class=\"w4rN-\" dir=\"auto\">\n<p id=\"viewer-x5f844322\" class=\"LThh9 tL1tz qufKF\" dir=\"\"><span class=\"AAYkC\">Sustav suhog punjenja za mje\u0161avinu praha<\/span><\/p>\n<\/li>\n<li class=\"w4rN-\" dir=\"auto\">\n<p id=\"viewer-1x7rj4325\" class=\"LThh9 tL1tz qufKF\" dir=\"\"><span class=\"AAYkC\">Ledeni tornado<\/span><\/p>\n<\/li>\n<li class=\"w4rN-\" dir=\"auto\">\n<p id=\"viewer-h9gu34328\" class=\"LThh9 tL1tz qufKF\" dir=\"\"><span class=\"AAYkC\">Filter za vodu<\/span><\/p>\n<\/li>\n<\/ul>\n<\/div>\n<\/div>\n<\/div>\n<\/div>\n<\/div>\n<\/div>\n<\/div>\n<\/div>\n<\/div>\n<\/div>\n<\/div>\n<\/div>\n<\/div>\n<\/div>\n<\/div>\n<\/div>\n<\/div>","protected":false},"excerpt":{"rendered":"<p>The Nissei Giant series combines high capacity with a compact footprint, making it ideal for establishments with limited space but high demand. With models like the NA 3348, these machines deliver up to 75 liters per hour, ensuring consistent quality and efficiency. Their energy-efficient design and smart foot controls enhance usability and reduce operational costs. [&hellip;]<\/p>\n","protected":false},"featured_media":6953,"comment_status":"open","ping_status":"closed","template":"","meta":[],"product_brand":[],"product_cat":[61],"product_tag":[],"class_list":{"0":"post-6950","1":"product","2":"type-product","3":"status-publish","4":"has-post-thumbnail","6":"product_cat-soft-serve-ice-cream","8":"first","9":"instock","10":"shipping-taxable","11":"product-type-simple"},"_links":{"self":[{"href":"https:\/\/dersuessestopp.com\/hr\/wp-json\/wp\/v2\/product\/6950","targetHints":{"allow":["GET"]}}],"collection":[{"href":"https:\/\/dersuessestopp.com\/hr\/wp-json\/wp\/v2\/product"}],"about":[{"href":"https:\/\/dersuessestopp.com\/hr\/wp-json\/wp\/v2\/types\/product"}],"replies":[{"embeddable":true,"href":"https:\/\/dersuessestopp.com\/hr\/wp-json\/wp\/v2\/comments?post=6950"}],"version-history":[{"count":2,"href":"https:\/\/dersuessestopp.com\/hr\/wp-json\/wp\/v2\/product\/6950\/revisions"}],"predecessor-version":[{"id":6952,"href":"https:\/\/dersuessestopp.com\/hr\/wp-json\/wp\/v2\/product\/6950\/revisions\/6952"}],"wp:featuredmedia":[{"embeddable":true,"href":"https:\/\/dersuessestopp.com\/hr\/wp-json\/wp\/v2\/media\/6953"}],"wp:attachment":[{"href":"https:\/\/dersuessestopp.com\/hr\/wp-json\/wp\/v2\/media?parent=6950"}],"wp:term":[{"taxonomy":"product_brand","embeddable":true,"href":"https:\/\/dersuessestopp.com\/hr\/wp-json\/wp\/v2\/product_brand?post=6950"},{"taxonomy":"product_cat","embeddable":true,"href":"https:\/\/dersuessestopp.com\/hr\/wp-json\/wp\/v2\/product_cat?post=6950"},{"taxonomy":"product_tag","embeddable":true,"href":"https:\/\/dersuessestopp.com\/hr\/wp-json\/wp\/v2\/product_tag?post=6950"}],"curies":[{"name":"wp","href":"https:\/\/api.w.org\/{rel}","templated":true}]}}