{"id":6926,"date":"2025-08-29T06:53:29","date_gmt":"2025-08-29T06:53:29","guid":{"rendered":"https:\/\/dersuessestopp.com\/?post_type=product&#038;p=6926"},"modified":"2025-09-24T20:00:15","modified_gmt":"2025-09-24T20:00:15","slug":"nissei-giant-combi-vrhunski-energent","status":"publish","type":"product","link":"https:\/\/dersuessestopp.com\/hr\/product\/nissei-giant-combi-the-ultimate-powerhouse\/","title":{"rendered":"Nissei Giant Combi: Vrhunski energet"},"content":{"rendered":"<div data-breakout=\"normal\">\n<p id=\"viewer-14dx827976\" class=\"LThh9 tL1tz t3L08 qufKF\" dir=\"auto\"><span class=\"AAYkC\">Dizajniran za okru\u017eenja s visokim zahtjevima, Nissei Giant Combi pru\u017ea neusporedivu<\/span><\/p>\n<\/div>\n<div data-breakout=\"normal\">\n<p id=\"viewer-57ddc480\" class=\"LThh9 tL1tz t3L08 qufKF\" dir=\"auto\"><span class=\"AAYkC\">performanse s kapacitetom od 75 litara na sat. Njegov cilindar za zamrzavanje od 3,4 litre osigurava brzo<\/span><\/p>\n<\/div>\n<div data-breakout=\"normal\">\n<p id=\"viewer-xptjf482\" class=\"LThh9 tL1tz t3L08 qufKF\" dir=\"auto\"><span class=\"AAYkC\">smrzavanje, \u0161to ga \u010dini savr\u0161enim za u\u017eurbane slasti\u010darnice, zabavne parkove i ugostiteljske objekte.<\/span><\/p>\n<\/div>\n<div data-breakout=\"normal\">\n<p id=\"viewer-al6cz484\" class=\"LThh9 tL1tz t3L08 qufKF\" dir=\"auto\"><span class=\"AAYkC\">Funkcija samopasterizacije smanjuje odr\u017eavanje na jednom svakih 6 tjedana, a intuitivno<\/span><\/p>\n<\/div>\n<div data-breakout=\"normal\">\n<p id=\"viewer-rk0ro486\" class=\"LThh9 tL1tz t3L08 qufKF\" dir=\"auto\"><span class=\"AAYkC\">Upravljanje zaslonom osjetljivim na dodir pobolj\u0161ava korisni\u010dko iskustvo. S mogu\u0107no\u0161\u0107u poslu\u017eivanja jednog okusa mekog serviranja<\/span><\/p>\n<\/div>\n<div data-breakout=\"normal\">\n<p id=\"viewer-jsrrj488\" class=\"LThh9 tL1tz t3L08 qufKF\" dir=\"auto\"><span class=\"AAYkC\">i \u010detiri vrste milkshakea, nudi svestranost kako bi zadovoljio razli\u010dite preferencije kupaca.<\/span><\/p>\n<\/div>\n<div data-breakout=\"normal\">\n<h3 id=\"viewer-5wnel4422\" class=\"RsvCW _3Z2KS t3L08 qufKF\" dir=\"auto\"><span class=\"qnKJ9\"><strong>NISSEI \u2013 Pouzdanje profesionalaca koji tra\u017ee savr\u0161enstvo<\/strong><\/span><\/h3>\n<\/div>\n<div data-hook=\"rcv-block11\">S vi\u0161e od 35 godina kontinuirane inovacije, NISSEI NL stoji u samom vrhu tehnologije mekog i smrznutog jogurta. Na\u0161i strojevi ru\u010dno su izra\u0111eni s precizno\u0161\u0107u i izgra\u0111eni da traju, osiguravaju\u0107i nesmetan i u\u010dinkovit rad va\u0161eg poslovanja.<\/div>\n<div data-breakout=\"normal\">\n<p id=\"viewer-pmx2c352\" class=\"LThh9 tL1tz t3L08 qufKF\" dir=\"auto\"><span class=\"AAYkC\"><strong>S impresivnim rezultatima u posljednjih 30 godina u Europi.<\/strong><\/span><\/p>\n<\/div>\n<div data-breakout=\"normal\">\n<ul class=\"Ior1H t3L08\">\n<li class=\"w4rN-\" dir=\"auto\">\n<p id=\"viewer-467rb2300\" class=\"LThh9 tL1tz t3L08 qufKF\" dir=\"\"><span class=\"AAYkC\"><strong>7.000+ strojeva<\/strong>\u00a0izra\u0111eno s precizno\u0161\u0107u i prodaje se diljem Europe<\/span><\/p>\n<\/li>\n<li class=\"w4rN-\" dir=\"auto\">\n<p id=\"viewer-0ddhr269\" class=\"LThh9 tL1tz t3L08 qufKF\" dir=\"\"><span class=\"AAYkC\"><strong>4.500+ jedinica<\/strong>\u00a0jo\u0161 uvijek djeluje do danas<\/span><\/p>\n<\/li>\n<li class=\"w4rN-\" dir=\"auto\">\n<p id=\"viewer-8mxss273\" class=\"LThh9 tL1tz t3L08 qufKF\" dir=\"\"><span class=\"AAYkC\"><strong>Vjeruju mu vode\u0107e tvrtke<\/strong> <\/span><\/p>\n<\/li>\n<\/ul>\n<div class=\"UfDyV _1n3i3 FXHR4 FMcOw\" data-hook=\"collapsible-list-item-title\">\n<div>\n<p id=\"viewer-4lydl3983\" class=\"LThh9 tL1tz qufKF\" dir=\"auto\"><span class=\"AAYkC\"><strong>Opis<\/strong><\/span><\/p>\n<\/div>\n<\/div>\n<div>\n<div class=\"UfDyV _1n3i3 FXHR4 FMcOw\" data-hook=\"collapsible-list-item-title\">\n<div>\n<p id=\"viewer-3bift2583\" class=\"LThh9 tL1tz qufKF\" dir=\"auto\"><span class=\"AAYkC\">Giant Combi je jedan od najpopularnijih NISSEI aparata u Nizozemskoj. I, naravno, to nije slu\u010dajnost. Ovaj kombinirani aparat nudi veliki kapacitet iako je ograni\u010dene veli\u010dine. Giant Combi je energetski u\u010dinkovit i prikladan je za ve\u0107inu tvrtki koje \u017eele prodavati meke napitke, kao i milkshakeove. Zahvaljuju\u0107i RAPP tehnologiji, ovaj aparat mo\u017ee stalno nuditi visokokvalitetne meke napitke i milkshakeove. Osim toga, posjeduje inovativni zaslon osjetljiv na dodir.<\/span><\/p>\n<div class=\"UfDyV _1n3i3 FXHR4 FMcOw\" data-hook=\"collapsible-list-item-title\">\n<div>\n<p id=\"viewer-vfpnb4213\" class=\"LThh9 tL1tz qufKF\" dir=\"auto\"><span class=\"AAYkC\"><strong>Karakteristike<\/strong><\/span><\/p>\n<\/div>\n<\/div>\n<div>\n<div class=\"UfDyV _1n3i3 FXHR4 FMcOw\" data-hook=\"collapsible-list-item-title\">\n<div>\n<ul class=\"Ior1H\">\n<li class=\"w4rN-\" dir=\"auto\">\n<p id=\"viewer-yyxca2835\" class=\"LThh9 tL1tz qufKF\" dir=\"\"><span class=\"AAYkC\">S RAPP tehnologijom<\/span><\/p>\n<\/li>\n<li class=\"w4rN-\" dir=\"auto\">\n<p id=\"viewer-yox9w2882\" class=\"LThh9 tL1tz qufKF\" dir=\"\"><span class=\"AAYkC\">Intuitivni zaslon osjetljiv na dodir<\/span><\/p>\n<\/li>\n<li class=\"w4rN-\" dir=\"auto\">\n<p id=\"viewer-ctwnv3330\" class=\"LThh9 tL1tz qufKF\" dir=\"\"><span class=\"AAYkC\">1 okus mekog napitka, 4 okusa milkshakea<\/span><\/p>\n<\/li>\n<li class=\"w4rN-\" dir=\"auto\">\n<p id=\"viewer-07xep3380\" class=\"LThh9 tL1tz qufKF\" dir=\"\"><span class=\"AAYkC\">Odjeljak za zamrzavanje s 3 komore<\/span><\/p>\n<\/li>\n<li class=\"w4rN-\" dir=\"auto\">\n<p id=\"viewer-1mg1p3560\" class=\"LThh9 tL1tz qufKF\" dir=\"\"><span class=\"AAYkC\">Automatski porcionirani mlije\u010dni shake (APM)<\/span><\/p>\n<\/li>\n<li class=\"w4rN-\" dir=\"auto\">\n<p id=\"viewer-2z4kn3747\" class=\"LThh9 tL1tz qufKF\" dir=\"\"><span class=\"AAYkC\">Rastavljajte i \u010distite samo jednom svakih 6 tjedana<\/span><\/p>\n<\/li>\n<li class=\"w4rN-\" dir=\"auto\">\n<p id=\"viewer-saqnf3803\" class=\"LThh9 tL1tz qufKF\" dir=\"\"><span class=\"AAYkC\">Pasterizacija<\/span><\/p>\n<\/li>\n<li class=\"w4rN-\" dir=\"auto\">\n<p id=\"viewer-kahy03861\" class=\"LThh9 tL1tz qufKF\" dir=\"\"><span class=\"AAYkC\">No\u017eno upravljanje<\/span><\/p>\n<\/li>\n<li class=\"w4rN-\" dir=\"auto\">\n<p id=\"viewer-cn1g84069\" class=\"LThh9 tL1tz qufKF\" dir=\"\"><span class=\"AAYkC\">Jedinstveno 5-godi\u0161nje jamstvo<\/span><\/p>\n<\/li>\n<\/ul>\n<div class=\"UfDyV _1n3i3 FXHR4 FMcOw\" data-hook=\"collapsible-list-item-title\">\n<div>\n<p id=\"viewer-27blo5891\" class=\"LThh9 tL1tz qufKF\" dir=\"auto\"><span class=\"AAYkC\"><strong>Tehni\u010dki podaci<\/strong><\/span><\/p>\n<\/div>\n<\/div>\n<div>\n<div class=\"UfDyV _1n3i3 FXHR4 FMcOw\" data-hook=\"collapsible-list-item-title\">\n<div>\n<table>\n<thead>\n<tr>\n<th>Specifikacija<\/th>\n<th>Detalji<\/th>\n<\/tr>\n<\/thead>\n<tbody>\n<tr>\n<td><strong>Kapacitet<\/strong><\/td>\n<td>75 litara na sat<\/td>\n<\/tr>\n<tr>\n<td><strong>Volumen<\/strong><\/td>\n<td>Cilindri\u010dni zamrziva\u010d od 3,4 litre<\/td>\n<\/tr>\n<tr>\n<td><strong>Pumpa<\/strong><\/td>\n<td>Inovativna RAPP tehnologija<\/td>\n<\/tr>\n<tr>\n<td><strong>Hla\u0111en vodom<\/strong><\/td>\n<td>Potro\u0161nja rashladne vode cca. 50 m\u00b3 godi\u0161nje<\/td>\n<\/tr>\n<tr>\n<td><strong>Te\u017eina<\/strong><\/td>\n<td>170 kg<\/td>\n<\/tr>\n<tr>\n<td><strong>Dimenzije<\/strong><\/td>\n<td>V 150 \u00d7 \u0160 46 \u00d7 D 84 cm<\/td>\n<\/tr>\n<tr>\n<td><strong>Veza<\/strong><\/td>\n<td>400 V + 0 + A, 3,5 kWh<\/td>\n<\/tr>\n<\/tbody>\n<\/table>\n<div class=\"UfDyV _1n3i3 FXHR4 FMcOw\" data-hook=\"collapsible-list-item-title\">\n<div>\n<p id=\"viewer-h1due9344\" class=\"LThh9 tL1tz qufKF\" dir=\"auto\"><span class=\"AAYkC\"><strong>Dodatne opcije<\/strong><\/span><\/p>\n<\/div>\n<\/div>\n<div>\n<div class=\"UfDyV _1n3i3 FXHR4 FMcOw\" data-hook=\"collapsible-list-item-title\">\n<div>\n<ul class=\"Ior1H\">\n<li class=\"w4rN-\" dir=\"auto\">\n<p id=\"viewer-0vl8f6682\" class=\"LThh9 tL1tz qufKF\" dir=\"\"><span class=\"AAYkC\">Sustav suhog punjenja za mje\u0161avinu praha<\/span><\/p>\n<\/li>\n<li class=\"w4rN-\" dir=\"auto\">\n<p id=\"viewer-4clpv7102\" class=\"LThh9 tL1tz qufKF\" dir=\"\"><span class=\"AAYkC\">Funkcija Thickshake<\/span><\/p>\n<\/li>\n<li class=\"w4rN-\" dir=\"auto\">\n<p id=\"viewer-db90k7200\" class=\"LThh9 tL1tz qufKF\" dir=\"\"><span class=\"AAYkC\">Ledeni tornado<\/span><\/p>\n<\/li>\n<li class=\"w4rN-\" dir=\"auto\">\n<p id=\"viewer-xcv0p7300\" class=\"LThh9 tL1tz qufKF\" dir=\"\"><span class=\"AAYkC\">Filter za vodu<\/span><\/p>\n<\/li>\n<\/ul>\n<\/div>\n<\/div>\n<\/div>\n<\/div>\n<\/div>\n<\/div>\n<\/div>\n<\/div>\n<\/div>\n<\/div>\n<\/div>\n<\/div>\n<\/div>","protected":false},"excerpt":{"rendered":"<p>Designed for high-demand environments, the Nissei Giant Combi delivers unparalleled performance with a capacity of 75 liters per hour. Its 3.4-liter freezer cylinder ensures rapid freezing, making it perfect for bustling ice cream shops, amusement parks, and food courts. The self-pasteurizing feature reduces maintenance to once every 6 weeks, and the intuitive touchscreen controls enhance [&hellip;]<\/p>\n","protected":false},"featured_media":6927,"comment_status":"open","ping_status":"closed","template":"","meta":[],"product_brand":[],"product_cat":[62],"product_tag":[],"class_list":{"0":"post-6926","1":"product","2":"type-product","3":"status-publish","4":"has-post-thumbnail","6":"product_cat-combi-ice-cream-milkshake","8":"first","9":"instock","10":"shipping-taxable","11":"product-type-simple"},"_links":{"self":[{"href":"https:\/\/dersuessestopp.com\/hr\/wp-json\/wp\/v2\/product\/6926","targetHints":{"allow":["GET"]}}],"collection":[{"href":"https:\/\/dersuessestopp.com\/hr\/wp-json\/wp\/v2\/product"}],"about":[{"href":"https:\/\/dersuessestopp.com\/hr\/wp-json\/wp\/v2\/types\/product"}],"replies":[{"embeddable":true,"href":"https:\/\/dersuessestopp.com\/hr\/wp-json\/wp\/v2\/comments?post=6926"}],"version-history":[{"count":1,"href":"https:\/\/dersuessestopp.com\/hr\/wp-json\/wp\/v2\/product\/6926\/revisions"}],"predecessor-version":[{"id":6929,"href":"https:\/\/dersuessestopp.com\/hr\/wp-json\/wp\/v2\/product\/6926\/revisions\/6929"}],"wp:featuredmedia":[{"embeddable":true,"href":"https:\/\/dersuessestopp.com\/hr\/wp-json\/wp\/v2\/media\/6927"}],"wp:attachment":[{"href":"https:\/\/dersuessestopp.com\/hr\/wp-json\/wp\/v2\/media?parent=6926"}],"wp:term":[{"taxonomy":"product_brand","embeddable":true,"href":"https:\/\/dersuessestopp.com\/hr\/wp-json\/wp\/v2\/product_brand?post=6926"},{"taxonomy":"product_cat","embeddable":true,"href":"https:\/\/dersuessestopp.com\/hr\/wp-json\/wp\/v2\/product_cat?post=6926"},{"taxonomy":"product_tag","embeddable":true,"href":"https:\/\/dersuessestopp.com\/hr\/wp-json\/wp\/v2\/product_tag?post=6926"}],"curies":[{"name":"wp","href":"https:\/\/api.w.org\/{rel}","templated":true}]}}