{"id":6921,"date":"2025-08-29T06:37:43","date_gmt":"2025-08-29T06:37:43","guid":{"rendered":"https:\/\/dersuessestopp.com\/?post_type=product&#038;p=6921"},"modified":"2025-09-24T20:00:50","modified_gmt":"2025-09-24T20:00:50","slug":"nissei-titan-duo-combi-svestranost-u-svom-najboljem-izdanju","status":"publish","type":"product","link":"https:\/\/dersuessestopp.com\/hr\/product\/nissei-titan-duo-combi-versatility-at-its-best\/","title":{"rendered":"Nissei Titan Duo Combi \u2013 Svestranost u svom najboljem izdanju"},"content":{"rendered":"<div data-breakout=\"normal\">\n<p id=\"viewer-nam8a228\" class=\"LThh9 tL1tz t3L08 qufKF\" dir=\"auto\"><span class=\"AAYkC\">Nissei Titan Duo Combi isti\u010de se dvostrukim mogu\u0107nostima poslu\u017eivanja mekog napitka i pet okusa milkshakea. Rade\u0107i s kapacitetom od 75 i 55 litara na sat po cilindru za meki napitak, idealan je za objekte poput kafi\u0107a, slasti\u010darnica i lanaca brze hrane koji \u017eele ponuditi \u0161irok raspon opcija. Njegov kompaktni dizajn ne ugro\u017eava performanse, a sustav samopasterizacije osigurava higijenu uz minimalan napor.<\/span><\/p>\n<\/div>\n<div data-breakout=\"normal\">\n<h3 id=\"viewer-5wnel4422\" class=\"RsvCW _3Z2KS t3L08 qufKF\" dir=\"auto\"><span class=\"qnKJ9\"><strong>NISSEI \u2013 Pouzdanje profesionalaca koji tra\u017ee savr\u0161enstvo<\/strong><\/span><\/h3>\n<\/div>\n<div data-breakout=\"normal\">\n<p id=\"viewer-big1i4951\" class=\"LThh9 tL1tz t3L08 qufKF\" dir=\"auto\"><span class=\"AAYkC\">S vi\u0161e od 35 godina kontinuirane inovacije, NISSEI NL stoji u samom vrhu tehnologije mekog i smrznutog jogurta. Na\u0161i strojevi ru\u010dno su izra\u0111eni s precizno\u0161\u0107u i izgra\u0111eni da traju, osiguravaju\u0107i nesmetan i u\u010dinkovit rad va\u0161eg poslovanja.<\/span><\/p>\n<\/div>\n<div data-breakout=\"normal\">\n<p id=\"viewer-pmx2c352\" class=\"LThh9 tL1tz t3L08 qufKF\" dir=\"auto\"><span class=\"AAYkC\"><strong>S impresivnim rezultatima u posljednjih 30 godina u Europi.<\/strong><\/span><\/p>\n<\/div>\n<div data-breakout=\"normal\">\n<ul class=\"Ior1H t3L08\">\n<li class=\"w4rN-\" dir=\"auto\">\n<p id=\"viewer-hd7ob265\" class=\"LThh9 tL1tz t3L08 qufKF\" dir=\"\"><span class=\"AAYkC\"><strong>7.000+ strojeva<\/strong>\u00a0izra\u0111eno s precizno\u0161\u0107u i prodaje se diljem Europe<\/span><\/p>\n<\/li>\n<li class=\"w4rN-\" dir=\"auto\">\n<p id=\"viewer-0ddhr269\" class=\"LThh9 tL1tz t3L08 qufKF\" dir=\"\"><span class=\"AAYkC\"><strong>4.500+ jedinica<\/strong>\u00a0jo\u0161 uvijek djeluje do danas<\/span><\/p>\n<\/li>\n<li class=\"w4rN-\" dir=\"auto\">\n<p id=\"viewer-8mxss273\" class=\"LThh9 tL1tz t3L08 qufKF\" dir=\"\"><span class=\"AAYkC\"><strong>Vjeruju mu vode\u0107e tvrtke<\/strong><\/span><\/p>\n<\/li>\n<\/ul>\n<div class=\"UfDyV _1n3i3 FXHR4 FMcOw\" data-hook=\"collapsible-list-item-title\">\n<div>\n<p id=\"viewer-do3bs1086\" class=\"LThh9 tL1tz qufKF\" dir=\"auto\"><span class=\"AAYkC\"><strong>Opis<\/strong><\/span><\/p>\n<\/div>\n<\/div>\n<div>\n<div class=\"UfDyV _1n3i3 FXHR4 FMcOw\" data-hook=\"collapsible-list-item-title\">\n<div>\n<p id=\"viewer-2yyli9417\" class=\"LThh9 tL1tz qufKF\" dir=\"auto\"><span class=\"AAYkC\">Titan Duo Combi je najsvestraniji od NISSEI ure\u0111aja. Omogu\u0107uje vam jednostavnu pripremu dva okusa mekog napitka, mije\u0161anog okusa i pet okusa milkshakea. Iznenadite svoje goste jedinstvenim okusima koji odgovaraju sezoni. Zahvaljuju\u0107i RAPP tehnologiji, ovaj ure\u0111aj mo\u017ee stalno nuditi visokokvalitetne meke napitke i milkshakeove. Dva cilindra mogu se aktivirati i deaktivirati neovisno jedan o drugome. To zna\u010di da mo\u017eete poslu\u017eivati iz samo jednog cilindra tijekom izvan sezone.<\/span><\/p>\n<div class=\"UfDyV _1n3i3 FXHR4 FMcOw\" data-hook=\"collapsible-list-item-title\">\n<div>\n<p id=\"viewer-imzgd1311\" class=\"LThh9 tL1tz qufKF\" dir=\"auto\"><span class=\"AAYkC\"><strong>Karakteristike<\/strong><\/span><\/p>\n<\/div>\n<\/div>\n<div>\n<div class=\"UfDyV _1n3i3 FXHR4 FMcOw\" data-hook=\"collapsible-list-item-title\">\n<div>\n<ul class=\"Ior1H\">\n<li class=\"w4rN-\" dir=\"auto\">\n<p id=\"viewer-x37di9497\" class=\"LThh9 tL1tz qufKF\" dir=\"\"><span class=\"AAYkC\">S RAPP tehnologijom<\/span><\/p>\n<\/li>\n<li class=\"w4rN-\" dir=\"auto\">\n<p id=\"viewer-vlfyo9551\" class=\"LThh9 tL1tz qufKF\" dir=\"\"><span class=\"AAYkC\">Intuitivni zaslon osjetljiv na dodir<\/span><\/p>\n<\/li>\n<li class=\"w4rN-\" dir=\"auto\">\n<p id=\"viewer-hr7o49589\" class=\"LThh9 tL1tz qufKF\" dir=\"\"><span class=\"AAYkC\">2 okusa mekog poslu\u017eivanja i mije\u0161ani okus<\/span><\/p>\n<\/li>\n<li class=\"w4rN-\" dir=\"auto\">\n<p id=\"viewer-yxuzo9629\" class=\"LThh9 tL1tz qufKF\" dir=\"\"><span class=\"AAYkC\">Milkshake s 5 okusa<\/span><\/p>\n<\/li>\n<li class=\"w4rN-\" dir=\"auto\">\n<p id=\"viewer-6utru9671\" class=\"LThh9 tL1tz qufKF\" dir=\"\"><span class=\"AAYkC\">Automatski porcionirani mlije\u010dni shake (APM)<\/span><\/p>\n<\/li>\n<li class=\"w4rN-\" dir=\"auto\">\n<p id=\"viewer-q8d4w9715\" class=\"LThh9 tL1tz qufKF\" dir=\"\"><span class=\"AAYkC\">Odjeljak za zamrzavanje s 3 komore<\/span><\/p>\n<\/li>\n<li class=\"w4rN-\" dir=\"auto\">\n<p id=\"viewer-fmvw29761\" class=\"LThh9 tL1tz qufKF\" dir=\"\"><span class=\"AAYkC\">Rastavljanje i \u010di\u0161\u0107enje samo 1x svakih 6 tjedana<\/span><\/p>\n<\/li>\n<li class=\"w4rN-\" dir=\"auto\">\n<p id=\"viewer-tle7t9809\" class=\"LThh9 tL1tz qufKF\" dir=\"\"><span class=\"AAYkC\">Pasterizacija<\/span><\/p>\n<\/li>\n<li class=\"w4rN-\" dir=\"auto\">\n<p id=\"viewer-3xsaw9859\" class=\"LThh9 tL1tz qufKF\" dir=\"\"><span class=\"AAYkC\">Jedinstveno 5-godi\u0161nje jamstvo<\/span><\/p>\n<\/li>\n<\/ul>\n<p><span class=\"AAYkC\"><strong>Specifikacija<\/strong><\/span><\/p>\n<table>\n<thead>\n<tr>\n<th>Specifikacija<\/th>\n<th>Detalji<\/th>\n<\/tr>\n<\/thead>\n<tbody>\n<tr>\n<td><strong>Kapacitet<\/strong><\/td>\n<td>75 + 55 litara na sat<\/td>\n<\/tr>\n<tr>\n<td><strong>Volumen<\/strong><\/td>\n<td>Cilindri\u010dni zamrziva\u010d od 2,5 + 3,4 litre<\/td>\n<\/tr>\n<tr>\n<td><strong>Pumpa<\/strong><\/td>\n<td>Inovativna RAPP tehnologija<\/td>\n<\/tr>\n<tr>\n<td><strong>Hla\u0111en vodom<\/strong><\/td>\n<td>Potro\u0161nja rashladne vode cca. 90 m\u00b3 godi\u0161nje<\/td>\n<\/tr>\n<tr>\n<td><strong>Te\u017eina<\/strong><\/td>\n<td>290 kg<\/td>\n<\/tr>\n<tr>\n<td><strong>Dimenzije<\/strong><\/td>\n<td>V 150 \u00d7 \u0160 65 \u00d7 D 90 cm<\/td>\n<\/tr>\n<tr>\n<td><strong>Veza<\/strong><\/td>\n<td>400 V + 0 + A, 4,5 kWh<\/td>\n<\/tr>\n<\/tbody>\n<\/table>\n<div class=\"UfDyV _1n3i3 FXHR4 FMcOw\" data-hook=\"collapsible-list-item-title\">\n<div>\n<p id=\"viewer-6ib6s4235\" class=\"LThh9 tL1tz qufKF\" dir=\"auto\"><span class=\"AAYkC\"><strong>Dodatne opcije<\/strong><\/span><\/p>\n<\/div>\n<\/div>\n<div>\n<div class=\"UfDyV _1n3i3 FXHR4 FMcOw\" data-hook=\"collapsible-list-item-title\">\n<div>\n<ul class=\"Ior1H\">\n<li class=\"w4rN-\" dir=\"auto\">\n<p id=\"viewer-1rbue12278\" class=\"LThh9 tL1tz qufKF\" dir=\"\"><span class=\"AAYkC\">Sustav suhog punjenja za mje\u0161avinu praha<\/span><\/p>\n<\/li>\n<li class=\"w4rN-\" dir=\"auto\">\n<p id=\"viewer-p9xxm12364\" class=\"LThh9 tL1tz qufKF\" dir=\"\"><span class=\"AAYkC\">Funkcija Thickshake<\/span><\/p>\n<\/li>\n<li class=\"w4rN-\" dir=\"auto\">\n<p id=\"viewer-1dq5412452\" class=\"LThh9 tL1tz qufKF\" dir=\"\"><span class=\"AAYkC\">Ledeni tornado<\/span><\/p>\n<\/li>\n<li class=\"w4rN-\" dir=\"auto\">\n<p id=\"viewer-sb8d212542\" class=\"LThh9 tL1tz qufKF\" dir=\"\"><span class=\"AAYkC\">Filter za vodu<\/span><\/p>\n<\/li>\n<li class=\"w4rN-\" dir=\"auto\">\n<p id=\"viewer-4lbuv13181\" class=\"LThh9 tL1tz qufKF\" dir=\"\"><span class=\"AAYkC\">Zimske klipne brave<\/span><\/p>\n<\/li>\n<\/ul>\n<\/div>\n<\/div>\n<\/div>\n<\/div>\n<\/div>\n<\/div>\n<\/div>\n<\/div>\n<\/div>\n<\/div>","protected":false},"excerpt":{"rendered":"<p>The Nissei Titan Duo Combi stands out with its dual soft serve capabilities and five milkshake flavors. Operating at a capacity of 75 and 55 liters per hour per zylinder for soft serve, it&#8217;s ideal for establishments like cafes, ice cream parlors, and fast-food chains that aim to offer a wide range of options. Its [&hellip;]<\/p>\n","protected":false},"featured_media":6922,"comment_status":"open","ping_status":"closed","template":"","meta":[],"product_brand":[],"product_cat":[62],"product_tag":[],"class_list":{"0":"post-6921","1":"product","2":"type-product","3":"status-publish","4":"has-post-thumbnail","6":"product_cat-combi-ice-cream-milkshake","8":"first","9":"instock","10":"shipping-taxable","11":"product-type-simple"},"_links":{"self":[{"href":"https:\/\/dersuessestopp.com\/hr\/wp-json\/wp\/v2\/product\/6921","targetHints":{"allow":["GET"]}}],"collection":[{"href":"https:\/\/dersuessestopp.com\/hr\/wp-json\/wp\/v2\/product"}],"about":[{"href":"https:\/\/dersuessestopp.com\/hr\/wp-json\/wp\/v2\/types\/product"}],"replies":[{"embeddable":true,"href":"https:\/\/dersuessestopp.com\/hr\/wp-json\/wp\/v2\/comments?post=6921"}],"version-history":[{"count":2,"href":"https:\/\/dersuessestopp.com\/hr\/wp-json\/wp\/v2\/product\/6921\/revisions"}],"predecessor-version":[{"id":6925,"href":"https:\/\/dersuessestopp.com\/hr\/wp-json\/wp\/v2\/product\/6921\/revisions\/6925"}],"wp:featuredmedia":[{"embeddable":true,"href":"https:\/\/dersuessestopp.com\/hr\/wp-json\/wp\/v2\/media\/6922"}],"wp:attachment":[{"href":"https:\/\/dersuessestopp.com\/hr\/wp-json\/wp\/v2\/media?parent=6921"}],"wp:term":[{"taxonomy":"product_brand","embeddable":true,"href":"https:\/\/dersuessestopp.com\/hr\/wp-json\/wp\/v2\/product_brand?post=6921"},{"taxonomy":"product_cat","embeddable":true,"href":"https:\/\/dersuessestopp.com\/hr\/wp-json\/wp\/v2\/product_cat?post=6921"},{"taxonomy":"product_tag","embeddable":true,"href":"https:\/\/dersuessestopp.com\/hr\/wp-json\/wp\/v2\/product_tag?post=6921"}],"curies":[{"name":"wp","href":"https:\/\/api.w.org\/{rel}","templated":true}]}}