{"id":6907,"date":"2025-08-29T05:46:28","date_gmt":"2025-08-29T05:46:28","guid":{"rendered":"https:\/\/dersuessestopp.com\/?post_type=product&#038;p=6907"},"modified":"2025-08-29T05:50:21","modified_gmt":"2025-08-29T05:50:21","slug":"spaceman-6378ab-c-ultra-visokokapacitetni-zamrzivac-s-dvostrukim-okretanjem-i-mekim-zamrzivacem","status":"publish","type":"product","link":"https:\/\/dersuessestopp.com\/hr\/product\/spaceman-6378ab-c-ultra-high-capacity-twin-twist-soft-serve-freezer\/","title":{"rendered":"Spaceman 6378AB-C \u2013 Zamrziva\u010d s dvostrukim okretanjem i ultra visokim kapacitetom"},"content":{"rendered":"<p data-start=\"198\" data-end=\"535\">Spaceman 6378AB-C je te\u0161ki zamrziva\u010d s dvostrukim okretanjem i mekim serviranjem, dizajniran za tvrtke koje zahtijevaju maksimalni u\u010dinak i dosljednu kvalitetu proizvoda. S mogu\u0107no\u0161\u0107u proizvodnje do <strong data-start=\"386\" data-end=\"417\">800 porcija (80 g) na sat<\/strong>, ovaj model je idealan za prometne slasti\u010darnice, lance smrznutog jogurta, zabavne sadr\u017eaje i restorane s velikim prometom.<\/p>\n<p data-start=\"537\" data-end=\"847\">Uklju\u010duju\u0107i <strong data-start=\"547\" data-end=\"579\">dva rashladna spremnika od 10 litara<\/strong> i <strong data-start=\"584\" data-end=\"615\">dva cilindra za zamrzavanje od 3,2 l<\/strong>, 6378AB-C pru\u017ea iznimne performanse s brzim oporavkom i glatkom, kremastom teksturom proizvoda. Izra\u0111en Spacemanovom naprednom tehnologijom zamrzavanja, osigurava pouzdanost i u\u010dinkovitost \u010dak i tijekom vr\u0161nih sati rada.<\/p>\n<hr data-start=\"935\" data-end=\"938\" \/>\n<h3 data-start=\"849\" data-end=\"867\">Klju\u010dne zna\u010dajke<\/h3>\n<ul data-start=\"868\" data-end=\"1787\">\n<li data-start=\"868\" data-end=\"960\">\n<p data-start=\"870\" data-end=\"960\"><strong data-start=\"870\" data-end=\"895\">Doziranje s dvostrukim okretanjem<\/strong> \u2013 Nudi dva okusa plus opciju okretanja za svestranost jelovnika.<\/p>\n<\/li>\n<li data-start=\"961\" data-end=\"1073\">\n<p data-start=\"963\" data-end=\"1073\"><strong data-start=\"963\" data-end=\"984\">Ultra-visoki izlaz<\/strong> \u2013 Proizvodi do <strong data-start=\"1002\" data-end=\"1033\">800 porcija (80 g) na sat<\/strong>, dizajniran za tvrtke s visokom potra\u017enjom.<\/p>\n<\/li>\n<li data-start=\"1074\" data-end=\"1171\">\n<p data-start=\"1076\" data-end=\"1171\"><strong data-start=\"1076\" data-end=\"1104\">Veliki cilindri za zamrzavanje<\/strong> \u2013 2 \u00d7 3,2L cilindra za produ\u017eenu proizvodnju i brzi oporavak.<\/p>\n<\/li>\n<li data-start=\"1172\" data-end=\"1267\">\n<p data-start=\"1174\" data-end=\"1267\"><strong data-start=\"1174\" data-end=\"1198\">Rashladni spremnici<\/strong> \u2013 2 \u00d7 10L spremnika odr\u017eavaju smjesu svje\u017eom i spremnom za kontinuiranu upotrebu.<\/p>\n<\/li>\n<li data-start=\"1268\" data-end=\"1388\">\n<p data-start=\"1270\" data-end=\"1388\"><strong data-start=\"1270\" data-end=\"1304\">Jednostavne digitalne kontrole<\/strong> \u2013 Jednostavno su\u010delje za pra\u0107enje konzistentnosti, temperature i performansi.<\/p>\n<\/li>\n<li data-start=\"1389\" data-end=\"1485\">\n<p data-start=\"1391\" data-end=\"1485\"><strong data-start=\"1391\" data-end=\"1430\">Na\u010dini pripravnosti, mekog pokretanja i odmrzavanja<\/strong> \u2013 Pove\u0107ava prakti\u010dnost, sigurnost i jednostavnost \u010di\u0161\u0107enja.<\/p>\n<\/li>\n<li data-start=\"1486\" data-end=\"1598\">\n<p data-start=\"1488\" data-end=\"1598\"><strong data-start=\"1488\" data-end=\"1515\">Ugra\u0111eni sigurnosni sustavi<\/strong> \u2013 Uklju\u010duje upozorenje na nisku razinu mje\u0161avine, za\u0161titu od preoptere\u0107enja motora i temperaturne za\u0161tite.<\/p>\n<\/li>\n<li data-start=\"1599\" data-end=\"1698\">\n<p data-start=\"1601\" data-end=\"1698\"><strong data-start=\"1601\" data-end=\"1644\">Izrada od nehr\u0111aju\u0107eg \u010delika za te\u0161ke uvjete rada<\/strong> \u2013 Izdr\u017eljiv, mobilan dizajn za dugotrajnu pouzdanost.<\/p>\n<\/li>\n<li data-start=\"1699\" data-end=\"1787\">\n<p data-start=\"1701\" data-end=\"1787\"><strong data-start=\"1701\" data-end=\"1722\">Dostupne opcije<\/strong> \u2013 Vodeno hla\u0111eni sustav i zra\u010dni kanal za fleksibilnu ugradnju.<\/p>\n<\/li>\n<\/ul>\n<hr data-start=\"935\" data-end=\"938\" \/>\n<h3 data-start=\"1789\" data-end=\"1809\">Tehni\u010dki podaci<\/h3>\n<table>\n<thead>\n<tr>\n<th>Zna\u010dajka<\/th>\n<th>Detalji<\/th>\n<\/tr>\n<\/thead>\n<tbody>\n<tr>\n<td><strong>Okusi<\/strong><\/td>\n<td>2 + Okret<\/td>\n<\/tr>\n<tr>\n<td><strong>Kapacitet (80 g)<\/strong><\/td>\n<td>800 serviranja\/h<\/td>\n<\/tr>\n<tr>\n<td><strong>Cilindri<\/strong><\/td>\n<td>2 \u00d7 3,2 l<\/td>\n<\/tr>\n<tr>\n<td><strong>Skaka\u010di<\/strong><\/td>\n<td>2 \u00d7 10 l<\/td>\n<\/tr>\n<tr>\n<td><strong>Snaga (50Hz \/ 60Hz)<\/strong><\/td>\n<td>5,5 kW \/ 5,8 kW<\/td>\n<\/tr>\n<tr>\n<td><strong>Neto\/te\u017eina broda (kg)<\/strong><\/td>\n<td>273 \/ 295<\/td>\n<\/tr>\n<tr>\n<td><strong>Neto dimenzije (mm)<\/strong><\/td>\n<td>553 \u00d7 706 \u00d7 1613<\/td>\n<\/tr>\n<tr>\n<td><strong>Dimenzije broda (mm)<\/strong><\/td>\n<td>770 \u00d7 890 \u00d7 1720<\/td>\n<\/tr>\n<tr>\n<td><strong>Napajanje<\/strong><\/td>\n<td>380 V\/3 faze\/50 Hz, 220 V\/3 faze\/60 Hz<\/td>\n<\/tr>\n<tr>\n<td><strong>Dostupne opcije<\/strong><\/td>\n<td>Vodeno hla\u0111enje, zra\u010dni kanal<\/td>\n<\/tr>\n<\/tbody>\n<\/table>","protected":false},"excerpt":{"rendered":"<p>The Spaceman 6378AB-C is a heavy-duty, twin-twist soft serve freezer engineered for businesses that demand maximum output and consistent product quality. With the ability to produce up to 800 servings (80g) per hour, this model is ideal for busy ice cream shops, frozen yogurt chains, amusement venues, and high-volume restaurants. Featuring two 10L refrigerated hoppers [&hellip;]<\/p>\n","protected":false},"featured_media":6908,"comment_status":"open","ping_status":"closed","template":"","meta":[],"product_brand":[],"product_cat":[33],"product_tag":[],"class_list":{"0":"post-6907","1":"product","2":"type-product","3":"status-publish","4":"has-post-thumbnail","6":"product_cat-elite-series","8":"first","9":"instock","10":"shipping-taxable","11":"product-type-simple"},"_links":{"self":[{"href":"https:\/\/dersuessestopp.com\/hr\/wp-json\/wp\/v2\/product\/6907","targetHints":{"allow":["GET"]}}],"collection":[{"href":"https:\/\/dersuessestopp.com\/hr\/wp-json\/wp\/v2\/product"}],"about":[{"href":"https:\/\/dersuessestopp.com\/hr\/wp-json\/wp\/v2\/types\/product"}],"replies":[{"embeddable":true,"href":"https:\/\/dersuessestopp.com\/hr\/wp-json\/wp\/v2\/comments?post=6907"}],"version-history":[{"count":3,"href":"https:\/\/dersuessestopp.com\/hr\/wp-json\/wp\/v2\/product\/6907\/revisions"}],"predecessor-version":[{"id":6911,"href":"https:\/\/dersuessestopp.com\/hr\/wp-json\/wp\/v2\/product\/6907\/revisions\/6911"}],"wp:featuredmedia":[{"embeddable":true,"href":"https:\/\/dersuessestopp.com\/hr\/wp-json\/wp\/v2\/media\/6908"}],"wp:attachment":[{"href":"https:\/\/dersuessestopp.com\/hr\/wp-json\/wp\/v2\/media?parent=6907"}],"wp:term":[{"taxonomy":"product_brand","embeddable":true,"href":"https:\/\/dersuessestopp.com\/hr\/wp-json\/wp\/v2\/product_brand?post=6907"},{"taxonomy":"product_cat","embeddable":true,"href":"https:\/\/dersuessestopp.com\/hr\/wp-json\/wp\/v2\/product_cat?post=6907"},{"taxonomy":"product_tag","embeddable":true,"href":"https:\/\/dersuessestopp.com\/hr\/wp-json\/wp\/v2\/product_tag?post=6907"}],"curies":[{"name":"wp","href":"https:\/\/api.w.org\/{rel}","templated":true}]}}