{"id":6904,"date":"2025-08-29T05:39:40","date_gmt":"2025-08-29T05:39:40","guid":{"rendered":"https:\/\/dersuessestopp.com\/?post_type=product&#038;p=6904"},"modified":"2025-08-29T05:40:39","modified_gmt":"2025-08-29T05:40:39","slug":"spaceman-6235ab-c-kompaktni-zamrzivac-s-dvostrukim-okretanjem-i-mekim-zamrzivacem","status":"publish","type":"product","link":"https:\/\/dersuessestopp.com\/hr\/product\/spaceman-6235ab-c-compact-twin-twist-soft-serve-freezer\/","title":{"rendered":"Spaceman 6235AB-C \u2013 Kompaktni zamrziva\u010d s dvostrukim okretanjem i mekim serviranjem"},"content":{"rendered":"<p data-start=\"192\" data-end=\"589\">Spaceman 6235AB-C je svestrani zamrziva\u010d s dvostrukim okretanjem i mekim serviranjem, dizajniran za korisnike koji \u017eele poslu\u017eiti dva okusa plus opciju okretanja u kompaktnom prostoru. S mogu\u0107no\u0161\u0107u proizvodnje do <strong data-start=\"390\" data-end=\"421\">380 porcija (80 g) na sat<\/strong>, ovaj model idealan je za kafi\u0107e, male slasti\u010darnice, prodavaonice smrznutog jogurta, restorane i trgovine mje\u0161ovitom robom koje tra\u017ee pouzdane performanse s fleksibilno\u0161\u0107u jelovnika.<\/p>\n<p data-start=\"591\" data-end=\"933\">Uklju\u010duju\u0107i <strong data-start=\"601\" data-end=\"632\">dva rashladna spremnika od 5 litara<\/strong> i <strong data-start=\"637\" data-end=\"668\">dva cilindra za zamrzavanje od 1,7 l<\/strong>, 6235AB-C osigurava dosljednu kvalitetu proizvoda, glatku teksturu i u\u010dinkovit rad. Njegov dizajn koji \u0161tedi prostor \u010dini ga izvrsnim izborom za tvrtke s ograni\u010denim prostorom na pultu, dok Spacemanova napredna tehnologija zamrzavanja jam\u010di pouzdanu proizvodnju.<\/p>\n<hr data-start=\"935\" data-end=\"938\" \/>\n<h3 data-start=\"935\" data-end=\"953\">Klju\u010dne zna\u010dajke<\/h3>\n<ul data-start=\"954\" data-end=\"1803\">\n<li data-start=\"954\" data-end=\"1050\">\n<p data-start=\"956\" data-end=\"1050\"><strong data-start=\"956\" data-end=\"981\">Doziranje s dvostrukim okretanjem<\/strong> \u2013 Nudi dva okusa plus mogu\u0107nost okretanja za ve\u0107u raznolikost jelovnika.<\/p>\n<\/li>\n<li data-start=\"1051\" data-end=\"1167\">\n<p data-start=\"1053\" data-end=\"1167\"><strong data-start=\"1053\" data-end=\"1073\">U\u010dinkovit izlaz<\/strong> \u2013 Proizvodi do <strong data-start=\"1091\" data-end=\"1122\">380 porcija (80 g) na sat<\/strong>, idealno za mala i srednja poduze\u0107a.<\/p>\n<\/li>\n<li data-start=\"1168\" data-end=\"1266\">\n<p data-start=\"1170\" data-end=\"1266\"><strong data-start=\"1170\" data-end=\"1197\">Dvostruki cilindri za zamrzavanje<\/strong> \u2013 2 \u00d7 1,7L cilindra osiguravaju glatku konzistenciju i brz oporavak.<\/p>\n<\/li>\n<li data-start=\"1267\" data-end=\"1351\">\n<p data-start=\"1269\" data-end=\"1351\"><strong data-start=\"1269\" data-end=\"1293\">Rashladni spremnici<\/strong> \u2013 2 \u00d7 5L spremnika odr\u017eavaju proizvod svje\u017eim tijekom cijelog dana.<\/p>\n<\/li>\n<li data-start=\"1352\" data-end=\"1455\">\n<p data-start=\"1354\" data-end=\"1455\"><strong data-start=\"1354\" data-end=\"1388\">Jednostavne, korisni\u010dki prilago\u0111ene kontrole<\/strong> \u2013 Jednostavno rukovanje s pra\u0107enjem konzistencije i temperature.<\/p>\n<\/li>\n<li data-start=\"1456\" data-end=\"1534\">\n<p data-start=\"1458\" data-end=\"1534\"><strong data-start=\"1458\" data-end=\"1474\">Na\u010din pripravnosti<\/strong> \u2013 Osigurava sigurnost i svje\u017einu proizvoda tijekom razdoblja neaktivnosti.<\/p>\n<\/li>\n<li data-start=\"1535\" data-end=\"1642\">\n<p data-start=\"1537\" data-end=\"1642\"><strong data-start=\"1537\" data-end=\"1565\">Ugra\u0111ene sigurnosne zna\u010dajke<\/strong> \u2013 Uklju\u010duje upozorenje na nisku razinu mje\u0161avine, za\u0161titu od preoptere\u0107enja i temperaturne za\u0161tite.<\/p>\n<\/li>\n<li data-start=\"1643\" data-end=\"1733\">\n<p data-start=\"1645\" data-end=\"1733\"><strong data-start=\"1645\" data-end=\"1685\">Izdr\u017eljiva konstrukcija od nehr\u0111aju\u0107eg \u010delika<\/strong> \u2013 Kompaktan, pouzdan dizajn za dugotrajnu upotrebu.<\/p>\n<\/li>\n<li data-start=\"1734\" data-end=\"1803\">\n<p data-start=\"1736\" data-end=\"1803\"><strong data-start=\"1736\" data-end=\"1756\">Dostupna opcija<\/strong> \u2013 Zra\u010dni otvor za fleksibilne potrebe ugradnje.<\/p>\n<\/li>\n<\/ul>\n<hr data-start=\"935\" data-end=\"938\" \/>\n<h3 data-start=\"1805\" data-end=\"1825\">Tehni\u010dki podaci<\/h3>\n<table>\n<thead>\n<tr>\n<th>Zna\u010dajka<\/th>\n<th>Detalji<\/th>\n<\/tr>\n<\/thead>\n<tbody>\n<tr>\n<td><strong>Okusi<\/strong><\/td>\n<td>2 + Okret<\/td>\n<\/tr>\n<tr>\n<td><strong>Kapacitet (80 g)<\/strong><\/td>\n<td>380 serviranja\/sat<\/td>\n<\/tr>\n<tr>\n<td><strong>Cilindri<\/strong><\/td>\n<td>2 \u00d7 1,7 l<\/td>\n<\/tr>\n<tr>\n<td><strong>Skaka\u010di<\/strong><\/td>\n<td>2 \u00d7 5 l<\/td>\n<\/tr>\n<tr>\n<td><strong>Snaga (50Hz \/ 60Hz)<\/strong><\/td>\n<td>2,4 kW \/ 2,5 kW<\/td>\n<\/tr>\n<tr>\n<td><strong>Neto\/te\u017eina broda (kg)<\/strong><\/td>\n<td>154 \/ 170<\/td>\n<\/tr>\n<tr>\n<td><strong>Neto dimenzije (mm)<\/strong><\/td>\n<td>444 \u00d7 705 \u00d7 880<\/td>\n<\/tr>\n<tr>\n<td><strong>Dimenzije broda (mm)<\/strong><\/td>\n<td>530 \u00d7 830 \u00d7 1080<\/td>\n<\/tr>\n<tr>\n<td><strong>Napajanje<\/strong><\/td>\n<td>220 V\/1 faza\/50 Hz, 220 V\/1 faza\/60 Hz<\/td>\n<\/tr>\n<tr>\n<td><strong>Dostupne opcije<\/strong><\/td>\n<td>Zra\u010dni kanal<\/td>\n<\/tr>\n<\/tbody>\n<\/table>","protected":false},"excerpt":{"rendered":"<p>The Spaceman 6235AB-C is a versatile twin-twist soft serve freezer designed for operators who want to serve two flavors plus a twist option in a compact footprint. With the ability to produce up to 380 servings (80g) per hour, this model is ideal for caf\u00e9s, small ice cream shops, frozen yogurt outlets, restaurants, and convenience [&hellip;]<\/p>\n","protected":false},"featured_media":6905,"comment_status":"open","ping_status":"closed","template":"","meta":[],"product_brand":[],"product_cat":[33],"product_tag":[],"class_list":{"0":"post-6904","1":"product","2":"type-product","3":"status-publish","4":"has-post-thumbnail","6":"product_cat-elite-series","8":"first","9":"instock","10":"shipping-taxable","11":"product-type-simple"},"_links":{"self":[{"href":"https:\/\/dersuessestopp.com\/hr\/wp-json\/wp\/v2\/product\/6904","targetHints":{"allow":["GET"]}}],"collection":[{"href":"https:\/\/dersuessestopp.com\/hr\/wp-json\/wp\/v2\/product"}],"about":[{"href":"https:\/\/dersuessestopp.com\/hr\/wp-json\/wp\/v2\/types\/product"}],"replies":[{"embeddable":true,"href":"https:\/\/dersuessestopp.com\/hr\/wp-json\/wp\/v2\/comments?post=6904"}],"version-history":[{"count":1,"href":"https:\/\/dersuessestopp.com\/hr\/wp-json\/wp\/v2\/product\/6904\/revisions"}],"predecessor-version":[{"id":6906,"href":"https:\/\/dersuessestopp.com\/hr\/wp-json\/wp\/v2\/product\/6904\/revisions\/6906"}],"wp:featuredmedia":[{"embeddable":true,"href":"https:\/\/dersuessestopp.com\/hr\/wp-json\/wp\/v2\/media\/6905"}],"wp:attachment":[{"href":"https:\/\/dersuessestopp.com\/hr\/wp-json\/wp\/v2\/media?parent=6904"}],"wp:term":[{"taxonomy":"product_brand","embeddable":true,"href":"https:\/\/dersuessestopp.com\/hr\/wp-json\/wp\/v2\/product_brand?post=6904"},{"taxonomy":"product_cat","embeddable":true,"href":"https:\/\/dersuessestopp.com\/hr\/wp-json\/wp\/v2\/product_cat?post=6904"},{"taxonomy":"product_tag","embeddable":true,"href":"https:\/\/dersuessestopp.com\/hr\/wp-json\/wp\/v2\/product_tag?post=6904"}],"curies":[{"name":"wp","href":"https:\/\/api.w.org\/{rel}","templated":true}]}}