{"id":6901,"date":"2025-08-29T05:35:33","date_gmt":"2025-08-29T05:35:33","guid":{"rendered":"https:\/\/dersuessestopp.com\/?post_type=product&#038;p=6901"},"modified":"2025-08-29T05:35:33","modified_gmt":"2025-08-29T05:35:33","slug":"spaceman-6368ab-c-visokokapacitetni-zamrzivac-s-dvostrukim-okretanjem-i-mekim-zamrzivacem","status":"publish","type":"product","link":"https:\/\/dersuessestopp.com\/hr\/product\/spaceman-6368ab-c-high-capacity-twin-twist-soft-serve-freezer\/","title":{"rendered":"Spaceman 6368AB-C \u2013 Zamrziva\u010d s dvostrukim okretanjem velikog kapaciteta i mekim serviranjem"},"content":{"rendered":"<p data-start=\"204\" data-end=\"601\">Spaceman 6368AB-C je sna\u017ean dvostruki zamrziva\u010d s mekim serviranjem dizajniran za tvrtke kojima su potrebne pouzdane performanse i visoki prinos. S kapacitetom proizvodnje do <strong data-start=\"377\" data-end=\"408\">620 porcija (80 g) na sat<\/strong>, ovaj model je idealan za prometne slasti\u010darnice, trgovine smrznutim jogurtom, zabavne sadr\u017eaje i restorane s velikim prometom koji \u017eele poslu\u017eivati dva okusa plus opciju twist s dosljednom kvalitetom.<\/p>\n<p data-start=\"603\" data-end=\"926\">Opremljen s <strong data-start=\"617\" data-end=\"648\">dva rashladna spremnika od 8 litara<\/strong> i <strong data-start=\"653\" data-end=\"684\">dva cilindra za zamrzavanje od 1,7 l<\/strong>, 6368AB-C osigurava glatku, kremastu i meku konzumaciju uz odr\u017eavanje svje\u017eine tijekom cijelog dana. Njegov robusni dizajn i napredna tehnologija zamrzavanja omogu\u0107uju brzo obnavljanje, \u0161to ga \u010dini savr\u0161enim za kontinuiranu uslugu tijekom vr\u0161nih sati.<\/p>\n<hr data-start=\"935\" data-end=\"938\" \/>\n<h3 data-start=\"928\" data-end=\"946\">Klju\u010dne zna\u010dajke<\/h3>\n<ul data-start=\"947\" data-end=\"1813\">\n<li data-start=\"947\" data-end=\"1032\">\n<p data-start=\"949\" data-end=\"1032\"><strong data-start=\"949\" data-end=\"974\">Doziranje s dvostrukim okretanjem<\/strong> \u2013 Dva okusa plus opcija okretanja za svestranost jelovnika.<\/p>\n<\/li>\n<li data-start=\"1033\" data-end=\"1143\">\n<p data-start=\"1035\" data-end=\"1143\"><strong data-start=\"1035\" data-end=\"1059\">Visoki izlazni kapacitet<\/strong> \u2013 Proizvodi do <strong data-start=\"1077\" data-end=\"1108\">620 porcija (80 g) na sat<\/strong>, izgra\u0111en za zahtjevne operacije.<\/p>\n<\/li>\n<li data-start=\"1144\" data-end=\"1251\">\n<p data-start=\"1146\" data-end=\"1251\"><strong data-start=\"1146\" data-end=\"1173\">Dvostruki cilindri za zamrzavanje<\/strong> \u2013 2 \u00d7 1,7L cilindra pru\u017eaju konzistentnu teksturu proizvoda i brz oporavak.<\/p>\n<\/li>\n<li data-start=\"1252\" data-end=\"1335\">\n<p data-start=\"1254\" data-end=\"1335\"><strong data-start=\"1254\" data-end=\"1278\">Rashladni spremnici<\/strong> \u2013 2 \u00d7 8L spremnika odr\u017eavaju smjesu svje\u017eom i spremnom za poslu\u017eivanje.<\/p>\n<\/li>\n<li data-start=\"1336\" data-end=\"1427\">\n<p data-start=\"1338\" data-end=\"1427\"><strong data-start=\"1338\" data-end=\"1372\">Jednostavne digitalne kontrole<\/strong> \u2013 Jednostavno su\u010delje s pra\u0107enjem performansi.<\/p>\n<\/li>\n<li data-start=\"1428\" data-end=\"1520\">\n<p data-start=\"1430\" data-end=\"1520\"><strong data-start=\"1430\" data-end=\"1457\">Na\u010dini pripravnosti i odmrzavanja<\/strong> \u2013 Pobolj\u0161ajte sigurnost, \u010disto\u0107u i prakti\u010dnost tijekom zastoja.<\/p>\n<\/li>\n<li data-start=\"1521\" data-end=\"1627\">\n<p data-start=\"1523\" data-end=\"1627\"><strong data-start=\"1523\" data-end=\"1550\">Ugra\u0111eni sigurnosni sustavi<\/strong> \u2013 Uklju\u010duje upozorenje na nisku razinu mje\u0161avine, za\u0161titu od preoptere\u0107enja i za\u0161titu od temperature.<\/p>\n<\/li>\n<li data-start=\"1628\" data-end=\"1723\">\n<p data-start=\"1630\" data-end=\"1723\"><strong data-start=\"1630\" data-end=\"1664\">Izdr\u017eljiv dizajn od nehr\u0111aju\u0107eg \u010delika<\/strong> \u2013 Robusna konstrukcija s mobilno\u0161\u0107u za fleksibilno postavljanje.<\/p>\n<\/li>\n<li data-start=\"1724\" data-end=\"1813\">\n<p data-start=\"1726\" data-end=\"1813\"><strong data-start=\"1726\" data-end=\"1747\">Dostupne opcije<\/strong> \u2013 Vodeno hla\u0111eni sustav i zra\u010dni kanal za prilagodljivu ugradnju.<\/p>\n<\/li>\n<\/ul>\n<hr data-start=\"935\" data-end=\"938\" \/>\n<h3 data-start=\"1815\" data-end=\"1835\">Tehni\u010dki podaci<\/h3>\n<table>\n<thead>\n<tr>\n<th>Zna\u010dajka<\/th>\n<th>Detalji<\/th>\n<\/tr>\n<\/thead>\n<tbody>\n<tr>\n<td><strong>Okusi<\/strong><\/td>\n<td>2 + Okret<\/td>\n<\/tr>\n<tr>\n<td><strong>Kapacitet (80 g)<\/strong><\/td>\n<td>620 serviranja\/h<\/td>\n<\/tr>\n<tr>\n<td><strong>Cilindri<\/strong><\/td>\n<td>2 \u00d7 1,7 l<\/td>\n<\/tr>\n<tr>\n<td><strong>Skaka\u010di<\/strong><\/td>\n<td>2 \u00d7 8L<\/td>\n<\/tr>\n<tr>\n<td><strong>Snaga (50Hz \/ 60Hz)<\/strong><\/td>\n<td>4,6 kW \/ 4,8 kW<\/td>\n<\/tr>\n<tr>\n<td><strong>Neto\/te\u017eina broda (kg)<\/strong><\/td>\n<td>250 \/ 270<\/td>\n<\/tr>\n<tr>\n<td><strong>Neto dimenzije (mm)<\/strong><\/td>\n<td>532 \u00d7 652 \u00d7 1494<\/td>\n<\/tr>\n<tr>\n<td><strong>Dimenzije broda (mm)<\/strong><\/td>\n<td>650 \u00d7 820 \u00d7 1640<\/td>\n<\/tr>\n<tr>\n<td><strong>Napajanje<\/strong><\/td>\n<td>380 V\/3 faze\/50 Hz, 220 V\/3 faze\/60 Hz<\/td>\n<\/tr>\n<tr>\n<td><strong>Dostupne opcije<\/strong><\/td>\n<td>Vodeno hla\u0111enje, zra\u010dni kanal<\/td>\n<\/tr>\n<\/tbody>\n<\/table>","protected":false},"excerpt":{"rendered":"<p>The Spaceman 6368AB-C is a powerful twin-twist soft serve freezer designed for businesses that need reliable performance and high output. With the capacity to produce up to 620 servings (80g) per hour, this model is ideal for busy ice cream shops, frozen yogurt stores, amusement venues, and high-volume restaurants that want to serve two flavors [&hellip;]<\/p>\n","protected":false},"featured_media":6902,"comment_status":"open","ping_status":"closed","template":"","meta":[],"product_brand":[],"product_cat":[33],"product_tag":[],"class_list":{"0":"post-6901","1":"product","2":"type-product","3":"status-publish","4":"has-post-thumbnail","6":"product_cat-elite-series","8":"first","9":"instock","10":"shipping-taxable","11":"product-type-simple"},"_links":{"self":[{"href":"https:\/\/dersuessestopp.com\/hr\/wp-json\/wp\/v2\/product\/6901","targetHints":{"allow":["GET"]}}],"collection":[{"href":"https:\/\/dersuessestopp.com\/hr\/wp-json\/wp\/v2\/product"}],"about":[{"href":"https:\/\/dersuessestopp.com\/hr\/wp-json\/wp\/v2\/types\/product"}],"replies":[{"embeddable":true,"href":"https:\/\/dersuessestopp.com\/hr\/wp-json\/wp\/v2\/comments?post=6901"}],"version-history":[{"count":1,"href":"https:\/\/dersuessestopp.com\/hr\/wp-json\/wp\/v2\/product\/6901\/revisions"}],"predecessor-version":[{"id":6903,"href":"https:\/\/dersuessestopp.com\/hr\/wp-json\/wp\/v2\/product\/6901\/revisions\/6903"}],"wp:featuredmedia":[{"embeddable":true,"href":"https:\/\/dersuessestopp.com\/hr\/wp-json\/wp\/v2\/media\/6902"}],"wp:attachment":[{"href":"https:\/\/dersuessestopp.com\/hr\/wp-json\/wp\/v2\/media?parent=6901"}],"wp:term":[{"taxonomy":"product_brand","embeddable":true,"href":"https:\/\/dersuessestopp.com\/hr\/wp-json\/wp\/v2\/product_brand?post=6901"},{"taxonomy":"product_cat","embeddable":true,"href":"https:\/\/dersuessestopp.com\/hr\/wp-json\/wp\/v2\/product_cat?post=6901"},{"taxonomy":"product_tag","embeddable":true,"href":"https:\/\/dersuessestopp.com\/hr\/wp-json\/wp\/v2\/product_tag?post=6901"}],"curies":[{"name":"wp","href":"https:\/\/api.w.org\/{rel}","templated":true}]}}