{"id":6898,"date":"2025-08-29T05:28:39","date_gmt":"2025-08-29T05:28:39","guid":{"rendered":"https:\/\/dersuessestopp.com\/?post_type=product&#038;p=6898"},"modified":"2025-08-29T05:28:40","modified_gmt":"2025-08-29T05:28:40","slug":"spaceman-6234ab-c-kompaktni-zamrzivac-s-dvostrukim-okretanjem-i-mekim-serviranjem","status":"publish","type":"product","link":"https:\/\/dersuessestopp.com\/hr\/product\/spaceman-6234ab-c-compact-twin-twist-soft-serve-freezer\/","title":{"rendered":"Spaceman 6234AB-C \u2013 Kompaktni zamrziva\u010d s dvostrukim okretanjem i mekim serviranjem"},"content":{"rendered":"<p data-start=\"208\" data-end=\"596\">Spaceman 6234AB-C je kompaktni zamrziva\u010d s dvostrukim okretanjem i mekim serviranjem, dizajniran za tvrtke koje \u017eele ponuditi dva okusa plus opciju okretanja bez zauzimanja previ\u0161e prostora. S mogu\u0107no\u0161\u0107u proizvodnje do <strong data-start=\"416\" data-end=\"447\">280 porcija (80 g) na sat<\/strong>, ovaj model je izvrstan za kafi\u0107e, male restorane, trgovine smrznutim jogurtom i trgovine mje\u0161ovitom robom koje \u017eele dodati raznolikost svom jelovniku slastica.<\/p>\n<p data-start=\"598\" data-end=\"888\">Opremljen s <strong data-start=\"612\" data-end=\"643\">dva rashladna spremnika od 5 litara<\/strong> i <strong data-start=\"648\" data-end=\"679\">dva cilindra za zamrzavanje od 1,2 l<\/strong>, 6234AB-C osigurava dosljednu kvalitetu proizvoda i glatku teksturu. Njegov mali prostor \u010dini ga idealnim za kori\u0161tenje na radnoj povr\u0161ini, dok Spacemanova napredna tehnologija zamrzavanja pru\u017ea u\u010dinkovitost i pouzdanost.<\/p>\n<hr data-start=\"935\" data-end=\"938\" \/>\n<h3 data-start=\"890\" data-end=\"908\">Klju\u010dne zna\u010dajke<\/h3>\n<ul data-start=\"909\" data-end=\"1782\">\n<li data-start=\"909\" data-end=\"1014\">\n<p data-start=\"911\" data-end=\"1014\"><strong data-start=\"911\" data-end=\"936\">Doziranje s dvostrukim okretanjem<\/strong> \u2013 Nudi dva pojedina\u010dna okusa plus mogu\u0107nost okretanja za dodatnu raznolikost jelovnika.<\/p>\n<\/li>\n<li data-start=\"1015\" data-end=\"1134\">\n<p data-start=\"1017\" data-end=\"1134\"><strong data-start=\"1017\" data-end=\"1040\">Kompaktne performanse<\/strong> \u2013 Proizvodi do <strong data-start=\"1058\" data-end=\"1089\">280 porcija (80 g) na sat<\/strong>, idealno za operacije s manjim do srednjim obujmom.<\/p>\n<\/li>\n<li data-start=\"1135\" data-end=\"1234\">\n<p data-start=\"1137\" data-end=\"1234\"><strong data-start=\"1137\" data-end=\"1164\">Dvostruki cilindri za zamrzavanje<\/strong> \u2013 2 \u00d7 1,2L cilindra osiguravaju dosljedno zamrzavanje i brzi oporavak.<\/p>\n<\/li>\n<li data-start=\"1235\" data-end=\"1327\">\n<p data-start=\"1237\" data-end=\"1327\"><strong data-start=\"1237\" data-end=\"1261\">Rashladni spremnici<\/strong> \u2013 2 \u00d7 5L spremnika odr\u017eavaju smjesu hladnom i svje\u017eom tijekom cijelog dana.<\/p>\n<\/li>\n<li data-start=\"1328\" data-end=\"1422\">\n<p data-start=\"1330\" data-end=\"1422\"><strong data-start=\"1330\" data-end=\"1356\">Jednostavne kontrole<\/strong> \u2013 Jednostavno su\u010delje s pra\u0107enjem temperature i konzistencije.<\/p>\n<\/li>\n<li data-start=\"1423\" data-end=\"1513\">\n<p data-start=\"1425\" data-end=\"1513\"><strong data-start=\"1425\" data-end=\"1441\">Na\u010din pripravnosti<\/strong> \u2013 Poma\u017ee u odr\u017eavanju sigurnosti hrane i svje\u017eine proizvoda tijekom razdoblja neaktivnosti.<\/p>\n<\/li>\n<li data-start=\"1514\" data-end=\"1615\">\n<p data-start=\"1516\" data-end=\"1615\"><strong data-start=\"1516\" data-end=\"1535\">Sigurnosne zna\u010dajke<\/strong> \u2013 Uklju\u010duje upozorenja o razini mje\u0161avine, za\u0161titu od preoptere\u0107enja i temperaturne za\u0161tite.<\/p>\n<\/li>\n<li data-start=\"1616\" data-end=\"1718\">\n<p data-start=\"1618\" data-end=\"1718\"><strong data-start=\"1618\" data-end=\"1652\">Izdr\u017eljiv dizajn od nehr\u0111aju\u0107eg \u010delika<\/strong> \u2013 Izra\u0111en za pouzdanost s kompaktnim dizajnom koji \u0161tedi prostor.<\/p>\n<\/li>\n<li data-start=\"1719\" data-end=\"1782\">\n<p data-start=\"1721\" data-end=\"1782\"><strong data-start=\"1721\" data-end=\"1741\">Dostupna opcija<\/strong> \u2013 Zra\u010dni otvor za fleksibilnu ugradnju.<\/p>\n<\/li>\n<\/ul>\n<hr data-start=\"935\" data-end=\"938\" \/>\n<h3 data-start=\"1784\" data-end=\"1804\">Tehni\u010dki podaci<\/h3>\n<table>\n<thead>\n<tr>\n<th>Zna\u010dajka<\/th>\n<th>Detalji<\/th>\n<\/tr>\n<\/thead>\n<tbody>\n<tr>\n<td><strong>Okusi<\/strong><\/td>\n<td>2 + Okret<\/td>\n<\/tr>\n<tr>\n<td><strong>Kapacitet (80 g)<\/strong><\/td>\n<td>280 serviranja\/sat<\/td>\n<\/tr>\n<tr>\n<td><strong>Cilindri<\/strong><\/td>\n<td>2 \u00d7 1,2 l<\/td>\n<\/tr>\n<tr>\n<td><strong>Skaka\u010di<\/strong><\/td>\n<td>2 \u00d7 5 l<\/td>\n<\/tr>\n<tr>\n<td><strong>Snaga (50Hz \/ 60Hz)<\/strong><\/td>\n<td>2,3 kW \/ 2,4 kW<\/td>\n<\/tr>\n<tr>\n<td><strong>Neto\/te\u017eina broda (kg)<\/strong><\/td>\n<td>145 \/ 160<\/td>\n<\/tr>\n<tr>\n<td><strong>Neto dimenzije (mm)<\/strong><\/td>\n<td>444 \u00d7 705 \u00d7 880<\/td>\n<\/tr>\n<tr>\n<td><strong>Dimenzije broda (mm)<\/strong><\/td>\n<td>530 \u00d7 830 \u00d7 1080<\/td>\n<\/tr>\n<tr>\n<td><strong>Napajanje<\/strong><\/td>\n<td>220 V\/1 faza\/50 Hz, 220 V\/1 faza\/60 Hz<\/td>\n<\/tr>\n<tr>\n<td><strong>Dostupne opcije<\/strong><\/td>\n<td>Zra\u010dni kanal<\/td>\n<\/tr>\n<\/tbody>\n<\/table>","protected":false},"excerpt":{"rendered":"<p>The Spaceman 6234AB-C is a compact twin-twist soft serve freezer designed for businesses that want to offer two flavors plus a twist option without taking up too much space. With the ability to produce up to 280 servings (80g) per hour, this model is a great fit for caf\u00e9s, small restaurants, frozen yogurt shops, and [&hellip;]<\/p>\n","protected":false},"featured_media":6899,"comment_status":"open","ping_status":"closed","template":"","meta":[],"product_brand":[],"product_cat":[33],"product_tag":[],"class_list":{"0":"post-6898","1":"product","2":"type-product","3":"status-publish","4":"has-post-thumbnail","6":"product_cat-elite-series","8":"first","9":"instock","10":"shipping-taxable","11":"product-type-simple"},"_links":{"self":[{"href":"https:\/\/dersuessestopp.com\/hr\/wp-json\/wp\/v2\/product\/6898","targetHints":{"allow":["GET"]}}],"collection":[{"href":"https:\/\/dersuessestopp.com\/hr\/wp-json\/wp\/v2\/product"}],"about":[{"href":"https:\/\/dersuessestopp.com\/hr\/wp-json\/wp\/v2\/types\/product"}],"replies":[{"embeddable":true,"href":"https:\/\/dersuessestopp.com\/hr\/wp-json\/wp\/v2\/comments?post=6898"}],"version-history":[{"count":1,"href":"https:\/\/dersuessestopp.com\/hr\/wp-json\/wp\/v2\/product\/6898\/revisions"}],"predecessor-version":[{"id":6900,"href":"https:\/\/dersuessestopp.com\/hr\/wp-json\/wp\/v2\/product\/6898\/revisions\/6900"}],"wp:featuredmedia":[{"embeddable":true,"href":"https:\/\/dersuessestopp.com\/hr\/wp-json\/wp\/v2\/media\/6899"}],"wp:attachment":[{"href":"https:\/\/dersuessestopp.com\/hr\/wp-json\/wp\/v2\/media?parent=6898"}],"wp:term":[{"taxonomy":"product_brand","embeddable":true,"href":"https:\/\/dersuessestopp.com\/hr\/wp-json\/wp\/v2\/product_brand?post=6898"},{"taxonomy":"product_cat","embeddable":true,"href":"https:\/\/dersuessestopp.com\/hr\/wp-json\/wp\/v2\/product_cat?post=6898"},{"taxonomy":"product_tag","embeddable":true,"href":"https:\/\/dersuessestopp.com\/hr\/wp-json\/wp\/v2\/product_tag?post=6898"}],"curies":[{"name":"wp","href":"https:\/\/api.w.org\/{rel}","templated":true}]}}