{"id":6894,"date":"2025-08-29T05:16:37","date_gmt":"2025-08-29T05:16:37","guid":{"rendered":"https:\/\/dersuessestopp.com\/?post_type=product&#038;p=6894"},"modified":"2025-08-29T05:17:17","modified_gmt":"2025-08-29T05:17:17","slug":"spaceman-6338ab-c-zamrzivac-za-meko-serviranje-s-jednim-okusom-kompaktnog-visokog-dizajna","status":"publish","type":"product","link":"https:\/\/dersuessestopp.com\/hr\/product\/spaceman-6338ab-c-single-flavor-soft-serve-freezer-with-compact-tall-design\/","title":{"rendered":"Spaceman 6338AB-C \u2013 Zamrziva\u010d za jedan okus s kompaktnim visokim dizajnom"},"content":{"rendered":"<p data-start=\"244\" data-end=\"647\">Spaceman 6338AB-C je visokou\u010dinkoviti zamrziva\u010d za meko serviranje s jednim okusom, dizajniran za operatere kojima je potreban pouzdan u\u010dinak u vertikalnom dizajnu koji \u0161tedi prostor. Sposoban je proizvesti do <strong data-start=\"433\" data-end=\"464\">400 porcija (80 g) na sat<\/strong>, ovaj model je izvrstan izbor za kafi\u0107e, male slasti\u010darnice, restorane i trgovine mje\u0161ovitom robom koje \u017eele poslu\u017eivati vrhunske bezalkoholne napitke uz optimizaciju prostora.<\/p>\n<p data-start=\"649\" data-end=\"898\">Predstavlja <strong data-start=\"661\" data-end=\"688\">Rashladni spremnik od 10 l<\/strong> i jedan <strong data-start=\"695\" data-end=\"721\">Cilindri\u010dni zamrziva\u010d od 3,2 l<\/strong>, 6338AB-C osigurava glatku, kremastu teksturu s dosljednom kvalitetom. Njegov vi\u0161i dizajn ku\u0107i\u0161ta omogu\u0107uje tanak otisak, a istovremeno pru\u017ea jednostavnost rukovanja i odr\u017eavanja.<\/p>\n<hr data-start=\"935\" data-end=\"938\" \/>\n<h3 data-start=\"900\" data-end=\"918\">Klju\u010dne zna\u010dajke<\/h3>\n<ul data-start=\"919\" data-end=\"1835\">\n<li data-start=\"919\" data-end=\"1016\">\n<p data-start=\"921\" data-end=\"1016\"><strong data-start=\"921\" data-end=\"949\">Doziranje jednog okusa<\/strong> \u2013 Savr\u0161eno za pojednostavljene jelovnike i dosljednu dostavu proizvoda.<\/p>\n<\/li>\n<li data-start=\"1017\" data-end=\"1126\">\n<p data-start=\"1019\" data-end=\"1126\"><strong data-start=\"1019\" data-end=\"1038\">Pouzdan izlaz<\/strong> \u2013 Proizvodi do <strong data-start=\"1056\" data-end=\"1087\">400 porcija (80 g) na sat<\/strong>, idealno za operacije srednje potra\u017enje.<\/p>\n<\/li>\n<li data-start=\"1127\" data-end=\"1232\">\n<p data-start=\"1129\" data-end=\"1232\"><strong data-start=\"1129\" data-end=\"1160\">U\u010dinkovit cilindar za zamrzavanje<\/strong> \u2013 1 \u00d7 3,2 l boca za brzo obnavljanje i glatku teksturu mekog poslu\u017eivanja.<\/p>\n<\/li>\n<li data-start=\"1233\" data-end=\"1321\">\n<p data-start=\"1235\" data-end=\"1321\"><strong data-start=\"1235\" data-end=\"1258\">Rashladni spremnik<\/strong> \u2013 Spremnik od 10 l odr\u017eava smjesu hladnom i svje\u017eom tijekom cijelog dana.<\/p>\n<\/li>\n<li data-start=\"1322\" data-end=\"1439\">\n<p data-start=\"1324\" data-end=\"1439\"><strong data-start=\"1324\" data-end=\"1358\">Jednostavne digitalne kontrole<\/strong> \u2013 Jednostavno pra\u0107enje i pode\u0161avanje konzistencije, temperature i performansi proizvoda.<\/p>\n<\/li>\n<li data-start=\"1440\" data-end=\"1521\">\n<p data-start=\"1442\" data-end=\"1521\"><strong data-start=\"1442\" data-end=\"1469\">Na\u010dini pripravnosti i odmrzavanja<\/strong> \u2013 Pobolj\u0161ajte prakti\u010dnost, \u010disto\u0107u i sigurnost hrane.<\/p>\n<\/li>\n<li data-start=\"1522\" data-end=\"1639\">\n<p data-start=\"1524\" data-end=\"1639\"><strong data-start=\"1524\" data-end=\"1543\">Sigurnosne zna\u010dajke<\/strong> \u2013 Upozorenje na nisku razinu mje\u0161avine, za\u0161tita od preoptere\u0107enja i temperaturne za\u0161tite osiguravaju pouzdan rad.<\/p>\n<\/li>\n<li data-start=\"1640\" data-end=\"1746\">\n<p data-start=\"1642\" data-end=\"1746\"><strong data-start=\"1642\" data-end=\"1675\">Izdr\u017eljiva konstrukcija od nehr\u0111aju\u0107eg \u010delika<\/strong> \u2013 Tanak, vertikalni dizajn ormara za izdr\u017eljivost i u\u010dinkovitost prostora.<\/p>\n<\/li>\n<li data-start=\"1747\" data-end=\"1835\">\n<p data-start=\"1749\" data-end=\"1835\"><strong data-start=\"1749\" data-end=\"1770\">Dostupne opcije<\/strong> \u2013 Vodeno hla\u0111eni sustav i zra\u010dni kanal za fleksibilnu ugradnju.<\/p>\n<\/li>\n<\/ul>\n<hr data-start=\"935\" data-end=\"938\" \/>\n<h3 data-start=\"1837\" data-end=\"1857\">Tehni\u010dki podaci<\/h3>\n<table>\n<thead>\n<tr>\n<th>Zna\u010dajka<\/th>\n<th>Detalji<\/th>\n<\/tr>\n<\/thead>\n<tbody>\n<tr>\n<td><strong>Okusi<\/strong><\/td>\n<td>1<\/td>\n<\/tr>\n<tr>\n<td><strong>Kapacitet (80 g)<\/strong><\/td>\n<td>400 serviranja\/h<\/td>\n<\/tr>\n<tr>\n<td><strong>Cilindri<\/strong><\/td>\n<td>1 \u00d7 3,2 l<\/td>\n<\/tr>\n<tr>\n<td><strong>Skaka\u010di<\/strong><\/td>\n<td>1 \u00d7 10 l<\/td>\n<\/tr>\n<tr>\n<td><strong>Snaga (50Hz \/ 60Hz)<\/strong><\/td>\n<td>2,9 kW \/ 3,1 kW<\/td>\n<\/tr>\n<tr>\n<td><strong>Neto\/te\u017eina broda (kg)<\/strong><\/td>\n<td>188 \/ 198<\/td>\n<\/tr>\n<tr>\n<td><strong>Neto dimenzije (mm)<\/strong><\/td>\n<td>444 \u00d7 680 \u00d7 1543<\/td>\n<\/tr>\n<tr>\n<td><strong>Dimenzije broda (mm)<\/strong><\/td>\n<td>520 \u00d7 860 \u00d7 1680<\/td>\n<\/tr>\n<tr>\n<td><strong>Napajanje<\/strong><\/td>\n<td>380 V\/3 faze\/50 Hz, 220 V\/3 faze\/60 Hz<\/td>\n<\/tr>\n<tr>\n<td><strong>Dostupne opcije<\/strong><\/td>\n<td>Vodeno hla\u0111enje, zra\u010dni kanal<\/td>\n<\/tr>\n<\/tbody>\n<\/table>","protected":false},"excerpt":{"rendered":"<p>The Spaceman 6338AB-C is a high-efficiency, single-flavor soft serve freezer engineered for operators who need reliable output in a space-saving vertical design. Capable of producing up to 400 servings (80g) per hour, this model is an excellent choice for caf\u00e9s, small ice cream shops, restaurants, and convenience stores that want to serve premium-quality soft serve [&hellip;]<\/p>\n","protected":false},"featured_media":6895,"comment_status":"open","ping_status":"closed","template":"","meta":[],"product_brand":[],"product_cat":[33],"product_tag":[],"class_list":{"0":"post-6894","1":"product","2":"type-product","3":"status-publish","4":"has-post-thumbnail","6":"product_cat-elite-series","8":"first","9":"instock","10":"shipping-taxable","11":"product-type-simple"},"_links":{"self":[{"href":"https:\/\/dersuessestopp.com\/hr\/wp-json\/wp\/v2\/product\/6894","targetHints":{"allow":["GET"]}}],"collection":[{"href":"https:\/\/dersuessestopp.com\/hr\/wp-json\/wp\/v2\/product"}],"about":[{"href":"https:\/\/dersuessestopp.com\/hr\/wp-json\/wp\/v2\/types\/product"}],"replies":[{"embeddable":true,"href":"https:\/\/dersuessestopp.com\/hr\/wp-json\/wp\/v2\/comments?post=6894"}],"version-history":[{"count":2,"href":"https:\/\/dersuessestopp.com\/hr\/wp-json\/wp\/v2\/product\/6894\/revisions"}],"predecessor-version":[{"id":6897,"href":"https:\/\/dersuessestopp.com\/hr\/wp-json\/wp\/v2\/product\/6894\/revisions\/6897"}],"wp:featuredmedia":[{"embeddable":true,"href":"https:\/\/dersuessestopp.com\/hr\/wp-json\/wp\/v2\/media\/6895"}],"wp:attachment":[{"href":"https:\/\/dersuessestopp.com\/hr\/wp-json\/wp\/v2\/media?parent=6894"}],"wp:term":[{"taxonomy":"product_brand","embeddable":true,"href":"https:\/\/dersuessestopp.com\/hr\/wp-json\/wp\/v2\/product_brand?post=6894"},{"taxonomy":"product_cat","embeddable":true,"href":"https:\/\/dersuessestopp.com\/hr\/wp-json\/wp\/v2\/product_cat?post=6894"},{"taxonomy":"product_tag","embeddable":true,"href":"https:\/\/dersuessestopp.com\/hr\/wp-json\/wp\/v2\/product_tag?post=6894"}],"curies":[{"name":"wp","href":"https:\/\/api.w.org\/{rel}","templated":true}]}}