{"id":6890,"date":"2025-08-29T05:08:14","date_gmt":"2025-08-29T05:08:14","guid":{"rendered":"https:\/\/dersuessestopp.com\/?post_type=product&#038;p=6890"},"modified":"2025-08-29T05:08:14","modified_gmt":"2025-08-29T05:08:14","slug":"spaceman-6236ab-c-kompaktni-visokoucinkoviti-zamrzivac-s-mekim-serviranjem","status":"publish","type":"product","link":"https:\/\/dersuessestopp.com\/hr\/product\/spaceman-6236ab-c-compact-high-performance-soft-serve-freezer\/","title":{"rendered":"Spaceman 6236AB-C \u2013 Kompaktni visokou\u010dinkoviti zamrziva\u010d za meko serviranje"},"content":{"rendered":"<p data-start=\"226\" data-end=\"642\">Spaceman 6236AB-C je kompaktni zamrziva\u010d za meko serviranje s jednim okusom, dizajniran za operacije srednjeg do velikog obujma koje zahtijevaju pouzdane performanse i dosljednu kvalitetu proizvoda. S mogu\u0107no\u0161\u0107u proizvodnje do <strong data-start=\"441\" data-end=\"472\">440 porcija (80 g) na sat<\/strong>, ovaj model je savr\u0161eno prilago\u0111en kafi\u0107ima, malim slasti\u010darnicama, prodavaonicama smrznutog jogurta, trgovinama mje\u0161ovitom robom i restoranima koji \u017eele pro\u0161iriti svoju ponudu slastica.<\/p>\n<p data-start=\"644\" data-end=\"973\">Unato\u010d manjem prostoru, 6236AB-C uklju\u010duje Spacemanovu naprednu tehnologiju zamrzavanja kako bi svaki put pru\u017eio glatku, kremastu i meku hranu. Jedan spremnik od 12 l i cilindar za zamrzavanje od 3,2 l osiguravaju izvrstan u\u010dinak uz odr\u017eavanje svje\u017eine, \u0161to ga \u010dini idealnim za operatere kojima je potrebna u\u010dinkovitost bez kompromisa u kvaliteti.<\/p>\n<hr data-start=\"935\" data-end=\"938\" \/>\n<h3 data-start=\"975\" data-end=\"993\">Klju\u010dne zna\u010dajke<\/h3>\n<ul data-start=\"994\" data-end=\"1899\">\n<li data-start=\"994\" data-end=\"1086\">\n<p data-start=\"996\" data-end=\"1086\"><strong data-start=\"996\" data-end=\"1024\">Doziranje jednog okusa<\/strong> \u2013 Pojednostavljeni dizajn za dosljedne, visokokvalitetne porcije.<\/p>\n<\/li>\n<li data-start=\"1087\" data-end=\"1198\">\n<p data-start=\"1089\" data-end=\"1198\"><strong data-start=\"1089\" data-end=\"1113\">Visoki izlazni kapacitet<\/strong> \u2013 Proizvodi do <strong data-start=\"1131\" data-end=\"1162\">440 porcija (80 g) na sat<\/strong>, idealno za operacije srednjeg obujma.<\/p>\n<\/li>\n<li data-start=\"1199\" data-end=\"1297\">\n<p data-start=\"1201\" data-end=\"1297\"><strong data-start=\"1201\" data-end=\"1232\">U\u010dinkovit cilindar za zamrzavanje<\/strong> \u2013 1 \u00d7 3,2L cilindar osigurava brzo obnavljanje i glatku teksturu.<\/p>\n<\/li>\n<li data-start=\"1298\" data-end=\"1376\">\n<p data-start=\"1300\" data-end=\"1376\"><strong data-start=\"1300\" data-end=\"1323\">Rashladni spremnik<\/strong> \u2013 Kapacitet od 12 l odr\u017eava smjesu svje\u017eom tijekom cijelog dana.<\/p>\n<\/li>\n<li data-start=\"1377\" data-end=\"1494\">\n<p data-start=\"1379\" data-end=\"1494\"><strong data-start=\"1379\" data-end=\"1413\">Jednostavne digitalne kontrole<\/strong> \u2013 Jednostavno rukovanje s pra\u0107enjem konzistencije, temperature i performansi.<\/p>\n<\/li>\n<li data-start=\"1495\" data-end=\"1595\">\n<p data-start=\"1497\" data-end=\"1595\"><strong data-start=\"1497\" data-end=\"1524\">Na\u010dini pripravnosti i odmrzavanja<\/strong> \u2013 Pojednostavljuje rad uz osiguranje sigurnosti hrane i jednostavno \u010di\u0161\u0107enje.<\/p>\n<\/li>\n<li data-start=\"1596\" data-end=\"1708\">\n<p data-start=\"1598\" data-end=\"1708\"><strong data-start=\"1598\" data-end=\"1625\">Ugra\u0111eni sigurnosni sustavi<\/strong> \u2013 Uklju\u010duje upozorenje na nisku razinu mje\u0161avine, za\u0161titu od preoptere\u0107enja motora i temperaturne za\u0161tite.<\/p>\n<\/li>\n<li data-start=\"1709\" data-end=\"1804\">\n<p data-start=\"1711\" data-end=\"1804\"><strong data-start=\"1711\" data-end=\"1751\">Izdr\u017eljiva konstrukcija od nehr\u0111aju\u0107eg \u010delika<\/strong> \u2013 Kompaktan, ali robustan dizajn s mogu\u0107nostima mobilnosti.<\/p>\n<\/li>\n<li data-start=\"1805\" data-end=\"1899\">\n<p data-start=\"1807\" data-end=\"1899\"><strong data-start=\"1807\" data-end=\"1828\">Dostupne opcije<\/strong> \u2013 Vodeno hla\u0111eni sustav i zra\u010dni kanal za fleksibilne potrebe ugradnje.<\/p>\n<\/li>\n<\/ul>\n<hr data-start=\"935\" data-end=\"938\" \/>\n<h3 data-start=\"1901\" data-end=\"1921\">Tehni\u010dki podaci<\/h3>\n<table>\n<thead>\n<tr>\n<th>Zna\u010dajka<\/th>\n<th>Detalji<\/th>\n<\/tr>\n<\/thead>\n<tbody>\n<tr>\n<td><strong>Okusi<\/strong><\/td>\n<td>1<\/td>\n<\/tr>\n<tr>\n<td><strong>Kapacitet (80 g)<\/strong><\/td>\n<td>440 serviranja\/sat<\/td>\n<\/tr>\n<tr>\n<td><strong>Cilindri<\/strong><\/td>\n<td>1 \u00d7 3,2 l<\/td>\n<\/tr>\n<tr>\n<td><strong>Skaka\u010di<\/strong><\/td>\n<td>1 \u00d7 12 l<\/td>\n<\/tr>\n<tr>\n<td><strong>Snaga (50Hz \/ 60Hz)<\/strong><\/td>\n<td>2,9 kW \/ 3,1 kW<\/td>\n<\/tr>\n<tr>\n<td><strong>Neto\/te\u017eina broda (kg)<\/strong><\/td>\n<td>170 \/ 186<\/td>\n<\/tr>\n<tr>\n<td><strong>Neto dimenzije (mm)<\/strong><\/td>\n<td>454 \u00d7 681 \u00d7 976<\/td>\n<\/tr>\n<tr>\n<td><strong>Dimenzije broda (mm)<\/strong><\/td>\n<td>520 \u00d7 870 \u00d7 1180<\/td>\n<\/tr>\n<tr>\n<td><strong>Napajanje<\/strong><\/td>\n<td>380 V\/3 faze\/50 Hz, 220 V\/3 faze\/60 Hz<\/td>\n<\/tr>\n<tr>\n<td><strong>Dostupne opcije<\/strong><\/td>\n<td>Vodeno hla\u0111enje, zra\u010dni kanal<\/td>\n<\/tr>\n<\/tbody>\n<\/table>","protected":false},"excerpt":{"rendered":"<p>The Spaceman 6236AB-C is a compact, single-flavor soft serve freezer designed for medium to high-volume operations that require reliable performance and consistent product quality. With the ability to produce up to 440 servings (80g) per hour, this model is perfectly suited for caf\u00e9s, small ice cream shops, frozen yogurt outlets, convenience stores, and restaurants looking [&hellip;]<\/p>\n","protected":false},"featured_media":6891,"comment_status":"open","ping_status":"closed","template":"","meta":[],"product_brand":[],"product_cat":[33],"product_tag":[],"class_list":{"0":"post-6890","1":"product","2":"type-product","3":"status-publish","4":"has-post-thumbnail","6":"product_cat-elite-series","8":"first","9":"instock","10":"shipping-taxable","11":"product-type-simple"},"_links":{"self":[{"href":"https:\/\/dersuessestopp.com\/hr\/wp-json\/wp\/v2\/product\/6890","targetHints":{"allow":["GET"]}}],"collection":[{"href":"https:\/\/dersuessestopp.com\/hr\/wp-json\/wp\/v2\/product"}],"about":[{"href":"https:\/\/dersuessestopp.com\/hr\/wp-json\/wp\/v2\/types\/product"}],"replies":[{"embeddable":true,"href":"https:\/\/dersuessestopp.com\/hr\/wp-json\/wp\/v2\/comments?post=6890"}],"version-history":[{"count":2,"href":"https:\/\/dersuessestopp.com\/hr\/wp-json\/wp\/v2\/product\/6890\/revisions"}],"predecessor-version":[{"id":6893,"href":"https:\/\/dersuessestopp.com\/hr\/wp-json\/wp\/v2\/product\/6890\/revisions\/6893"}],"wp:featuredmedia":[{"embeddable":true,"href":"https:\/\/dersuessestopp.com\/hr\/wp-json\/wp\/v2\/media\/6891"}],"wp:attachment":[{"href":"https:\/\/dersuessestopp.com\/hr\/wp-json\/wp\/v2\/media?parent=6890"}],"wp:term":[{"taxonomy":"product_brand","embeddable":true,"href":"https:\/\/dersuessestopp.com\/hr\/wp-json\/wp\/v2\/product_brand?post=6890"},{"taxonomy":"product_cat","embeddable":true,"href":"https:\/\/dersuessestopp.com\/hr\/wp-json\/wp\/v2\/product_cat?post=6890"},{"taxonomy":"product_tag","embeddable":true,"href":"https:\/\/dersuessestopp.com\/hr\/wp-json\/wp\/v2\/product_tag?post=6890"}],"curies":[{"name":"wp","href":"https:\/\/api.w.org\/{rel}","templated":true}]}}