{"id":6883,"date":"2025-08-29T04:55:02","date_gmt":"2025-08-29T04:55:02","guid":{"rendered":"https:\/\/dersuessestopp.com\/?post_type=product&#038;p=6883"},"modified":"2025-08-29T09:39:38","modified_gmt":"2025-08-29T09:39:38","slug":"3l-komercijalna-kasa-za-ledenu-kavu-idealna-za-ledene-granite-smrznute-napitke","status":"publish","type":"product","link":"https:\/\/dersuessestopp.com\/hr\/product\/3l-commercial-slushy-maker-patty-perfect-for-iced-coffee-granita-frozen-drinks\/","title":{"rendered":"3L komercijalni aparat za ka\u0161astu ka\u0161u \u2013 idealan za ledenu kavu, granit i smrznuta pi\u0107a"},"content":{"rendered":"<p data-start=\"247\" data-end=\"605\">The <strong data-start=\"251\" data-end=\"277\">Patty 3.0 aparat za ka\u0161u<\/strong> je kompaktno, ali sna\u017eno rje\u0161enje za kafi\u0107e, barove, slasti\u010darnice i ugostiteljske usluge. Sadr\u017ei <strong data-start=\"382\" data-end=\"406\">Dvoslojni spremnik od 3 l<\/strong> i jedan <strong data-start=\"413\" data-end=\"458\">izdr\u017eljiv ispariva\u010d od nehr\u0111aju\u0107eg \u010delika SUS304<\/strong>, osigurava brzo i u\u010dinkovito hla\u0111enje, kristalno jasnu vidljivost i smanjenu kondenzaciju za atraktivnu prezentaciju va\u0161ih smrznutih pi\u0107a.<\/p>\n<hr data-start=\"607\" data-end=\"610\" \/>\n<h2 data-start=\"612\" data-end=\"640\">Klju\u010dne zna\u010dajke i prednosti<\/h2>\n<p data-start=\"642\" data-end=\"657\"><strong data-start=\"642\" data-end=\"655\">Kapacitet:<\/strong><\/p>\n<ul data-start=\"658\" data-end=\"815\">\n<li data-start=\"658\" data-end=\"675\">\n<p data-start=\"660\" data-end=\"675\">Neto: 2 litre<\/p>\n<\/li>\n<li data-start=\"676\" data-end=\"815\">\n<p data-start=\"678\" data-end=\"815\">Bruto: 3 litre<br data-start=\"693\" data-end=\"696\" \/>Dovoljno prostora za poslu\u017eivanje \u0161irokog izbora smrznutih pi\u0107a poput granita, smrznutih koktela, ledene kave i vo\u0107ne ka\u0161e.<\/p>\n<\/li>\n<\/ul>\n<p data-start=\"817\" data-end=\"840\"><strong data-start=\"817\" data-end=\"838\">Brza priprema:<\/strong><\/p>\n<ul data-start=\"841\" data-end=\"970\">\n<li data-start=\"841\" data-end=\"877\">\n<p data-start=\"843\" data-end=\"877\">Samo <strong data-start=\"848\" data-end=\"862\">15 minuta<\/strong> za ka\u0161ice<\/p>\n<\/li>\n<li data-start=\"878\" data-end=\"970\">\n<p data-start=\"880\" data-end=\"970\">Samo <strong data-start=\"885\" data-end=\"899\">25 minuta<\/strong> za napitke na bazi kreme<br data-start=\"922\" data-end=\"925\" \/>Brza usluga za okru\u017eenja s visokom potra\u017enjom.<\/p>\n<\/li>\n<\/ul>\n<p data-start=\"972\" data-end=\"1090\"><strong data-start=\"972\" data-end=\"1009\">Temperaturni raspon od -8 \u00b0C do +6 \u00b0C:<\/strong><br data-start=\"1009\" data-end=\"1012\" \/>Pru\u017ea savr\u0161eno hla\u0111enje za napitke u stilu ledenog mlijeka bez prekomjernog smrzavanja.<\/p>\n<p data-start=\"1092\" data-end=\"1129\"><strong data-start=\"1092\" data-end=\"1127\">Tihi rad i LED osvjetljenje:<\/strong><\/p>\n<ul data-start=\"1130\" data-end=\"1286\">\n<li data-start=\"1130\" data-end=\"1191\">\n<p data-start=\"1132\" data-end=\"1191\">Razina buke ispod <strong data-start=\"1150\" data-end=\"1162\">60 dB(A)<\/strong> \u2013 idealno za kafi\u0107e i barove<\/p>\n<\/li>\n<li data-start=\"1192\" data-end=\"1286\">\n<p data-start=\"1194\" data-end=\"1286\">Ugra\u0111ena LED rasvjeta daje moderan, elegantan izgled, a istovremeno prekrasno isti\u010de pi\u0107a<\/p>\n<\/li>\n<\/ul>\n<p data-start=\"1288\" data-end=\"1327\"><strong data-start=\"1288\" data-end=\"1325\">Izdr\u017eljiva konstrukcija i pouzdano hla\u0111enje:<\/strong><\/p>\n<ul data-start=\"1328\" data-end=\"1500\">\n<li data-start=\"1328\" data-end=\"1383\">\n<p data-start=\"1330\" data-end=\"1383\"><strong data-start=\"1330\" data-end=\"1367\">Ispariva\u010d od nehr\u0111aju\u0107eg \u010delika SUS304<\/strong> za dugovje\u010dnost<\/p>\n<\/li>\n<li data-start=\"1384\" data-end=\"1421\">\n<p data-start=\"1386\" data-end=\"1421\">Visokokvalitetno vanjsko ku\u0107i\u0161te od ABS-a<\/p>\n<\/li>\n<li data-start=\"1422\" data-end=\"1500\">\n<p data-start=\"1424\" data-end=\"1500\">Dvoslojni spremnik minimizira kondenzaciju i odr\u017eava optimalnu temperaturu<\/p>\n<\/li>\n<\/ul>\n<p data-start=\"1502\" data-end=\"1655\"><strong data-start=\"1502\" data-end=\"1526\">Jednostavno za kori\u0161tenje i \u010di\u0161\u0107enje:<\/strong><br data-start=\"1526\" data-end=\"1529\" \/>Jednostavno rukovanje, kompaktna veli\u010dina i lako dostupne komponente \u010dine ovaj aparat za ka\u0161u savr\u0161enim za profesionalnu, svakodnevnu upotrebu.<\/p>\n<p data-start=\"1657\" data-end=\"1681\"><strong data-start=\"1657\" data-end=\"1679\">Certificirana kvaliteta:<\/strong><\/p>\n<ul data-start=\"1682\" data-end=\"1775\">\n<li data-start=\"1682\" data-end=\"1775\">\n<p data-start=\"1684\" data-end=\"1775\">CE, LFBG, EU HRANSKA KVALITETA<br data-start=\"1707\" data-end=\"1710\" \/>Osiguravanje najvi\u0161ih sigurnosnih, higijenskih i standarda kvalitete hrane.<\/p>\n<\/li>\n<\/ul>\n<hr data-start=\"1777\" data-end=\"1780\" \/>\n<h2 data-start=\"1782\" data-end=\"1799\">Primjene<\/h2>\n<ul data-start=\"1801\" data-end=\"2131\">\n<li data-start=\"1801\" data-end=\"1913\">\n<p data-start=\"1803\" data-end=\"1913\"><strong data-start=\"1803\" data-end=\"1834\">Granita i smrznuti kokteli:<\/strong> Poslu\u017eite osvje\u017eavaju\u0107u granitu u talijanskom stilu i kreativne recepte za smrznute koktele.<\/p>\n<\/li>\n<li data-start=\"1914\" data-end=\"1994\">\n<p data-start=\"1916\" data-end=\"1994\"><strong data-start=\"1916\" data-end=\"1945\">Ledena kava i mlije\u010dni shakeovi:<\/strong> Obavezno za kafi\u0107e i ljetne jelovnike.<\/p>\n<\/li>\n<li data-start=\"1995\" data-end=\"2131\">\n<p data-start=\"1997\" data-end=\"2131\"><strong data-start=\"1997\" data-end=\"2019\">Catering i doga\u0111aji:<\/strong> Savr\u0161eno za kafi\u0107e, barove, slasti\u010darnice, bifee i doga\u0111aje na otvorenom \u2013 uvijek pru\u017eaju\u0107i dosljednu kvalitetu.<\/p>\n<\/li>\n<\/ul>\n<hr data-start=\"2133\" data-end=\"2136\" \/>\n<h2 data-start=\"2138\" data-end=\"2179\"><strong data-start=\"185\" data-end=\"201\">Tehni\u010dki podaci<\/strong><\/h2>\n<table>\n<thead>\n<tr>\n<th>Specifikacija<\/th>\n<th>Detalji<\/th>\n<\/tr>\n<\/thead>\n<tbody>\n<tr>\n<td><strong>Volumen spremnika<\/strong><\/td>\n<td>3L (preporu\u010deno: 1,5L vrhnja \/ 2,0L ka\u0161e)<\/td>\n<\/tr>\n<tr>\n<td><strong>Vanjske dimenzije<\/strong><\/td>\n<td>196 \u00d7 500 \u00d7 453 mm<\/td>\n<\/tr>\n<tr>\n<td><strong>Veli\u010dina pakiranja<\/strong><\/td>\n<td>258 \u00d7 549 \u00d7 507 mm<\/td>\n<\/tr>\n<tr>\n<td><strong>Neto \/ Bruto te\u017eina<\/strong><\/td>\n<td>15,3 \/ 16,7 kg<\/td>\n<\/tr>\n<tr>\n<td><strong>Napon \/ Frekvencija<\/strong><\/td>\n<td>220\u2013240 V \/ 50 Hz<\/td>\n<\/tr>\n<tr>\n<td><strong>Rashladno sredstvo<\/strong><\/td>\n<td>290 kuna<\/td>\n<\/tr>\n<tr>\n<td><strong>Potro\u0161nja energije<\/strong><\/td>\n<td>240 W<\/td>\n<\/tr>\n<\/tbody>\n<\/table>","protected":false},"excerpt":{"rendered":"<p>The Patty 3.0 Slushy Maker is a compact yet powerful solution for caf\u00e9s, bars, ice cream shops, and catering services. Featuring a 3L double-layer tank and a durable SUS304 stainless steel evaporator, it ensures fast and efficient cooling, crystal-clear visibility, and reduced condensation for an attractive presentation of your frozen drinks. Key Features &amp; Benefits [&hellip;]<\/p>\n","protected":false},"featured_media":6886,"comment_status":"open","ping_status":"closed","template":"","meta":[],"product_brand":[],"product_cat":[34],"product_tag":[],"class_list":{"0":"post-6883","1":"product","2":"type-product","3":"status-publish","4":"has-post-thumbnail","6":"product_cat-slush-machines","8":"first","9":"instock","10":"shipping-taxable","11":"product-type-simple"},"_links":{"self":[{"href":"https:\/\/dersuessestopp.com\/hr\/wp-json\/wp\/v2\/product\/6883","targetHints":{"allow":["GET"]}}],"collection":[{"href":"https:\/\/dersuessestopp.com\/hr\/wp-json\/wp\/v2\/product"}],"about":[{"href":"https:\/\/dersuessestopp.com\/hr\/wp-json\/wp\/v2\/types\/product"}],"replies":[{"embeddable":true,"href":"https:\/\/dersuessestopp.com\/hr\/wp-json\/wp\/v2\/comments?post=6883"}],"version-history":[{"count":4,"href":"https:\/\/dersuessestopp.com\/hr\/wp-json\/wp\/v2\/product\/6883\/revisions"}],"predecessor-version":[{"id":6974,"href":"https:\/\/dersuessestopp.com\/hr\/wp-json\/wp\/v2\/product\/6883\/revisions\/6974"}],"wp:featuredmedia":[{"embeddable":true,"href":"https:\/\/dersuessestopp.com\/hr\/wp-json\/wp\/v2\/media\/6886"}],"wp:attachment":[{"href":"https:\/\/dersuessestopp.com\/hr\/wp-json\/wp\/v2\/media?parent=6883"}],"wp:term":[{"taxonomy":"product_brand","embeddable":true,"href":"https:\/\/dersuessestopp.com\/hr\/wp-json\/wp\/v2\/product_brand?post=6883"},{"taxonomy":"product_cat","embeddable":true,"href":"https:\/\/dersuessestopp.com\/hr\/wp-json\/wp\/v2\/product_cat?post=6883"},{"taxonomy":"product_tag","embeddable":true,"href":"https:\/\/dersuessestopp.com\/hr\/wp-json\/wp\/v2\/product_tag?post=6883"}],"curies":[{"name":"wp","href":"https:\/\/api.w.org\/{rel}","templated":true}]}}